{"id":6910,"date":"2022-02-23T19:00:21","date_gmt":"2022-02-23T19:00:21","guid":{"rendered":"https:\/\/mundo.seashell.pt\/?post_type=product&#038;p=6910"},"modified":"2022-02-23T19:00:23","modified_gmt":"2022-02-23T19:00:23","slug":"colgate-herbal-75ml","status":"publish","type":"product","link":"https:\/\/mundo.seashell.pt\/?product=colgate-herbal-75ml","title":{"rendered":"Colgate Herbal 75ml"},"content":{"rendered":"<p>Colgate Herbal cont\u00e9m uma combina\u00e7\u00e3o de sais minerais com uma mistura \u00fanica de extractos de plantas com propriedades reconhecidas.<\/p>\n<h3>Descri\u00e7\u00e3o:<\/h3>\n<p>Combina o conhecimento cient\u00edfico da Colgate sobre higiene oral com as propriedades das melhores plantas da natureza, para dentes e gengivas mais saud\u00e1veis.<\/p>\n<h3>Tipo de produto:<\/h3>\n<p>Pasta de Dentes Anti-c\u00e1ries<\/p>\n<h3>Benef\u00edcios:<\/h3>\n<p>Previne o t\u00e1rtaro e c\u00e1ries.<\/p>\n<h3>Conselhos de utiliza\u00e7\u00e3o:<\/h3>\n<p>Escove cuidadosamente, pelo menos duas vezes por dia, ou de acordo com as indica\u00e7\u00f5es de um profissional de sa\u00fade oral.<\/p>\n","protected":false},"excerpt":{"rendered":"<p>Colgate Herbal cont\u00e9m uma combina\u00e7\u00e3o de sais minerais com uma mistura \u00fanica de extractos de plantas com propriedades reconhecidas.Descri\u00e7\u00e3o:<br \/>\nCombina o conhecimento cient\u00edfico da Colgate sobre higiene oral com as propriedades das melhores plantas da natureza, para dentes e gengivas mais saud\u00e1veis.<br \/>\nTipo de produto:<\/p>\n","protected":false},"featured_media":6911,"template":"","meta":{"spay_email":""},"product_cat":[15],"product_tag":[],"class_list":{"0":"post-6910","1":"product","2":"type-product","3":"status-publish","4":"has-post-thumbnail","6":"product_cat-sem-categoria","8":"first","9":"instock","10":"taxable","11":"shipping-taxable","12":"purchasable","13":"product-type-simple"},"acf":[],"jetpack-related-posts":[{"id":6922,"url":"https:\/\/mundo.seashell.pt\/?product=colgate-naturals-limao-75ml","url_meta":{"origin":6910,"position":0},"title":"Colgate Naturals Lim\u00e3o 75ml","date":"Fevereiro 23, 2022","format":false,"excerpt":"Colgate Naturals Lim\u00e3o, inspirado em ingredientes tradicionais asi\u00e1ticos para dentes e gengivas saud\u00e1veis. Descri\u00e7\u00e3o: A sua f\u00f3rmula exclusiva cont\u00e9m extratos naturais de plantas e minerais para prote\u00e7\u00e3o di\u00e1ria da boca. Cont\u00e9m \u00f3leo de lim\u00e3o e extrato de alo\u00e9 vera para uma sensa\u00e7\u00e3o de frescura revigorante, com sabor a lim\u00e3o-me...","rel":"","context":"Similar post","img":{"alt_text":"","src":"https:\/\/i0.wp.com\/mundo.seashell.pt\/wp-content\/uploads\/2022\/02\/Colgate_NATURALS_FRESH__Lima_o__75ml_8718951131606.png?resize=350%2C200&ssl=1","width":350,"height":200},"classes":[]},{"id":6914,"url":"https:\/\/mundo.seashell.pt\/?product=colgate-dentagard-plantas-75ml","url_meta":{"origin":6910,"position":1},"title":"Colgate Dentagard Plantas 75ml","date":"Fevereiro 23, 2022","format":false,"excerpt":"Colgate Dentagard \u00e9 um dent\u00edfrico com fl\u00faor e extratos naturais de camomila, hortel\u00e3, mirra e salva.Descri\u00e7\u00e3o: A escovagem regular com Dentagard mant\u00e9m os dentes fortes, previna a forma\u00e7\u00e3o de placa bacteriana e previne eficazmente a c\u00e1rie. Tipo de produto: Pasta de Dentes Anti-c\u00e1riesBenef\u00edcios:...","rel":"","context":"Similar post","img":{"alt_text":"","src":"https:\/\/i0.wp.com\/mundo.seashell.pt\/wp-content\/uploads\/2022\/02\/Dentagard_Plantas_75_ml_5601123425104.png?resize=350%2C200&ssl=1","width":350,"height":200},"classes":[]},{"id":6920,"url":"https:\/\/mundo.seashell.pt\/?product=colgate-total-original-75ml","url_meta":{"origin":6910,"position":2},"title":"Colgate Total Original 75ml","date":"Fevereiro 23, 2022","format":false,"excerpt":"24H de prote\u00e7\u00e3o superior para a sa\u00fade da bocaDescri\u00e7\u00e3o: A pasta de dentes Colgate Total Original, com ingredientes antibacterianos, combate as bact\u00e9rias nos dentes, l\u00edngua, bochechas e gengivas, para 24h de prote\u00e7\u00e3o superior para a sa\u00fade da boca*.*redu\u00e7\u00e3o das bact\u00e9rias (nos dentes, l\u00edngua, bochechas e gengivas), ap\u00f3s 4...","rel":"","context":"Similar post","img":{"alt_text":"","src":"https:\/\/i0.wp.com\/mundo.seashell.pt\/wp-content\/uploads\/2022\/02\/Colgate_Total_Prot_Placa_Bacteriana_75ml_8718951227033.png?resize=350%2C200&ssl=1","width":350,"height":200},"classes":[]},{"id":6908,"url":"https:\/\/mundo.seashell.pt\/?product=colgate-anti-caries-75ml","url_meta":{"origin":6910,"position":3},"title":"Colgate Anti-C\u00e1ries 75ml","date":"Fevereiro 23, 2022","format":false,"excerpt":"Combate as c\u00e1ries na superf\u00edcie dos dentes e nas ra\u00edzes expostas.Descri\u00e7\u00e3o: Colgate Protection Caries \u00e9 uma pasta de dentes clinicamente comprovada com fl\u00faor que combate as c\u00e1ries na superf\u00edcie dos dentes e nas ra\u00edzes expostas. A f\u00f3rmula de c\u00e1lcio l\u00edquido fortalece os dentes e repara os pontos fracos do esmalte\u2026","rel":"","context":"Similar post","img":{"alt_text":"","src":"https:\/\/i0.wp.com\/mundo.seashell.pt\/wp-content\/uploads\/2022\/02\/ColgateAnti-Ca_ries_75_ml_8410372152306.png?resize=350%2C200&ssl=1","width":350,"height":200},"classes":[]},{"id":6916,"url":"https:\/\/mundo.seashell.pt\/?product=colgate-max-white-one-75ml","url_meta":{"origin":6910,"position":4},"title":"Colgate Max White One 75ml","date":"Fevereiro 23, 2022","format":false,"excerpt":"Consegue um tom de dentes mais branco em apenas uma semana! A sua f\u00f3rmula \u00fanica com aceleradores de branqueamento elimina suavemente as manchas e previne o aparecimento de t\u00e1rtaro. Tipo de produto: Pasta de Dentes BranqueamentoBenef\u00edcios: - Clinicamente comprovado para eliminar at\u00e9 100% das manchas s...","rel":"","context":"Similar post","img":{"alt_text":"","src":"https:\/\/i0.wp.com\/mundo.seashell.pt\/wp-content\/uploads\/2022\/02\/Colgate_Max_White_ONE_75ml_8714789574820.png?resize=350%2C200&ssl=1","width":350,"height":200},"classes":[]},{"id":6926,"url":"https:\/\/mundo.seashell.pt\/?product=colgate-max-white-05l","url_meta":{"origin":6910,"position":5},"title":"Colgate Max White 500ml","date":"Fevereiro 23, 2022","format":false,"excerpt":"O elixir sem \u00e1lcool Max White Instant White possui uma tecnologia avan\u00e7ada para preven\u00e7\u00e3o de manchas para manter os dentes brancos durante mais tempo.Conselhos de utiliza\u00e7\u00e3o: Bocheche 2 vezes por dia com Elixir para uma melhor sa\u00fade oral.","rel":"","context":"Similar post","img":{"alt_text":"","src":"https:\/\/i0.wp.com\/mundo.seashell.pt\/wp-content\/uploads\/2022\/02\/Colgate_Elixir_Colgate_Max_White_500ml_8718951192829.png?resize=350%2C200&ssl=1","width":350,"height":200},"classes":[]}],"_links":{"self":[{"href":"https:\/\/mundo.seashell.pt\/index.php?rest_route=\/wp\/v2\/product\/6910","targetHints":{"allow":["GET"]}}],"collection":[{"href":"https:\/\/mundo.seashell.pt\/index.php?rest_route=\/wp\/v2\/product"}],"about":[{"href":"https:\/\/mundo.seashell.pt\/index.php?rest_route=\/wp\/v2\/types\/product"}],"wp:featuredmedia":[{"embeddable":true,"href":"https:\/\/mundo.seashell.pt\/index.php?rest_route=\/wp\/v2\/media\/6911"}],"wp:attachment":[{"href":"https:\/\/mundo.seashell.pt\/index.php?rest_route=%2Fwp%2Fv2%2Fmedia&parent=6910"}],"wp:term":[{"taxonomy":"product_cat","embeddable":true,"href":"https:\/\/mundo.seashell.pt\/index.php?rest_route=%2Fwp%2Fv2%2Fproduct_cat&post=6910"},{"taxonomy":"product_tag","embeddable":true,"href":"https:\/\/mundo.seashell.pt\/index.php?rest_route=%2Fwp%2Fv2%2Fproduct_tag&post=6910"}],"curies":[{"name":"wp","href":"https:\/\/api.w.org\/{rel}","templated":true}]}}