{"id":6908,"date":"2022-02-23T19:00:19","date_gmt":"2022-02-23T19:00:19","guid":{"rendered":"https:\/\/mundo.seashell.pt\/?post_type=product&#038;p=6908"},"modified":"2022-02-23T19:00:21","modified_gmt":"2022-02-23T19:00:21","slug":"colgate-anti-caries-75ml","status":"publish","type":"product","link":"https:\/\/mundo.seashell.pt\/?product=colgate-anti-caries-75ml","title":{"rendered":"Colgate Anti-C\u00e1ries 75ml"},"content":{"rendered":"<p>Combate as c\u00e1ries na superf\u00edcie dos dentes e nas ra\u00edzes expostas.<\/p>\n<h3>Descri\u00e7\u00e3o:<\/h3>\n<p>Colgate Protection Caries \u00e9 uma pasta de dentes clinicamente comprovada com fl\u00faor que combate as c\u00e1ries na superf\u00edcie dos dentes e nas ra\u00edzes expostas. A f\u00f3rmula de c\u00e1lcio l\u00edquido fortalece os dentes e repara os pontos fracos do esmalte antes do aparecimento de c\u00e1ries.<\/p>\n<h3>Tipo de produto:<\/h3>\n<p>Pasta de Dentes Anti-c\u00e1ries<\/p>\n<h3>Benef\u00edcios:<\/h3>\n<p>&#8211; Dentes fortes.<br \/>&#8211; Prote\u00e7\u00e3o contra as c\u00e1ries.<br \/>&#8211; Fant\u00e1stico sabor a menta.<br \/>&#8211; Sinta-se confort\u00e1vel com um h\u00e1lito fresco.<\/p>\n<p>Conselhos de utiliza\u00e7\u00e3o:<\/p>\n<p>Escove cuidadosamente, pelo menos duas vezes por dia, ou de acordo com as indica\u00e7\u00f5es de um profissional de sa\u00fade oral.<\/p>\n<p><\/p>\n","protected":false},"excerpt":{"rendered":"<p>Combate as c\u00e1ries na superf\u00edcie dos dentes e nas ra\u00edzes expostas.Descri\u00e7\u00e3o:<br \/>\nColgate Protection Caries \u00e9 uma pasta de dentes clinicamente comprovada com fl\u00faor que combate as c\u00e1ries na superf\u00edcie dos dentes e nas ra\u00edzes expostas. A f\u00f3rmula de c\u00e1lcio l\u00edquido fortalece os dentes e repara os pontos fracos do esmalte antes do ap&#8230;<\/p>\n","protected":false},"featured_media":6909,"template":"","meta":{"spay_email":""},"product_cat":[15],"product_tag":[],"class_list":{"0":"post-6908","1":"product","2":"type-product","3":"status-publish","4":"has-post-thumbnail","6":"product_cat-sem-categoria","8":"first","9":"instock","10":"taxable","11":"shipping-taxable","12":"purchasable","13":"product-type-simple"},"acf":[],"jetpack-related-posts":[{"id":6914,"url":"https:\/\/mundo.seashell.pt\/?product=colgate-dentagard-plantas-75ml","url_meta":{"origin":6908,"position":0},"title":"Colgate Dentagard Plantas 75ml","date":"Fevereiro 23, 2022","format":false,"excerpt":"Colgate Dentagard \u00e9 um dent\u00edfrico com fl\u00faor e extratos naturais de camomila, hortel\u00e3, mirra e salva.Descri\u00e7\u00e3o: A escovagem regular com Dentagard mant\u00e9m os dentes fortes, previna a forma\u00e7\u00e3o de placa bacteriana e previne eficazmente a c\u00e1rie. Tipo de produto: Pasta de Dentes Anti-c\u00e1riesBenef\u00edcios:...","rel":"","context":"Similar post","img":{"alt_text":"","src":"https:\/\/i0.wp.com\/mundo.seashell.pt\/wp-content\/uploads\/2022\/02\/Dentagard_Plantas_75_ml_5601123425104.png?resize=350%2C200&ssl=1","width":350,"height":200},"classes":[]},{"id":6910,"url":"https:\/\/mundo.seashell.pt\/?product=colgate-herbal-75ml","url_meta":{"origin":6908,"position":1},"title":"Colgate Herbal 75ml","date":"Fevereiro 23, 2022","format":false,"excerpt":"Colgate Herbal cont\u00e9m uma combina\u00e7\u00e3o de sais minerais com uma mistura \u00fanica de extractos de plantas com propriedades reconhecidas.Descri\u00e7\u00e3o: Combina o conhecimento cient\u00edfico da Colgate sobre higiene oral com as propriedades das melhores plantas da natureza, para dentes e gengivas mais saud\u00e1veis. Tipo de produto:","rel":"","context":"Similar post","img":{"alt_text":"","src":"https:\/\/i0.wp.com\/mundo.seashell.pt\/wp-content\/uploads\/2022\/02\/Colgate_Herbal_75ml_8714789064406.png?resize=350%2C200&ssl=1","width":350,"height":200},"classes":[]},{"id":6912,"url":"https:\/\/mundo.seashell.pt\/?product=colgate-max-white-75ml","url_meta":{"origin":6908,"position":2},"title":"Colgate Max White 75ml","date":"Fevereiro 23, 2022","format":false,"excerpt":"Liberta uma explos\u00e3o de poder branqueador para revitalizar a brancura natural dos seus dentes. O resultado \u00e9 um sorriso \u201cMax White\u201d. Tipo de produto: Pasta de Dentes Branqueamento Benef\u00edcios: - Restaura a brancura natural dos dentes;- H\u00e1lito fresco;- Previne as c\u00e1ries. Conselhos de utiliza\u00e7\u00e3o:","rel":"","context":"Similar post","img":{"alt_text":"","src":"https:\/\/i0.wp.com\/mundo.seashell.pt\/wp-content\/uploads\/2022\/02\/Colgate_Max_White_75_ml_8718951315365.png?resize=350%2C200&ssl=1","width":350,"height":200},"classes":[]},{"id":6920,"url":"https:\/\/mundo.seashell.pt\/?product=colgate-total-original-75ml","url_meta":{"origin":6908,"position":3},"title":"Colgate Total Original 75ml","date":"Fevereiro 23, 2022","format":false,"excerpt":"24H de prote\u00e7\u00e3o superior para a sa\u00fade da bocaDescri\u00e7\u00e3o: A pasta de dentes Colgate Total Original, com ingredientes antibacterianos, combate as bact\u00e9rias nos dentes, l\u00edngua, bochechas e gengivas, para 24h de prote\u00e7\u00e3o superior para a sa\u00fade da boca*.*redu\u00e7\u00e3o das bact\u00e9rias (nos dentes, l\u00edngua, bochechas e gengivas), ap\u00f3s 4...","rel":"","context":"Similar post","img":{"alt_text":"","src":"https:\/\/i0.wp.com\/mundo.seashell.pt\/wp-content\/uploads\/2022\/02\/Colgate_Total_Prot_Placa_Bacteriana_75ml_8718951227033.png?resize=350%2C200&ssl=1","width":350,"height":200},"classes":[]},{"id":6904,"url":"https:\/\/mundo.seashell.pt\/?product=oral-b-complete-anti-caries-75ml","url_meta":{"origin":6908,"position":4},"title":"Oral B Complete Anti-C\u00e1ries 75ml","date":"Fevereiro 23, 2022","format":false,"excerpt":"Pasta de Dentes Prote\u00e7\u00e3o CompletaConselhos de utiliza\u00e7\u00e3o: Escove os dentes com a escova de dentes manual Oral-B e a pasta dentr\u00edfica Oral-B, 3 vezes por dia.","rel":"","context":"Similar post","img":{"alt_text":"","src":"https:\/\/i0.wp.com\/mundo.seashell.pt\/wp-content\/uploads\/2022\/02\/ORAL-B_COMPLETE_ANTI_CARIES_75ML_8001090989680.png?resize=350%2C200&ssl=1","width":350,"height":200},"classes":[]},{"id":6906,"url":"https:\/\/mundo.seashell.pt\/?product=oral-b-complete-75ml","url_meta":{"origin":6908,"position":5},"title":"Oral B Complete 75ml","date":"Fevereiro 23, 2022","format":false,"excerpt":"A pasta dent\u00edfrica Oral-B Complete Limpeza Refrescante com elixir oral limpa mesmo em zonas dif\u00edceis de alcan\u00e7ar e proporciona uma sensa\u00e7\u00e3o duradoura de h\u00e1lito fresco. A espuma ativa limpa mesmo em \u00e1reas dif\u00edceis de alcan\u00e7ar e o agente antibacteriano ajuda a combater a placa para uma boca limpa e fresca.\u2026","rel":"","context":"Similar post","img":{"alt_text":"","src":"https:\/\/i0.wp.com\/mundo.seashell.pt\/wp-content\/uploads\/2022\/02\/ORAL-B_COMPLETE_ELIXIR_LIMPEZA_REFRESCANTE_75ML_5410076960651.png?resize=350%2C200&ssl=1","width":350,"height":200},"classes":[]}],"_links":{"self":[{"href":"https:\/\/mundo.seashell.pt\/index.php?rest_route=\/wp\/v2\/product\/6908","targetHints":{"allow":["GET"]}}],"collection":[{"href":"https:\/\/mundo.seashell.pt\/index.php?rest_route=\/wp\/v2\/product"}],"about":[{"href":"https:\/\/mundo.seashell.pt\/index.php?rest_route=\/wp\/v2\/types\/product"}],"wp:featuredmedia":[{"embeddable":true,"href":"https:\/\/mundo.seashell.pt\/index.php?rest_route=\/wp\/v2\/media\/6909"}],"wp:attachment":[{"href":"https:\/\/mundo.seashell.pt\/index.php?rest_route=%2Fwp%2Fv2%2Fmedia&parent=6908"}],"wp:term":[{"taxonomy":"product_cat","embeddable":true,"href":"https:\/\/mundo.seashell.pt\/index.php?rest_route=%2Fwp%2Fv2%2Fproduct_cat&post=6908"},{"taxonomy":"product_tag","embeddable":true,"href":"https:\/\/mundo.seashell.pt\/index.php?rest_route=%2Fwp%2Fv2%2Fproduct_tag&post=6908"}],"curies":[{"name":"wp","href":"https:\/\/api.w.org\/{rel}","templated":true}]}}