{"id":6900,"date":"2022-02-23T18:59:48","date_gmt":"2022-02-23T18:59:48","guid":{"rendered":"https:\/\/mundo.seashell.pt\/?post_type=product&#038;p=6900"},"modified":"2022-02-23T18:59:50","modified_gmt":"2022-02-23T18:59:50","slug":"oral-b-123-menta-75ml","status":"publish","type":"product","link":"https:\/\/mundo.seashell.pt\/?product=oral-b-123-menta-75ml","title":{"rendered":"Oral B 123 Menta 75ml"},"content":{"rendered":"<p>Pasta de dentes Oral-B com fluoreto e sabor a menta fresca.<\/p>\n<p>Descri\u00e7\u00e3o:<\/p>\n<p>Uma pasta de limpeza da marca de escovas de dentes recomendada por mais dentistas em todo o mundo.<\/p>\n<p>Tipo de produto:<\/p>\n<p>Pasta de Dentes Frescura<\/p>\n<p>Benef\u00edcios:<\/p>\n<p>&#8211; Prote\u00e7\u00e3o antic\u00e1ries;<br \/>&#8211; Branqueamento;<br \/>&#8211; Frescura.<\/p>\n<p>Conselhos de utiliza\u00e7\u00e3o:<\/p>\n<p>Escove os dentes com a escova de dentes manual Oral-B e a pasta dentr\u00edfica Oral-B, 3 vezes por dia.<\/p>\n","protected":false},"excerpt":{"rendered":"<p>Pasta de dentes Oral-B com fluoreto e sabor a menta fresca.<br \/>\nDescri\u00e7\u00e3o:<br \/>\nUma pasta de limpeza da marca de escovas de dentes recomendada por mais dentistas em todo o mundo.<br \/>\nTipo de produto:<br \/>\nPasta de Dentes Frescura<br \/>\nBenef\u00edcios:<br \/>\n&#8211; Prote\u00e7\u00e3o antic\u00e1ries;- Branqueamento;- Frescura.<br \/>\nConselhos&#8230;<\/p>\n","protected":false},"featured_media":6901,"template":"","meta":{"spay_email":""},"product_cat":[15],"product_tag":[],"class_list":{"0":"post-6900","1":"product","2":"type-product","3":"status-publish","4":"has-post-thumbnail","6":"product_cat-sem-categoria","8":"first","9":"instock","10":"taxable","11":"shipping-taxable","12":"purchasable","13":"product-type-simple"},"acf":[],"jetpack-related-posts":[{"id":6902,"url":"https:\/\/mundo.seashell.pt\/?product=oral-b-3d-white-brancura-revitalizante-75ml","url_meta":{"origin":6900,"position":0},"title":"Oral B 3D White Brancura Revitalizante 75ml","date":"Fevereiro 23, 2022","format":false,"excerpt":"Oral-B, a marca n.\u00ba 1 recomendada por m\u00e9dicos dentistas em todo o mundo.Tipo de produto: Pasta de Dentes Oral B White Brancura RevitalizanteBenef\u00edcios: - Limpa em zonas de dif\u00edcil acesso;- Frescura duradoura;- Previne o t\u00e1rtaro;- Previne as c\u00e1ries;- Sabor a hortel\u00e3. Conselhos de util...","rel":"","context":"Similar post","img":{"alt_text":"","src":"https:\/\/i0.wp.com\/mundo.seashell.pt\/wp-content\/uploads\/2022\/02\/ORAL-B_3DW_BRANCURA_REVITALIZANTE_75ML__8001090673848.png?resize=350%2C200&ssl=1","width":350,"height":200},"classes":[]},{"id":6906,"url":"https:\/\/mundo.seashell.pt\/?product=oral-b-complete-75ml","url_meta":{"origin":6900,"position":1},"title":"Oral B Complete 75ml","date":"Fevereiro 23, 2022","format":false,"excerpt":"A pasta dent\u00edfrica Oral-B Complete Limpeza Refrescante com elixir oral limpa mesmo em zonas dif\u00edceis de alcan\u00e7ar e proporciona uma sensa\u00e7\u00e3o duradoura de h\u00e1lito fresco. A espuma ativa limpa mesmo em \u00e1reas dif\u00edceis de alcan\u00e7ar e o agente antibacteriano ajuda a combater a placa para uma boca limpa e fresca.\u2026","rel":"","context":"Similar post","img":{"alt_text":"","src":"https:\/\/i0.wp.com\/mundo.seashell.pt\/wp-content\/uploads\/2022\/02\/ORAL-B_COMPLETE_ELIXIR_LIMPEZA_REFRESCANTE_75ML_5410076960651.png?resize=350%2C200&ssl=1","width":350,"height":200},"classes":[]},{"id":6922,"url":"https:\/\/mundo.seashell.pt\/?product=colgate-naturals-limao-75ml","url_meta":{"origin":6900,"position":2},"title":"Colgate Naturals Lim\u00e3o 75ml","date":"Fevereiro 23, 2022","format":false,"excerpt":"Colgate Naturals Lim\u00e3o, inspirado em ingredientes tradicionais asi\u00e1ticos para dentes e gengivas saud\u00e1veis. Descri\u00e7\u00e3o: A sua f\u00f3rmula exclusiva cont\u00e9m extratos naturais de plantas e minerais para prote\u00e7\u00e3o di\u00e1ria da boca. Cont\u00e9m \u00f3leo de lim\u00e3o e extrato de alo\u00e9 vera para uma sensa\u00e7\u00e3o de frescura revigorante, com sabor a lim\u00e3o-me...","rel":"","context":"Similar post","img":{"alt_text":"","src":"https:\/\/i0.wp.com\/mundo.seashell.pt\/wp-content\/uploads\/2022\/02\/Colgate_NATURALS_FRESH__Lima_o__75ml_8718951131606.png?resize=350%2C200&ssl=1","width":350,"height":200},"classes":[]},{"id":6904,"url":"https:\/\/mundo.seashell.pt\/?product=oral-b-complete-anti-caries-75ml","url_meta":{"origin":6900,"position":3},"title":"Oral B Complete Anti-C\u00e1ries 75ml","date":"Fevereiro 23, 2022","format":false,"excerpt":"Pasta de Dentes Prote\u00e7\u00e3o CompletaConselhos de utiliza\u00e7\u00e3o: Escove os dentes com a escova de dentes manual Oral-B e a pasta dentr\u00edfica Oral-B, 3 vezes por dia.","rel":"","context":"Similar post","img":{"alt_text":"","src":"https:\/\/i0.wp.com\/mundo.seashell.pt\/wp-content\/uploads\/2022\/02\/ORAL-B_COMPLETE_ANTI_CARIES_75ML_8001090989680.png?resize=350%2C200&ssl=1","width":350,"height":200},"classes":[]},{"id":6884,"url":"https:\/\/mundo.seashell.pt\/?product=oral-b-shiny-clean-1un","url_meta":{"origin":6900,"position":4},"title":"Oral B Shiny Clean 1un","date":"Fevereiro 23, 2022","format":false,"excerpt":"Escova de Dentes Manual Conselhos de utiliza\u00e7\u00e3o: Escove os dentes com a escova de dentes manual Oral-B e a pasta dentr\u00edfica Oral-B, 3 vezes por dia.","rel":"","context":"Similar post","img":{"alt_text":"","src":"https:\/\/i0.wp.com\/mundo.seashell.pt\/wp-content\/uploads\/2022\/02\/ORAL-B_123_SHINY_CLEAN_40M_3014260850166.png?resize=350%2C200&ssl=1","width":350,"height":200},"classes":[]},{"id":6892,"url":"https:\/\/mundo.seashell.pt\/?product=oral-b-gengivas-1un","url_meta":{"origin":6900,"position":5},"title":"Oral B Gengivas 1un","date":"Fevereiro 23, 2022","format":false,"excerpt":"Escova de Dentes Manual Conselhos de utiliza\u00e7\u00e3o: Escove os dentes com a escova de dentes manual Oral-B e a pasta dentr\u00edfica Oral-B, 3 vezes por dia.","rel":"","context":"Similar post","img":{"alt_text":"","src":"https:\/\/i0.wp.com\/mundo.seashell.pt\/wp-content\/uploads\/2022\/02\/ORAL-B_ULTRATHIN_CUIDADO_GENGIVAS_SOFT_3014260094393-1.png?resize=350%2C200&ssl=1","width":350,"height":200},"classes":[]}],"_links":{"self":[{"href":"https:\/\/mundo.seashell.pt\/index.php?rest_route=\/wp\/v2\/product\/6900","targetHints":{"allow":["GET"]}}],"collection":[{"href":"https:\/\/mundo.seashell.pt\/index.php?rest_route=\/wp\/v2\/product"}],"about":[{"href":"https:\/\/mundo.seashell.pt\/index.php?rest_route=\/wp\/v2\/types\/product"}],"wp:featuredmedia":[{"embeddable":true,"href":"https:\/\/mundo.seashell.pt\/index.php?rest_route=\/wp\/v2\/media\/6901"}],"wp:attachment":[{"href":"https:\/\/mundo.seashell.pt\/index.php?rest_route=%2Fwp%2Fv2%2Fmedia&parent=6900"}],"wp:term":[{"taxonomy":"product_cat","embeddable":true,"href":"https:\/\/mundo.seashell.pt\/index.php?rest_route=%2Fwp%2Fv2%2Fproduct_cat&post=6900"},{"taxonomy":"product_tag","embeddable":true,"href":"https:\/\/mundo.seashell.pt\/index.php?rest_route=%2Fwp%2Fv2%2Fproduct_tag&post=6900"}],"curies":[{"name":"wp","href":"https:\/\/api.w.org\/{rel}","templated":true}]}}