{"id":6898,"date":"2022-02-23T18:59:45","date_gmt":"2022-02-23T18:59:45","guid":{"rendered":"https:\/\/mundo.seashell.pt\/?post_type=product&#038;p=6898"},"modified":"2022-02-23T18:59:48","modified_gmt":"2022-02-23T18:59:48","slug":"colgate-escova-zig-zag-3un","status":"publish","type":"product","link":"https:\/\/mundo.seashell.pt\/?product=colgate-escova-zig-zag-3un","title":{"rendered":"Colgate Escova Zig Zag 3un"},"content":{"rendered":"<p>Escova de Dentes Manual<\/p>\n<h3>Conselhos de utiliza\u00e7\u00e3o:<\/h3>\n<p>Fa\u00e7a uma escovagem cuidadosa seguindo os seguintes passos:<\/p>\n<p>1. Escove as superf\u00edcies exteriores dos dentes de cima e depois dos dentes de baixo;<\/p>\n<p>2. Escove as superf\u00edcies interiores dos dentes de cima e depois dos dentes de baixo;<\/p>\n<p>3. Limpe as superf\u00edcies de mastiga\u00e7\u00e3o;<\/p>\n<p>4. N\u00e3o se esque\u00e7a de escovar a l\u00edngua para conseguir um h\u00e1lito mais fresco.<\/p>\n","protected":false},"excerpt":{"rendered":"<p>Escova de Dentes Manual<br \/>\nConselhos de utiliza\u00e7\u00e3o:<br \/>\nFa\u00e7a uma escovagem cuidadosa seguindo os seguintes passos:<br \/>\n1. Escove as superf\u00edcies exteriores dos dentes de cima e depois dos dentes de baixo;<br \/>\n2. Escove as superf\u00edcies interiores dos dentes de cima e depois dos dentes de baixo;<br \/>\n3. Limpe as super&#8230;<\/p>\n","protected":false},"featured_media":6899,"template":"","meta":{"spay_email":""},"product_cat":[15],"product_tag":[],"class_list":{"0":"post-6898","1":"product","2":"type-product","3":"status-publish","4":"has-post-thumbnail","6":"product_cat-sem-categoria","8":"first","9":"instock","10":"taxable","11":"shipping-taxable","12":"purchasable","13":"product-type-simple"},"acf":[],"jetpack-related-posts":[{"id":6896,"url":"https:\/\/mundo.seashell.pt\/?product=colgate-escova-extra-clean-2un","url_meta":{"origin":6898,"position":0},"title":"Colgate Escova Extra Clean 2un","date":"Fevereiro 23, 2022","format":false,"excerpt":"Escova de Dentes Manual Conselhos de utiliza\u00e7\u00e3o: Fa\u00e7a uma escovagem cuidadosa seguindo os seguintes passos: 1. Escove as superf\u00edcies exteriores dos dentes de cima e depois dos dentes de baixo; 2. Escove as superf\u00edcies interiores dos dentes de cima e depois dos dentes de baixo; 3. Limpe as super...","rel":"","context":"Similar post","img":{"alt_text":"","src":"https:\/\/i0.wp.com\/mundo.seashell.pt\/wp-content\/uploads\/2022\/02\/Colgate_Escova_Extra_Clean_-_Twinpack_8714789162607.png?resize=350%2C200&ssl=1","width":350,"height":200},"classes":[]},{"id":6894,"url":"https:\/\/mundo.seashell.pt\/?product=colgate-escova-premier-white-1un","url_meta":{"origin":6898,"position":1},"title":"Colgate Escova Premier White 1un","date":"Fevereiro 23, 2022","format":false,"excerpt":"Escova de Dentes ManualBenef\u00edcios: - Limpa os dentes: Filamentos com extremidade de limpeza desenhados para alcan\u00e7ar e limpar eficazmente os dentes de tr\u00e1s;- Remove as manchas superficiais: Os filamentos circulares ajudam a remover as manchas e a revelar a brancura natural dos dentes.- Refresca o h\u00e1lito: com Limpa l\u00edng...","rel":"","context":"Similar post","img":{"alt_text":"","src":"https:\/\/i0.wp.com\/mundo.seashell.pt\/wp-content\/uploads\/2022\/02\/Colgate_Escova_PREMIER_WHITE_8714789733487.png?resize=350%2C200&ssl=1","width":350,"height":200},"classes":[]},{"id":6888,"url":"https:\/\/mundo.seashell.pt\/?product=oral-b-brilho-1-un","url_meta":{"origin":6898,"position":2},"title":"Oral B Brilho 1 un","date":"Fevereiro 23, 2022","format":false,"excerpt":"Escova de Dentes ManualConselhos de utiliza\u00e7\u00e3o: Escove os dentes com a escova de dentes manual Oral-B e a pasta dentr\u00edfica Oral-B, 3 vezes por dia.","rel":"","context":"Similar post","img":{"alt_text":"","src":"https:\/\/i0.wp.com\/mundo.seashell.pt\/wp-content\/uploads\/2022\/02\/ORAL-B_ULTRATHIN_CUIDADO_GENGIVAS_SOFT_3014260094393.png?resize=350%2C200&ssl=1","width":350,"height":200},"classes":[]},{"id":6902,"url":"https:\/\/mundo.seashell.pt\/?product=oral-b-3d-white-brancura-revitalizante-75ml","url_meta":{"origin":6898,"position":3},"title":"Oral B 3D White Brancura Revitalizante 75ml","date":"Fevereiro 23, 2022","format":false,"excerpt":"Oral-B, a marca n.\u00ba 1 recomendada por m\u00e9dicos dentistas em todo o mundo.Tipo de produto: Pasta de Dentes Oral B White Brancura RevitalizanteBenef\u00edcios: - Limpa em zonas de dif\u00edcil acesso;- Frescura duradoura;- Previne o t\u00e1rtaro;- Previne as c\u00e1ries;- Sabor a hortel\u00e3. Conselhos de util...","rel":"","context":"Similar post","img":{"alt_text":"","src":"https:\/\/i0.wp.com\/mundo.seashell.pt\/wp-content\/uploads\/2022\/02\/ORAL-B_3DW_BRANCURA_REVITALIZANTE_75ML__8001090673848.png?resize=350%2C200&ssl=1","width":350,"height":200},"classes":[]},{"id":6884,"url":"https:\/\/mundo.seashell.pt\/?product=oral-b-shiny-clean-1un","url_meta":{"origin":6898,"position":4},"title":"Oral B Shiny Clean 1un","date":"Fevereiro 23, 2022","format":false,"excerpt":"Escova de Dentes Manual Conselhos de utiliza\u00e7\u00e3o: Escove os dentes com a escova de dentes manual Oral-B e a pasta dentr\u00edfica Oral-B, 3 vezes por dia.","rel":"","context":"Similar post","img":{"alt_text":"","src":"https:\/\/i0.wp.com\/mundo.seashell.pt\/wp-content\/uploads\/2022\/02\/ORAL-B_123_SHINY_CLEAN_40M_3014260850166.png?resize=350%2C200&ssl=1","width":350,"height":200},"classes":[]},{"id":6892,"url":"https:\/\/mundo.seashell.pt\/?product=oral-b-gengivas-1un","url_meta":{"origin":6898,"position":5},"title":"Oral B Gengivas 1un","date":"Fevereiro 23, 2022","format":false,"excerpt":"Escova de Dentes Manual Conselhos de utiliza\u00e7\u00e3o: Escove os dentes com a escova de dentes manual Oral-B e a pasta dentr\u00edfica Oral-B, 3 vezes por dia.","rel":"","context":"Similar post","img":{"alt_text":"","src":"https:\/\/i0.wp.com\/mundo.seashell.pt\/wp-content\/uploads\/2022\/02\/ORAL-B_ULTRATHIN_CUIDADO_GENGIVAS_SOFT_3014260094393-1.png?resize=350%2C200&ssl=1","width":350,"height":200},"classes":[]}],"_links":{"self":[{"href":"https:\/\/mundo.seashell.pt\/index.php?rest_route=\/wp\/v2\/product\/6898","targetHints":{"allow":["GET"]}}],"collection":[{"href":"https:\/\/mundo.seashell.pt\/index.php?rest_route=\/wp\/v2\/product"}],"about":[{"href":"https:\/\/mundo.seashell.pt\/index.php?rest_route=\/wp\/v2\/types\/product"}],"wp:featuredmedia":[{"embeddable":true,"href":"https:\/\/mundo.seashell.pt\/index.php?rest_route=\/wp\/v2\/media\/6899"}],"wp:attachment":[{"href":"https:\/\/mundo.seashell.pt\/index.php?rest_route=%2Fwp%2Fv2%2Fmedia&parent=6898"}],"wp:term":[{"taxonomy":"product_cat","embeddable":true,"href":"https:\/\/mundo.seashell.pt\/index.php?rest_route=%2Fwp%2Fv2%2Fproduct_cat&post=6898"},{"taxonomy":"product_tag","embeddable":true,"href":"https:\/\/mundo.seashell.pt\/index.php?rest_route=%2Fwp%2Fv2%2Fproduct_tag&post=6898"}],"curies":[{"name":"wp","href":"https:\/\/api.w.org\/{rel}","templated":true}]}}