{"id":6882,"date":"2022-02-23T18:59:27","date_gmt":"2022-02-23T18:59:27","guid":{"rendered":"https:\/\/mundo.seashell.pt\/?post_type=product&#038;p=6882"},"modified":"2022-02-23T18:59:28","modified_gmt":"2022-02-23T18:59:28","slug":"oral-b-indicador-escova-de-dentes-2un","status":"publish","type":"product","link":"https:\/\/mundo.seashell.pt\/?product=oral-b-indicador-escova-de-dentes-2un","title":{"rendered":"Oral B Indicador 2un"},"content":{"rendered":"<p>Escova de Dentes Manual<\/p>\n<h3>Conselhos de utiliza\u00e7\u00e3o:<\/h3>\n<p>Escove os dentes com a escova de dentes manual Oral-B indicador e a pasta dentr\u00edfica Oral-B, 3 vezes por dia.<\/p>\n","protected":false},"excerpt":{"rendered":"<p>Escova de Dentes ManualConselhos de utiliza\u00e7\u00e3o:<br \/>\nEscove os dentes com a escova de dentes manual Oral-B indicador e a pasta dentr\u00edfica Oral-B, 3 vezes por dia.<\/p>\n","protected":false},"featured_media":6883,"template":"","meta":{"spay_email":""},"product_cat":[15],"product_tag":[],"class_list":{"0":"post-6882","1":"product","2":"type-product","3":"status-publish","4":"has-post-thumbnail","6":"product_cat-sem-categoria","8":"first","9":"instock","10":"taxable","11":"shipping-taxable","12":"purchasable","13":"product-type-simple"},"acf":[],"jetpack-related-posts":[{"id":6884,"url":"https:\/\/mundo.seashell.pt\/?product=oral-b-shiny-clean-1un","url_meta":{"origin":6882,"position":0},"title":"Oral B Shiny Clean 1un","date":"Fevereiro 23, 2022","format":false,"excerpt":"Escova de Dentes Manual Conselhos de utiliza\u00e7\u00e3o: Escove os dentes com a escova de dentes manual Oral-B e a pasta dentr\u00edfica Oral-B, 3 vezes por dia.","rel":"","context":"Similar post","img":{"alt_text":"","src":"https:\/\/i0.wp.com\/mundo.seashell.pt\/wp-content\/uploads\/2022\/02\/ORAL-B_123_SHINY_CLEAN_40M_3014260850166.png?resize=350%2C200&ssl=1","width":350,"height":200},"classes":[]},{"id":6892,"url":"https:\/\/mundo.seashell.pt\/?product=oral-b-gengivas-1un","url_meta":{"origin":6882,"position":1},"title":"Oral B Gengivas 1un","date":"Fevereiro 23, 2022","format":false,"excerpt":"Escova de Dentes Manual Conselhos de utiliza\u00e7\u00e3o: Escove os dentes com a escova de dentes manual Oral-B e a pasta dentr\u00edfica Oral-B, 3 vezes por dia.","rel":"","context":"Similar post","img":{"alt_text":"","src":"https:\/\/i0.wp.com\/mundo.seashell.pt\/wp-content\/uploads\/2022\/02\/ORAL-B_ULTRATHIN_CUIDADO_GENGIVAS_SOFT_3014260094393-1.png?resize=350%2C200&ssl=1","width":350,"height":200},"classes":[]},{"id":6886,"url":"https:\/\/mundo.seashell.pt\/?product=oral-b-shiny-clean-4un","url_meta":{"origin":6882,"position":2},"title":"Oral B Shiny Clean 4un","date":"Fevereiro 23, 2022","format":false,"excerpt":"Escova de Dentes ManualConselhos de utiliza\u00e7\u00e3o: Escove os dentes com a escova de dentes manual Oral-B e a pasta dentr\u00edfica Oral-B, 3 vezes por dia.","rel":"","context":"Similar post","img":{"alt_text":"","src":"https:\/\/i0.wp.com\/mundo.seashell.pt\/wp-content\/uploads\/2022\/02\/ORAL-B_123_SHINY_CLEAN_40M_4UN_3014260014278.png?resize=350%2C200&ssl=1","width":350,"height":200},"classes":[]},{"id":6888,"url":"https:\/\/mundo.seashell.pt\/?product=oral-b-brilho-1-un","url_meta":{"origin":6882,"position":3},"title":"Oral B Brilho 1 un","date":"Fevereiro 23, 2022","format":false,"excerpt":"Escova de Dentes ManualConselhos de utiliza\u00e7\u00e3o: Escove os dentes com a escova de dentes manual Oral-B e a pasta dentr\u00edfica Oral-B, 3 vezes por dia.","rel":"","context":"Similar post","img":{"alt_text":"","src":"https:\/\/i0.wp.com\/mundo.seashell.pt\/wp-content\/uploads\/2022\/02\/ORAL-B_ULTRATHIN_CUIDADO_GENGIVAS_SOFT_3014260094393.png?resize=350%2C200&ssl=1","width":350,"height":200},"classes":[]},{"id":6890,"url":"https:\/\/mundo.seashell.pt\/?product=oral-b-5-way-clean-1un","url_meta":{"origin":6882,"position":4},"title":"Oral B 5 Way Clean 1un","date":"Fevereiro 23, 2022","format":false,"excerpt":"Escova de Dentes Manual Conselhos de utiliza\u00e7\u00e3o: Escove os dentes com a escova de dentes manual Oral-B e a pasta dentr\u00edfica Oral-B, 3 vezes por dia.","rel":"","context":"Similar post","img":{"alt_text":"","src":"https:\/\/i0.wp.com\/mundo.seashell.pt\/wp-content\/uploads\/2022\/02\/ORAL-B_COMPLETE_5_WAY_CLEAN_44M_3014260020118.png?resize=350%2C200&ssl=1","width":350,"height":200},"classes":[]},{"id":6904,"url":"https:\/\/mundo.seashell.pt\/?product=oral-b-complete-anti-caries-75ml","url_meta":{"origin":6882,"position":5},"title":"Oral B Complete Anti-C\u00e1ries 75ml","date":"Fevereiro 23, 2022","format":false,"excerpt":"Pasta de Dentes Prote\u00e7\u00e3o CompletaConselhos de utiliza\u00e7\u00e3o: Escove os dentes com a escova de dentes manual Oral-B e a pasta dentr\u00edfica Oral-B, 3 vezes por dia.","rel":"","context":"Similar post","img":{"alt_text":"","src":"https:\/\/i0.wp.com\/mundo.seashell.pt\/wp-content\/uploads\/2022\/02\/ORAL-B_COMPLETE_ANTI_CARIES_75ML_8001090989680.png?resize=350%2C200&ssl=1","width":350,"height":200},"classes":[]}],"_links":{"self":[{"href":"https:\/\/mundo.seashell.pt\/index.php?rest_route=\/wp\/v2\/product\/6882","targetHints":{"allow":["GET"]}}],"collection":[{"href":"https:\/\/mundo.seashell.pt\/index.php?rest_route=\/wp\/v2\/product"}],"about":[{"href":"https:\/\/mundo.seashell.pt\/index.php?rest_route=\/wp\/v2\/types\/product"}],"wp:featuredmedia":[{"embeddable":true,"href":"https:\/\/mundo.seashell.pt\/index.php?rest_route=\/wp\/v2\/media\/6883"}],"wp:attachment":[{"href":"https:\/\/mundo.seashell.pt\/index.php?rest_route=%2Fwp%2Fv2%2Fmedia&parent=6882"}],"wp:term":[{"taxonomy":"product_cat","embeddable":true,"href":"https:\/\/mundo.seashell.pt\/index.php?rest_route=%2Fwp%2Fv2%2Fproduct_cat&post=6882"},{"taxonomy":"product_tag","embeddable":true,"href":"https:\/\/mundo.seashell.pt\/index.php?rest_route=%2Fwp%2Fv2%2Fproduct_tag&post=6882"}],"curies":[{"name":"wp","href":"https:\/\/api.w.org\/{rel}","templated":true}]}}