{"id":6880,"date":"2022-02-23T18:59:24","date_gmt":"2022-02-23T18:59:24","guid":{"rendered":"https:\/\/mundo.seashell.pt\/?post_type=product&#038;p=6880"},"modified":"2022-02-23T18:59:26","modified_gmt":"2022-02-23T18:59:26","slug":"nivea-desodorizante-feminino-roll-on-50ml","status":"publish","type":"product","link":"https:\/\/mundo.seashell.pt\/?product=nivea-desodorizante-feminino-roll-on-50ml","title":{"rendered":"Nivea Desodorizante Feminino Roll-On 50ml"},"content":{"rendered":"<p>Experimente e avalie a qualidade dos produtos Nivea. Desde 1911 a cuidar de si!<\/p>\n<h3>Tipo de produto:<\/h3>\n<p>Desodorizante Roll-On<\/p>\n<h3>Conselhos de utiliza\u00e7\u00e3o:<\/h3>\n<p>Aplique na pele limpa e seca de axilas. Levante um bra\u00e7o e aplique com movimentos circulares de pouca press\u00e3o at\u00e9 criar uma camada fina de produto sobre a sua axila. Repita o processo na outra axila.<\/p>\n","protected":false},"excerpt":{"rendered":"<p>Experimente e avalie a qualidade dos produtos Nivea. Desde 1911 a cuidar de si!Tipo de produto:<br \/>\nDesodorizante Roll-OnConselhos de utiliza\u00e7\u00e3o:<br \/>\nAplique na pele limpa e seca de axilas. Levante um bra\u00e7o e aplique com movimentos circulares de pouca press\u00e3o at\u00e9 criar uma camada fina de produto sobre a sua axila. &#8230;<\/p>\n","protected":false},"featured_media":6881,"template":"","meta":{"spay_email":""},"product_cat":[15],"product_tag":[],"class_list":{"0":"post-6880","1":"product","2":"type-product","3":"status-publish","4":"has-post-thumbnail","6":"product_cat-sem-categoria","8":"first","9":"instock","10":"taxable","11":"shipping-taxable","12":"purchasable","13":"product-type-simple"},"acf":[],"jetpack-related-posts":[{"id":6856,"url":"https:\/\/mundo.seashell.pt\/?product=nivea-men-desodorizante-50ml","url_meta":{"origin":6880,"position":0},"title":"Nivea Men Desodorizante 50ml","date":"Fevereiro 23, 2022","format":false,"excerpt":"Experimente e avalie a qualidade dos produtos Nivea. Desde 1911 a cuidar de si!Descri\u00e7\u00e3o: Efic\u00e1cia que n\u00e3o deixa manchas brancas nos tecidos escuros e reduz o aparecimento de manchas amarelas nas roupas claras. Tipo de produto: Desodorizante Roll-OnConselhos de utiliza\u00e7\u00e3o: Aplique na pele li...","rel":"","context":"Similar post","img":{"alt_text":"","src":"https:\/\/i0.wp.com\/mundo.seashell.pt\/wp-content\/uploads\/2022\/02\/85948-07405-30_Roll-on_Men_Protect___Care_4005900388971.png?resize=350%2C200&ssl=1","width":350,"height":200},"classes":[]},{"id":6840,"url":"https:\/\/mundo.seashell.pt\/?product=denim-desodorizante-masculino-150ml","url_meta":{"origin":6880,"position":1},"title":"Denim Desodorizante Masculino 150ml","date":"Fevereiro 23, 2022","format":false,"excerpt":"O desodorizante Denim Spray \u00e9 ideal para proteger e proporcionar um toque fresco \u00e0 pele. A melhor maneira de reduzir o odor e obter uma prote\u00e7\u00e3o 24 horas.Tipo de produto: Desodorizante SprayConselhos de utiliza\u00e7\u00e3o: Aplique na pele limpa e seca de axilas. Levante um bra\u00e7o e aplique com movimentos circular...","rel":"","context":"Similar post","img":{"alt_text":"","src":"https:\/\/i0.wp.com\/mundo.seashell.pt\/wp-content\/uploads\/2022\/02\/DENIM_Deo_Spray_Original_150_ml__8008970004402.png?resize=350%2C200&ssl=1","width":350,"height":200},"classes":[]},{"id":6860,"url":"https:\/\/mundo.seashell.pt\/?product=feno-de-portugal-desodorizante-roll-on-50ml","url_meta":{"origin":6880,"position":2},"title":"FENO DE PORTUGAL Desodorizante Roll-on 50ml","date":"Fevereiro 23, 2022","format":false,"excerpt":"Antitranspirante em formato roll-on com f\u00f3rmulas hipoalerg\u00e9nicas de \u00faltima gera\u00e7\u00e3o desenvolvidas sem \u00e1lcool e enriquecidas com extratos naturais de Ch\u00e1 Verde, Bergamota e Gard\u00e9nia. Sem sais de alum\u00ednio, que respeita o processo natural de transpira\u00e7\u00e3o da pele. Esta f\u00f3rmula garantem uma prote\u00e7\u00e3o, durante 48 horas, de todos os tipos de\u2026","rel":"","context":"Similar post","img":{"alt_text":"","src":"https:\/\/i0.wp.com\/mundo.seashell.pt\/wp-content\/uploads\/2022\/02\/FENO_DE_PORTUGAL_Desodorizante_Spray_Dermo_Protetivo_150ml__5600356070426.png?resize=350%2C200&ssl=1","width":350,"height":200},"classes":[]},{"id":6848,"url":"https:\/\/mundo.seashell.pt\/?product=nivea-men-dry-impact-desodorizante-200ml","url_meta":{"origin":6880,"position":3},"title":"Nivea Men dry impact Desodorizante 200ml","date":"Fevereiro 23, 2022","format":false,"excerpt":"Experimente e avalie a qualidade dos produtos Nivea. Desde 1911 a cuidar de si!Descri\u00e7\u00e3o: Regula eficazmente a transpira\u00e7\u00e3o durante 48h, garantindo axilas agrad\u00e1velmente secas e cuidadas durante todo o dia: anti-transpirante que elimina o odor corporal. Com uma suave fragr\u00e2ncia masculina . Tipo de produto: Deso...","rel":"","context":"Similar post","img":{"alt_text":"","src":"https:\/\/i0.wp.com\/mundo.seashell.pt\/wp-content\/uploads\/2022\/02\/81605-07405-39_Spray_Dry_Men_Impact_200ml_4005808727186.png?resize=350%2C200&ssl=1","width":350,"height":200},"classes":[]},{"id":6872,"url":"https:\/\/mundo.seashell.pt\/?product=vaseline-desodorizante-feminino-50gr","url_meta":{"origin":6880,"position":4},"title":"Vaseline Desodorizante Feminino 50Gr","date":"Fevereiro 23, 2022","format":false,"excerpt":"Desodorizante hidratante 48h de prote\u00e7\u00e3o.Descri\u00e7\u00e3o: O desodorizante Vaseline oferece-lhe 48 horas de prote\u00e7\u00e3o contra suor e maus odores com a tecnologia ProDerma\u2122. Do mesmo modo, deixa a pele delicadas das suas axilas suave e saud\u00e1vel. Tipo de produto: Desodorizante Roll-OnBenef\u00edcios: - O de...","rel":"","context":"Similar post","img":{"alt_text":"","src":"https:\/\/i0.wp.com\/mundo.seashell.pt\/wp-content\/uploads\/2022\/02\/Vaseline___Derma_Care_Roll_On___50g__.png?resize=350%2C200&ssl=1","width":350,"height":200},"classes":[]},{"id":6868,"url":"https:\/\/mundo.seashell.pt\/?product=nivea-dry-confort-desodorizante-feminino-200ml","url_meta":{"origin":6880,"position":5},"title":"Nivea Dry Confort Desodorizante Feminino 200ml","date":"Fevereiro 23, 2022","format":false,"excerpt":"Experimente e avalie a qualidade dos produtos Nivea. Desde 1911 a cuidar de si!Benef\u00edcios: - Regula eficazmente a transpira\u00e7\u00e3o, garantido axilas agradavelmente secas e cuidadas durante todo o dia;- Anti-transpirante que elimina o odor corporal;- Suave fragr\u00e2ncia. Conselhos de utiliza\u00e7\u00e3o: Agitar bem ante...","rel":"","context":"Similar post","img":{"alt_text":"","src":"https:\/\/i0.wp.com\/mundo.seashell.pt\/wp-content\/uploads\/2022\/02\/81604-07405-39_Spray_Dry_Comfort_200ml_4005808719020.png?resize=350%2C200&ssl=1","width":350,"height":200},"classes":[]}],"_links":{"self":[{"href":"https:\/\/mundo.seashell.pt\/index.php?rest_route=\/wp\/v2\/product\/6880","targetHints":{"allow":["GET"]}}],"collection":[{"href":"https:\/\/mundo.seashell.pt\/index.php?rest_route=\/wp\/v2\/product"}],"about":[{"href":"https:\/\/mundo.seashell.pt\/index.php?rest_route=\/wp\/v2\/types\/product"}],"wp:featuredmedia":[{"embeddable":true,"href":"https:\/\/mundo.seashell.pt\/index.php?rest_route=\/wp\/v2\/media\/6881"}],"wp:attachment":[{"href":"https:\/\/mundo.seashell.pt\/index.php?rest_route=%2Fwp%2Fv2%2Fmedia&parent=6880"}],"wp:term":[{"taxonomy":"product_cat","embeddable":true,"href":"https:\/\/mundo.seashell.pt\/index.php?rest_route=%2Fwp%2Fv2%2Fproduct_cat&post=6880"},{"taxonomy":"product_tag","embeddable":true,"href":"https:\/\/mundo.seashell.pt\/index.php?rest_route=%2Fwp%2Fv2%2Fproduct_tag&post=6880"}],"curies":[{"name":"wp","href":"https:\/\/api.w.org\/{rel}","templated":true}]}}