{"id":6878,"date":"2022-02-23T18:59:22","date_gmt":"2022-02-23T18:59:22","guid":{"rendered":"https:\/\/mundo.seashell.pt\/?post_type=product&#038;p=6878"},"modified":"2022-02-23T18:59:24","modified_gmt":"2022-02-23T18:59:24","slug":"dove-desodorizante-feminino-roll-on-50ml","status":"publish","type":"product","link":"https:\/\/mundo.seashell.pt\/?product=dove-desodorizante-feminino-roll-on-50ml","title":{"rendered":"Dove Desodorizante Feminino Roll-On 50ml"},"content":{"rendered":"<p>Explore as cole\u00e7\u00f5es Dove e encontre os produtos ideais para si!<\/p>\n<h3>Descri\u00e7\u00e3o:<\/h3>\n<p>Todas n\u00f3s desejamos o melhor dos dois mundos: Dove antitranspirante une a fragr\u00e2ncia e a suavidade para proteger contra a transpira\u00e7\u00e3o e odores indesejados.&nbsp;<\/p>\n<h3>Tipo de produto:<\/h3>\n<p>Desodorizante Roll-On<\/p>\n<h3>Benef\u00edcios:<\/h3>\n<p>&#8211; At\u00e9 48 horas de prote\u00e7\u00e3o antitranspirante.<br \/>&#8211; Cont\u00e9m \u00bc de creme hidratante, para axilas macias e suaves.<br \/>&#8211; F\u00f3rmula com 0% \u00e1lcool que ajuda a reduzir a irrita\u00e7\u00e3o da pele causada pela depila\u00e7\u00e3o.<br \/>&#8211; Uma fragr\u00e2ncia refrescante e frutada de pera e alo\u00e9 vera.<\/p>\n<h3>Conselhos de utiliza\u00e7\u00e3o:<\/h3>\n<p>Levante um bra\u00e7o e aplique o desodorizante Dove roll-on com movimentos circulares de pouca press\u00e3o at\u00e9 criar uma camada fina de produto sobre a sua axila. Repita o processo na outra axila.<\/p>\n<p><\/p>\n","protected":false},"excerpt":{"rendered":"<p>Explore as cole\u00e7\u00f5es Dove e encontre os produtos ideais para si!<\/p>\n<h3>Descri\u00e7\u00e3o:<\/h3>\n<p>Todas n\u00f3s desejamos o melhor dos dois mundos: Dove antitranspirante une a fragr\u00e2ncia e a suavidade para proteger contra a transpira\u00e7\u00e3o e odores indesejados.&nbsp;<\/p>\n<h3>Tipo de produto:<\/h3>\n<p>Desodorizante Roll-On<\/p>\n<h3>Benef\u00edcios:<\/h3>\n<p>&#8211; At\u00e9&#8230;<\/p>\n","protected":false},"featured_media":6879,"template":"","meta":{"spay_email":""},"product_cat":[15],"product_tag":[],"class_list":{"0":"post-6878","1":"product","2":"type-product","3":"status-publish","4":"has-post-thumbnail","6":"product_cat-sem-categoria","8":"first","9":"instock","10":"taxable","11":"shipping-taxable","12":"purchasable","13":"product-type-simple"},"acf":[],"jetpack-related-posts":[{"id":6862,"url":"https:\/\/mundo.seashell.pt\/?product=dove-desodorizante-feminino-150ml","url_meta":{"origin":6878,"position":0},"title":"Dove Desodorizante Feminino 150ml","date":"Fevereiro 23, 2022","format":false,"excerpt":"Explore as cole\u00e7\u00f5es Dove e encontre os produtos ideais para si! Confie neste desodorizante para resultados duradouros. Tipo de produto: Desodorizante SprayBenef\u00edcios: - \u00bc de creme hidratante para ajudar a deixar a pele macia e suave.- At\u00e9 48 horas de prote\u00e7\u00e3o antitranspirante.- Fragr\u00e2ncia combina...","rel":"","context":"Similar post","img":{"alt_text":"","src":"https:\/\/i0.wp.com\/mundo.seashell.pt\/wp-content\/uploads\/2022\/02\/Dove___Original__150ml__.png?resize=350%2C200&ssl=1","width":350,"height":200},"classes":[]},{"id":6852,"url":"https:\/\/mundo.seashell.pt\/?product=dove-men-care-desodorizante-masculino-50ml","url_meta":{"origin":6878,"position":1},"title":"Dove Men Care Desodorizante Masculino 50ml","date":"Fevereiro 23, 2022","format":false,"excerpt":"Com Dove Men+Care Roll-On antitranspirante, ter\u00e1 o conforto e prote\u00e7\u00e3o total contra o suor durante todo o dia.Descri\u00e7\u00e3o: Desenvolvido para proteger a pele contra o suor, sem irritar a pele. Dove Men+Care Roll-On antitranspirantecombate os odores indesejados e a transpira\u00e7\u00e3o enquanto que a sua tecnologia exclusiva com \u00bc de ...","rel":"","context":"Similar post","img":{"alt_text":"","src":"https:\/\/i0.wp.com\/mundo.seashell.pt\/wp-content\/uploads\/2022\/02\/Dove_Roll-On_Clean_Comfort__50ml__.png?resize=350%2C200&ssl=1","width":350,"height":200},"classes":[]},{"id":6842,"url":"https:\/\/mundo.seashell.pt\/?product=dove-desodorizante-masculino-150ml","url_meta":{"origin":6878,"position":2},"title":"Dove Desodorizante Masculino 150ml","date":"Fevereiro 23, 2022","format":false,"excerpt":"Da pr\u00f3xima vez que estiver a correr para o escrit\u00f3rio ou a jogar futebol com as crian\u00e7as, o seu suor estar\u00e1 sob controlo. Escolha Dove Men+Care Aerossol antitranspirante Clean Comfort para ter um antitranspirante poderoso que o mant\u00e9m seco e livre da irrita\u00e7\u00e3o.Descri\u00e7\u00e3o: Trabalho, fam\u00edlia, viagens. A vida \u00e9 uma\u2026","rel":"","context":"Similar post","img":{"alt_text":"","src":"https:\/\/i0.wp.com\/mundo.seashell.pt\/wp-content\/uploads\/2022\/02\/DOVE_MEN_AERO_CLEAN_COMFORT_150ML_8712561254595.png?resize=350%2C200&ssl=1","width":350,"height":200},"classes":[]},{"id":6854,"url":"https:\/\/mundo.seashell.pt\/?product=rexona-desodorizante-masculino-50ml","url_meta":{"origin":6878,"position":3},"title":"Rexona Desodorizante Masculino 50ml","date":"Fevereiro 23, 2022","format":false,"excerpt":"Antitranspirante para homem anti-manchas!Descri\u00e7\u00e3o: Rexona Roll-On Men, \u00e9 um antitranspirante invis\u00edvel eficaz que ajuda os tecidos pretos a manterem-se pretos e os brancos a manterem-se brancos. Este antitranspirante Roll-On com uma fragr\u00e2ncia moderna de car\u00e1ter frutado a madeira, protege imediatamente, com uma rica fragr...","rel":"","context":"Similar post","img":{"alt_text":"","src":"https:\/\/i0.wp.com\/mundo.seashell.pt\/wp-content\/uploads\/2022\/02\/Rexona_Roll-On_Invisible_Clothes__50ml__.png?resize=350%2C200&ssl=1","width":350,"height":200},"classes":[]},{"id":6858,"url":"https:\/\/mundo.seashell.pt\/?product=rexona-roll-on-desodorizante-feminino-50ml","url_meta":{"origin":6878,"position":4},"title":"Rexona Roll-On Desodorizante Feminino 50ml","date":"Fevereiro 23, 2022","format":false,"excerpt":"Antitranspirante anti-manchas!Descri\u00e7\u00e3o: Rexona Roll-On, \u00e9 um antitranspirante invis\u00edvel eficaz que ajuda os tecidos pretos a manterem-se pretos e os brancos a manterem-se brancos. Este antitranspirante Roll-On possui uma f\u00f3rmula que reduz as manchas com um perfume leve e refrescante, e protege com uma fragr\u00e2ncia fresca.","rel":"","context":"Similar post","img":{"alt_text":"","src":"https:\/\/i0.wp.com\/mundo.seashell.pt\/wp-content\/uploads\/2022\/02\/Rexona_Roll-On__Biorythm__50ml__.png?resize=350%2C200&ssl=1","width":350,"height":200},"classes":[]},{"id":6864,"url":"https:\/\/mundo.seashell.pt\/?product=rexona-desodorizante-feminino-200ml","url_meta":{"origin":6878,"position":5},"title":"Rexona Desodorizante Feminino 200ml","date":"Fevereiro 23, 2022","format":false,"excerpt":"Antitranspirante anti-manchas!Descri\u00e7\u00e3o: Rexona Spray Women Invisible On Black and White Clothes, \u00e9 um antitranspirante invis\u00edvel eficaz que ajuda os tecidos pretos a manterem-se pretos e os brancos a manterem-se brancos. Este antitranspirante com uma prote\u00e7\u00e3o antimanchas, possui uma fragr\u00e2ncia leve para uma sensa\u00e7\u00e3o de li...","rel":"","context":"Similar post","img":{"alt_text":"","src":"https:\/\/i0.wp.com\/mundo.seashell.pt\/wp-content\/uploads\/2022\/02\/Rexona___Invisible_Clothes__150ml__.png?resize=350%2C200&ssl=1","width":350,"height":200},"classes":[]}],"_links":{"self":[{"href":"https:\/\/mundo.seashell.pt\/index.php?rest_route=\/wp\/v2\/product\/6878","targetHints":{"allow":["GET"]}}],"collection":[{"href":"https:\/\/mundo.seashell.pt\/index.php?rest_route=\/wp\/v2\/product"}],"about":[{"href":"https:\/\/mundo.seashell.pt\/index.php?rest_route=\/wp\/v2\/types\/product"}],"wp:featuredmedia":[{"embeddable":true,"href":"https:\/\/mundo.seashell.pt\/index.php?rest_route=\/wp\/v2\/media\/6879"}],"wp:attachment":[{"href":"https:\/\/mundo.seashell.pt\/index.php?rest_route=%2Fwp%2Fv2%2Fmedia&parent=6878"}],"wp:term":[{"taxonomy":"product_cat","embeddable":true,"href":"https:\/\/mundo.seashell.pt\/index.php?rest_route=%2Fwp%2Fv2%2Fproduct_cat&post=6878"},{"taxonomy":"product_tag","embeddable":true,"href":"https:\/\/mundo.seashell.pt\/index.php?rest_route=%2Fwp%2Fv2%2Fproduct_tag&post=6878"}],"curies":[{"name":"wp","href":"https:\/\/api.w.org\/{rel}","templated":true}]}}