{"id":6868,"date":"2022-02-23T18:58:56","date_gmt":"2022-02-23T18:58:56","guid":{"rendered":"https:\/\/mundo.seashell.pt\/?post_type=product&#038;p=6868"},"modified":"2022-02-23T18:58:59","modified_gmt":"2022-02-23T18:58:59","slug":"nivea-dry-confort-desodorizante-feminino-200ml","status":"publish","type":"product","link":"https:\/\/mundo.seashell.pt\/?product=nivea-dry-confort-desodorizante-feminino-200ml","title":{"rendered":"Nivea Dry Confort Desodorizante Feminino 200ml"},"content":{"rendered":"<p>Experimente e avalie a qualidade dos produtos Nivea. Desde 1911 a cuidar de si!<\/p>\n<h3>Benef\u00edcios:<\/h3>\n<p>&#8211; Regula eficazmente a transpira\u00e7\u00e3o, garantido axilas agradavelmente secas e cuidadas durante todo o dia;<br \/>&#8211; Anti-transpirante que elimina o odor corporal;<br \/>&#8211; Suave fragr\u00e2ncia.<\/p>\n<h3>Conselhos de utiliza\u00e7\u00e3o:<\/h3>\n<p>Agitar bem antes de usar. Vaporizar a 15cms do corpo. Deixar secar completamente antes de se vestir.<\/p>\n<p><\/p>\n<p><\/p>\n<ul><\/ul>\n","protected":false},"excerpt":{"rendered":"<p>Experimente e avalie a qualidade dos produtos Nivea. Desde 1911 a cuidar de si!Benef\u00edcios:<br \/>\n&#8211; Regula eficazmente a transpira\u00e7\u00e3o, garantido axilas agradavelmente secas e cuidadas durante todo o dia;- Anti-transpirante que elimina o odor corporal;- Suave fragr\u00e2ncia.<br \/>\nConselhos de utiliza\u00e7\u00e3o:<br \/>\nAgitar bem ante&#8230;<\/p>\n","protected":false},"featured_media":6869,"template":"","meta":{"spay_email":""},"product_cat":[15],"product_tag":[],"class_list":{"0":"post-6868","1":"product","2":"type-product","3":"status-publish","4":"has-post-thumbnail","6":"product_cat-sem-categoria","8":"first","9":"instock","10":"taxable","11":"shipping-taxable","12":"purchasable","13":"product-type-simple"},"acf":[],"jetpack-related-posts":[{"id":6848,"url":"https:\/\/mundo.seashell.pt\/?product=nivea-men-dry-impact-desodorizante-200ml","url_meta":{"origin":6868,"position":0},"title":"Nivea Men dry impact Desodorizante 200ml","date":"Fevereiro 23, 2022","format":false,"excerpt":"Experimente e avalie a qualidade dos produtos Nivea. Desde 1911 a cuidar de si!Descri\u00e7\u00e3o: Regula eficazmente a transpira\u00e7\u00e3o durante 48h, garantindo axilas agrad\u00e1velmente secas e cuidadas durante todo o dia: anti-transpirante que elimina o odor corporal. Com uma suave fragr\u00e2ncia masculina . Tipo de produto: Deso...","rel":"","context":"Similar post","img":{"alt_text":"","src":"https:\/\/i0.wp.com\/mundo.seashell.pt\/wp-content\/uploads\/2022\/02\/81605-07405-39_Spray_Dry_Men_Impact_200ml_4005808727186.png?resize=350%2C200&ssl=1","width":350,"height":200},"classes":[]},{"id":6880,"url":"https:\/\/mundo.seashell.pt\/?product=nivea-desodorizante-feminino-roll-on-50ml","url_meta":{"origin":6868,"position":1},"title":"Nivea Desodorizante Feminino Roll-On 50ml","date":"Fevereiro 23, 2022","format":false,"excerpt":"Experimente e avalie a qualidade dos produtos Nivea. Desde 1911 a cuidar de si!Tipo de produto: Desodorizante Roll-OnConselhos de utiliza\u00e7\u00e3o: Aplique na pele limpa e seca de axilas. Levante um bra\u00e7o e aplique com movimentos circulares de pouca press\u00e3o at\u00e9 criar uma camada fina de produto sobre a sua axila.\u2026","rel":"","context":"Similar post","img":{"alt_text":"","src":"https:\/\/i0.wp.com\/mundo.seashell.pt\/wp-content\/uploads\/2022\/02\/81611-07405-28_Roll-on_Dry_Comfort_4005900388513.png?resize=350%2C200&ssl=1","width":350,"height":200},"classes":[]},{"id":6856,"url":"https:\/\/mundo.seashell.pt\/?product=nivea-men-desodorizante-50ml","url_meta":{"origin":6868,"position":2},"title":"Nivea Men Desodorizante 50ml","date":"Fevereiro 23, 2022","format":false,"excerpt":"Experimente e avalie a qualidade dos produtos Nivea. Desde 1911 a cuidar de si!Descri\u00e7\u00e3o: Efic\u00e1cia que n\u00e3o deixa manchas brancas nos tecidos escuros e reduz o aparecimento de manchas amarelas nas roupas claras. Tipo de produto: Desodorizante Roll-OnConselhos de utiliza\u00e7\u00e3o: Aplique na pele li...","rel":"","context":"Similar post","img":{"alt_text":"","src":"https:\/\/i0.wp.com\/mundo.seashell.pt\/wp-content\/uploads\/2022\/02\/85948-07405-30_Roll-on_Men_Protect___Care_4005900388971.png?resize=350%2C200&ssl=1","width":350,"height":200},"classes":[]},{"id":6870,"url":"https:\/\/mundo.seashell.pt\/?product=nivea-invisible-bw-desodorizante-feminino-150ml","url_meta":{"origin":6868,"position":3},"title":"Nivea Invisible B&#038;W Desodorizante Feminino 150ml","date":"Fevereiro 23, 2022","format":false,"excerpt":"Experimente e avalie a qualidade dos produtos Nivea. Desde 1911 a cuidar de si!Descri\u00e7\u00e3o: Efic\u00e1cia que n\u00e3o deixa manchas brancas nos tecidos escuros e reduz o aparecimento de manchas amarelas nas roupas claras. Tipo de produto: Desodorizante SprayConselhos de utiliza\u00e7\u00e3o: Agitar bem antes de ...","rel":"","context":"Similar post","img":{"alt_text":"","src":"https:\/\/i0.wp.com\/mundo.seashell.pt\/wp-content\/uploads\/2022\/02\/82237-06605-30_Spray_Invisible_for_Black___White_Original_150ml_4005900730152.png?resize=350%2C200&ssl=1","width":350,"height":200},"classes":[]},{"id":6778,"url":"https:\/\/mundo.seashell.pt\/?product=nivea-gel-de-banho-075l","url_meta":{"origin":6868,"position":4},"title":"Nivea Gel de Banho 750ml","date":"Fevereiro 23, 2022","format":false,"excerpt":"Experimente e avalie a qualidade dos produtos Nivea. Desde 1911 a cuidar de si! Aqua Sodium Laureth Sulfate Cocamidopropyl Betaine Glycerin Sodium Chloride Decyl Glucoside Parfum Lanolin Alcohol (Eucerit\u00ae) Panthenol Octyldodecanol Glyceryl Glucoside PEG40 Hydrogenated Castor Oil Citric Acid Styrene\/Acrylates Copolymer P EG200 Hydro...","rel":"","context":"Similar post","img":{"alt_text":"","src":"https:\/\/i0.wp.com\/mundo.seashell.pt\/wp-content\/uploads\/2022\/02\/5292030-frente.jpeg?resize=350%2C200&ssl=1","width":350,"height":200},"classes":[]},{"id":6850,"url":"https:\/\/mundo.seashell.pt\/?product=nivea-men-invisible-bw-desodorizante-150ml","url_meta":{"origin":6868,"position":5},"title":"Nivea Men Invisible B&#038;W Desodorizante 150ml","date":"Fevereiro 23, 2022","format":false,"excerpt":"Antitranspirante para homem anti-manchas.Descri\u00e7\u00e3o: Nivea Men Black and White Invisible, \u00e9 um antitranspirante invis\u00edvel eficaz que ajuda os tecidos pretos a manterem-se pretos e os brancos a manterem-se brancos.\u00a0Tipo de produto: Desodorizante SprayBenef\u00edcios: - Prote\u00e7\u00e3o antitranspirant...","rel":"","context":"Similar post","img":{"alt_text":"","src":"https:\/\/i0.wp.com\/mundo.seashell.pt\/wp-content\/uploads\/2022\/02\/82241-06605-30_Spray_Men_Invisible_for_Black___White_Original_150ml_4005900730114.png?resize=350%2C200&ssl=1","width":350,"height":200},"classes":[]}],"_links":{"self":[{"href":"https:\/\/mundo.seashell.pt\/index.php?rest_route=\/wp\/v2\/product\/6868","targetHints":{"allow":["GET"]}}],"collection":[{"href":"https:\/\/mundo.seashell.pt\/index.php?rest_route=\/wp\/v2\/product"}],"about":[{"href":"https:\/\/mundo.seashell.pt\/index.php?rest_route=\/wp\/v2\/types\/product"}],"wp:featuredmedia":[{"embeddable":true,"href":"https:\/\/mundo.seashell.pt\/index.php?rest_route=\/wp\/v2\/media\/6869"}],"wp:attachment":[{"href":"https:\/\/mundo.seashell.pt\/index.php?rest_route=%2Fwp%2Fv2%2Fmedia&parent=6868"}],"wp:term":[{"taxonomy":"product_cat","embeddable":true,"href":"https:\/\/mundo.seashell.pt\/index.php?rest_route=%2Fwp%2Fv2%2Fproduct_cat&post=6868"},{"taxonomy":"product_tag","embeddable":true,"href":"https:\/\/mundo.seashell.pt\/index.php?rest_route=%2Fwp%2Fv2%2Fproduct_tag&post=6868"}],"curies":[{"name":"wp","href":"https:\/\/api.w.org\/{rel}","templated":true}]}}