{"id":6864,"date":"2022-02-23T18:58:53","date_gmt":"2022-02-23T18:58:53","guid":{"rendered":"https:\/\/mundo.seashell.pt\/?post_type=product&#038;p=6864"},"modified":"2022-02-23T18:58:54","modified_gmt":"2022-02-23T18:58:54","slug":"rexona-desodorizante-feminino-200ml","status":"publish","type":"product","link":"https:\/\/mundo.seashell.pt\/?product=rexona-desodorizante-feminino-200ml","title":{"rendered":"Rexona Desodorizante Feminino 200ml"},"content":{"rendered":"<p>Antitranspirante anti-manchas!<\/p>\n<h3>Descri\u00e7\u00e3o:<\/h3>\n<p>Rexona Spray Women Invisible On Black and White Clothes, \u00e9 um antitranspirante invis\u00edvel eficaz que ajuda os tecidos pretos a manterem-se pretos e os brancos a manterem-se brancos. Este antitranspirante com uma prote\u00e7\u00e3o antimanchas, possui uma fragr\u00e2ncia leve para uma sensa\u00e7\u00e3o de limpeza e frescura. Protege atrav\u00e9s de um spray com uma fragr\u00e2ncia fresca e leve com Tecnologia Motionsense&#x2122;.<\/p>\n<h3>Tipo de produto:<\/h3>\n<p>Desodorizante Spray<\/p>\n<h3>Benef\u00edcios:<\/h3>\n<p>&#8211; Prote\u00e7\u00e3o antitranspirante invis\u00edvel para ajudar os tecidos pretos a manterem-se pretos e os brancos a manterem-se brancos;<br \/>&#8211; Prote\u00e7\u00e3o antimanchas com uma fragr\u00e2ncia leve para uma sensa\u00e7\u00e3o de limpeza e frescura.<\/p>\n<h3>Conselhos de utiliza\u00e7\u00e3o:<\/h3>\n<p>Primeiro, certifique-se que as suas axilas est\u00e3o completamente secas. Logo de seguida, agite a embalagem e segure a lata a cerca de 15 cm de dist\u00e2ncia das axilas. Pulverize durante 2 segundos apenas.<\/p>\n","protected":false},"excerpt":{"rendered":"<p>Antitranspirante anti-manchas!<\/p>\n<h3>Descri\u00e7\u00e3o:<\/h3>\n<p>Rexona Spray Women Invisible On Black and White Clothes, \u00e9 um antitranspirante invis\u00edvel eficaz que ajuda os tecidos pretos a manterem-se pretos e os brancos a manterem-se brancos. Este antitranspirante com uma prote\u00e7\u00e3o antimanchas, possui uma fragr\u00e2ncia leve para uma sensa\u00e7\u00e3o de li&#8230;<\/p>\n","protected":false},"featured_media":6865,"template":"","meta":{"spay_email":""},"product_cat":[15],"product_tag":[],"class_list":{"0":"post-6864","1":"product","2":"type-product","3":"status-publish","4":"has-post-thumbnail","6":"product_cat-sem-categoria","8":"first","9":"instock","10":"taxable","11":"shipping-taxable","12":"purchasable","13":"product-type-simple"},"acf":[],"jetpack-related-posts":[{"id":6858,"url":"https:\/\/mundo.seashell.pt\/?product=rexona-roll-on-desodorizante-feminino-50ml","url_meta":{"origin":6864,"position":0},"title":"Rexona Roll-On Desodorizante Feminino 50ml","date":"Fevereiro 23, 2022","format":false,"excerpt":"Antitranspirante anti-manchas!Descri\u00e7\u00e3o: Rexona Roll-On, \u00e9 um antitranspirante invis\u00edvel eficaz que ajuda os tecidos pretos a manterem-se pretos e os brancos a manterem-se brancos. Este antitranspirante Roll-On possui uma f\u00f3rmula que reduz as manchas com um perfume leve e refrescante, e protege com uma fragr\u00e2ncia fresca.","rel":"","context":"Similar post","img":{"alt_text":"","src":"https:\/\/i0.wp.com\/mundo.seashell.pt\/wp-content\/uploads\/2022\/02\/Rexona_Roll-On__Biorythm__50ml__.png?resize=350%2C200&ssl=1","width":350,"height":200},"classes":[]},{"id":6854,"url":"https:\/\/mundo.seashell.pt\/?product=rexona-desodorizante-masculino-50ml","url_meta":{"origin":6864,"position":1},"title":"Rexona Desodorizante Masculino 50ml","date":"Fevereiro 23, 2022","format":false,"excerpt":"Antitranspirante para homem anti-manchas!Descri\u00e7\u00e3o: Rexona Roll-On Men, \u00e9 um antitranspirante invis\u00edvel eficaz que ajuda os tecidos pretos a manterem-se pretos e os brancos a manterem-se brancos. Este antitranspirante Roll-On com uma fragr\u00e2ncia moderna de car\u00e1ter frutado a madeira, protege imediatamente, com uma rica fragr...","rel":"","context":"Similar post","img":{"alt_text":"","src":"https:\/\/i0.wp.com\/mundo.seashell.pt\/wp-content\/uploads\/2022\/02\/Rexona_Roll-On_Invisible_Clothes__50ml__.png?resize=350%2C200&ssl=1","width":350,"height":200},"classes":[]},{"id":6866,"url":"https:\/\/mundo.seashell.pt\/?product=rexona-desodorizante-feminino-pure-fresh-0-150ml","url_meta":{"origin":6864,"position":2},"title":"Rexona Desodorizante Feminino Pure Fresh 0% 150ml","date":"Fevereiro 23, 2022","format":false,"excerpt":"Antitranspirante anti-manchas\u00a0Rexona Desodorizante Feminino Pure Fresh 0% 150ml.Tipo de produto: Desodorizante SprayBenef\u00edcios: - Prote\u00e7\u00e3o antitranspirante invis\u00edvel para ajudar os tecidos pretos a manterem-se pretos e os brancos a manterem-se brancos;- Uma f\u00f3rmula que reduz as manchas com um perfu...","rel":"","context":"Similar post","img":{"alt_text":"","src":"https:\/\/i0.wp.com\/mundo.seashell.pt\/wp-content\/uploads\/2022\/02\/Rexona___Pure_Fresh_0__Alumi_nio__150ml__.png?resize=350%2C200&ssl=1","width":350,"height":200},"classes":[]},{"id":6850,"url":"https:\/\/mundo.seashell.pt\/?product=nivea-men-invisible-bw-desodorizante-150ml","url_meta":{"origin":6864,"position":3},"title":"Nivea Men Invisible B&#038;W Desodorizante 150ml","date":"Fevereiro 23, 2022","format":false,"excerpt":"Antitranspirante para homem anti-manchas.Descri\u00e7\u00e3o: Nivea Men Black and White Invisible, \u00e9 um antitranspirante invis\u00edvel eficaz que ajuda os tecidos pretos a manterem-se pretos e os brancos a manterem-se brancos.\u00a0Tipo de produto: Desodorizante SprayBenef\u00edcios: - Prote\u00e7\u00e3o antitranspirant...","rel":"","context":"Similar post","img":{"alt_text":"","src":"https:\/\/i0.wp.com\/mundo.seashell.pt\/wp-content\/uploads\/2022\/02\/82241-06605-30_Spray_Men_Invisible_for_Black___White_Original_150ml_4005900730114.png?resize=350%2C200&ssl=1","width":350,"height":200},"classes":[]},{"id":6844,"url":"https:\/\/mundo.seashell.pt\/?product=rexona-desodorizante-masculino-150ml","url_meta":{"origin":6864,"position":4},"title":"Rexona Desodorizante Masculino 150ml","date":"Fevereiro 23, 2022","format":false,"excerpt":"Antitranspirante para homem!Descri\u00e7\u00e3o: Rexona Spray Men \u00e9 um antitranspirante que te oferece 48hs de prote\u00e7\u00e3o duradoura contra suor e odor. Possui tecnologia motionsense, que o mant\u00e9m fresco sempre que se move. Oferece uma fragr\u00e2ncia de menta c\u00edtrica, que o energiza e refresca. Prepare-se para o desporto! Tipo de p...","rel":"","context":"Similar post","img":{"alt_text":"","src":"https:\/\/i0.wp.com\/mundo.seashell.pt\/wp-content\/uploads\/2022\/02\/REXONA_MEN_AERO_INVISIBLE_B_W_150ML.png?resize=350%2C200&ssl=1","width":350,"height":200},"classes":[]},{"id":6846,"url":"https:\/\/mundo.seashell.pt\/?product=rexona-active-fresh-0-150ml","url_meta":{"origin":6864,"position":5},"title":"Rexona Active Fresh 0% 150ml","date":"Fevereiro 23, 2022","format":false,"excerpt":"48h de Prote\u00e7\u00e3o contra o odor corporal \u2013 Prote\u00e7\u00e3o extra enquanto te moves. \u2022 Uma fragr\u00e2ncia fresca de ervas e bergamota. Para que te sintas seco e confiante todo o dia.\u2022 0% sais de Aluminio. Uma sensa\u00e7\u00e3o duradoura de frescura e 48 horas de prote\u00e7\u00e3o contra o odor corporal: este\u2026","rel":"","context":"Similar post","img":{"alt_text":"","src":"https:\/\/i0.wp.com\/mundo.seashell.pt\/wp-content\/uploads\/2022\/02\/REXONA_MEN_AERO_ACT.FRESH_0_ALUM_150ML.png?resize=350%2C200&ssl=1","width":350,"height":200},"classes":[]}],"_links":{"self":[{"href":"https:\/\/mundo.seashell.pt\/index.php?rest_route=\/wp\/v2\/product\/6864","targetHints":{"allow":["GET"]}}],"collection":[{"href":"https:\/\/mundo.seashell.pt\/index.php?rest_route=\/wp\/v2\/product"}],"about":[{"href":"https:\/\/mundo.seashell.pt\/index.php?rest_route=\/wp\/v2\/types\/product"}],"wp:featuredmedia":[{"embeddable":true,"href":"https:\/\/mundo.seashell.pt\/index.php?rest_route=\/wp\/v2\/media\/6865"}],"wp:attachment":[{"href":"https:\/\/mundo.seashell.pt\/index.php?rest_route=%2Fwp%2Fv2%2Fmedia&parent=6864"}],"wp:term":[{"taxonomy":"product_cat","embeddable":true,"href":"https:\/\/mundo.seashell.pt\/index.php?rest_route=%2Fwp%2Fv2%2Fproduct_cat&post=6864"},{"taxonomy":"product_tag","embeddable":true,"href":"https:\/\/mundo.seashell.pt\/index.php?rest_route=%2Fwp%2Fv2%2Fproduct_tag&post=6864"}],"curies":[{"name":"wp","href":"https:\/\/api.w.org\/{rel}","templated":true}]}}