{"id":6862,"date":"2022-02-23T18:58:37","date_gmt":"2022-02-23T18:58:37","guid":{"rendered":"https:\/\/mundo.seashell.pt\/?post_type=product&#038;p=6862"},"modified":"2022-02-23T18:58:39","modified_gmt":"2022-02-23T18:58:39","slug":"dove-desodorizante-feminino-150ml","status":"publish","type":"product","link":"https:\/\/mundo.seashell.pt\/?product=dove-desodorizante-feminino-150ml","title":{"rendered":"Dove Desodorizante Feminino 150ml"},"content":{"rendered":"<p>Explore as cole\u00e7\u00f5es Dove e encontre os produtos ideais para si!<\/p>\n<p>Confie neste desodorizante para resultados duradouros.<\/p>\n<h3>Tipo de produto:<\/h3>\n<p>Desodorizante Spray<\/p>\n<h3>Benef\u00edcios:<\/h3>\n<p>&#8211; \u00bc de creme hidratante para ajudar a deixar a pele macia e suave.<br \/>&#8211; At\u00e9 48 horas de prote\u00e7\u00e3o antitranspirante.<br \/>&#8211; Fragr\u00e2ncia combinada com o toque seco e macio do p\u00f3 de talco.<br \/>&#8211; F\u00f3rmula com 0% \u00e1lcool, para ajudar a recuperar da irrita\u00e7\u00e3o causada pela depila\u00e7\u00e3o.<\/p>\n<h3>Conselhos de utiliza\u00e7\u00e3o:<\/h3>\n<p>Agite bem o frasco, segure-o a 15 cm das suas axilas (dist\u00e2ncia entre o ombro e o cotovelo) e aplique, pulverizando durante 2 segundos. Agora sim, est\u00e1 pronta para o resto do dia!<\/p>\n<p><\/p>\n<p><\/p>\n<ul><\/ul>\n","protected":false},"excerpt":{"rendered":"<p>Explore as cole\u00e7\u00f5es Dove e encontre os produtos ideais para si!<\/p>\n<p>Confie neste desodorizante para resultados duradouros.<\/p>\n<h3>Tipo de produto:<\/h3>\n<p>Desodorizante Spray<\/p>\n<h3>Benef\u00edcios:<\/h3>\n<p>&#8211; \u00bc de creme hidratante para ajudar a deixar a pele macia e suave.<br \/>&#8211; At\u00e9 48 horas de prote\u00e7\u00e3o antitranspirante.<br \/>&#8211; Fragr\u00e2ncia combina&#8230;<\/p>\n","protected":false},"featured_media":6863,"template":"","meta":{"spay_email":""},"product_cat":[15],"product_tag":[],"class_list":{"0":"post-6862","1":"product","2":"type-product","3":"status-publish","4":"has-post-thumbnail","6":"product_cat-sem-categoria","8":"first","9":"instock","10":"taxable","11":"shipping-taxable","12":"purchasable","13":"product-type-simple"},"acf":[],"jetpack-related-posts":[{"id":6878,"url":"https:\/\/mundo.seashell.pt\/?product=dove-desodorizante-feminino-roll-on-50ml","url_meta":{"origin":6862,"position":0},"title":"Dove Desodorizante Feminino Roll-On 50ml","date":"Fevereiro 23, 2022","format":false,"excerpt":"Explore as cole\u00e7\u00f5es Dove e encontre os produtos ideais para si!Descri\u00e7\u00e3o: Todas n\u00f3s desejamos o melhor dos dois mundos: Dove antitranspirante une a fragr\u00e2ncia e a suavidade para proteger contra a transpira\u00e7\u00e3o e odores indesejados.\u00a0 Tipo de produto: Desodorizante Roll-OnBenef\u00edcios: - At\u00e9...","rel":"","context":"Similar post","img":{"alt_text":"","src":"https:\/\/i0.wp.com\/mundo.seashell.pt\/wp-content\/uploads\/2022\/02\/Dove_Roll-On___Original__.png?resize=350%2C200&ssl=1","width":350,"height":200},"classes":[]},{"id":6842,"url":"https:\/\/mundo.seashell.pt\/?product=dove-desodorizante-masculino-150ml","url_meta":{"origin":6862,"position":1},"title":"Dove Desodorizante Masculino 150ml","date":"Fevereiro 23, 2022","format":false,"excerpt":"Da pr\u00f3xima vez que estiver a correr para o escrit\u00f3rio ou a jogar futebol com as crian\u00e7as, o seu suor estar\u00e1 sob controlo. Escolha Dove Men+Care Aerossol antitranspirante Clean Comfort para ter um antitranspirante poderoso que o mant\u00e9m seco e livre da irrita\u00e7\u00e3o.Descri\u00e7\u00e3o: Trabalho, fam\u00edlia, viagens. A vida \u00e9 uma\u2026","rel":"","context":"Similar post","img":{"alt_text":"","src":"https:\/\/i0.wp.com\/mundo.seashell.pt\/wp-content\/uploads\/2022\/02\/DOVE_MEN_AERO_CLEAN_COMFORT_150ML_8712561254595.png?resize=350%2C200&ssl=1","width":350,"height":200},"classes":[]},{"id":6852,"url":"https:\/\/mundo.seashell.pt\/?product=dove-men-care-desodorizante-masculino-50ml","url_meta":{"origin":6862,"position":2},"title":"Dove Men Care Desodorizante Masculino 50ml","date":"Fevereiro 23, 2022","format":false,"excerpt":"Com Dove Men+Care Roll-On antitranspirante, ter\u00e1 o conforto e prote\u00e7\u00e3o total contra o suor durante todo o dia.Descri\u00e7\u00e3o: Desenvolvido para proteger a pele contra o suor, sem irritar a pele. Dove Men+Care Roll-On antitranspirantecombate os odores indesejados e a transpira\u00e7\u00e3o enquanto que a sua tecnologia exclusiva com \u00bc de ...","rel":"","context":"Similar post","img":{"alt_text":"","src":"https:\/\/i0.wp.com\/mundo.seashell.pt\/wp-content\/uploads\/2022\/02\/Dove_Roll-On_Clean_Comfort__50ml__.png?resize=350%2C200&ssl=1","width":350,"height":200},"classes":[]},{"id":6874,"url":"https:\/\/mundo.seashell.pt\/?product=vaseline-desodorizante-feminino-roll-on-50ml","url_meta":{"origin":6862,"position":3},"title":"Vaseline Desodorizante Feminino Roll-On 50ml","date":"Fevereiro 23, 2022","format":false,"excerpt":"Desodorizante hidratante 48h de prote\u00e7\u00e3o.Descri\u00e7\u00e3o: O desodorizante Derma Care de Vaseline oferece-lhe 48 horas de prote\u00e7\u00e3o contra suor e maus odores com a tecnologia ProDerma\u2122. Do mesmo modo, deixa a pele delicadas das suas axilas suave e saud\u00e1vel. Tipo de produto: Desodorizante CremeBenef\u00edcios:","rel":"","context":"Similar post","img":{"alt_text":"","src":"https:\/\/i0.wp.com\/mundo.seashell.pt\/wp-content\/uploads\/2022\/02\/Vaseline___Derma_Care__50ml__.png?resize=350%2C200&ssl=1","width":350,"height":200},"classes":[]},{"id":6872,"url":"https:\/\/mundo.seashell.pt\/?product=vaseline-desodorizante-feminino-50gr","url_meta":{"origin":6862,"position":4},"title":"Vaseline Desodorizante Feminino 50Gr","date":"Fevereiro 23, 2022","format":false,"excerpt":"Desodorizante hidratante 48h de prote\u00e7\u00e3o.Descri\u00e7\u00e3o: O desodorizante Vaseline oferece-lhe 48 horas de prote\u00e7\u00e3o contra suor e maus odores com a tecnologia ProDerma\u2122. Do mesmo modo, deixa a pele delicadas das suas axilas suave e saud\u00e1vel. Tipo de produto: Desodorizante Roll-OnBenef\u00edcios: - O de...","rel":"","context":"Similar post","img":{"alt_text":"","src":"https:\/\/i0.wp.com\/mundo.seashell.pt\/wp-content\/uploads\/2022\/02\/Vaseline___Derma_Care_Roll_On___50g__.png?resize=350%2C200&ssl=1","width":350,"height":200},"classes":[]},{"id":6784,"url":"https:\/\/mundo.seashell.pt\/?product=dove-gel-de-banho-secrets-05l","url_meta":{"origin":6862,"position":5},"title":"Dove Gel de Banho Secrets 500ml","date":"Fevereiro 23, 2022","format":false,"excerpt":"Explore as cole\u00e7\u00f5es Dove e encontre os produtos ideais para si! Dove criou o gel de duche Nourishing Secrets Indulging. Para uma pele nutrida, este gel de banho vai fazer sentir-se limpo, delicadamente perfumado e maravilhosamente mimado. Ingredientes: Aqua, Sodium Lauroyl Glycinate, Cocamidopropyl Betaine, Sodium L...","rel":"","context":"Similar post","img":{"alt_text":"","src":"https:\/\/i0.wp.com\/mundo.seashell.pt\/wp-content\/uploads\/2022\/02\/DOVE_GEL_BANHO_SECRETS_HONEY___OAT_500ML.png?resize=350%2C200&ssl=1","width":350,"height":200},"classes":[]}],"_links":{"self":[{"href":"https:\/\/mundo.seashell.pt\/index.php?rest_route=\/wp\/v2\/product\/6862","targetHints":{"allow":["GET"]}}],"collection":[{"href":"https:\/\/mundo.seashell.pt\/index.php?rest_route=\/wp\/v2\/product"}],"about":[{"href":"https:\/\/mundo.seashell.pt\/index.php?rest_route=\/wp\/v2\/types\/product"}],"wp:featuredmedia":[{"embeddable":true,"href":"https:\/\/mundo.seashell.pt\/index.php?rest_route=\/wp\/v2\/media\/6863"}],"wp:attachment":[{"href":"https:\/\/mundo.seashell.pt\/index.php?rest_route=%2Fwp%2Fv2%2Fmedia&parent=6862"}],"wp:term":[{"taxonomy":"product_cat","embeddable":true,"href":"https:\/\/mundo.seashell.pt\/index.php?rest_route=%2Fwp%2Fv2%2Fproduct_cat&post=6862"},{"taxonomy":"product_tag","embeddable":true,"href":"https:\/\/mundo.seashell.pt\/index.php?rest_route=%2Fwp%2Fv2%2Fproduct_tag&post=6862"}],"curies":[{"name":"wp","href":"https:\/\/api.w.org\/{rel}","templated":true}]}}