{"id":6852,"date":"2022-02-23T18:58:09","date_gmt":"2022-02-23T18:58:09","guid":{"rendered":"https:\/\/mundo.seashell.pt\/?post_type=product&#038;p=6852"},"modified":"2022-02-23T18:58:11","modified_gmt":"2022-02-23T18:58:11","slug":"dove-men-care-desodorizante-masculino-50ml","status":"publish","type":"product","link":"https:\/\/mundo.seashell.pt\/?product=dove-men-care-desodorizante-masculino-50ml","title":{"rendered":"Dove Men Care Desodorizante Masculino 50ml"},"content":{"rendered":"<p>Com Dove Men+Care Roll-On antitranspirante, ter\u00e1 o conforto e prote\u00e7\u00e3o total contra o suor durante todo o dia.<\/p>\n<h3>Descri\u00e7\u00e3o:<\/h3>\n<p>Desenvolvido para proteger a pele contra o suor, sem irritar a pele. Dove Men+Care Roll-On antitranspirantecombate os odores indesejados e a transpira\u00e7\u00e3o enquanto que a sua tecnologia exclusiva com \u00bc de creme hidratante ajuda a fortalecer a sua pele contra irrita\u00e7\u00f5es.<\/p>\n<p>Esta f\u00f3rmula n\u00e3o tem \u00e1lcool e \u00e9 dermatologicamente testada &#8211; implac\u00e1vel com o suor, suave para a pele.<\/p>\n<h3>Tipo de produto:<\/h3>\n<p>Desodorizante Roll-On<\/p>\n<h3>Benef\u00edcios:<\/h3>\n<p>&#8211; Implac\u00e1vel com o suor, suave para a pele;<br \/>&#8211; F\u00f3rmula dermatologicamente testada;<br \/>&#8211; F\u00f3rmula n\u00e3o irritante com 0% \u00e1lcool;<br \/>&#8211; 48 horas de prote\u00e7\u00e3o contra a transpira\u00e7\u00e3o;<br \/>&#8211; Cont\u00e9m \u00bc de creme hidratante para proteger contra a irrita\u00e7\u00e3o;<br \/>&#8211; Fragr\u00e2ncia pura e suave.<\/p>\n<h3>Conselhos de utiliza\u00e7\u00e3o:<\/h3>\n<p>Aplique na pele limpa e seca de axilas.Levante um bra\u00e7o e aplique com movimentos circulares de pouca press\u00e3o at\u00e9 criar uma camada fina de produto sobre a sua axila. Repita o processo na outra axila.<\/p>\n","protected":false},"excerpt":{"rendered":"<p>Com Dove Men+Care Roll-On antitranspirante, ter\u00e1 o conforto e prote\u00e7\u00e3o total contra o suor durante todo o dia.<\/p>\n<h3>Descri\u00e7\u00e3o:<\/h3>\n<p>Desenvolvido para proteger a pele contra o suor, sem irritar a pele. Dove Men+Care Roll-On antitranspirantecombate os odores indesejados e a transpira\u00e7\u00e3o enquanto que a sua tecnologia exclusiva com \u00bc de &#8230;<\/p>\n","protected":false},"featured_media":6853,"template":"","meta":{"spay_email":""},"product_cat":[15],"product_tag":[],"class_list":{"0":"post-6852","1":"product","2":"type-product","3":"status-publish","4":"has-post-thumbnail","6":"product_cat-sem-categoria","8":"first","9":"instock","10":"taxable","11":"shipping-taxable","12":"purchasable","13":"product-type-simple"},"acf":[],"jetpack-related-posts":[{"id":6842,"url":"https:\/\/mundo.seashell.pt\/?product=dove-desodorizante-masculino-150ml","url_meta":{"origin":6852,"position":0},"title":"Dove Desodorizante Masculino 150ml","date":"Fevereiro 23, 2022","format":false,"excerpt":"Da pr\u00f3xima vez que estiver a correr para o escrit\u00f3rio ou a jogar futebol com as crian\u00e7as, o seu suor estar\u00e1 sob controlo. Escolha Dove Men+Care Aerossol antitranspirante Clean Comfort para ter um antitranspirante poderoso que o mant\u00e9m seco e livre da irrita\u00e7\u00e3o.Descri\u00e7\u00e3o: Trabalho, fam\u00edlia, viagens. A vida \u00e9 uma\u2026","rel":"","context":"Similar post","img":{"alt_text":"","src":"https:\/\/i0.wp.com\/mundo.seashell.pt\/wp-content\/uploads\/2022\/02\/DOVE_MEN_AERO_CLEAN_COMFORT_150ML_8712561254595.png?resize=350%2C200&ssl=1","width":350,"height":200},"classes":[]},{"id":6874,"url":"https:\/\/mundo.seashell.pt\/?product=vaseline-desodorizante-feminino-roll-on-50ml","url_meta":{"origin":6852,"position":1},"title":"Vaseline Desodorizante Feminino Roll-On 50ml","date":"Fevereiro 23, 2022","format":false,"excerpt":"Desodorizante hidratante 48h de prote\u00e7\u00e3o.Descri\u00e7\u00e3o: O desodorizante Derma Care de Vaseline oferece-lhe 48 horas de prote\u00e7\u00e3o contra suor e maus odores com a tecnologia ProDerma\u2122. Do mesmo modo, deixa a pele delicadas das suas axilas suave e saud\u00e1vel. Tipo de produto: Desodorizante CremeBenef\u00edcios:","rel":"","context":"Similar post","img":{"alt_text":"","src":"https:\/\/i0.wp.com\/mundo.seashell.pt\/wp-content\/uploads\/2022\/02\/Vaseline___Derma_Care__50ml__.png?resize=350%2C200&ssl=1","width":350,"height":200},"classes":[]},{"id":6876,"url":"https:\/\/mundo.seashell.pt\/?product=sanex-desodorizante-feminino-roll-on-50ml","url_meta":{"origin":6852,"position":2},"title":"Sanex Desodorizante Feminino Roll-On 50ml","date":"Fevereiro 23, 2022","format":false,"excerpt":"Obtenha o m\u00e1ximo de confian\u00e7a na prote\u00e7\u00e3o duradoura contra odores e transpira\u00e7\u00e3o.Descri\u00e7\u00e3o: Procura uma prote\u00e7\u00e3o realmente duradoura? Descubra o desodorizante Sanex Dermo Extra Control Anti-Transpirante em Roll On. Formulado com microtalco, protege contra os odores e suor durante 48h enquanto mant\u00e9m o equil\u00edbrio do pH da p...","rel":"","context":"Similar post","img":{"alt_text":"","src":"https:\/\/i0.wp.com\/mundo.seashell.pt\/wp-content\/uploads\/2022\/02\/SANEX_Deo_Roll_On_Dermo_Extra_Control_50ml_8714789968551.png?resize=350%2C200&ssl=1","width":350,"height":200},"classes":[]},{"id":6878,"url":"https:\/\/mundo.seashell.pt\/?product=dove-desodorizante-feminino-roll-on-50ml","url_meta":{"origin":6852,"position":3},"title":"Dove Desodorizante Feminino Roll-On 50ml","date":"Fevereiro 23, 2022","format":false,"excerpt":"Explore as cole\u00e7\u00f5es Dove e encontre os produtos ideais para si!Descri\u00e7\u00e3o: Todas n\u00f3s desejamos o melhor dos dois mundos: Dove antitranspirante une a fragr\u00e2ncia e a suavidade para proteger contra a transpira\u00e7\u00e3o e odores indesejados.\u00a0 Tipo de produto: Desodorizante Roll-OnBenef\u00edcios: - At\u00e9...","rel":"","context":"Similar post","img":{"alt_text":"","src":"https:\/\/i0.wp.com\/mundo.seashell.pt\/wp-content\/uploads\/2022\/02\/Dove_Roll-On___Original__.png?resize=350%2C200&ssl=1","width":350,"height":200},"classes":[]},{"id":6872,"url":"https:\/\/mundo.seashell.pt\/?product=vaseline-desodorizante-feminino-50gr","url_meta":{"origin":6852,"position":4},"title":"Vaseline Desodorizante Feminino 50Gr","date":"Fevereiro 23, 2022","format":false,"excerpt":"Desodorizante hidratante 48h de prote\u00e7\u00e3o.Descri\u00e7\u00e3o: O desodorizante Vaseline oferece-lhe 48 horas de prote\u00e7\u00e3o contra suor e maus odores com a tecnologia ProDerma\u2122. Do mesmo modo, deixa a pele delicadas das suas axilas suave e saud\u00e1vel. Tipo de produto: Desodorizante Roll-OnBenef\u00edcios: - O de...","rel":"","context":"Similar post","img":{"alt_text":"","src":"https:\/\/i0.wp.com\/mundo.seashell.pt\/wp-content\/uploads\/2022\/02\/Vaseline___Derma_Care_Roll_On___50g__.png?resize=350%2C200&ssl=1","width":350,"height":200},"classes":[]},{"id":6862,"url":"https:\/\/mundo.seashell.pt\/?product=dove-desodorizante-feminino-150ml","url_meta":{"origin":6852,"position":5},"title":"Dove Desodorizante Feminino 150ml","date":"Fevereiro 23, 2022","format":false,"excerpt":"Explore as cole\u00e7\u00f5es Dove e encontre os produtos ideais para si! Confie neste desodorizante para resultados duradouros. Tipo de produto: Desodorizante SprayBenef\u00edcios: - \u00bc de creme hidratante para ajudar a deixar a pele macia e suave.- At\u00e9 48 horas de prote\u00e7\u00e3o antitranspirante.- Fragr\u00e2ncia combina...","rel":"","context":"Similar post","img":{"alt_text":"","src":"https:\/\/i0.wp.com\/mundo.seashell.pt\/wp-content\/uploads\/2022\/02\/Dove___Original__150ml__.png?resize=350%2C200&ssl=1","width":350,"height":200},"classes":[]}],"_links":{"self":[{"href":"https:\/\/mundo.seashell.pt\/index.php?rest_route=\/wp\/v2\/product\/6852","targetHints":{"allow":["GET"]}}],"collection":[{"href":"https:\/\/mundo.seashell.pt\/index.php?rest_route=\/wp\/v2\/product"}],"about":[{"href":"https:\/\/mundo.seashell.pt\/index.php?rest_route=\/wp\/v2\/types\/product"}],"wp:featuredmedia":[{"embeddable":true,"href":"https:\/\/mundo.seashell.pt\/index.php?rest_route=\/wp\/v2\/media\/6853"}],"wp:attachment":[{"href":"https:\/\/mundo.seashell.pt\/index.php?rest_route=%2Fwp%2Fv2%2Fmedia&parent=6852"}],"wp:term":[{"taxonomy":"product_cat","embeddable":true,"href":"https:\/\/mundo.seashell.pt\/index.php?rest_route=%2Fwp%2Fv2%2Fproduct_cat&post=6852"},{"taxonomy":"product_tag","embeddable":true,"href":"https:\/\/mundo.seashell.pt\/index.php?rest_route=%2Fwp%2Fv2%2Fproduct_tag&post=6852"}],"curies":[{"name":"wp","href":"https:\/\/api.w.org\/{rel}","templated":true}]}}