{"id":6848,"date":"2022-02-23T18:58:03","date_gmt":"2022-02-23T18:58:03","guid":{"rendered":"https:\/\/mundo.seashell.pt\/?post_type=product&#038;p=6848"},"modified":"2022-02-23T18:58:06","modified_gmt":"2022-02-23T18:58:06","slug":"nivea-men-dry-impact-desodorizante-200ml","status":"publish","type":"product","link":"https:\/\/mundo.seashell.pt\/?product=nivea-men-dry-impact-desodorizante-200ml","title":{"rendered":"Nivea Men dry impact Desodorizante 200ml"},"content":{"rendered":"<p>Experimente e avalie a qualidade dos produtos Nivea. Desde 1911 a cuidar de si!<\/p>\n<h3>Descri\u00e7\u00e3o:<\/h3>\n<p>Regula eficazmente a transpira\u00e7\u00e3o durante 48h, garantindo axilas agrad\u00e1velmente secas e cuidadas durante todo o dia: anti-transpirante que elimina o odor corporal. Com uma suave fragr\u00e2ncia masculina .<\/p>\n<h3>Tipo de produto:<\/h3>\n<p>Desodorizante Spray<\/p>\n<h3>Conselhos de utiliza\u00e7\u00e3o:<\/h3>\n<p>Agitar bem antes de usar. Vaporizar a 15cms do corpo. Deixar secar completamente antes de se vestir.<\/p>\n<p><\/p>\n<p><\/p>\n<ul><\/ul>\n","protected":false},"excerpt":{"rendered":"<p>Experimente e avalie a qualidade dos produtos Nivea. Desde 1911 a cuidar de si!<\/p>\n<h3>Descri\u00e7\u00e3o:<\/h3>\n<p>Regula eficazmente a transpira\u00e7\u00e3o durante 48h, garantindo axilas agrad\u00e1velmente secas e cuidadas durante todo o dia: anti-transpirante que elimina o odor corporal. Com uma suave fragr\u00e2ncia masculina .<\/p>\n<h3>Tipo de produto:<\/h3>\n<p>Deso&#8230;<\/p>\n","protected":false},"featured_media":6849,"template":"","meta":{"spay_email":""},"product_cat":[15],"product_tag":[],"class_list":{"0":"post-6848","1":"product","2":"type-product","3":"status-publish","4":"has-post-thumbnail","6":"product_cat-sem-categoria","8":"first","9":"instock","10":"taxable","11":"shipping-taxable","12":"purchasable","13":"product-type-simple"},"acf":[],"jetpack-related-posts":[{"id":6868,"url":"https:\/\/mundo.seashell.pt\/?product=nivea-dry-confort-desodorizante-feminino-200ml","url_meta":{"origin":6848,"position":0},"title":"Nivea Dry Confort Desodorizante Feminino 200ml","date":"Fevereiro 23, 2022","format":false,"excerpt":"Experimente e avalie a qualidade dos produtos Nivea. Desde 1911 a cuidar de si!Benef\u00edcios: - Regula eficazmente a transpira\u00e7\u00e3o, garantido axilas agradavelmente secas e cuidadas durante todo o dia;- Anti-transpirante que elimina o odor corporal;- Suave fragr\u00e2ncia. Conselhos de utiliza\u00e7\u00e3o: Agitar bem ante...","rel":"","context":"Similar post","img":{"alt_text":"","src":"https:\/\/i0.wp.com\/mundo.seashell.pt\/wp-content\/uploads\/2022\/02\/81604-07405-39_Spray_Dry_Comfort_200ml_4005808719020.png?resize=350%2C200&ssl=1","width":350,"height":200},"classes":[]},{"id":6876,"url":"https:\/\/mundo.seashell.pt\/?product=sanex-desodorizante-feminino-roll-on-50ml","url_meta":{"origin":6848,"position":1},"title":"Sanex Desodorizante Feminino Roll-On 50ml","date":"Fevereiro 23, 2022","format":false,"excerpt":"Obtenha o m\u00e1ximo de confian\u00e7a na prote\u00e7\u00e3o duradoura contra odores e transpira\u00e7\u00e3o.Descri\u00e7\u00e3o: Procura uma prote\u00e7\u00e3o realmente duradoura? Descubra o desodorizante Sanex Dermo Extra Control Anti-Transpirante em Roll On. Formulado com microtalco, protege contra os odores e suor durante 48h enquanto mant\u00e9m o equil\u00edbrio do pH da p...","rel":"","context":"Similar post","img":{"alt_text":"","src":"https:\/\/i0.wp.com\/mundo.seashell.pt\/wp-content\/uploads\/2022\/02\/SANEX_Deo_Roll_On_Dermo_Extra_Control_50ml_8714789968551.png?resize=350%2C200&ssl=1","width":350,"height":200},"classes":[]},{"id":6856,"url":"https:\/\/mundo.seashell.pt\/?product=nivea-men-desodorizante-50ml","url_meta":{"origin":6848,"position":2},"title":"Nivea Men Desodorizante 50ml","date":"Fevereiro 23, 2022","format":false,"excerpt":"Experimente e avalie a qualidade dos produtos Nivea. Desde 1911 a cuidar de si!Descri\u00e7\u00e3o: Efic\u00e1cia que n\u00e3o deixa manchas brancas nos tecidos escuros e reduz o aparecimento de manchas amarelas nas roupas claras. Tipo de produto: Desodorizante Roll-OnConselhos de utiliza\u00e7\u00e3o: Aplique na pele li...","rel":"","context":"Similar post","img":{"alt_text":"","src":"https:\/\/i0.wp.com\/mundo.seashell.pt\/wp-content\/uploads\/2022\/02\/85948-07405-30_Roll-on_Men_Protect___Care_4005900388971.png?resize=350%2C200&ssl=1","width":350,"height":200},"classes":[]},{"id":6880,"url":"https:\/\/mundo.seashell.pt\/?product=nivea-desodorizante-feminino-roll-on-50ml","url_meta":{"origin":6848,"position":3},"title":"Nivea Desodorizante Feminino Roll-On 50ml","date":"Fevereiro 23, 2022","format":false,"excerpt":"Experimente e avalie a qualidade dos produtos Nivea. Desde 1911 a cuidar de si!Tipo de produto: Desodorizante Roll-OnConselhos de utiliza\u00e7\u00e3o: Aplique na pele limpa e seca de axilas. Levante um bra\u00e7o e aplique com movimentos circulares de pouca press\u00e3o at\u00e9 criar uma camada fina de produto sobre a sua axila.\u2026","rel":"","context":"Similar post","img":{"alt_text":"","src":"https:\/\/i0.wp.com\/mundo.seashell.pt\/wp-content\/uploads\/2022\/02\/81611-07405-28_Roll-on_Dry_Comfort_4005900388513.png?resize=350%2C200&ssl=1","width":350,"height":200},"classes":[]},{"id":6852,"url":"https:\/\/mundo.seashell.pt\/?product=dove-men-care-desodorizante-masculino-50ml","url_meta":{"origin":6848,"position":4},"title":"Dove Men Care Desodorizante Masculino 50ml","date":"Fevereiro 23, 2022","format":false,"excerpt":"Com Dove Men+Care Roll-On antitranspirante, ter\u00e1 o conforto e prote\u00e7\u00e3o total contra o suor durante todo o dia.Descri\u00e7\u00e3o: Desenvolvido para proteger a pele contra o suor, sem irritar a pele. Dove Men+Care Roll-On antitranspirantecombate os odores indesejados e a transpira\u00e7\u00e3o enquanto que a sua tecnologia exclusiva com \u00bc de ...","rel":"","context":"Similar post","img":{"alt_text":"","src":"https:\/\/i0.wp.com\/mundo.seashell.pt\/wp-content\/uploads\/2022\/02\/Dove_Roll-On_Clean_Comfort__50ml__.png?resize=350%2C200&ssl=1","width":350,"height":200},"classes":[]},{"id":6870,"url":"https:\/\/mundo.seashell.pt\/?product=nivea-invisible-bw-desodorizante-feminino-150ml","url_meta":{"origin":6848,"position":5},"title":"Nivea Invisible B&#038;W Desodorizante Feminino 150ml","date":"Fevereiro 23, 2022","format":false,"excerpt":"Experimente e avalie a qualidade dos produtos Nivea. Desde 1911 a cuidar de si!Descri\u00e7\u00e3o: Efic\u00e1cia que n\u00e3o deixa manchas brancas nos tecidos escuros e reduz o aparecimento de manchas amarelas nas roupas claras. Tipo de produto: Desodorizante SprayConselhos de utiliza\u00e7\u00e3o: Agitar bem antes de ...","rel":"","context":"Similar post","img":{"alt_text":"","src":"https:\/\/i0.wp.com\/mundo.seashell.pt\/wp-content\/uploads\/2022\/02\/82237-06605-30_Spray_Invisible_for_Black___White_Original_150ml_4005900730152.png?resize=350%2C200&ssl=1","width":350,"height":200},"classes":[]}],"_links":{"self":[{"href":"https:\/\/mundo.seashell.pt\/index.php?rest_route=\/wp\/v2\/product\/6848","targetHints":{"allow":["GET"]}}],"collection":[{"href":"https:\/\/mundo.seashell.pt\/index.php?rest_route=\/wp\/v2\/product"}],"about":[{"href":"https:\/\/mundo.seashell.pt\/index.php?rest_route=\/wp\/v2\/types\/product"}],"wp:featuredmedia":[{"embeddable":true,"href":"https:\/\/mundo.seashell.pt\/index.php?rest_route=\/wp\/v2\/media\/6849"}],"wp:attachment":[{"href":"https:\/\/mundo.seashell.pt\/index.php?rest_route=%2Fwp%2Fv2%2Fmedia&parent=6848"}],"wp:term":[{"taxonomy":"product_cat","embeddable":true,"href":"https:\/\/mundo.seashell.pt\/index.php?rest_route=%2Fwp%2Fv2%2Fproduct_cat&post=6848"},{"taxonomy":"product_tag","embeddable":true,"href":"https:\/\/mundo.seashell.pt\/index.php?rest_route=%2Fwp%2Fv2%2Fproduct_tag&post=6848"}],"curies":[{"name":"wp","href":"https:\/\/api.w.org\/{rel}","templated":true}]}}