{"id":6846,"date":"2022-02-23T18:57:59","date_gmt":"2022-02-23T18:57:59","guid":{"rendered":"https:\/\/mundo.seashell.pt\/?post_type=product&#038;p=6846"},"modified":"2022-02-23T18:58:03","modified_gmt":"2022-02-23T18:58:03","slug":"rexona-active-fresh-0-150ml","status":"publish","type":"product","link":"https:\/\/mundo.seashell.pt\/?product=rexona-active-fresh-0-150ml","title":{"rendered":"Rexona Active Fresh 0% 150ml"},"content":{"rendered":"<h3>48h de Prote\u00e7\u00e3o contra o odor corporal \u2013 Prote\u00e7\u00e3o extra enquanto te moves.<\/h3>\n<p>\u2022 Uma fragr\u00e2ncia fresca de ervas e bergamota. Para que te sintas seco e confiante todo o dia.<br \/>\u2022 0% sais de Aluminio.<\/p>\n<p>Uma sensa\u00e7\u00e3o duradoura de frescura e 48 horas de prote\u00e7\u00e3o contra o odor corporal: este \u00e9 o Rexona Spray Active Fresh 0% alum\u00ednio. Mant\u00e9m-te fresco durante todo o dia e evita a forma\u00e7\u00e3o de odores desagrad\u00e1veis \u200b\u200b- tudo sem sais de alum\u00ednio. Al\u00e9m da prote\u00e7\u00e3o confi\u00e1vel, o Rexona Spray Active Fresh possui uma fragr\u00e2ncia de ervas e bergamota. Obtem uma frescura agrad\u00e1vel em vez de odor corporal: Um bom desodorizante protege de maneira confi\u00e1vel contra o odor do corpo. Gra\u00e7as aos agentes antibacterianos, que combatem bact\u00e9rias causadoras de odor &#8211; e, portanto, a causa do odor desagrad\u00e1vel do corpo. Contem v\u00e1rias fragr\u00e2ncias, tamb\u00e9m proporcionando uma sensa\u00e7\u00e3o de frescura. Rexona nunca falha.<\/p>\n","protected":false},"excerpt":{"rendered":"<h3>48h de Prote\u00e7\u00e3o contra o odor corporal \u2013 Prote\u00e7\u00e3o extra enquanto te moves.<\/h3>\n<p>\u2022 Uma fragr\u00e2ncia fresca de ervas e bergamota. Para que te sintas seco e confiante todo o dia.<br \/>\u2022 0% sais de Aluminio.<\/p>\n<p>Uma sensa\u00e7\u00e3o duradoura de frescura e 48 horas de prote\u00e7\u00e3o contra o odor corporal: este \u00e9 o Rexona Spray Active Fresh 0% alum\u00ednio&#8230;.<\/p>\n","protected":false},"featured_media":6847,"template":"","meta":{"spay_email":""},"product_cat":[15],"product_tag":[],"class_list":{"0":"post-6846","1":"product","2":"type-product","3":"status-publish","4":"has-post-thumbnail","6":"product_cat-sem-categoria","8":"first","9":"instock","10":"taxable","11":"shipping-taxable","12":"purchasable","13":"product-type-simple"},"acf":[],"jetpack-related-posts":[{"id":6844,"url":"https:\/\/mundo.seashell.pt\/?product=rexona-desodorizante-masculino-150ml","url_meta":{"origin":6846,"position":0},"title":"Rexona Desodorizante Masculino 150ml","date":"Fevereiro 23, 2022","format":false,"excerpt":"Antitranspirante para homem!Descri\u00e7\u00e3o: Rexona Spray Men \u00e9 um antitranspirante que te oferece 48hs de prote\u00e7\u00e3o duradoura contra suor e odor. Possui tecnologia motionsense, que o mant\u00e9m fresco sempre que se move. Oferece uma fragr\u00e2ncia de menta c\u00edtrica, que o energiza e refresca. Prepare-se para o desporto! Tipo de p...","rel":"","context":"Similar post","img":{"alt_text":"","src":"https:\/\/i0.wp.com\/mundo.seashell.pt\/wp-content\/uploads\/2022\/02\/REXONA_MEN_AERO_INVISIBLE_B_W_150ML.png?resize=350%2C200&ssl=1","width":350,"height":200},"classes":[]},{"id":6864,"url":"https:\/\/mundo.seashell.pt\/?product=rexona-desodorizante-feminino-200ml","url_meta":{"origin":6846,"position":1},"title":"Rexona Desodorizante Feminino 200ml","date":"Fevereiro 23, 2022","format":false,"excerpt":"Antitranspirante anti-manchas!Descri\u00e7\u00e3o: Rexona Spray Women Invisible On Black and White Clothes, \u00e9 um antitranspirante invis\u00edvel eficaz que ajuda os tecidos pretos a manterem-se pretos e os brancos a manterem-se brancos. Este antitranspirante com uma prote\u00e7\u00e3o antimanchas, possui uma fragr\u00e2ncia leve para uma sensa\u00e7\u00e3o de li...","rel":"","context":"Similar post","img":{"alt_text":"","src":"https:\/\/i0.wp.com\/mundo.seashell.pt\/wp-content\/uploads\/2022\/02\/Rexona___Invisible_Clothes__150ml__.png?resize=350%2C200&ssl=1","width":350,"height":200},"classes":[]},{"id":5368,"url":"https:\/\/mundo.seashell.pt\/?product=pom-essence-500ml","url_meta":{"origin":6846,"position":2},"title":"Ess\u00eancia Desodorizante Pom Essence","date":"Fevereiro 23, 2022","format":false,"excerpt":"Descri\u00e7\u00e3o Gra\u00e7as \u00e0 sua fragr\u00e2ncia \"long lasting\" e \u00e0 sua alta concentra\u00e7\u00e3o, deixa no ambiente um perfume persistente que elimina odores desagrad\u00e1veis. Perfumes intensos e aveludados com notas florais frescas, tipicamente primaveris como espinheiro-branco, l\u00edrio do vale e variedade rosa ligeiramente frutada. Um ramo de flores harmonio...","rel":"","context":"Similar post","img":{"alt_text":"","src":"https:\/\/i0.wp.com\/mundo.seashell.pt\/wp-content\/uploads\/2022\/02\/PhotoRoom_20210325_131037.jpg?resize=350%2C200&ssl=1","width":350,"height":200},"classes":[]},{"id":7022,"url":"https:\/\/mundo.seashell.pt\/?product=ambipur-absorve-odores-45-dias","url_meta":{"origin":6846,"position":3},"title":"Ambipur Absorve Odores 45 dias","date":"Fevereiro 23, 2022","format":false,"excerpt":"O primeiro ambientador n\u00e3o el\u00e9trico cont\u00ednuo, para a casa de banho, n\u00e3o s\u00f3 elimina os odores do ar como tamb\u00e9m evita que permane\u00e7am em superf\u00edcies macias, como toalhas, tapetes e cortinas de duche. Febreze Para Casa de Banho utiliza a sua tecnologia exclusiva Odour ClearTM, proporcionando uma frescura cont\u00ednua at\u00e9\u2026","rel":"","context":"Similar post","img":{"alt_text":"","src":"https:\/\/i0.wp.com\/mundo.seashell.pt\/wp-content\/uploads\/2022\/02\/AMBIPUR_CASA_BANHO_ALGODA_O_FRESCO_1UN_8006540194140.jpeg?resize=350%2C200&ssl=1","width":350,"height":200},"classes":[]},{"id":5372,"url":"https:\/\/mundo.seashell.pt\/?product=pom-nature-350ml","url_meta":{"origin":6846,"position":4},"title":"Desodorizante de Ambiente Pom Nature 350ml","date":"Fevereiro 23, 2022","format":false,"excerpt":"Desodorizante em trigger \u00e0 base de \u00e1gua com fragr\u00e2ncia \"long lasting\" que deixa no ambiente uma fragr\u00e2ncia persistente que elimina odores desagrad\u00e1veis.","rel":"","context":"Similar post","img":{"alt_text":"","src":"https:\/\/i0.wp.com\/mundo.seashell.pt\/wp-content\/uploads\/2022\/02\/Pom_nature.jpg?resize=350%2C200&ssl=1","width":350,"height":200},"classes":[]},{"id":5374,"url":"https:\/\/mundo.seashell.pt\/?product=pom-air-300ml","url_meta":{"origin":6846,"position":5},"title":"Desodorizante em Aerossol Pom Air 300ml","date":"Fevereiro 23, 2022","format":false,"excerpt":"Deixa no ambiente uma fragr\u00e2ncia persistente que elimina odores desagrad\u00e1veis.","rel":"","context":"Similar post","img":{"alt_text":"","src":"https:\/\/i0.wp.com\/mundo.seashell.pt\/wp-content\/uploads\/2022\/02\/Pom_air.jpg?resize=350%2C200&ssl=1","width":350,"height":200},"classes":[]}],"_links":{"self":[{"href":"https:\/\/mundo.seashell.pt\/index.php?rest_route=\/wp\/v2\/product\/6846","targetHints":{"allow":["GET"]}}],"collection":[{"href":"https:\/\/mundo.seashell.pt\/index.php?rest_route=\/wp\/v2\/product"}],"about":[{"href":"https:\/\/mundo.seashell.pt\/index.php?rest_route=\/wp\/v2\/types\/product"}],"wp:featuredmedia":[{"embeddable":true,"href":"https:\/\/mundo.seashell.pt\/index.php?rest_route=\/wp\/v2\/media\/6847"}],"wp:attachment":[{"href":"https:\/\/mundo.seashell.pt\/index.php?rest_route=%2Fwp%2Fv2%2Fmedia&parent=6846"}],"wp:term":[{"taxonomy":"product_cat","embeddable":true,"href":"https:\/\/mundo.seashell.pt\/index.php?rest_route=%2Fwp%2Fv2%2Fproduct_cat&post=6846"},{"taxonomy":"product_tag","embeddable":true,"href":"https:\/\/mundo.seashell.pt\/index.php?rest_route=%2Fwp%2Fv2%2Fproduct_tag&post=6846"}],"curies":[{"name":"wp","href":"https:\/\/api.w.org\/{rel}","templated":true}]}}