{"id":6844,"date":"2022-02-23T18:57:57","date_gmt":"2022-02-23T18:57:57","guid":{"rendered":"https:\/\/mundo.seashell.pt\/?post_type=product&#038;p=6844"},"modified":"2022-02-23T18:57:59","modified_gmt":"2022-02-23T18:57:59","slug":"rexona-desodorizante-masculino-150ml","status":"publish","type":"product","link":"https:\/\/mundo.seashell.pt\/?product=rexona-desodorizante-masculino-150ml","title":{"rendered":"Rexona Desodorizante Masculino 150ml"},"content":{"rendered":"<p>Antitranspirante para homem!<\/p>\n<h3>Descri\u00e7\u00e3o:<\/h3>\n<p>Rexona Spray Men \u00e9 um antitranspirante que te oferece 48hs de prote\u00e7\u00e3o duradoura contra suor e odor. Possui tecnologia motionsense, que o mant\u00e9m fresco sempre que se move. Oferece uma fragr\u00e2ncia de menta c\u00edtrica, que o energiza e refresca. Prepare-se para o desporto!<\/p>\n<h3>Tipo de produto:<\/h3>\n<p>Desodorizante Spray<\/p>\n<h3>Conselhos de utiliza\u00e7\u00e3o:<\/h3>\n<p>Primeiro, certifique-se que as suas axilas est\u00e3o completamente secas. Logo de seguida, agite a embalagem e segure a lata a cerca de 15 cm de dist\u00e2ncia das axilas. Pulverize durante 2 segundos apenas.<\/p>\n","protected":false},"excerpt":{"rendered":"<p>Antitranspirante para homem!<\/p>\n<h3>Descri\u00e7\u00e3o:<\/h3>\n<p>Rexona Spray Men \u00e9 um antitranspirante que te oferece 48hs de prote\u00e7\u00e3o duradoura contra suor e odor. Possui tecnologia motionsense, que o mant\u00e9m fresco sempre que se move. Oferece uma fragr\u00e2ncia de menta c\u00edtrica, que o energiza e refresca. Prepare-se para o desporto!<\/p>\n<h3>Tipo de p&#8230;<\/p>\n","protected":false},"featured_media":6845,"template":"","meta":{"spay_email":""},"product_cat":[15],"product_tag":[],"class_list":{"0":"post-6844","1":"product","2":"type-product","3":"status-publish","4":"has-post-thumbnail","6":"product_cat-sem-categoria","8":"first","9":"instock","10":"taxable","11":"shipping-taxable","12":"purchasable","13":"product-type-simple"},"acf":[],"jetpack-related-posts":[{"id":6864,"url":"https:\/\/mundo.seashell.pt\/?product=rexona-desodorizante-feminino-200ml","url_meta":{"origin":6844,"position":0},"title":"Rexona Desodorizante Feminino 200ml","date":"Fevereiro 23, 2022","format":false,"excerpt":"Antitranspirante anti-manchas!Descri\u00e7\u00e3o: Rexona Spray Women Invisible On Black and White Clothes, \u00e9 um antitranspirante invis\u00edvel eficaz que ajuda os tecidos pretos a manterem-se pretos e os brancos a manterem-se brancos. Este antitranspirante com uma prote\u00e7\u00e3o antimanchas, possui uma fragr\u00e2ncia leve para uma sensa\u00e7\u00e3o de li...","rel":"","context":"Similar post","img":{"alt_text":"","src":"https:\/\/i0.wp.com\/mundo.seashell.pt\/wp-content\/uploads\/2022\/02\/Rexona___Invisible_Clothes__150ml__.png?resize=350%2C200&ssl=1","width":350,"height":200},"classes":[]},{"id":6854,"url":"https:\/\/mundo.seashell.pt\/?product=rexona-desodorizante-masculino-50ml","url_meta":{"origin":6844,"position":1},"title":"Rexona Desodorizante Masculino 50ml","date":"Fevereiro 23, 2022","format":false,"excerpt":"Antitranspirante para homem anti-manchas!Descri\u00e7\u00e3o: Rexona Roll-On Men, \u00e9 um antitranspirante invis\u00edvel eficaz que ajuda os tecidos pretos a manterem-se pretos e os brancos a manterem-se brancos. Este antitranspirante Roll-On com uma fragr\u00e2ncia moderna de car\u00e1ter frutado a madeira, protege imediatamente, com uma rica fragr...","rel":"","context":"Similar post","img":{"alt_text":"","src":"https:\/\/i0.wp.com\/mundo.seashell.pt\/wp-content\/uploads\/2022\/02\/Rexona_Roll-On_Invisible_Clothes__50ml__.png?resize=350%2C200&ssl=1","width":350,"height":200},"classes":[]},{"id":6858,"url":"https:\/\/mundo.seashell.pt\/?product=rexona-roll-on-desodorizante-feminino-50ml","url_meta":{"origin":6844,"position":2},"title":"Rexona Roll-On Desodorizante Feminino 50ml","date":"Fevereiro 23, 2022","format":false,"excerpt":"Antitranspirante anti-manchas!Descri\u00e7\u00e3o: Rexona Roll-On, \u00e9 um antitranspirante invis\u00edvel eficaz que ajuda os tecidos pretos a manterem-se pretos e os brancos a manterem-se brancos. Este antitranspirante Roll-On possui uma f\u00f3rmula que reduz as manchas com um perfume leve e refrescante, e protege com uma fragr\u00e2ncia fresca.","rel":"","context":"Similar post","img":{"alt_text":"","src":"https:\/\/i0.wp.com\/mundo.seashell.pt\/wp-content\/uploads\/2022\/02\/Rexona_Roll-On__Biorythm__50ml__.png?resize=350%2C200&ssl=1","width":350,"height":200},"classes":[]},{"id":6842,"url":"https:\/\/mundo.seashell.pt\/?product=dove-desodorizante-masculino-150ml","url_meta":{"origin":6844,"position":3},"title":"Dove Desodorizante Masculino 150ml","date":"Fevereiro 23, 2022","format":false,"excerpt":"Da pr\u00f3xima vez que estiver a correr para o escrit\u00f3rio ou a jogar futebol com as crian\u00e7as, o seu suor estar\u00e1 sob controlo. Escolha Dove Men+Care Aerossol antitranspirante Clean Comfort para ter um antitranspirante poderoso que o mant\u00e9m seco e livre da irrita\u00e7\u00e3o.Descri\u00e7\u00e3o: Trabalho, fam\u00edlia, viagens. A vida \u00e9 uma\u2026","rel":"","context":"Similar post","img":{"alt_text":"","src":"https:\/\/i0.wp.com\/mundo.seashell.pt\/wp-content\/uploads\/2022\/02\/DOVE_MEN_AERO_CLEAN_COMFORT_150ML_8712561254595.png?resize=350%2C200&ssl=1","width":350,"height":200},"classes":[]},{"id":6866,"url":"https:\/\/mundo.seashell.pt\/?product=rexona-desodorizante-feminino-pure-fresh-0-150ml","url_meta":{"origin":6844,"position":4},"title":"Rexona Desodorizante Feminino Pure Fresh 0% 150ml","date":"Fevereiro 23, 2022","format":false,"excerpt":"Antitranspirante anti-manchas\u00a0Rexona Desodorizante Feminino Pure Fresh 0% 150ml.Tipo de produto: Desodorizante SprayBenef\u00edcios: - Prote\u00e7\u00e3o antitranspirante invis\u00edvel para ajudar os tecidos pretos a manterem-se pretos e os brancos a manterem-se brancos;- Uma f\u00f3rmula que reduz as manchas com um perfu...","rel":"","context":"Similar post","img":{"alt_text":"","src":"https:\/\/i0.wp.com\/mundo.seashell.pt\/wp-content\/uploads\/2022\/02\/Rexona___Pure_Fresh_0__Alumi_nio__150ml__.png?resize=350%2C200&ssl=1","width":350,"height":200},"classes":[]},{"id":6852,"url":"https:\/\/mundo.seashell.pt\/?product=dove-men-care-desodorizante-masculino-50ml","url_meta":{"origin":6844,"position":5},"title":"Dove Men Care Desodorizante Masculino 50ml","date":"Fevereiro 23, 2022","format":false,"excerpt":"Com Dove Men+Care Roll-On antitranspirante, ter\u00e1 o conforto e prote\u00e7\u00e3o total contra o suor durante todo o dia.Descri\u00e7\u00e3o: Desenvolvido para proteger a pele contra o suor, sem irritar a pele. Dove Men+Care Roll-On antitranspirantecombate os odores indesejados e a transpira\u00e7\u00e3o enquanto que a sua tecnologia exclusiva com \u00bc de ...","rel":"","context":"Similar post","img":{"alt_text":"","src":"https:\/\/i0.wp.com\/mundo.seashell.pt\/wp-content\/uploads\/2022\/02\/Dove_Roll-On_Clean_Comfort__50ml__.png?resize=350%2C200&ssl=1","width":350,"height":200},"classes":[]}],"_links":{"self":[{"href":"https:\/\/mundo.seashell.pt\/index.php?rest_route=\/wp\/v2\/product\/6844","targetHints":{"allow":["GET"]}}],"collection":[{"href":"https:\/\/mundo.seashell.pt\/index.php?rest_route=\/wp\/v2\/product"}],"about":[{"href":"https:\/\/mundo.seashell.pt\/index.php?rest_route=\/wp\/v2\/types\/product"}],"wp:featuredmedia":[{"embeddable":true,"href":"https:\/\/mundo.seashell.pt\/index.php?rest_route=\/wp\/v2\/media\/6845"}],"wp:attachment":[{"href":"https:\/\/mundo.seashell.pt\/index.php?rest_route=%2Fwp%2Fv2%2Fmedia&parent=6844"}],"wp:term":[{"taxonomy":"product_cat","embeddable":true,"href":"https:\/\/mundo.seashell.pt\/index.php?rest_route=%2Fwp%2Fv2%2Fproduct_cat&post=6844"},{"taxonomy":"product_tag","embeddable":true,"href":"https:\/\/mundo.seashell.pt\/index.php?rest_route=%2Fwp%2Fv2%2Fproduct_tag&post=6844"}],"curies":[{"name":"wp","href":"https:\/\/api.w.org\/{rel}","templated":true}]}}