{"id":6842,"date":"2022-02-23T18:57:54","date_gmt":"2022-02-23T18:57:54","guid":{"rendered":"https:\/\/mundo.seashell.pt\/?post_type=product&#038;p=6842"},"modified":"2022-02-23T18:57:57","modified_gmt":"2022-02-23T18:57:57","slug":"dove-desodorizante-masculino-150ml","status":"publish","type":"product","link":"https:\/\/mundo.seashell.pt\/?product=dove-desodorizante-masculino-150ml","title":{"rendered":"Dove Desodorizante Masculino 150ml"},"content":{"rendered":"<p>Da pr\u00f3xima vez que estiver a correr para o escrit\u00f3rio ou a jogar futebol com as crian\u00e7as, o seu suor estar\u00e1 sob controlo. Escolha Dove Men+Care Aerossol antitranspirante Clean Comfort para ter um antitranspirante poderoso que o mant\u00e9m seco e livre da irrita\u00e7\u00e3o.<\/p>\n<h3>Descri\u00e7\u00e3o:<\/h3>\n<p>Trabalho, fam\u00edlia, viagens. A vida \u00e9 uma correria. \u00c9 por isso que precisamos de um antitranspirante que nos acompanhe diariamente.<br \/>Se quer impedir que o suor domine o seu dia, experimente Dove Men+Care Aerossol antitranspirante Clean Comfort &#8211; um antitranspirante poderoso que ajuda a combater o suor e o mau cheiro por at\u00e9 48 horas. A sua tecnologia com \u00bc de creme hidratante ajuda a proteger a pele da irrita\u00e7\u00e3o, para que beneficies de um antitranspirante dermatologicamente testado &#8211; implac\u00e1vel com o suor, suave para a pele. Al\u00e9m disso, este desodorizante tem uma fragr\u00e2ncia s\u00fabtil e duradoura.<\/p>\n<h3>Tipo de produto:<\/h3>\n<p>Desodorizante Spray<\/p>\n<h3>Benef\u00edcios:<\/h3>\n<p>&#8211; Implac\u00e1vel com o suor, suave para a pele;<br \/>&#8211; F\u00f3rmula dermatologicamente testada;<br \/>&#8211; 48 horas de prote\u00e7\u00e3o contra a transpira\u00e7\u00e3o;<br \/>&#8211; Cont\u00e9m \u00bc de creme hidratante para proteger contra a irrita\u00e7\u00e3o;<br \/>&#8211; F\u00f3rmula com 0% \u00e1lcool;<br \/>&#8211; Fragr\u00e2ncia s\u00fabtil.<\/p>\n<h3>Conselhos de utiliza\u00e7\u00e3o:<\/h3>\n<p>Primeiro, certifique-se que as suas axilas est\u00e3o completamente secas. Logo de seguida, agite a embalagem e segure a lata a cerca de 15 cm de dist\u00e2ncia das axilas. Pulverize durante 2 segundos apenas.<\/p>\n","protected":false},"excerpt":{"rendered":"<p>Da pr\u00f3xima vez que estiver a correr para o escrit\u00f3rio ou a jogar futebol com as crian\u00e7as, o seu suor estar\u00e1 sob controlo. Escolha Dove Men+Care Aerossol antitranspirante Clean Comfort para ter um antitranspirante poderoso que o mant\u00e9m seco e livre da irrita\u00e7\u00e3o.<\/p>\n<h3>Descri\u00e7\u00e3o:<\/h3>\n<p>Trabalho, fam\u00edlia, viagens. A vida \u00e9 uma correria. \u00c9 por&#8230;<\/p>\n","protected":false},"featured_media":6843,"template":"","meta":{"spay_email":""},"product_cat":[15],"product_tag":[],"class_list":{"0":"post-6842","1":"product","2":"type-product","3":"status-publish","4":"has-post-thumbnail","6":"product_cat-sem-categoria","8":"first","9":"instock","10":"taxable","11":"shipping-taxable","12":"purchasable","13":"product-type-simple"},"acf":[],"jetpack-related-posts":[{"id":6852,"url":"https:\/\/mundo.seashell.pt\/?product=dove-men-care-desodorizante-masculino-50ml","url_meta":{"origin":6842,"position":0},"title":"Dove Men Care Desodorizante Masculino 50ml","date":"Fevereiro 23, 2022","format":false,"excerpt":"Com Dove Men+Care Roll-On antitranspirante, ter\u00e1 o conforto e prote\u00e7\u00e3o total contra o suor durante todo o dia.Descri\u00e7\u00e3o: Desenvolvido para proteger a pele contra o suor, sem irritar a pele. Dove Men+Care Roll-On antitranspirantecombate os odores indesejados e a transpira\u00e7\u00e3o enquanto que a sua tecnologia exclusiva com \u00bc de ...","rel":"","context":"Similar post","img":{"alt_text":"","src":"https:\/\/i0.wp.com\/mundo.seashell.pt\/wp-content\/uploads\/2022\/02\/Dove_Roll-On_Clean_Comfort__50ml__.png?resize=350%2C200&ssl=1","width":350,"height":200},"classes":[]},{"id":6844,"url":"https:\/\/mundo.seashell.pt\/?product=rexona-desodorizante-masculino-150ml","url_meta":{"origin":6842,"position":1},"title":"Rexona Desodorizante Masculino 150ml","date":"Fevereiro 23, 2022","format":false,"excerpt":"Antitranspirante para homem!Descri\u00e7\u00e3o: Rexona Spray Men \u00e9 um antitranspirante que te oferece 48hs de prote\u00e7\u00e3o duradoura contra suor e odor. Possui tecnologia motionsense, que o mant\u00e9m fresco sempre que se move. Oferece uma fragr\u00e2ncia de menta c\u00edtrica, que o energiza e refresca. Prepare-se para o desporto! Tipo de p...","rel":"","context":"Similar post","img":{"alt_text":"","src":"https:\/\/i0.wp.com\/mundo.seashell.pt\/wp-content\/uploads\/2022\/02\/REXONA_MEN_AERO_INVISIBLE_B_W_150ML.png?resize=350%2C200&ssl=1","width":350,"height":200},"classes":[]},{"id":6878,"url":"https:\/\/mundo.seashell.pt\/?product=dove-desodorizante-feminino-roll-on-50ml","url_meta":{"origin":6842,"position":2},"title":"Dove Desodorizante Feminino Roll-On 50ml","date":"Fevereiro 23, 2022","format":false,"excerpt":"Explore as cole\u00e7\u00f5es Dove e encontre os produtos ideais para si!Descri\u00e7\u00e3o: Todas n\u00f3s desejamos o melhor dos dois mundos: Dove antitranspirante une a fragr\u00e2ncia e a suavidade para proteger contra a transpira\u00e7\u00e3o e odores indesejados.\u00a0 Tipo de produto: Desodorizante Roll-OnBenef\u00edcios: - At\u00e9...","rel":"","context":"Similar post","img":{"alt_text":"","src":"https:\/\/i0.wp.com\/mundo.seashell.pt\/wp-content\/uploads\/2022\/02\/Dove_Roll-On___Original__.png?resize=350%2C200&ssl=1","width":350,"height":200},"classes":[]},{"id":6862,"url":"https:\/\/mundo.seashell.pt\/?product=dove-desodorizante-feminino-150ml","url_meta":{"origin":6842,"position":3},"title":"Dove Desodorizante Feminino 150ml","date":"Fevereiro 23, 2022","format":false,"excerpt":"Explore as cole\u00e7\u00f5es Dove e encontre os produtos ideais para si! Confie neste desodorizante para resultados duradouros. Tipo de produto: Desodorizante SprayBenef\u00edcios: - \u00bc de creme hidratante para ajudar a deixar a pele macia e suave.- At\u00e9 48 horas de prote\u00e7\u00e3o antitranspirante.- Fragr\u00e2ncia combina...","rel":"","context":"Similar post","img":{"alt_text":"","src":"https:\/\/i0.wp.com\/mundo.seashell.pt\/wp-content\/uploads\/2022\/02\/Dove___Original__150ml__.png?resize=350%2C200&ssl=1","width":350,"height":200},"classes":[]},{"id":6850,"url":"https:\/\/mundo.seashell.pt\/?product=nivea-men-invisible-bw-desodorizante-150ml","url_meta":{"origin":6842,"position":4},"title":"Nivea Men Invisible B&#038;W Desodorizante 150ml","date":"Fevereiro 23, 2022","format":false,"excerpt":"Antitranspirante para homem anti-manchas.Descri\u00e7\u00e3o: Nivea Men Black and White Invisible, \u00e9 um antitranspirante invis\u00edvel eficaz que ajuda os tecidos pretos a manterem-se pretos e os brancos a manterem-se brancos.\u00a0Tipo de produto: Desodorizante SprayBenef\u00edcios: - Prote\u00e7\u00e3o antitranspirant...","rel":"","context":"Similar post","img":{"alt_text":"","src":"https:\/\/i0.wp.com\/mundo.seashell.pt\/wp-content\/uploads\/2022\/02\/82241-06605-30_Spray_Men_Invisible_for_Black___White_Original_150ml_4005900730114.png?resize=350%2C200&ssl=1","width":350,"height":200},"classes":[]},{"id":6854,"url":"https:\/\/mundo.seashell.pt\/?product=rexona-desodorizante-masculino-50ml","url_meta":{"origin":6842,"position":5},"title":"Rexona Desodorizante Masculino 50ml","date":"Fevereiro 23, 2022","format":false,"excerpt":"Antitranspirante para homem anti-manchas!Descri\u00e7\u00e3o: Rexona Roll-On Men, \u00e9 um antitranspirante invis\u00edvel eficaz que ajuda os tecidos pretos a manterem-se pretos e os brancos a manterem-se brancos. Este antitranspirante Roll-On com uma fragr\u00e2ncia moderna de car\u00e1ter frutado a madeira, protege imediatamente, com uma rica fragr...","rel":"","context":"Similar post","img":{"alt_text":"","src":"https:\/\/i0.wp.com\/mundo.seashell.pt\/wp-content\/uploads\/2022\/02\/Rexona_Roll-On_Invisible_Clothes__50ml__.png?resize=350%2C200&ssl=1","width":350,"height":200},"classes":[]}],"_links":{"self":[{"href":"https:\/\/mundo.seashell.pt\/index.php?rest_route=\/wp\/v2\/product\/6842","targetHints":{"allow":["GET"]}}],"collection":[{"href":"https:\/\/mundo.seashell.pt\/index.php?rest_route=\/wp\/v2\/product"}],"about":[{"href":"https:\/\/mundo.seashell.pt\/index.php?rest_route=\/wp\/v2\/types\/product"}],"wp:featuredmedia":[{"embeddable":true,"href":"https:\/\/mundo.seashell.pt\/index.php?rest_route=\/wp\/v2\/media\/6843"}],"wp:attachment":[{"href":"https:\/\/mundo.seashell.pt\/index.php?rest_route=%2Fwp%2Fv2%2Fmedia&parent=6842"}],"wp:term":[{"taxonomy":"product_cat","embeddable":true,"href":"https:\/\/mundo.seashell.pt\/index.php?rest_route=%2Fwp%2Fv2%2Fproduct_cat&post=6842"},{"taxonomy":"product_tag","embeddable":true,"href":"https:\/\/mundo.seashell.pt\/index.php?rest_route=%2Fwp%2Fv2%2Fproduct_tag&post=6842"}],"curies":[{"name":"wp","href":"https:\/\/api.w.org\/{rel}","templated":true}]}}