{"id":6840,"date":"2022-02-23T18:57:39","date_gmt":"2022-02-23T18:57:39","guid":{"rendered":"https:\/\/mundo.seashell.pt\/?post_type=product&#038;p=6840"},"modified":"2022-02-23T18:57:41","modified_gmt":"2022-02-23T18:57:41","slug":"denim-desodorizante-masculino-150ml","status":"publish","type":"product","link":"https:\/\/mundo.seashell.pt\/?product=denim-desodorizante-masculino-150ml","title":{"rendered":"Denim Desodorizante Masculino 150ml"},"content":{"rendered":"<p>O desodorizante Denim Spray \u00e9 ideal para proteger e proporcionar um toque fresco \u00e0 pele.<\/p>\n<p>A melhor maneira de reduzir o odor e obter uma prote\u00e7\u00e3o 24 horas.<\/p>\n<h3>Tipo de produto:<\/h3>\n<p>Desodorizante Spray<\/p>\n<h3>Conselhos de utiliza\u00e7\u00e3o:<\/h3>\n<p>Aplique na pele limpa e seca de axilas. Levante um bra\u00e7o e aplique com movimentos circulares de pouca press\u00e3o at\u00e9 criar uma camada fina de produto sobre a sua axila. Repita o processo na outra axila.<\/p>\n","protected":false},"excerpt":{"rendered":"<p>O desodorizante Denim Spray \u00e9 ideal para proteger e proporcionar um toque fresco \u00e0 pele.<br \/>\nA melhor maneira de reduzir o odor e obter uma prote\u00e7\u00e3o 24 horas.Tipo de produto:<br \/>\nDesodorizante SprayConselhos de utiliza\u00e7\u00e3o:<br \/>\nAplique na pele limpa e seca de axilas. Levante um bra\u00e7o e aplique com movimentos circular&#8230;<\/p>\n","protected":false},"featured_media":6841,"template":"","meta":{"spay_email":""},"product_cat":[15],"product_tag":[],"class_list":{"0":"post-6840","1":"product","2":"type-product","3":"status-publish","4":"has-post-thumbnail","6":"product_cat-sem-categoria","8":"first","9":"instock","10":"taxable","11":"shipping-taxable","12":"purchasable","13":"product-type-simple"},"acf":[],"jetpack-related-posts":[{"id":6880,"url":"https:\/\/mundo.seashell.pt\/?product=nivea-desodorizante-feminino-roll-on-50ml","url_meta":{"origin":6840,"position":0},"title":"Nivea Desodorizante Feminino Roll-On 50ml","date":"Fevereiro 23, 2022","format":false,"excerpt":"Experimente e avalie a qualidade dos produtos Nivea. Desde 1911 a cuidar de si!Tipo de produto: Desodorizante Roll-OnConselhos de utiliza\u00e7\u00e3o: Aplique na pele limpa e seca de axilas. Levante um bra\u00e7o e aplique com movimentos circulares de pouca press\u00e3o at\u00e9 criar uma camada fina de produto sobre a sua axila.\u2026","rel":"","context":"Similar post","img":{"alt_text":"","src":"https:\/\/i0.wp.com\/mundo.seashell.pt\/wp-content\/uploads\/2022\/02\/81611-07405-28_Roll-on_Dry_Comfort_4005900388513.png?resize=350%2C200&ssl=1","width":350,"height":200},"classes":[]},{"id":6872,"url":"https:\/\/mundo.seashell.pt\/?product=vaseline-desodorizante-feminino-50gr","url_meta":{"origin":6840,"position":1},"title":"Vaseline Desodorizante Feminino 50Gr","date":"Fevereiro 23, 2022","format":false,"excerpt":"Desodorizante hidratante 48h de prote\u00e7\u00e3o.Descri\u00e7\u00e3o: O desodorizante Vaseline oferece-lhe 48 horas de prote\u00e7\u00e3o contra suor e maus odores com a tecnologia ProDerma\u2122. Do mesmo modo, deixa a pele delicadas das suas axilas suave e saud\u00e1vel. Tipo de produto: Desodorizante Roll-OnBenef\u00edcios: - O de...","rel":"","context":"Similar post","img":{"alt_text":"","src":"https:\/\/i0.wp.com\/mundo.seashell.pt\/wp-content\/uploads\/2022\/02\/Vaseline___Derma_Care_Roll_On___50g__.png?resize=350%2C200&ssl=1","width":350,"height":200},"classes":[]},{"id":6874,"url":"https:\/\/mundo.seashell.pt\/?product=vaseline-desodorizante-feminino-roll-on-50ml","url_meta":{"origin":6840,"position":2},"title":"Vaseline Desodorizante Feminino Roll-On 50ml","date":"Fevereiro 23, 2022","format":false,"excerpt":"Desodorizante hidratante 48h de prote\u00e7\u00e3o.Descri\u00e7\u00e3o: O desodorizante Derma Care de Vaseline oferece-lhe 48 horas de prote\u00e7\u00e3o contra suor e maus odores com a tecnologia ProDerma\u2122. Do mesmo modo, deixa a pele delicadas das suas axilas suave e saud\u00e1vel. Tipo de produto: Desodorizante CremeBenef\u00edcios:","rel":"","context":"Similar post","img":{"alt_text":"","src":"https:\/\/i0.wp.com\/mundo.seashell.pt\/wp-content\/uploads\/2022\/02\/Vaseline___Derma_Care__50ml__.png?resize=350%2C200&ssl=1","width":350,"height":200},"classes":[]},{"id":6852,"url":"https:\/\/mundo.seashell.pt\/?product=dove-men-care-desodorizante-masculino-50ml","url_meta":{"origin":6840,"position":3},"title":"Dove Men Care Desodorizante Masculino 50ml","date":"Fevereiro 23, 2022","format":false,"excerpt":"Com Dove Men+Care Roll-On antitranspirante, ter\u00e1 o conforto e prote\u00e7\u00e3o total contra o suor durante todo o dia.Descri\u00e7\u00e3o: Desenvolvido para proteger a pele contra o suor, sem irritar a pele. Dove Men+Care Roll-On antitranspirantecombate os odores indesejados e a transpira\u00e7\u00e3o enquanto que a sua tecnologia exclusiva com \u00bc de ...","rel":"","context":"Similar post","img":{"alt_text":"","src":"https:\/\/i0.wp.com\/mundo.seashell.pt\/wp-content\/uploads\/2022\/02\/Dove_Roll-On_Clean_Comfort__50ml__.png?resize=350%2C200&ssl=1","width":350,"height":200},"classes":[]},{"id":6856,"url":"https:\/\/mundo.seashell.pt\/?product=nivea-men-desodorizante-50ml","url_meta":{"origin":6840,"position":4},"title":"Nivea Men Desodorizante 50ml","date":"Fevereiro 23, 2022","format":false,"excerpt":"Experimente e avalie a qualidade dos produtos Nivea. Desde 1911 a cuidar de si!Descri\u00e7\u00e3o: Efic\u00e1cia que n\u00e3o deixa manchas brancas nos tecidos escuros e reduz o aparecimento de manchas amarelas nas roupas claras. Tipo de produto: Desodorizante Roll-OnConselhos de utiliza\u00e7\u00e3o: Aplique na pele li...","rel":"","context":"Similar post","img":{"alt_text":"","src":"https:\/\/i0.wp.com\/mundo.seashell.pt\/wp-content\/uploads\/2022\/02\/85948-07405-30_Roll-on_Men_Protect___Care_4005900388971.png?resize=350%2C200&ssl=1","width":350,"height":200},"classes":[]},{"id":6878,"url":"https:\/\/mundo.seashell.pt\/?product=dove-desodorizante-feminino-roll-on-50ml","url_meta":{"origin":6840,"position":5},"title":"Dove Desodorizante Feminino Roll-On 50ml","date":"Fevereiro 23, 2022","format":false,"excerpt":"Explore as cole\u00e7\u00f5es Dove e encontre os produtos ideais para si!Descri\u00e7\u00e3o: Todas n\u00f3s desejamos o melhor dos dois mundos: Dove antitranspirante une a fragr\u00e2ncia e a suavidade para proteger contra a transpira\u00e7\u00e3o e odores indesejados.\u00a0 Tipo de produto: Desodorizante Roll-OnBenef\u00edcios: - At\u00e9...","rel":"","context":"Similar post","img":{"alt_text":"","src":"https:\/\/i0.wp.com\/mundo.seashell.pt\/wp-content\/uploads\/2022\/02\/Dove_Roll-On___Original__.png?resize=350%2C200&ssl=1","width":350,"height":200},"classes":[]}],"_links":{"self":[{"href":"https:\/\/mundo.seashell.pt\/index.php?rest_route=\/wp\/v2\/product\/6840","targetHints":{"allow":["GET"]}}],"collection":[{"href":"https:\/\/mundo.seashell.pt\/index.php?rest_route=\/wp\/v2\/product"}],"about":[{"href":"https:\/\/mundo.seashell.pt\/index.php?rest_route=\/wp\/v2\/types\/product"}],"wp:featuredmedia":[{"embeddable":true,"href":"https:\/\/mundo.seashell.pt\/index.php?rest_route=\/wp\/v2\/media\/6841"}],"wp:attachment":[{"href":"https:\/\/mundo.seashell.pt\/index.php?rest_route=%2Fwp%2Fv2%2Fmedia&parent=6840"}],"wp:term":[{"taxonomy":"product_cat","embeddable":true,"href":"https:\/\/mundo.seashell.pt\/index.php?rest_route=%2Fwp%2Fv2%2Fproduct_cat&post=6840"},{"taxonomy":"product_tag","embeddable":true,"href":"https:\/\/mundo.seashell.pt\/index.php?rest_route=%2Fwp%2Fv2%2Fproduct_tag&post=6840"}],"curies":[{"name":"wp","href":"https:\/\/api.w.org\/{rel}","templated":true}]}}