{"id":6838,"date":"2022-02-23T18:57:37","date_gmt":"2022-02-23T18:57:37","guid":{"rendered":"https:\/\/mundo.seashell.pt\/?post_type=product&#038;p=6838"},"modified":"2022-02-23T18:57:39","modified_gmt":"2022-02-23T18:57:39","slug":"axe-desodorizante-masculino-150ml","status":"publish","type":"product","link":"https:\/\/mundo.seashell.pt\/?product=axe-desodorizante-masculino-150ml","title":{"rendered":"Axe Desodorizante Masculino 150ml"},"content":{"rendered":"<h3>Tipo de produto:<br \/><\/h3>\n<p>Desodorizante Spray<\/p>\n<h3>Benef\u00edcios:<\/h3>\n<p>&#8211; Mantenha-se fresco todo o dia;<br \/>&#8211; Frag\u00e2ncia moderna, subtil e sedutora;<br \/>&#8211; Combina um aroma de chocolate quente e pimenta vermelha;<br \/>&#8211; Combate eficazmente o suor indesejado;<br \/>&#8211; Cuida e das axilas.<\/p>\n<h3>Conselhos de utiliza\u00e7\u00e3o:<\/h3>\n<p>Agitar bem antes de cada utiliza\u00e7\u00e3o. Aplique nas axilas a uma dist\u00e2ncia de 15 cm. Aplique o spray nas axilas para sentir a diferen\u00e7a.<\/p>\n<p><\/p>\n","protected":false},"excerpt":{"rendered":"<p>Tipo de produto:<br \/>\nDesodorizante Spray<br \/>\nBenef\u00edcios:<br \/>\n&#8211; Mantenha-se fresco todo o dia;- Frag\u00e2ncia moderna, subtil e sedutora;- Combina um aroma de chocolate quente e pimenta vermelha;- Combate eficazmente o suor indesejado;- Cuida e das axilas.<br \/>\nConselhos de utiliza\u00e7\u00e3o:<br \/>\nAgitar bem antes d&#8230;<\/p>\n","protected":false},"featured_media":6839,"template":"","meta":{"spay_email":""},"product_cat":[15],"product_tag":[],"class_list":{"0":"post-6838","1":"product","2":"type-product","3":"status-publish","4":"has-post-thumbnail","6":"product_cat-sem-categoria","8":"first","9":"instock","10":"taxable","11":"shipping-taxable","12":"purchasable","13":"product-type-simple"},"acf":[],"jetpack-related-posts":[{"id":6844,"url":"https:\/\/mundo.seashell.pt\/?product=rexona-desodorizante-masculino-150ml","url_meta":{"origin":6838,"position":0},"title":"Rexona Desodorizante Masculino 150ml","date":"Fevereiro 23, 2022","format":false,"excerpt":"Antitranspirante para homem!Descri\u00e7\u00e3o: Rexona Spray Men \u00e9 um antitranspirante que te oferece 48hs de prote\u00e7\u00e3o duradoura contra suor e odor. Possui tecnologia motionsense, que o mant\u00e9m fresco sempre que se move. Oferece uma fragr\u00e2ncia de menta c\u00edtrica, que o energiza e refresca. Prepare-se para o desporto! Tipo de p...","rel":"","context":"Similar post","img":{"alt_text":"","src":"https:\/\/i0.wp.com\/mundo.seashell.pt\/wp-content\/uploads\/2022\/02\/REXONA_MEN_AERO_INVISIBLE_B_W_150ML.png?resize=350%2C200&ssl=1","width":350,"height":200},"classes":[]},{"id":6874,"url":"https:\/\/mundo.seashell.pt\/?product=vaseline-desodorizante-feminino-roll-on-50ml","url_meta":{"origin":6838,"position":1},"title":"Vaseline Desodorizante Feminino Roll-On 50ml","date":"Fevereiro 23, 2022","format":false,"excerpt":"Desodorizante hidratante 48h de prote\u00e7\u00e3o.Descri\u00e7\u00e3o: O desodorizante Derma Care de Vaseline oferece-lhe 48 horas de prote\u00e7\u00e3o contra suor e maus odores com a tecnologia ProDerma\u2122. Do mesmo modo, deixa a pele delicadas das suas axilas suave e saud\u00e1vel. Tipo de produto: Desodorizante CremeBenef\u00edcios:","rel":"","context":"Similar post","img":{"alt_text":"","src":"https:\/\/i0.wp.com\/mundo.seashell.pt\/wp-content\/uploads\/2022\/02\/Vaseline___Derma_Care__50ml__.png?resize=350%2C200&ssl=1","width":350,"height":200},"classes":[]},{"id":6872,"url":"https:\/\/mundo.seashell.pt\/?product=vaseline-desodorizante-feminino-50gr","url_meta":{"origin":6838,"position":2},"title":"Vaseline Desodorizante Feminino 50Gr","date":"Fevereiro 23, 2022","format":false,"excerpt":"Desodorizante hidratante 48h de prote\u00e7\u00e3o.Descri\u00e7\u00e3o: O desodorizante Vaseline oferece-lhe 48 horas de prote\u00e7\u00e3o contra suor e maus odores com a tecnologia ProDerma\u2122. Do mesmo modo, deixa a pele delicadas das suas axilas suave e saud\u00e1vel. Tipo de produto: Desodorizante Roll-OnBenef\u00edcios: - O de...","rel":"","context":"Similar post","img":{"alt_text":"","src":"https:\/\/i0.wp.com\/mundo.seashell.pt\/wp-content\/uploads\/2022\/02\/Vaseline___Derma_Care_Roll_On___50g__.png?resize=350%2C200&ssl=1","width":350,"height":200},"classes":[]},{"id":6840,"url":"https:\/\/mundo.seashell.pt\/?product=denim-desodorizante-masculino-150ml","url_meta":{"origin":6838,"position":3},"title":"Denim Desodorizante Masculino 150ml","date":"Fevereiro 23, 2022","format":false,"excerpt":"O desodorizante Denim Spray \u00e9 ideal para proteger e proporcionar um toque fresco \u00e0 pele. A melhor maneira de reduzir o odor e obter uma prote\u00e7\u00e3o 24 horas.Tipo de produto: Desodorizante SprayConselhos de utiliza\u00e7\u00e3o: Aplique na pele limpa e seca de axilas. Levante um bra\u00e7o e aplique com movimentos circular...","rel":"","context":"Similar post","img":{"alt_text":"","src":"https:\/\/i0.wp.com\/mundo.seashell.pt\/wp-content\/uploads\/2022\/02\/DENIM_Deo_Spray_Original_150_ml__8008970004402.png?resize=350%2C200&ssl=1","width":350,"height":200},"classes":[]},{"id":6842,"url":"https:\/\/mundo.seashell.pt\/?product=dove-desodorizante-masculino-150ml","url_meta":{"origin":6838,"position":4},"title":"Dove Desodorizante Masculino 150ml","date":"Fevereiro 23, 2022","format":false,"excerpt":"Da pr\u00f3xima vez que estiver a correr para o escrit\u00f3rio ou a jogar futebol com as crian\u00e7as, o seu suor estar\u00e1 sob controlo. Escolha Dove Men+Care Aerossol antitranspirante Clean Comfort para ter um antitranspirante poderoso que o mant\u00e9m seco e livre da irrita\u00e7\u00e3o.Descri\u00e7\u00e3o: Trabalho, fam\u00edlia, viagens. A vida \u00e9 uma\u2026","rel":"","context":"Similar post","img":{"alt_text":"","src":"https:\/\/i0.wp.com\/mundo.seashell.pt\/wp-content\/uploads\/2022\/02\/DOVE_MEN_AERO_CLEAN_COMFORT_150ML_8712561254595.png?resize=350%2C200&ssl=1","width":350,"height":200},"classes":[]},{"id":6852,"url":"https:\/\/mundo.seashell.pt\/?product=dove-men-care-desodorizante-masculino-50ml","url_meta":{"origin":6838,"position":5},"title":"Dove Men Care Desodorizante Masculino 50ml","date":"Fevereiro 23, 2022","format":false,"excerpt":"Com Dove Men+Care Roll-On antitranspirante, ter\u00e1 o conforto e prote\u00e7\u00e3o total contra o suor durante todo o dia.Descri\u00e7\u00e3o: Desenvolvido para proteger a pele contra o suor, sem irritar a pele. Dove Men+Care Roll-On antitranspirantecombate os odores indesejados e a transpira\u00e7\u00e3o enquanto que a sua tecnologia exclusiva com \u00bc de ...","rel":"","context":"Similar post","img":{"alt_text":"","src":"https:\/\/i0.wp.com\/mundo.seashell.pt\/wp-content\/uploads\/2022\/02\/Dove_Roll-On_Clean_Comfort__50ml__.png?resize=350%2C200&ssl=1","width":350,"height":200},"classes":[]}],"_links":{"self":[{"href":"https:\/\/mundo.seashell.pt\/index.php?rest_route=\/wp\/v2\/product\/6838","targetHints":{"allow":["GET"]}}],"collection":[{"href":"https:\/\/mundo.seashell.pt\/index.php?rest_route=\/wp\/v2\/product"}],"about":[{"href":"https:\/\/mundo.seashell.pt\/index.php?rest_route=\/wp\/v2\/types\/product"}],"wp:featuredmedia":[{"embeddable":true,"href":"https:\/\/mundo.seashell.pt\/index.php?rest_route=\/wp\/v2\/media\/6839"}],"wp:attachment":[{"href":"https:\/\/mundo.seashell.pt\/index.php?rest_route=%2Fwp%2Fv2%2Fmedia&parent=6838"}],"wp:term":[{"taxonomy":"product_cat","embeddable":true,"href":"https:\/\/mundo.seashell.pt\/index.php?rest_route=%2Fwp%2Fv2%2Fproduct_cat&post=6838"},{"taxonomy":"product_tag","embeddable":true,"href":"https:\/\/mundo.seashell.pt\/index.php?rest_route=%2Fwp%2Fv2%2Fproduct_tag&post=6838"}],"curies":[{"name":"wp","href":"https:\/\/api.w.org\/{rel}","templated":true}]}}