{"id":6836,"date":"2022-02-23T18:57:31","date_gmt":"2022-02-23T18:57:31","guid":{"rendered":"https:\/\/mundo.seashell.pt\/?post_type=product&#038;p=6836"},"modified":"2022-02-23T18:57:34","modified_gmt":"2022-02-23T18:57:34","slug":"palmolive-sabonete-liquido-300ml","status":"publish","type":"product","link":"https:\/\/mundo.seashell.pt\/?product=palmolive-sabonete-liquido-300ml","title":{"rendered":"Palmolive Sabonete L\u00edquido 300ml"},"content":{"rendered":"<p>Fragr\u00e2ncia delicada e uma f\u00f3rmula rica e aveludada para m\u00e3os suaves e hidratadas.<\/p>\n<p>A f\u00f3rmula do sabonete l\u00edquido Palmolive deixa as m\u00e3os perfumadas e suaves ao toque. Testado dermatologicamente. Nova f\u00f3rmula melhorada.<\/p>\n<h3>Ingredientes:<\/h3>\n<p>Aqua Sodium C-12-13 Pareth Sulfate Cocamidopropyl Betaine Sodium Chloride Lauryl Polyglucose Parfum DMDM Hydantoin Glycol Distearate Laureth-4 Polyquaternium-7 Tetrasodium EDTA Sodium Sulfate Styrene\/Acrylates Copolymer Glycerin Prunus dulcis Sine A dipe Lac Citric-Acid Benzyl Benzoate Hexyl Cinnamal Hydroxyisohexyl 3-Cyclohexene Carboxaldehyde Linalool.<\/p>\n<h3>Tipo de produto:<\/h3>\n<p>Sabonete L\u00edquido<\/p>\n<h3>Benef\u00edcios:<\/h3>\n<p>&#8211; Sabonete l\u00edquido para as m\u00e3os, sem sab\u00e3o.<br \/>&#8211; Cont\u00e9m prote\u00ednas de leite e extrato de am\u00eandoa.<br \/>&#8211; Deixa as suas m\u00e3os hidratadas e suaves &#8211; perfume muito agrad\u00e1vel.<br \/>&#8211; Testado dermatologicamente.<\/p>\n<h3>Conselhos de utiliza\u00e7\u00e3o:<\/h3>\n<p>Pressione a tampa e utilize uma quantidade equivalente a uma moeda na limpeza das m\u00e3os.<\/p>\n","protected":false},"excerpt":{"rendered":"<p>Fragr\u00e2ncia delicada e uma f\u00f3rmula rica e aveludada para m\u00e3os suaves e hidratadas.<br \/>\nA f\u00f3rmula do sabonete l\u00edquido Palmolive deixa as m\u00e3os perfumadas e suaves ao toque. Testado dermatologicamente. Nova f\u00f3rmula melhorada.<br \/>\nIngredientes:<br \/>\nAqua Sodium C-12-13 Pareth Sulfate Cocamidopropyl Betaine Sodium Chloride Lauryl Polygluc&#8230;<\/p>\n","protected":false},"featured_media":6837,"template":"","meta":{"spay_email":""},"product_cat":[15],"product_tag":[],"class_list":{"0":"post-6836","1":"product","2":"type-product","3":"status-publish","4":"has-post-thumbnail","6":"product_cat-sem-categoria","8":"first","9":"instock","10":"taxable","11":"shipping-taxable","12":"purchasable","13":"product-type-simple"},"acf":[],"jetpack-related-posts":[{"id":5653,"url":"https:\/\/mundo.seashell.pt\/?product=dus-500ml","url_meta":{"origin":6836,"position":0},"title":"Sabonete M\u00e3os &#8211; Dus 500Ml","date":"Fevereiro 23, 2022","format":false,"excerpt":"Produto cosm\u00e9tico formulado com mat\u00e9rias-primas ideais para uma frequente lavagem das m\u00e3os.","rel":"","context":"Similar post","img":{"alt_text":"","src":"https:\/\/i0.wp.com\/mundo.seashell.pt\/wp-content\/uploads\/2022\/02\/dus.jpg?resize=350%2C200&ssl=1","width":350,"height":200},"classes":[]},{"id":6832,"url":"https:\/\/mundo.seashell.pt\/?product=dove-sabonete-liquido-250ml","url_meta":{"origin":6836,"position":1},"title":"Dove Sabonete L\u00edquido 250ml","date":"Fevereiro 23, 2022","format":false,"excerpt":"Explore as cole\u00e7\u00f5es Dove e encontre os produtos ideais para si!Ingredientes: Aqua, Sodium Laureth Sulfate, Glycerin, Sodium Chloride, Cocamidopropyl Betaine, Butylene Glycol, Citric Acid, Nelumbo Nucifera Flower Extract, Oryza Sativa Bran Extract, Oryza Sativa Germ Oil, Parfum, PEG-40 Hydrogenated Castor Oil, Sine Adipe La...","rel":"","context":"Similar post","img":{"alt_text":"","src":"https:\/\/i0.wp.com\/mundo.seashell.pt\/wp-content\/uploads\/2022\/02\/Dove_Regular__250ml__.png?resize=350%2C200&ssl=1","width":350,"height":200},"classes":[]},{"id":6834,"url":"https:\/\/mundo.seashell.pt\/?product=sanytol-sabonete-liquido-250ml","url_meta":{"origin":6836,"position":2},"title":"Sanytol Sabonete L\u00edquido 250ml","date":"Fevereiro 23, 2022","format":false,"excerpt":"Sab\u00e3o L\u00edquido Desinfetante Hidratante \u00e9 elaborado com alo\u00e9 vera e ch\u00e1 verde, conferindo-lhe assim propriedades hidratantes. Hipoalerg\u00e9nico, comprovado dermatologicamente e clinicamente. A maioria das infe\u00e7\u00f5es \u00e9 transmitida pelas m\u00e3os, por isso lavar as m\u00e3os regularmente \u00e9 a maneira mais f\u00e1cil de prevenir infe\u00e7\u00f5es. O Sabonete Desinfetan...","rel":"","context":"Similar post","img":{"alt_text":"","src":"https:\/\/i0.wp.com\/mundo.seashell.pt\/wp-content\/uploads\/2022\/02\/SANYTOL_SABA_O_LIQUIDO_DESINFETANTE_HIDRATANTE_250_ML_3045206501200.png?resize=350%2C200&ssl=1","width":350,"height":200},"classes":[]},{"id":6790,"url":"https:\/\/mundo.seashell.pt\/?product=dove-gel-de-banho-masculino","url_meta":{"origin":6836,"position":3},"title":"Dove Gel de Banho Masculino","date":"Fevereiro 23, 2022","format":false,"excerpt":"O Gel de Duche Dove Men+Care tem \u00bc de creme hidratante para limpar cuidadosamente a sua pele e ajudar a mante-la hidratada. Esta f\u00f3rmula eficaz \u00e9 f\u00e1cil de enxaguar e d\u00e1 um total conforto e frescura \u00e0 sua pele.Este Gel de Duche usa a tecnologia MicroMoisture que ajuda a manter\u2026","rel":"","context":"Similar post","img":{"alt_text":"","src":"https:\/\/i0.wp.com\/mundo.seashell.pt\/wp-content\/uploads\/2022\/02\/DOVE_MEN_GEL_BANHO_CLEAN_COMFORT_400ML.png?resize=350%2C200&ssl=1","width":350,"height":200},"classes":[]},{"id":6778,"url":"https:\/\/mundo.seashell.pt\/?product=nivea-gel-de-banho-075l","url_meta":{"origin":6836,"position":4},"title":"Nivea Gel de Banho 750ml","date":"Fevereiro 23, 2022","format":false,"excerpt":"Experimente e avalie a qualidade dos produtos Nivea. Desde 1911 a cuidar de si! Aqua Sodium Laureth Sulfate Cocamidopropyl Betaine Glycerin Sodium Chloride Decyl Glucoside Parfum Lanolin Alcohol (Eucerit\u00ae) Panthenol Octyldodecanol Glyceryl Glucoside PEG40 Hydrogenated Castor Oil Citric Acid Styrene\/Acrylates Copolymer P EG200 Hydro...","rel":"","context":"Similar post","img":{"alt_text":"","src":"https:\/\/i0.wp.com\/mundo.seashell.pt\/wp-content\/uploads\/2022\/02\/5292030-frente.jpeg?resize=350%2C200&ssl=1","width":350,"height":200},"classes":[]},{"id":5644,"url":"https:\/\/mundo.seashell.pt\/?product=blowmy-dermo-espuma-5-lts","url_meta":{"origin":6836,"position":5},"title":"Sabonete M\u00e3os &#8211; Blowmy Dermo Espuma 5 Lts","date":"Fevereiro 23, 2022","format":false,"excerpt":"Sabonete Suave M\u00e3os\u00a0 Sabonete suave para as m\u00e3os de uso di\u00e1rio em espuma. PROPRIEDADESSabonete l\u00edquido perfumado, com um \u00f3timo comportamento na lavagem de m\u00e3os. F\u00f3rmula enriquecida com glicerina que proporciona uma agrad\u00e1vel sensa\u00e7\u00e3o de suavidade na pele ap\u00f3s a sua utiliza\u00e7\u00e3o. CONDI\u00c7\u00d5ES DE UTILIZA\u00c7\u00c3OPara a lavagem das m\u00e3os, aplicar uma\u2026","rel":"","context":"Similar post","img":{"alt_text":"","src":"","width":0,"height":0},"classes":[]}],"_links":{"self":[{"href":"https:\/\/mundo.seashell.pt\/index.php?rest_route=\/wp\/v2\/product\/6836","targetHints":{"allow":["GET"]}}],"collection":[{"href":"https:\/\/mundo.seashell.pt\/index.php?rest_route=\/wp\/v2\/product"}],"about":[{"href":"https:\/\/mundo.seashell.pt\/index.php?rest_route=\/wp\/v2\/types\/product"}],"wp:featuredmedia":[{"embeddable":true,"href":"https:\/\/mundo.seashell.pt\/index.php?rest_route=\/wp\/v2\/media\/6837"}],"wp:attachment":[{"href":"https:\/\/mundo.seashell.pt\/index.php?rest_route=%2Fwp%2Fv2%2Fmedia&parent=6836"}],"wp:term":[{"taxonomy":"product_cat","embeddable":true,"href":"https:\/\/mundo.seashell.pt\/index.php?rest_route=%2Fwp%2Fv2%2Fproduct_cat&post=6836"},{"taxonomy":"product_tag","embeddable":true,"href":"https:\/\/mundo.seashell.pt\/index.php?rest_route=%2Fwp%2Fv2%2Fproduct_tag&post=6836"}],"curies":[{"name":"wp","href":"https:\/\/api.w.org\/{rel}","templated":true}]}}