{"id":6834,"date":"2022-02-23T18:57:28","date_gmt":"2022-02-23T18:57:28","guid":{"rendered":"https:\/\/mundo.seashell.pt\/?post_type=product&#038;p=6834"},"modified":"2022-02-23T18:57:31","modified_gmt":"2022-02-23T18:57:31","slug":"sanytol-sabonete-liquido-250ml","status":"publish","type":"product","link":"https:\/\/mundo.seashell.pt\/?product=sanytol-sabonete-liquido-250ml","title":{"rendered":"Sanytol Sabonete L\u00edquido 250ml"},"content":{"rendered":"<p>Sab\u00e3o L\u00edquido Desinfetante Hidratante \u00e9 elaborado com alo\u00e9 vera e ch\u00e1 verde, conferindo-lhe assim propriedades hidratantes. Hipoalerg\u00e9nico, comprovado dermatologicamente e clinicamente.<\/p>\n<p>A maioria das infe\u00e7\u00f5es \u00e9 transmitida pelas m\u00e3os, por isso lavar as m\u00e3os regularmente \u00e9 a maneira mais f\u00e1cil de prevenir infe\u00e7\u00f5es. O Sabonete Desinfetante Hidratante Sanytol, \u00e9 dermatologicamente testado e tem uma f\u00f3rmula hipoalerg\u00e9nica enriquecida com ch\u00e1 verde natural e extratos de Alo\u00e9 Vera.<\/p>\n<h3>Tipo de produto:<\/h3>\n<p>Sabonete L\u00edquido<\/p>\n<h3>Benef\u00edcios:<\/h3>\n<p>&#8211; Elimina 99,9% de bact\u00e9rias, micr\u00f3bios e v\u00edrus, incluindo o v\u00edrus Influenza A H1N1 (gripe).<br \/>&#8211; Uma f\u00f3rmula hidratante e hipoalerg\u00e9nica, suave para as peles mais sens\u00edveis.<br \/>&#8211; Ideal para a higiene di\u00e1ria das m\u00e3os.<br \/>&#8211; Dermatol\u00f3gica e clinicamente testado.<br \/>&#8211; Sem lix\u00edvia.<br \/>&#8211; Deixa as m\u00e3os limpas, macias, hidratadas e delicadamente perfumadas.<\/p>\n<h3>Conselhos de utiliza\u00e7\u00e3o:<\/h3>\n<p>Aplicar um pouco de sabonete nas m\u00e3os h\u00famidas para fazer espuma.<br \/>Esfregue os dedos, as palmas, as costas das m\u00e3os e unhas durante 1 minuto.<br \/>Lavar bem com \u00e1gua limpa.<\/p>\n","protected":false},"excerpt":{"rendered":"<p>Sab\u00e3o L\u00edquido Desinfetante Hidratante \u00e9 elaborado com alo\u00e9 vera e ch\u00e1 verde, conferindo-lhe assim propriedades hidratantes. Hipoalerg\u00e9nico, comprovado dermatologicamente e clinicamente.<\/p>\n<p>A maioria das infe\u00e7\u00f5es \u00e9 transmitida pelas m\u00e3os, por isso lavar as m\u00e3os regularmente \u00e9 a maneira mais f\u00e1cil de prevenir infe\u00e7\u00f5es. O Sabonete Desinfetan&#8230;<\/p>\n","protected":false},"featured_media":6835,"template":"","meta":{"spay_email":""},"product_cat":[15],"product_tag":[],"class_list":{"0":"post-6834","1":"product","2":"type-product","3":"status-publish","4":"has-post-thumbnail","6":"product_cat-sem-categoria","8":"first","9":"instock","10":"taxable","11":"shipping-taxable","12":"purchasable","13":"product-type-simple"},"acf":[],"jetpack-related-posts":[{"id":6836,"url":"https:\/\/mundo.seashell.pt\/?product=palmolive-sabonete-liquido-300ml","url_meta":{"origin":6834,"position":0},"title":"Palmolive Sabonete L\u00edquido 300ml","date":"Fevereiro 23, 2022","format":false,"excerpt":"Fragr\u00e2ncia delicada e uma f\u00f3rmula rica e aveludada para m\u00e3os suaves e hidratadas. A f\u00f3rmula do sabonete l\u00edquido Palmolive deixa as m\u00e3os perfumadas e suaves ao toque. Testado dermatologicamente. Nova f\u00f3rmula melhorada. Ingredientes: Aqua Sodium C-12-13 Pareth Sulfate Cocamidopropyl Betaine Sodium Chloride Lauryl Polygluc...","rel":"","context":"Similar post","img":{"alt_text":"","src":"https:\/\/i0.wp.com\/mundo.seashell.pt\/wp-content\/uploads\/2022\/02\/Palmolive_Sabonete_Li_quido_Nutritivo_Amendoa_300ml._Dos_8003520012906.png?resize=350%2C200&ssl=1","width":350,"height":200},"classes":[]},{"id":6822,"url":"https:\/\/mundo.seashell.pt\/?product=dove-sabonete-regular-100gr","url_meta":{"origin":6834,"position":1},"title":"Dove Sabonete Regular 100Gr","date":"Fevereiro 23, 2022","format":false,"excerpt":"Todos n\u00f3s sabemos o qu\u00e3o importante \u00e9 cuidar das m\u00e3os. S\u00e3o a parte do nosso corpo que est\u00e1 mais exposta, pelo que uma limpeza correta \u00e9 imprescind\u00edvel para evitar a circula\u00e7\u00e3o de germes e parasitas no nosso organismo, ajudando na preven\u00e7\u00e3o de doen\u00e7as. O sabonete Original de Dove limpa em\u2026","rel":"","context":"Similar post","img":{"alt_text":"","src":"https:\/\/i0.wp.com\/mundo.seashell.pt\/wp-content\/uploads\/2022\/02\/DOVE_SABONETE_REGULAR_2X100gr_-_C_C.png?resize=350%2C200&ssl=1","width":350,"height":200},"classes":[]},{"id":6255,"url":"https:\/\/mundo.seashell.pt\/?product=sanytol-banhos-750ml","url_meta":{"origin":6834,"position":2},"title":"Sanytol Banhos 750ml","date":"Fevereiro 23, 2022","format":false,"excerpt":"Limpador Desinfetante Banhos A humidade promove o desenvolvimento de bact\u00e9rias, fungos e v\u00edrus. O uso de um desinfetante associado a um poderoso anti-calc\u00e1rio \u00e9 a \u00fanica forma de prevenir eficazmente a prolifera\u00e7\u00e3o de microrganismos indesej\u00e1veis, a forma\u00e7\u00e3o de mofo e calc\u00e1rio. Sanytol Desinfetante Banhos, sem lix\u00edvia, garante u...","rel":"","context":"Similar post","img":{"alt_text":"","src":"https:\/\/i0.wp.com\/mundo.seashell.pt\/wp-content\/uploads\/2022\/02\/SANYTOL_DESINFETANTE_BANHOS_750_ML_8411660670229.png?resize=350%2C200&ssl=1","width":350,"height":200},"classes":[]},{"id":6698,"url":"https:\/\/mundo.seashell.pt\/?product=toalhetes-aloe-vera-e-salvia-20-unidades","url_meta":{"origin":6834,"position":3},"title":"Toalhetes Alo\u00e9 Vera e S\u00e1lvia &#8211; 20 unidades","date":"Fevereiro 23, 2022","format":false,"excerpt":"As toalhitas de higiene \u00edntima Fresh & Clean s\u00e3o delicadas, macias e dermatologicamente testadas. As suas f\u00f3rmulas foram desenvolvidas com pH 5.0, sem \u00e1lcool e com tecnologia Odour Control, garantindo uma limpeza e prote\u00e7\u00e3o da \u00e1rea \u00edntima da mulher, enquanto respeita o seu equil\u00edbrio natural. Biodegrad\u00e1veis para dep\u00f3sito direto na\u2026","rel":"","context":"Similar post","img":{"alt_text":"","src":"https:\/\/i0.wp.com\/mundo.seashell.pt\/wp-content\/uploads\/2022\/02\/FRESH_CLEAN_Toalhetes_I_ntimos_Aloe__Vera_e_Sa_lvia_20_unidades__8002340010864.png?resize=350%2C200&ssl=1","width":350,"height":200},"classes":[]},{"id":6253,"url":"https:\/\/mundo.seashell.pt\/?product=sanytol-cozinhas-750ml","url_meta":{"origin":6834,"position":4},"title":"Sanytol Cozinhas 750ml","date":"Fevereiro 23, 2022","format":false,"excerpt":"Limpador Desinfetante Cozinhas Sanytol desinfetante cozinhas com a\u00e7\u00e3o desengordurante. A cozinha \u00e9 um local favor\u00e1vel ao desenvolvimento de bact\u00e9rias. O uso de um limpador desinfetante \u00e9 a \u00fanica forma de prevenir eficazmente a prolifera\u00e7\u00e3o de micr\u00f3bios. Com a sua f\u00f3rmula de tripla a\u00e7\u00e3o sem lix\u00edvia, elimina 99,9% dos microrganismos. R...","rel":"","context":"Similar post","img":{"alt_text":"","src":"https:\/\/i0.wp.com\/mundo.seashell.pt\/wp-content\/uploads\/2022\/02\/SANYTOL_DESINFETANTE_COZINHAS_750_ML_8411660670212.png?resize=350%2C200&ssl=1","width":350,"height":200},"classes":[]},{"id":5653,"url":"https:\/\/mundo.seashell.pt\/?product=dus-500ml","url_meta":{"origin":6834,"position":5},"title":"Sabonete M\u00e3os &#8211; Dus 500Ml","date":"Fevereiro 23, 2022","format":false,"excerpt":"Produto cosm\u00e9tico formulado com mat\u00e9rias-primas ideais para uma frequente lavagem das m\u00e3os.","rel":"","context":"Similar post","img":{"alt_text":"","src":"https:\/\/i0.wp.com\/mundo.seashell.pt\/wp-content\/uploads\/2022\/02\/dus.jpg?resize=350%2C200&ssl=1","width":350,"height":200},"classes":[]}],"_links":{"self":[{"href":"https:\/\/mundo.seashell.pt\/index.php?rest_route=\/wp\/v2\/product\/6834","targetHints":{"allow":["GET"]}}],"collection":[{"href":"https:\/\/mundo.seashell.pt\/index.php?rest_route=\/wp\/v2\/product"}],"about":[{"href":"https:\/\/mundo.seashell.pt\/index.php?rest_route=\/wp\/v2\/types\/product"}],"wp:featuredmedia":[{"embeddable":true,"href":"https:\/\/mundo.seashell.pt\/index.php?rest_route=\/wp\/v2\/media\/6835"}],"wp:attachment":[{"href":"https:\/\/mundo.seashell.pt\/index.php?rest_route=%2Fwp%2Fv2%2Fmedia&parent=6834"}],"wp:term":[{"taxonomy":"product_cat","embeddable":true,"href":"https:\/\/mundo.seashell.pt\/index.php?rest_route=%2Fwp%2Fv2%2Fproduct_cat&post=6834"},{"taxonomy":"product_tag","embeddable":true,"href":"https:\/\/mundo.seashell.pt\/index.php?rest_route=%2Fwp%2Fv2%2Fproduct_tag&post=6834"}],"curies":[{"name":"wp","href":"https:\/\/api.w.org\/{rel}","templated":true}]}}