{"id":6832,"date":"2022-02-23T18:57:13","date_gmt":"2022-02-23T18:57:13","guid":{"rendered":"https:\/\/mundo.seashell.pt\/?post_type=product&#038;p=6832"},"modified":"2022-02-23T18:57:15","modified_gmt":"2022-02-23T18:57:15","slug":"dove-sabonete-liquido-250ml","status":"publish","type":"product","link":"https:\/\/mundo.seashell.pt\/?product=dove-sabonete-liquido-250ml","title":{"rendered":"Dove Sabonete L\u00edquido 250ml"},"content":{"rendered":"<p>Explore as cole\u00e7\u00f5es Dove e encontre os produtos ideais para si!<\/p>\n<h3>Ingredientes:<\/h3>\n<p>Aqua, Sodium Laureth Sulfate, Glycerin, Sodium Chloride, Cocamidopropyl Betaine, Butylene Glycol, Citric Acid, Nelumbo Nucifera Flower Extract, Oryza Sativa Bran Extract, Oryza Sativa Germ Oil, Parfum, PEG-40 Hydrogenated Castor Oil, Sine Adipe Lac, Sodium Benzoate, Sodium Lauryl Sulfate, Styrene\/Acrylates Copolymer, Trideceth-9, Benzyl Alcohol, Benzyl Salicylate, Coumarin, Hexyl Cinnamal, Linalool, CI 17200.<\/p>\n<h3>Tipo de produto:<\/h3>\n<p>Sabonete L\u00edquido<\/p>\n<p>Benef\u00edcios:<br \/>&#8211; \u00bc de creme hidratante para manter a hidrata\u00e7\u00e3o da pele.<br \/>&#8211; N\u00e3o resseca a pele, deixando-a radiante e limpa.<\/p>\n<h3>Conselhos de utiliza\u00e7\u00e3o:<\/h3>\n<p>Adicione uma quantidade generosa deste produto nas m\u00e3os molhadas. Massaje at\u00e9 obter uma espuma rica e cremosa por pelo menos 20 segundos. Certifique-se de esfregar na frente e nas costas das m\u00e3os, entre os dedos e sob as unhas. Enxague e desfrute da sensa\u00e7\u00e3o de umas m\u00e3os suaves e limpas.<\/p>\n","protected":false},"excerpt":{"rendered":"<p>Explore as cole\u00e7\u00f5es Dove e encontre os produtos ideais para si!<\/p>\n<h3>Ingredientes:<\/h3>\n<p>Aqua, Sodium Laureth Sulfate, Glycerin, Sodium Chloride, Cocamidopropyl Betaine, Butylene Glycol, Citric Acid, Nelumbo Nucifera Flower Extract, Oryza Sativa Bran Extract, Oryza Sativa Germ Oil, Parfum, PEG-40 Hydrogenated Castor Oil, Sine Adipe La&#8230;<\/p>\n","protected":false},"featured_media":6833,"template":"","meta":{"spay_email":""},"product_cat":[15],"product_tag":[],"class_list":{"0":"post-6832","1":"product","2":"type-product","3":"status-publish","4":"has-post-thumbnail","6":"product_cat-sem-categoria","8":"first","9":"instock","10":"taxable","11":"shipping-taxable","12":"purchasable","13":"product-type-simple"},"acf":[],"jetpack-related-posts":[{"id":6836,"url":"https:\/\/mundo.seashell.pt\/?product=palmolive-sabonete-liquido-300ml","url_meta":{"origin":6832,"position":0},"title":"Palmolive Sabonete L\u00edquido 300ml","date":"Fevereiro 23, 2022","format":false,"excerpt":"Fragr\u00e2ncia delicada e uma f\u00f3rmula rica e aveludada para m\u00e3os suaves e hidratadas. A f\u00f3rmula do sabonete l\u00edquido Palmolive deixa as m\u00e3os perfumadas e suaves ao toque. Testado dermatologicamente. Nova f\u00f3rmula melhorada. Ingredientes: Aqua Sodium C-12-13 Pareth Sulfate Cocamidopropyl Betaine Sodium Chloride Lauryl Polygluc...","rel":"","context":"Similar post","img":{"alt_text":"","src":"https:\/\/i0.wp.com\/mundo.seashell.pt\/wp-content\/uploads\/2022\/02\/Palmolive_Sabonete_Li_quido_Nutritivo_Amendoa_300ml._Dos_8003520012906.png?resize=350%2C200&ssl=1","width":350,"height":200},"classes":[]},{"id":6784,"url":"https:\/\/mundo.seashell.pt\/?product=dove-gel-de-banho-secrets-05l","url_meta":{"origin":6832,"position":1},"title":"Dove Gel de Banho Secrets 500ml","date":"Fevereiro 23, 2022","format":false,"excerpt":"Explore as cole\u00e7\u00f5es Dove e encontre os produtos ideais para si! Dove criou o gel de duche Nourishing Secrets Indulging. Para uma pele nutrida, este gel de banho vai fazer sentir-se limpo, delicadamente perfumado e maravilhosamente mimado. Ingredientes: Aqua, Sodium Lauroyl Glycinate, Cocamidopropyl Betaine, Sodium L...","rel":"","context":"Similar post","img":{"alt_text":"","src":"https:\/\/i0.wp.com\/mundo.seashell.pt\/wp-content\/uploads\/2022\/02\/DOVE_GEL_BANHO_SECRETS_HONEY___OAT_500ML.png?resize=350%2C200&ssl=1","width":350,"height":200},"classes":[]},{"id":6778,"url":"https:\/\/mundo.seashell.pt\/?product=nivea-gel-de-banho-075l","url_meta":{"origin":6832,"position":2},"title":"Nivea Gel de Banho 750ml","date":"Fevereiro 23, 2022","format":false,"excerpt":"Experimente e avalie a qualidade dos produtos Nivea. Desde 1911 a cuidar de si! Aqua Sodium Laureth Sulfate Cocamidopropyl Betaine Glycerin Sodium Chloride Decyl Glucoside Parfum Lanolin Alcohol (Eucerit\u00ae) Panthenol Octyldodecanol Glyceryl Glucoside PEG40 Hydrogenated Castor Oil Citric Acid Styrene\/Acrylates Copolymer P EG200 Hydro...","rel":"","context":"Similar post","img":{"alt_text":"","src":"https:\/\/i0.wp.com\/mundo.seashell.pt\/wp-content\/uploads\/2022\/02\/5292030-frente.jpeg?resize=350%2C200&ssl=1","width":350,"height":200},"classes":[]},{"id":5653,"url":"https:\/\/mundo.seashell.pt\/?product=dus-500ml","url_meta":{"origin":6832,"position":3},"title":"Sabonete M\u00e3os &#8211; Dus 500Ml","date":"Fevereiro 23, 2022","format":false,"excerpt":"Produto cosm\u00e9tico formulado com mat\u00e9rias-primas ideais para uma frequente lavagem das m\u00e3os.","rel":"","context":"Similar post","img":{"alt_text":"","src":"https:\/\/i0.wp.com\/mundo.seashell.pt\/wp-content\/uploads\/2022\/02\/dus.jpg?resize=350%2C200&ssl=1","width":350,"height":200},"classes":[]},{"id":6980,"url":"https:\/\/mundo.seashell.pt\/?product=gillette-gel-series-sensivel-200ml","url_meta":{"origin":6832,"position":4},"title":"Gillette Gel Series Sens\u00edvel 200ml","date":"Fevereiro 23, 2022","format":false,"excerpt":"Cuide da sua pele com a espuma de barbear Gillette Series Sensitive. A f\u00f3rmula com alo\u00e9 proporciona uma tripla a\u00e7\u00e3o ao barbear. A sua f\u00f3rmula de tripla a\u00e7\u00e3o, com alo\u00e9, acalma a pele para um barbear fresco e confort\u00e1vel, hidrata durante o barbear e ajuda a proteger a pele da\u2026","rel":"","context":"Similar post","img":{"alt_text":"","src":"https:\/\/i0.wp.com\/mundo.seashell.pt\/wp-content\/uploads\/2022\/02\/GILLETTE_GEL_SERIES_PELE_SENSI_VEL_200ML_7702018405084.png?resize=350%2C200&ssl=1","width":350,"height":200},"classes":[]},{"id":6790,"url":"https:\/\/mundo.seashell.pt\/?product=dove-gel-de-banho-masculino","url_meta":{"origin":6832,"position":5},"title":"Dove Gel de Banho Masculino","date":"Fevereiro 23, 2022","format":false,"excerpt":"O Gel de Duche Dove Men+Care tem \u00bc de creme hidratante para limpar cuidadosamente a sua pele e ajudar a mante-la hidratada. Esta f\u00f3rmula eficaz \u00e9 f\u00e1cil de enxaguar e d\u00e1 um total conforto e frescura \u00e0 sua pele.Este Gel de Duche usa a tecnologia MicroMoisture que ajuda a manter\u2026","rel":"","context":"Similar post","img":{"alt_text":"","src":"https:\/\/i0.wp.com\/mundo.seashell.pt\/wp-content\/uploads\/2022\/02\/DOVE_MEN_GEL_BANHO_CLEAN_COMFORT_400ML.png?resize=350%2C200&ssl=1","width":350,"height":200},"classes":[]}],"_links":{"self":[{"href":"https:\/\/mundo.seashell.pt\/index.php?rest_route=\/wp\/v2\/product\/6832","targetHints":{"allow":["GET"]}}],"collection":[{"href":"https:\/\/mundo.seashell.pt\/index.php?rest_route=\/wp\/v2\/product"}],"about":[{"href":"https:\/\/mundo.seashell.pt\/index.php?rest_route=\/wp\/v2\/types\/product"}],"wp:featuredmedia":[{"embeddable":true,"href":"https:\/\/mundo.seashell.pt\/index.php?rest_route=\/wp\/v2\/media\/6833"}],"wp:attachment":[{"href":"https:\/\/mundo.seashell.pt\/index.php?rest_route=%2Fwp%2Fv2%2Fmedia&parent=6832"}],"wp:term":[{"taxonomy":"product_cat","embeddable":true,"href":"https:\/\/mundo.seashell.pt\/index.php?rest_route=%2Fwp%2Fv2%2Fproduct_cat&post=6832"},{"taxonomy":"product_tag","embeddable":true,"href":"https:\/\/mundo.seashell.pt\/index.php?rest_route=%2Fwp%2Fv2%2Fproduct_tag&post=6832"}],"curies":[{"name":"wp","href":"https:\/\/api.w.org\/{rel}","templated":true}]}}