{"id":6828,"date":"2022-02-23T18:57:06","date_gmt":"2022-02-23T18:57:06","guid":{"rendered":"https:\/\/mundo.seashell.pt\/?post_type=product&#038;p=6828"},"modified":"2022-02-23T18:57:09","modified_gmt":"2022-02-23T18:57:09","slug":"feno-de-portugal-sabonete-solido-90gr","status":"publish","type":"product","link":"https:\/\/mundo.seashell.pt\/?product=feno-de-portugal-sabonete-solido-90gr","title":{"rendered":"Feno de Portugal Sabonete S\u00f3lido 90Gr"},"content":{"rendered":"<p>Feno de Portugal Sabonete S\u00f3lido.<\/p>\n<blockquote><p>Sabonete S\u00f3lido Nutricuida&nbsp;<\/p><\/blockquote>\n<p>Uma f\u00f3rmula com ingredientes tipicamente portugueses para uma pele mais sedosa e perfumada. Desenvolvidos com \u00f3leos hidratantes e extratos 100% naturais dos mais agrad\u00e1veis aromas da natureza !<\/p>\n<h3>Informa\u00e7\u00e3o Adicional:<\/h3>\n<p>Sabia Que: A marca Feno de Portugal nasceu nos anos 30, na antiga f\u00e1brica de sabonetes Santa Clara e assumia-se como o melhor sabonete portugu\u00eas, fruto da exig\u00eancia de quem preferia os melhores produtos. Recentemente foi adquirida pela BrandCare.<\/p>\n","protected":false},"excerpt":{"rendered":"<p>Feno de Portugal Sabonete S\u00f3lido.<\/p>\n<blockquote><p>Sabonete S\u00f3lido Nutricuida&nbsp;<\/p><\/blockquote>\n<p>Uma f\u00f3rmula com ingredientes tipicamente portugueses para uma pele mais sedosa e perfumada. Desenvolvidos com \u00f3leos hidratantes e extratos 100% naturais dos mais agrad\u00e1veis aromas da natureza !<\/p>\n<h3>Informa\u00e7\u00e3o Adicional:<\/h3>\n<p>Sabia Que: A ma&#8230;<\/p>\n","protected":false},"featured_media":6829,"template":"","meta":{"spay_email":""},"product_cat":[15],"product_tag":[],"class_list":{"0":"post-6828","1":"product","2":"type-product","3":"status-publish","4":"has-post-thumbnail","6":"product_cat-sem-categoria","8":"first","9":"instock","10":"taxable","11":"shipping-taxable","12":"purchasable","13":"product-type-simple"},"acf":[],"jetpack-related-posts":[{"id":6834,"url":"https:\/\/mundo.seashell.pt\/?product=sanytol-sabonete-liquido-250ml","url_meta":{"origin":6828,"position":0},"title":"Sanytol Sabonete L\u00edquido 250ml","date":"Fevereiro 23, 2022","format":false,"excerpt":"Sab\u00e3o L\u00edquido Desinfetante Hidratante \u00e9 elaborado com alo\u00e9 vera e ch\u00e1 verde, conferindo-lhe assim propriedades hidratantes. Hipoalerg\u00e9nico, comprovado dermatologicamente e clinicamente. A maioria das infe\u00e7\u00f5es \u00e9 transmitida pelas m\u00e3os, por isso lavar as m\u00e3os regularmente \u00e9 a maneira mais f\u00e1cil de prevenir infe\u00e7\u00f5es. O Sabonete Desinfetan...","rel":"","context":"Similar post","img":{"alt_text":"","src":"https:\/\/i0.wp.com\/mundo.seashell.pt\/wp-content\/uploads\/2022\/02\/SANYTOL_SABA_O_LIQUIDO_DESINFETANTE_HIDRATANTE_250_ML_3045206501200.png?resize=350%2C200&ssl=1","width":350,"height":200},"classes":[]},{"id":6826,"url":"https:\/\/mundo.seashell.pt\/?product=palmolive-sabonetes-solidos-90gr","url_meta":{"origin":6828,"position":1},"title":"Palmolive Sabonetes S\u00f3lidos 90Gr","date":"Fevereiro 23, 2022","format":false,"excerpt":"Mantenha a sua pele cuidada com o Sabonete S\u00f3lido Palmolive.Tipo de produto: Sabonete S\u00f3lidoBenef\u00edcios: Enriquecido com extratos naturais. Conselhos de utiliza\u00e7\u00e3o: Os sabonetes s\u00f3lidos podem ser usados diretamente na pele molhada. No entanto, podemos ainda utiliz\u00e1-lo massajando a pele com a espu...","rel":"","context":"Similar post","img":{"alt_text":"","src":"https:\/\/i0.wp.com\/mundo.seashell.pt\/wp-content\/uploads\/2022\/02\/Palmolive_Sabonete_Original_Olive_Pack_4_-_90_grs._8714789703015.png?resize=350%2C200&ssl=1","width":350,"height":200},"classes":[]},{"id":6836,"url":"https:\/\/mundo.seashell.pt\/?product=palmolive-sabonete-liquido-300ml","url_meta":{"origin":6828,"position":2},"title":"Palmolive Sabonete L\u00edquido 300ml","date":"Fevereiro 23, 2022","format":false,"excerpt":"Fragr\u00e2ncia delicada e uma f\u00f3rmula rica e aveludada para m\u00e3os suaves e hidratadas. A f\u00f3rmula do sabonete l\u00edquido Palmolive deixa as m\u00e3os perfumadas e suaves ao toque. Testado dermatologicamente. Nova f\u00f3rmula melhorada. Ingredientes: Aqua Sodium C-12-13 Pareth Sulfate Cocamidopropyl Betaine Sodium Chloride Lauryl Polygluc...","rel":"","context":"Similar post","img":{"alt_text":"","src":"https:\/\/i0.wp.com\/mundo.seashell.pt\/wp-content\/uploads\/2022\/02\/Palmolive_Sabonete_Li_quido_Nutritivo_Amendoa_300ml._Dos_8003520012906.png?resize=350%2C200&ssl=1","width":350,"height":200},"classes":[]},{"id":6822,"url":"https:\/\/mundo.seashell.pt\/?product=dove-sabonete-regular-100gr","url_meta":{"origin":6828,"position":3},"title":"Dove Sabonete Regular 100Gr","date":"Fevereiro 23, 2022","format":false,"excerpt":"Todos n\u00f3s sabemos o qu\u00e3o importante \u00e9 cuidar das m\u00e3os. S\u00e3o a parte do nosso corpo que est\u00e1 mais exposta, pelo que uma limpeza correta \u00e9 imprescind\u00edvel para evitar a circula\u00e7\u00e3o de germes e parasitas no nosso organismo, ajudando na preven\u00e7\u00e3o de doen\u00e7as. O sabonete Original de Dove limpa em\u2026","rel":"","context":"Similar post","img":{"alt_text":"","src":"https:\/\/i0.wp.com\/mundo.seashell.pt\/wp-content\/uploads\/2022\/02\/DOVE_SABONETE_REGULAR_2X100gr_-_C_C.png?resize=350%2C200&ssl=1","width":350,"height":200},"classes":[]},{"id":6786,"url":"https:\/\/mundo.seashell.pt\/?product=feno-gel-de-banho-075l","url_meta":{"origin":6828,"position":4},"title":"FEno Gel de Banho 0,75L","date":"Fevereiro 23, 2022","format":false,"excerpt":"Linha hipoalerg\u00e9nica ideal para todos os tipos de pele, incluindo as mais sens\u00edveis, pois foram desenvolvidas f\u00f3rmulas sem parabenos, corantes ou conservantes, garantindo o pH fisiol\u00f3gico na pele. Sabia Que: A marca Feno de Portugal nasceu nos anos 30, na antiga f\u00e1brica de sabonetes Santa Clara e assumia-se como o\u2026","rel":"","context":"Similar post","img":{"alt_text":"","src":"https:\/\/i0.wp.com\/mundo.seashell.pt\/wp-content\/uploads\/2022\/02\/FENO_DE_PORTUGAL_Gel_de_Banho_O_leo_Oliva_e_Camomila_750ml__5600258596215.png?resize=350%2C200&ssl=1","width":350,"height":200},"classes":[]},{"id":6824,"url":"https:\/\/mundo.seashell.pt\/?product=nivea-creme-soft","url_meta":{"origin":6828,"position":5},"title":"Nivea Creme Soft 100gr","date":"Fevereiro 23, 2022","format":false,"excerpt":"Experimente e avalie a qualidade dos produtos Nivea. Desde 1911 a cuidar de si!Descri\u00e7\u00e3o: Descubra a sensa\u00e7\u00e3o de pele suave: com o cuidado do \u00f3leo de am\u00eandoa e um aroma suave que limpa cuidadosamente as suas m\u00e3os, protegendo-as da desidrata\u00e7\u00e3o. Tipo de produto: Sabonete S\u00f3lido Sabia Que: A Nivea tem\u2026","rel":"","context":"Similar post","img":{"alt_text":"","src":"https:\/\/i0.wp.com\/mundo.seashell.pt\/wp-content\/uploads\/2022\/02\/NIVEA_So_lido_Creme_Soft_3pack_3x100_gr_4005808133017.png?resize=350%2C200&ssl=1","width":350,"height":200},"classes":[]}],"_links":{"self":[{"href":"https:\/\/mundo.seashell.pt\/index.php?rest_route=\/wp\/v2\/product\/6828","targetHints":{"allow":["GET"]}}],"collection":[{"href":"https:\/\/mundo.seashell.pt\/index.php?rest_route=\/wp\/v2\/product"}],"about":[{"href":"https:\/\/mundo.seashell.pt\/index.php?rest_route=\/wp\/v2\/types\/product"}],"wp:featuredmedia":[{"embeddable":true,"href":"https:\/\/mundo.seashell.pt\/index.php?rest_route=\/wp\/v2\/media\/6829"}],"wp:attachment":[{"href":"https:\/\/mundo.seashell.pt\/index.php?rest_route=%2Fwp%2Fv2%2Fmedia&parent=6828"}],"wp:term":[{"taxonomy":"product_cat","embeddable":true,"href":"https:\/\/mundo.seashell.pt\/index.php?rest_route=%2Fwp%2Fv2%2Fproduct_cat&post=6828"},{"taxonomy":"product_tag","embeddable":true,"href":"https:\/\/mundo.seashell.pt\/index.php?rest_route=%2Fwp%2Fv2%2Fproduct_tag&post=6828"}],"curies":[{"name":"wp","href":"https:\/\/api.w.org\/{rel}","templated":true}]}}