{"id":6826,"date":"2022-02-23T18:56:49","date_gmt":"2022-02-23T18:56:49","guid":{"rendered":"https:\/\/mundo.seashell.pt\/?post_type=product&#038;p=6826"},"modified":"2022-02-23T18:56:52","modified_gmt":"2022-02-23T18:56:52","slug":"palmolive-sabonetes-solidos-90gr","status":"publish","type":"product","link":"https:\/\/mundo.seashell.pt\/?product=palmolive-sabonetes-solidos-90gr","title":{"rendered":"Palmolive Sabonetes S\u00f3lidos 90Gr"},"content":{"rendered":"<p>Mantenha a sua pele cuidada com o Sabonete S\u00f3lido Palmolive.<\/p>\n<h3>Tipo de produto:<\/h3>\n<p>Sabonete S\u00f3lido<\/p>\n<h3>Benef\u00edcios:<\/h3>\n<p>Enriquecido com extratos naturais.<\/p>\n<h3>Conselhos de utiliza\u00e7\u00e3o:<\/h3>\n<p>Os sabonetes s\u00f3lidos podem ser usados diretamente na pele molhada. No entanto, podemos ainda utiliz\u00e1-lo massajando a pele com a espuma gerada com as m\u00e3os.<\/p>\n<p><\/p>\n<ul><\/ul>\n","protected":false},"excerpt":{"rendered":"<p>Mantenha a sua pele cuidada com o Sabonete S\u00f3lido Palmolive.Tipo de produto:<br \/>\nSabonete S\u00f3lidoBenef\u00edcios:<br \/>\nEnriquecido com extratos naturais.<br \/>\nConselhos de utiliza\u00e7\u00e3o:<br \/>\nOs sabonetes s\u00f3lidos podem ser usados diretamente na pele molhada. No entanto, podemos ainda utiliz\u00e1-lo massajando a pele com a espu&#8230;<\/p>\n","protected":false},"featured_media":6827,"template":"","meta":{"spay_email":""},"product_cat":[15],"product_tag":[],"class_list":{"0":"post-6826","1":"product","2":"type-product","3":"status-publish","4":"has-post-thumbnail","6":"product_cat-sem-categoria","8":"first","9":"instock","10":"taxable","11":"shipping-taxable","12":"purchasable","13":"product-type-simple"},"acf":[],"jetpack-related-posts":[{"id":6828,"url":"https:\/\/mundo.seashell.pt\/?product=feno-de-portugal-sabonete-solido-90gr","url_meta":{"origin":6826,"position":0},"title":"Feno de Portugal Sabonete S\u00f3lido 90Gr","date":"Fevereiro 23, 2022","format":false,"excerpt":"Feno de Portugal Sabonete S\u00f3lido.Sabonete S\u00f3lido Nutricuida\u00a0 Uma f\u00f3rmula com ingredientes tipicamente portugueses para uma pele mais sedosa e perfumada. Desenvolvidos com \u00f3leos hidratantes e extratos 100% naturais dos mais agrad\u00e1veis aromas da natureza !Informa\u00e7\u00e3o Adicional: Sabia Que: A ma...","rel":"","context":"Similar post","img":{"alt_text":"","src":"https:\/\/i0.wp.com\/mundo.seashell.pt\/wp-content\/uploads\/2022\/02\/FENO_DE_PORTUGAL_Sabonete_So_lido_Regular_4_x_90g__5600258596079.png?resize=350%2C200&ssl=1","width":350,"height":200},"classes":[]},{"id":6820,"url":"https:\/\/mundo.seashell.pt\/?product=dove-sabonete-100gr","url_meta":{"origin":6826,"position":1},"title":"Dove Sabonete 100gr","date":"Fevereiro 23, 2022","format":false,"excerpt":"Sabonete com part\u00edculas exfoliantes. A esfolia\u00e7\u00e3o deve ser sempre suave. \u00c9 a\u00ed que entra Dove Sabonete Gentle Exfoliating. A esfolia\u00e7\u00e3o oferecida por este sabonete \u00e9 suave e remove as impurezas da pele, deixando-a bonita e revitalizada. Deixe a sua pele mais macia e bem cuidada, todos os dias. Tipo de\u2026","rel":"","context":"Similar post","img":{"alt_text":"","src":"https:\/\/i0.wp.com\/mundo.seashell.pt\/wp-content\/uploads\/2022\/02\/DOVE_SABONETE_GENTLE_EXFOLIANT._4x100gr.png?resize=350%2C200&ssl=1","width":350,"height":200},"classes":[]},{"id":6830,"url":"https:\/\/mundo.seashell.pt\/?product=lux-sabonete-solido-125gr","url_meta":{"origin":6826,"position":2},"title":"Lux Sabonete S\u00f3lido 125Gr","date":"Fevereiro 23, 2022","format":false,"excerpt":"Lux para os seus momentos de beleza!Tipo de produto: Sabonete S\u00f3lidoConselhos de utiliza\u00e7\u00e3o: As suas m\u00e3os s\u00e3o das partes mais secas do seu corpo. Para deix\u00e1-las mais refrescadas, fa\u00e7a espuma com o sabonete Lux nas suas m\u00e3os molhadas. Depois massaje o seu corpo e o rosto com a espuma, evitando\u2026","rel":"","context":"Similar post","img":{"alt_text":"","src":"https:\/\/i0.wp.com\/mundo.seashell.pt\/wp-content\/uploads\/2022\/02\/LUX_SABONETE_GOOD_DAY_PACK_4X125GR.png?resize=350%2C200&ssl=1","width":350,"height":200},"classes":[]},{"id":6822,"url":"https:\/\/mundo.seashell.pt\/?product=dove-sabonete-regular-100gr","url_meta":{"origin":6826,"position":3},"title":"Dove Sabonete Regular 100Gr","date":"Fevereiro 23, 2022","format":false,"excerpt":"Todos n\u00f3s sabemos o qu\u00e3o importante \u00e9 cuidar das m\u00e3os. S\u00e3o a parte do nosso corpo que est\u00e1 mais exposta, pelo que uma limpeza correta \u00e9 imprescind\u00edvel para evitar a circula\u00e7\u00e3o de germes e parasitas no nosso organismo, ajudando na preven\u00e7\u00e3o de doen\u00e7as. O sabonete Original de Dove limpa em\u2026","rel":"","context":"Similar post","img":{"alt_text":"","src":"https:\/\/i0.wp.com\/mundo.seashell.pt\/wp-content\/uploads\/2022\/02\/DOVE_SABONETE_REGULAR_2X100gr_-_C_C.png?resize=350%2C200&ssl=1","width":350,"height":200},"classes":[]},{"id":6832,"url":"https:\/\/mundo.seashell.pt\/?product=dove-sabonete-liquido-250ml","url_meta":{"origin":6826,"position":4},"title":"Dove Sabonete L\u00edquido 250ml","date":"Fevereiro 23, 2022","format":false,"excerpt":"Explore as cole\u00e7\u00f5es Dove e encontre os produtos ideais para si!Ingredientes: Aqua, Sodium Laureth Sulfate, Glycerin, Sodium Chloride, Cocamidopropyl Betaine, Butylene Glycol, Citric Acid, Nelumbo Nucifera Flower Extract, Oryza Sativa Bran Extract, Oryza Sativa Germ Oil, Parfum, PEG-40 Hydrogenated Castor Oil, Sine Adipe La...","rel":"","context":"Similar post","img":{"alt_text":"","src":"https:\/\/i0.wp.com\/mundo.seashell.pt\/wp-content\/uploads\/2022\/02\/Dove_Regular__250ml__.png?resize=350%2C200&ssl=1","width":350,"height":200},"classes":[]},{"id":6834,"url":"https:\/\/mundo.seashell.pt\/?product=sanytol-sabonete-liquido-250ml","url_meta":{"origin":6826,"position":5},"title":"Sanytol Sabonete L\u00edquido 250ml","date":"Fevereiro 23, 2022","format":false,"excerpt":"Sab\u00e3o L\u00edquido Desinfetante Hidratante \u00e9 elaborado com alo\u00e9 vera e ch\u00e1 verde, conferindo-lhe assim propriedades hidratantes. Hipoalerg\u00e9nico, comprovado dermatologicamente e clinicamente. A maioria das infe\u00e7\u00f5es \u00e9 transmitida pelas m\u00e3os, por isso lavar as m\u00e3os regularmente \u00e9 a maneira mais f\u00e1cil de prevenir infe\u00e7\u00f5es. O Sabonete Desinfetan...","rel":"","context":"Similar post","img":{"alt_text":"","src":"https:\/\/i0.wp.com\/mundo.seashell.pt\/wp-content\/uploads\/2022\/02\/SANYTOL_SABA_O_LIQUIDO_DESINFETANTE_HIDRATANTE_250_ML_3045206501200.png?resize=350%2C200&ssl=1","width":350,"height":200},"classes":[]}],"_links":{"self":[{"href":"https:\/\/mundo.seashell.pt\/index.php?rest_route=\/wp\/v2\/product\/6826","targetHints":{"allow":["GET"]}}],"collection":[{"href":"https:\/\/mundo.seashell.pt\/index.php?rest_route=\/wp\/v2\/product"}],"about":[{"href":"https:\/\/mundo.seashell.pt\/index.php?rest_route=\/wp\/v2\/types\/product"}],"wp:featuredmedia":[{"embeddable":true,"href":"https:\/\/mundo.seashell.pt\/index.php?rest_route=\/wp\/v2\/media\/6827"}],"wp:attachment":[{"href":"https:\/\/mundo.seashell.pt\/index.php?rest_route=%2Fwp%2Fv2%2Fmedia&parent=6826"}],"wp:term":[{"taxonomy":"product_cat","embeddable":true,"href":"https:\/\/mundo.seashell.pt\/index.php?rest_route=%2Fwp%2Fv2%2Fproduct_cat&post=6826"},{"taxonomy":"product_tag","embeddable":true,"href":"https:\/\/mundo.seashell.pt\/index.php?rest_route=%2Fwp%2Fv2%2Fproduct_tag&post=6826"}],"curies":[{"name":"wp","href":"https:\/\/api.w.org\/{rel}","templated":true}]}}