{"id":6824,"date":"2022-02-23T18:56:46","date_gmt":"2022-02-23T18:56:46","guid":{"rendered":"https:\/\/mundo.seashell.pt\/?post_type=product&#038;p=6824"},"modified":"2022-02-23T18:56:49","modified_gmt":"2022-02-23T18:56:49","slug":"nivea-creme-soft","status":"publish","type":"product","link":"https:\/\/mundo.seashell.pt\/?product=nivea-creme-soft","title":{"rendered":"Nivea Creme Soft 100gr"},"content":{"rendered":"<p>Experimente e avalie a qualidade dos produtos Nivea. Desde 1911 a cuidar de si!<\/p>\n<h3>Descri\u00e7\u00e3o:<\/h3>\n<p>Descubra a sensa\u00e7\u00e3o de pele suave: com o cuidado do \u00f3leo de am\u00eandoa e um aroma suave que limpa cuidadosamente as suas m\u00e3os, protegendo-as da desidrata\u00e7\u00e3o.<\/p>\n<h3>Tipo de produto:<\/h3>\n<p>Sabonete S\u00f3lido<\/p>\n<p>Sabia Que: A Nivea tem algumas lojas-conceito espalhadas pelo mundo. Nessas lojas para al\u00e9m de comprar produtos da marca, pode tamb\u00e9m aproveitar um almo\u00e7o com comidas saud\u00e1veis e receber uma massagem relaxante ou um tratamento de pele.<\/p>\n<p><\/p>\n<ul><\/ul>\n","protected":false},"excerpt":{"rendered":"<p>Experimente e avalie a qualidade dos produtos Nivea. Desde 1911 a cuidar de si!Descri\u00e7\u00e3o:<br \/>\nDescubra a sensa\u00e7\u00e3o de pele suave: com o cuidado do \u00f3leo de am\u00eandoa e um aroma suave que limpa cuidadosamente as suas m\u00e3os, protegendo-as da desidrata\u00e7\u00e3o.<br \/>\nTipo de produto:<br \/>\nSabonete S\u00f3lido<br \/>\nSabia Que: A Nivea tem algu&#8230;<\/p>\n","protected":false},"featured_media":6825,"template":"","meta":{"spay_email":""},"product_cat":[15],"product_tag":[],"class_list":{"0":"post-6824","1":"product","2":"type-product","3":"status-publish","4":"has-post-thumbnail","6":"product_cat-sem-categoria","8":"first","9":"instock","10":"taxable","11":"shipping-taxable","12":"purchasable","13":"product-type-simple"},"acf":[],"jetpack-related-posts":[{"id":6780,"url":"https:\/\/mundo.seashell.pt\/?product=nivea-creme-soft-gel-de-banho-065l","url_meta":{"origin":6824,"position":0},"title":"Nivea Creme Soft Gel de Banho 650ml","date":"Fevereiro 23, 2022","format":false,"excerpt":"Experimente e avalie a qualidade dos produtos Nivea. Desde 1911 a cuidar de si!Descri\u00e7\u00e3o: Nivea Creme de Banho Creme Soft, o seu creme de bango com um delicado aroma que lhe proporciona uma experi\u00eancia hidratante \u00fanica. Enriquecido com o precioso \u00d3leo de Am\u00eandoa, oferece-lhe uma suave e cremosa espuma que\u2026","rel":"","context":"Similar post","img":{"alt_text":"","src":"https:\/\/i0.wp.com\/mundo.seashell.pt\/wp-content\/uploads\/2022\/02\/80968-05100-69_Creme_de_Banho_Creme_Soft_650ml_4005900694812.png?resize=350%2C200&ssl=1","width":350,"height":200},"classes":[]},{"id":6778,"url":"https:\/\/mundo.seashell.pt\/?product=nivea-gel-de-banho-075l","url_meta":{"origin":6824,"position":1},"title":"Nivea Gel de Banho 750ml","date":"Fevereiro 23, 2022","format":false,"excerpt":"Experimente e avalie a qualidade dos produtos Nivea. Desde 1911 a cuidar de si! Aqua Sodium Laureth Sulfate Cocamidopropyl Betaine Glycerin Sodium Chloride Decyl Glucoside Parfum Lanolin Alcohol (Eucerit\u00ae) Panthenol Octyldodecanol Glyceryl Glucoside PEG40 Hydrogenated Castor Oil Citric Acid Styrene\/Acrylates Copolymer P EG200 Hydro...","rel":"","context":"Similar post","img":{"alt_text":"","src":"https:\/\/i0.wp.com\/mundo.seashell.pt\/wp-content\/uploads\/2022\/02\/5292030-frente.jpeg?resize=350%2C200&ssl=1","width":350,"height":200},"classes":[]},{"id":6856,"url":"https:\/\/mundo.seashell.pt\/?product=nivea-men-desodorizante-50ml","url_meta":{"origin":6824,"position":2},"title":"Nivea Men Desodorizante 50ml","date":"Fevereiro 23, 2022","format":false,"excerpt":"Experimente e avalie a qualidade dos produtos Nivea. Desde 1911 a cuidar de si!Descri\u00e7\u00e3o: Efic\u00e1cia que n\u00e3o deixa manchas brancas nos tecidos escuros e reduz o aparecimento de manchas amarelas nas roupas claras. Tipo de produto: Desodorizante Roll-OnConselhos de utiliza\u00e7\u00e3o: Aplique na pele li...","rel":"","context":"Similar post","img":{"alt_text":"","src":"https:\/\/i0.wp.com\/mundo.seashell.pt\/wp-content\/uploads\/2022\/02\/85948-07405-30_Roll-on_Men_Protect___Care_4005900388971.png?resize=350%2C200&ssl=1","width":350,"height":200},"classes":[]},{"id":6848,"url":"https:\/\/mundo.seashell.pt\/?product=nivea-men-dry-impact-desodorizante-200ml","url_meta":{"origin":6824,"position":3},"title":"Nivea Men dry impact Desodorizante 200ml","date":"Fevereiro 23, 2022","format":false,"excerpt":"Experimente e avalie a qualidade dos produtos Nivea. Desde 1911 a cuidar de si!Descri\u00e7\u00e3o: Regula eficazmente a transpira\u00e7\u00e3o durante 48h, garantindo axilas agrad\u00e1velmente secas e cuidadas durante todo o dia: anti-transpirante que elimina o odor corporal. Com uma suave fragr\u00e2ncia masculina . Tipo de produto: Deso...","rel":"","context":"Similar post","img":{"alt_text":"","src":"https:\/\/i0.wp.com\/mundo.seashell.pt\/wp-content\/uploads\/2022\/02\/81605-07405-39_Spray_Dry_Men_Impact_200ml_4005808727186.png?resize=350%2C200&ssl=1","width":350,"height":200},"classes":[]},{"id":6880,"url":"https:\/\/mundo.seashell.pt\/?product=nivea-desodorizante-feminino-roll-on-50ml","url_meta":{"origin":6824,"position":4},"title":"Nivea Desodorizante Feminino Roll-On 50ml","date":"Fevereiro 23, 2022","format":false,"excerpt":"Experimente e avalie a qualidade dos produtos Nivea. Desde 1911 a cuidar de si!Tipo de produto: Desodorizante Roll-OnConselhos de utiliza\u00e7\u00e3o: Aplique na pele limpa e seca de axilas. Levante um bra\u00e7o e aplique com movimentos circulares de pouca press\u00e3o at\u00e9 criar uma camada fina de produto sobre a sua axila.\u2026","rel":"","context":"Similar post","img":{"alt_text":"","src":"https:\/\/i0.wp.com\/mundo.seashell.pt\/wp-content\/uploads\/2022\/02\/81611-07405-28_Roll-on_Dry_Comfort_4005900388513.png?resize=350%2C200&ssl=1","width":350,"height":200},"classes":[]},{"id":6700,"url":"https:\/\/mundo.seashell.pt\/?product=toalhitas-suaves-50-unidades","url_meta":{"origin":6824,"position":5},"title":"Toalhitas Suaves &#8211; 50 unidades","date":"Fevereiro 23, 2022","format":false,"excerpt":"NIVEA Toalhitas de Limpeza Suaves 3 em 1 Removem a maquilhagem e a m\u00e1scara waterproof, e limpam delicadamente. Tecido derivado de plantas e f\u00f3rmula sem micropl\u00e1sticos F\u00f3rmula de cuidado enriquecida com \u00d3leo de Am\u00eandoa Natural e feita com ingredientes de origem natural para uma utiliza\u00e7\u00e3o di\u00e1ria. Hidrata...","rel":"","context":"Similar post","img":{"alt_text":"","src":"https:\/\/i0.wp.com\/mundo.seashell.pt\/wp-content\/uploads\/2022\/02\/82316-06600-08_Toalhitas_de_Limpeza_Suaves_Pele_SS_L2P1_4005900450074.png?resize=350%2C200&ssl=1","width":350,"height":200},"classes":[]}],"_links":{"self":[{"href":"https:\/\/mundo.seashell.pt\/index.php?rest_route=\/wp\/v2\/product\/6824","targetHints":{"allow":["GET"]}}],"collection":[{"href":"https:\/\/mundo.seashell.pt\/index.php?rest_route=\/wp\/v2\/product"}],"about":[{"href":"https:\/\/mundo.seashell.pt\/index.php?rest_route=\/wp\/v2\/types\/product"}],"wp:featuredmedia":[{"embeddable":true,"href":"https:\/\/mundo.seashell.pt\/index.php?rest_route=\/wp\/v2\/media\/6825"}],"wp:attachment":[{"href":"https:\/\/mundo.seashell.pt\/index.php?rest_route=%2Fwp%2Fv2%2Fmedia&parent=6824"}],"wp:term":[{"taxonomy":"product_cat","embeddable":true,"href":"https:\/\/mundo.seashell.pt\/index.php?rest_route=%2Fwp%2Fv2%2Fproduct_cat&post=6824"},{"taxonomy":"product_tag","embeddable":true,"href":"https:\/\/mundo.seashell.pt\/index.php?rest_route=%2Fwp%2Fv2%2Fproduct_tag&post=6824"}],"curies":[{"name":"wp","href":"https:\/\/api.w.org\/{rel}","templated":true}]}}