{"id":6822,"date":"2022-02-23T18:56:44","date_gmt":"2022-02-23T18:56:44","guid":{"rendered":"https:\/\/mundo.seashell.pt\/?post_type=product&#038;p=6822"},"modified":"2022-02-23T18:56:46","modified_gmt":"2022-02-23T18:56:46","slug":"dove-sabonete-regular-100gr","status":"publish","type":"product","link":"https:\/\/mundo.seashell.pt\/?product=dove-sabonete-regular-100gr","title":{"rendered":"Dove Sabonete Regular 100Gr"},"content":{"rendered":"<p>Todos n\u00f3s sabemos o qu\u00e3o importante \u00e9 cuidar das m\u00e3os. S\u00e3o a parte do nosso corpo que est\u00e1 mais exposta, pelo que uma limpeza correta \u00e9 imprescind\u00edvel para evitar a circula\u00e7\u00e3o de germes e parasitas no nosso organismo, ajudando na preven\u00e7\u00e3o de doen\u00e7as. O sabonete Original de Dove limpa em profundidade e protege a barreira natural da sua pele, deixando-a cuidada e macia.<\/p>\n<h3>Tipo de produto:<\/h3>\n<p>Sabonete S\u00f3lido<\/p>\n<h3>Benef\u00edcios:<\/h3>\n<p>&#8211; F\u00f3rmula hidratante cl\u00e1ssica.<br \/>&#8211; Com \u00bc de creme hidratante e agentes de limpeza suaves que ajudam a pele a manter a pele hidratada.<br \/>&#8211; Deixa a pele mais macia, bem cuidada e com uma apar\u00eancia saud\u00e1vel.<br \/>&#8211; Pode ser usado diariamente no rosto, m\u00e3os e corpo.<\/p>\n","protected":false},"excerpt":{"rendered":"<p>Todos n\u00f3s sabemos o qu\u00e3o importante \u00e9 cuidar das m\u00e3os. S\u00e3o a parte do nosso corpo que est\u00e1 mais exposta, pelo que uma limpeza correta \u00e9 imprescind\u00edvel para evitar a circula\u00e7\u00e3o de germes e parasitas no nosso organismo, ajudando na preven\u00e7\u00e3o de doen\u00e7as. O sabonete Original de Dove limpa em profundidade e protege a barreira natural da sua pele, &#8230;<\/p>\n","protected":false},"featured_media":6823,"template":"","meta":{"spay_email":""},"product_cat":[15],"product_tag":[],"class_list":{"0":"post-6822","1":"product","2":"type-product","3":"status-publish","4":"has-post-thumbnail","6":"product_cat-sem-categoria","8":"first","9":"instock","10":"taxable","11":"shipping-taxable","12":"purchasable","13":"product-type-simple"},"acf":[],"jetpack-related-posts":[{"id":6820,"url":"https:\/\/mundo.seashell.pt\/?product=dove-sabonete-100gr","url_meta":{"origin":6822,"position":0},"title":"Dove Sabonete 100gr","date":"Fevereiro 23, 2022","format":false,"excerpt":"Sabonete com part\u00edculas exfoliantes. A esfolia\u00e7\u00e3o deve ser sempre suave. \u00c9 a\u00ed que entra Dove Sabonete Gentle Exfoliating. A esfolia\u00e7\u00e3o oferecida por este sabonete \u00e9 suave e remove as impurezas da pele, deixando-a bonita e revitalizada. Deixe a sua pele mais macia e bem cuidada, todos os dias. Tipo de\u2026","rel":"","context":"Similar post","img":{"alt_text":"","src":"https:\/\/i0.wp.com\/mundo.seashell.pt\/wp-content\/uploads\/2022\/02\/DOVE_SABONETE_GENTLE_EXFOLIANT._4x100gr.png?resize=350%2C200&ssl=1","width":350,"height":200},"classes":[]},{"id":6832,"url":"https:\/\/mundo.seashell.pt\/?product=dove-sabonete-liquido-250ml","url_meta":{"origin":6822,"position":1},"title":"Dove Sabonete L\u00edquido 250ml","date":"Fevereiro 23, 2022","format":false,"excerpt":"Explore as cole\u00e7\u00f5es Dove e encontre os produtos ideais para si!Ingredientes: Aqua, Sodium Laureth Sulfate, Glycerin, Sodium Chloride, Cocamidopropyl Betaine, Butylene Glycol, Citric Acid, Nelumbo Nucifera Flower Extract, Oryza Sativa Bran Extract, Oryza Sativa Germ Oil, Parfum, PEG-40 Hydrogenated Castor Oil, Sine Adipe La...","rel":"","context":"Similar post","img":{"alt_text":"","src":"https:\/\/i0.wp.com\/mundo.seashell.pt\/wp-content\/uploads\/2022\/02\/Dove_Regular__250ml__.png?resize=350%2C200&ssl=1","width":350,"height":200},"classes":[]},{"id":6808,"url":"https:\/\/mundo.seashell.pt\/?product=dove-creme-hidratante-150ml","url_meta":{"origin":6822,"position":2},"title":"Dove Creme Hidratante 150ml","date":"Fevereiro 23, 2022","format":false,"excerpt":"Creme corporal para pele seca. Dove Creme de Corpo Intensivo ajuda a restaurar gradualmente a pele, desde as camadas mais profundas. Esta lo\u00e7\u00e3o n\u00e3o s\u00f3 hidrata a superf\u00edcie da pele como tamb\u00e9m proporciona uma nutri\u00e7\u00e3o profunda de longa dura\u00e7\u00e3o. Tipo de produto: CremeBenef\u00edcios: - Nutri\u00e7\u00e3o para uma pele se...","rel":"","context":"Similar post","img":{"alt_text":"","src":"https:\/\/i0.wp.com\/mundo.seashell.pt\/wp-content\/uploads\/2022\/02\/Dove_Intensivo___Creme__150ml__.png?resize=350%2C200&ssl=1","width":350,"height":200},"classes":[]},{"id":6790,"url":"https:\/\/mundo.seashell.pt\/?product=dove-gel-de-banho-masculino","url_meta":{"origin":6822,"position":3},"title":"Dove Gel de Banho Masculino","date":"Fevereiro 23, 2022","format":false,"excerpt":"O Gel de Duche Dove Men+Care tem \u00bc de creme hidratante para limpar cuidadosamente a sua pele e ajudar a mante-la hidratada. Esta f\u00f3rmula eficaz \u00e9 f\u00e1cil de enxaguar e d\u00e1 um total conforto e frescura \u00e0 sua pele.Este Gel de Duche usa a tecnologia MicroMoisture que ajuda a manter\u2026","rel":"","context":"Similar post","img":{"alt_text":"","src":"https:\/\/i0.wp.com\/mundo.seashell.pt\/wp-content\/uploads\/2022\/02\/DOVE_MEN_GEL_BANHO_CLEAN_COMFORT_400ML.png?resize=350%2C200&ssl=1","width":350,"height":200},"classes":[]},{"id":6834,"url":"https:\/\/mundo.seashell.pt\/?product=sanytol-sabonete-liquido-250ml","url_meta":{"origin":6822,"position":4},"title":"Sanytol Sabonete L\u00edquido 250ml","date":"Fevereiro 23, 2022","format":false,"excerpt":"Sab\u00e3o L\u00edquido Desinfetante Hidratante \u00e9 elaborado com alo\u00e9 vera e ch\u00e1 verde, conferindo-lhe assim propriedades hidratantes. Hipoalerg\u00e9nico, comprovado dermatologicamente e clinicamente. A maioria das infe\u00e7\u00f5es \u00e9 transmitida pelas m\u00e3os, por isso lavar as m\u00e3os regularmente \u00e9 a maneira mais f\u00e1cil de prevenir infe\u00e7\u00f5es. O Sabonete Desinfetan...","rel":"","context":"Similar post","img":{"alt_text":"","src":"https:\/\/i0.wp.com\/mundo.seashell.pt\/wp-content\/uploads\/2022\/02\/SANYTOL_SABA_O_LIQUIDO_DESINFETANTE_HIDRATANTE_250_ML_3045206501200.png?resize=350%2C200&ssl=1","width":350,"height":200},"classes":[]},{"id":6818,"url":"https:\/\/mundo.seashell.pt\/?product=nivea-men-creme-hidratante-150ml","url_meta":{"origin":6822,"position":5},"title":"Nivea Men Creme Hidratante 150ml","date":"Fevereiro 23, 2022","format":false,"excerpt":"Para uma hidrata\u00e7\u00e3o profunda da sua pele! Especialmente desenvolvido para a pele masculina. De r\u00e1pida absor\u00e7\u00e3o e n\u00e3o gorduroso, este \u00e9 o creme perfeito para os homens cuidarem da pele e tirarem o m\u00e1ximo partido do seu potencial. Tem uma fragr\u00e2ncia fresca e masculina e pode ser aplicado no rosto,\u2026","rel":"","context":"Similar post","img":{"alt_text":"","src":"https:\/\/i0.wp.com\/mundo.seashell.pt\/wp-content\/uploads\/2022\/02\/5502125-cima.jpeg?resize=350%2C200&ssl=1","width":350,"height":200},"classes":[]}],"_links":{"self":[{"href":"https:\/\/mundo.seashell.pt\/index.php?rest_route=\/wp\/v2\/product\/6822","targetHints":{"allow":["GET"]}}],"collection":[{"href":"https:\/\/mundo.seashell.pt\/index.php?rest_route=\/wp\/v2\/product"}],"about":[{"href":"https:\/\/mundo.seashell.pt\/index.php?rest_route=\/wp\/v2\/types\/product"}],"wp:featuredmedia":[{"embeddable":true,"href":"https:\/\/mundo.seashell.pt\/index.php?rest_route=\/wp\/v2\/media\/6823"}],"wp:attachment":[{"href":"https:\/\/mundo.seashell.pt\/index.php?rest_route=%2Fwp%2Fv2%2Fmedia&parent=6822"}],"wp:term":[{"taxonomy":"product_cat","embeddable":true,"href":"https:\/\/mundo.seashell.pt\/index.php?rest_route=%2Fwp%2Fv2%2Fproduct_cat&post=6822"},{"taxonomy":"product_tag","embeddable":true,"href":"https:\/\/mundo.seashell.pt\/index.php?rest_route=%2Fwp%2Fv2%2Fproduct_tag&post=6822"}],"curies":[{"name":"wp","href":"https:\/\/api.w.org\/{rel}","templated":true}]}}