{"id":6820,"date":"2022-02-23T18:56:41","date_gmt":"2022-02-23T18:56:41","guid":{"rendered":"https:\/\/mundo.seashell.pt\/?post_type=product&#038;p=6820"},"modified":"2022-02-23T18:56:43","modified_gmt":"2022-02-23T18:56:43","slug":"dove-sabonete-100gr","status":"publish","type":"product","link":"https:\/\/mundo.seashell.pt\/?product=dove-sabonete-100gr","title":{"rendered":"Dove Sabonete 100gr"},"content":{"rendered":"<h3>Sabonete com part\u00edculas exfoliantes.<br \/><\/h3>\n<p>A esfolia\u00e7\u00e3o deve ser sempre suave. \u00c9 a\u00ed que entra Dove Sabonete Gentle Exfoliating. A esfolia\u00e7\u00e3o oferecida por este sabonete \u00e9 suave e remove as impurezas da pele, deixando-a bonita e revitalizada. Deixe a sua pele mais macia e bem cuidada, todos os dias.<\/p>\n<h4>Tipo de produto:<\/h4>\n<p>Sabonete S\u00f3lido<\/p>\n<h3>Benef\u00edcios:<\/h3>\n<p>&#8211; Com part\u00edculas de esfolia\u00e7\u00e3o que removem suavemente as impurezas da pele.<br \/>&#8211; \u00bc de creme hidratante e agentes de limpeza suaves para manter a hidrata\u00e7\u00e3o da pele;<br \/>&#8211; Deixa a pele mais macia, bem cuidada e com a apar\u00eancia mais saud\u00e1vel;<br \/>&#8211; Pode ser usado diariamente no rosto, corpo e m\u00e3os.<\/p>\n","protected":false},"excerpt":{"rendered":"<p>Sabonete com part\u00edculas exfoliantes.<br \/>\nA esfolia\u00e7\u00e3o deve ser sempre suave. \u00c9 a\u00ed que entra Dove Sabonete Gentle Exfoliating. A esfolia\u00e7\u00e3o oferecida por este sabonete \u00e9 suave e remove as impurezas da pele, deixando-a bonita e revitalizada. Deixe a sua pele mais macia e bem cuidada, todos os dias.<br \/>\nTipo de produto:<br \/>\nSabonete&#8230;<\/p>\n","protected":false},"featured_media":6821,"template":"","meta":{"spay_email":""},"product_cat":[15],"product_tag":[],"class_list":{"0":"post-6820","1":"product","2":"type-product","3":"status-publish","4":"has-post-thumbnail","6":"product_cat-sem-categoria","8":"first","9":"instock","10":"taxable","11":"shipping-taxable","12":"purchasable","13":"product-type-simple"},"acf":[],"jetpack-related-posts":[{"id":6822,"url":"https:\/\/mundo.seashell.pt\/?product=dove-sabonete-regular-100gr","url_meta":{"origin":6820,"position":0},"title":"Dove Sabonete Regular 100Gr","date":"Fevereiro 23, 2022","format":false,"excerpt":"Todos n\u00f3s sabemos o qu\u00e3o importante \u00e9 cuidar das m\u00e3os. S\u00e3o a parte do nosso corpo que est\u00e1 mais exposta, pelo que uma limpeza correta \u00e9 imprescind\u00edvel para evitar a circula\u00e7\u00e3o de germes e parasitas no nosso organismo, ajudando na preven\u00e7\u00e3o de doen\u00e7as. O sabonete Original de Dove limpa em\u2026","rel":"","context":"Similar post","img":{"alt_text":"","src":"https:\/\/i0.wp.com\/mundo.seashell.pt\/wp-content\/uploads\/2022\/02\/DOVE_SABONETE_REGULAR_2X100gr_-_C_C.png?resize=350%2C200&ssl=1","width":350,"height":200},"classes":[]},{"id":6832,"url":"https:\/\/mundo.seashell.pt\/?product=dove-sabonete-liquido-250ml","url_meta":{"origin":6820,"position":1},"title":"Dove Sabonete L\u00edquido 250ml","date":"Fevereiro 23, 2022","format":false,"excerpt":"Explore as cole\u00e7\u00f5es Dove e encontre os produtos ideais para si!Ingredientes: Aqua, Sodium Laureth Sulfate, Glycerin, Sodium Chloride, Cocamidopropyl Betaine, Butylene Glycol, Citric Acid, Nelumbo Nucifera Flower Extract, Oryza Sativa Bran Extract, Oryza Sativa Germ Oil, Parfum, PEG-40 Hydrogenated Castor Oil, Sine Adipe La...","rel":"","context":"Similar post","img":{"alt_text":"","src":"https:\/\/i0.wp.com\/mundo.seashell.pt\/wp-content\/uploads\/2022\/02\/Dove_Regular__250ml__.png?resize=350%2C200&ssl=1","width":350,"height":200},"classes":[]},{"id":6824,"url":"https:\/\/mundo.seashell.pt\/?product=nivea-creme-soft","url_meta":{"origin":6820,"position":2},"title":"Nivea Creme Soft 100gr","date":"Fevereiro 23, 2022","format":false,"excerpt":"Experimente e avalie a qualidade dos produtos Nivea. Desde 1911 a cuidar de si!Descri\u00e7\u00e3o: Descubra a sensa\u00e7\u00e3o de pele suave: com o cuidado do \u00f3leo de am\u00eandoa e um aroma suave que limpa cuidadosamente as suas m\u00e3os, protegendo-as da desidrata\u00e7\u00e3o. Tipo de produto: Sabonete S\u00f3lido Sabia Que: A Nivea tem\u2026","rel":"","context":"Similar post","img":{"alt_text":"","src":"https:\/\/i0.wp.com\/mundo.seashell.pt\/wp-content\/uploads\/2022\/02\/NIVEA_So_lido_Creme_Soft_3pack_3x100_gr_4005808133017.png?resize=350%2C200&ssl=1","width":350,"height":200},"classes":[]},{"id":6834,"url":"https:\/\/mundo.seashell.pt\/?product=sanytol-sabonete-liquido-250ml","url_meta":{"origin":6820,"position":3},"title":"Sanytol Sabonete L\u00edquido 250ml","date":"Fevereiro 23, 2022","format":false,"excerpt":"Sab\u00e3o L\u00edquido Desinfetante Hidratante \u00e9 elaborado com alo\u00e9 vera e ch\u00e1 verde, conferindo-lhe assim propriedades hidratantes. Hipoalerg\u00e9nico, comprovado dermatologicamente e clinicamente. A maioria das infe\u00e7\u00f5es \u00e9 transmitida pelas m\u00e3os, por isso lavar as m\u00e3os regularmente \u00e9 a maneira mais f\u00e1cil de prevenir infe\u00e7\u00f5es. O Sabonete Desinfetan...","rel":"","context":"Similar post","img":{"alt_text":"","src":"https:\/\/i0.wp.com\/mundo.seashell.pt\/wp-content\/uploads\/2022\/02\/SANYTOL_SABA_O_LIQUIDO_DESINFETANTE_HIDRATANTE_250_ML_3045206501200.png?resize=350%2C200&ssl=1","width":350,"height":200},"classes":[]},{"id":6826,"url":"https:\/\/mundo.seashell.pt\/?product=palmolive-sabonetes-solidos-90gr","url_meta":{"origin":6820,"position":4},"title":"Palmolive Sabonetes S\u00f3lidos 90Gr","date":"Fevereiro 23, 2022","format":false,"excerpt":"Mantenha a sua pele cuidada com o Sabonete S\u00f3lido Palmolive.Tipo de produto: Sabonete S\u00f3lidoBenef\u00edcios: Enriquecido com extratos naturais. Conselhos de utiliza\u00e7\u00e3o: Os sabonetes s\u00f3lidos podem ser usados diretamente na pele molhada. No entanto, podemos ainda utiliz\u00e1-lo massajando a pele com a espu...","rel":"","context":"Similar post","img":{"alt_text":"","src":"https:\/\/i0.wp.com\/mundo.seashell.pt\/wp-content\/uploads\/2022\/02\/Palmolive_Sabonete_Original_Olive_Pack_4_-_90_grs._8714789703015.png?resize=350%2C200&ssl=1","width":350,"height":200},"classes":[]},{"id":5644,"url":"https:\/\/mundo.seashell.pt\/?product=blowmy-dermo-espuma-5-lts","url_meta":{"origin":6820,"position":5},"title":"Sabonete M\u00e3os &#8211; Blowmy Dermo Espuma 5 Lts","date":"Fevereiro 23, 2022","format":false,"excerpt":"Sabonete Suave M\u00e3os\u00a0 Sabonete suave para as m\u00e3os de uso di\u00e1rio em espuma. PROPRIEDADESSabonete l\u00edquido perfumado, com um \u00f3timo comportamento na lavagem de m\u00e3os. F\u00f3rmula enriquecida com glicerina que proporciona uma agrad\u00e1vel sensa\u00e7\u00e3o de suavidade na pele ap\u00f3s a sua utiliza\u00e7\u00e3o. CONDI\u00c7\u00d5ES DE UTILIZA\u00c7\u00c3OPara a lavagem das m\u00e3os, aplicar uma\u2026","rel":"","context":"Similar post","img":{"alt_text":"","src":"","width":0,"height":0},"classes":[]}],"_links":{"self":[{"href":"https:\/\/mundo.seashell.pt\/index.php?rest_route=\/wp\/v2\/product\/6820","targetHints":{"allow":["GET"]}}],"collection":[{"href":"https:\/\/mundo.seashell.pt\/index.php?rest_route=\/wp\/v2\/product"}],"about":[{"href":"https:\/\/mundo.seashell.pt\/index.php?rest_route=\/wp\/v2\/types\/product"}],"wp:featuredmedia":[{"embeddable":true,"href":"https:\/\/mundo.seashell.pt\/index.php?rest_route=\/wp\/v2\/media\/6821"}],"wp:attachment":[{"href":"https:\/\/mundo.seashell.pt\/index.php?rest_route=%2Fwp%2Fv2%2Fmedia&parent=6820"}],"wp:term":[{"taxonomy":"product_cat","embeddable":true,"href":"https:\/\/mundo.seashell.pt\/index.php?rest_route=%2Fwp%2Fv2%2Fproduct_cat&post=6820"},{"taxonomy":"product_tag","embeddable":true,"href":"https:\/\/mundo.seashell.pt\/index.php?rest_route=%2Fwp%2Fv2%2Fproduct_tag&post=6820"}],"curies":[{"name":"wp","href":"https:\/\/api.w.org\/{rel}","templated":true}]}}