{"id":6818,"date":"2022-02-23T18:56:39","date_gmt":"2022-02-23T18:56:39","guid":{"rendered":"https:\/\/mundo.seashell.pt\/?post_type=product&#038;p=6818"},"modified":"2022-02-23T18:56:41","modified_gmt":"2022-02-23T18:56:41","slug":"nivea-men-creme-hidratante-150ml","status":"publish","type":"product","link":"https:\/\/mundo.seashell.pt\/?product=nivea-men-creme-hidratante-150ml","title":{"rendered":"Nivea Men Creme Hidratante 150ml"},"content":{"rendered":"<p>Para uma hidrata\u00e7\u00e3o profunda da sua pele!<\/p>\n<p>Especialmente desenvolvido para a pele masculina. De r\u00e1pida absor\u00e7\u00e3o e n\u00e3o gorduroso, este \u00e9 o creme perfeito para os homens cuidarem da pele e tirarem o m\u00e1ximo partido do seu potencial. Tem uma fragr\u00e2ncia fresca e masculina e pode ser aplicado no rosto, corpo e m\u00e3os.<\/p>\n<h3>Tipo de pele:<\/h3>\n<p>Normal<\/p>\n<h3>Tipo de produto:<\/h3>\n<p>Hidrata\u00e7\u00e3o do Rosto<\/p>\n<h3>Benef\u00edcios:<\/h3>\n<p>&#8211; R\u00e1pida absor\u00e7\u00e3o e n\u00e3o gorduroso;<br \/>&#8211; Fragr\u00e2ncia masculina;<br \/>&#8211; Hidrata\u00e7\u00e3o intensiva do rosto, corpo e m\u00e3os.<\/p>\n<h3>Conselhos de utiliza\u00e7\u00e3o:<\/h3>\n<p>Aplique todos os dias, de manh\u00e3 e\/ou \u00e0 noite, na pele do rosto previamente limpa.<\/p>\n<h3>Necessidade:<\/h3>\n<p>Hidrata\u00e7\u00e3o<\/p>\n","protected":false},"excerpt":{"rendered":"<p>Para uma hidrata\u00e7\u00e3o profunda da sua pele!<br \/>\nEspecialmente desenvolvido para a pele masculina. De r\u00e1pida absor\u00e7\u00e3o e n\u00e3o gorduroso, este \u00e9 o creme perfeito para os homens cuidarem da pele e tirarem o m\u00e1ximo partido do seu potencial. Tem uma fragr\u00e2ncia fresca e masculina e pode ser aplicado no rosto, corpo e m\u00e3os.<br \/>\nTipo de pele:<...\n<\/p>\n","protected":false},"featured_media":6819,"template":"","meta":{"spay_email":""},"product_cat":[15],"product_tag":[],"class_list":{"0":"post-6818","1":"product","2":"type-product","3":"status-publish","4":"has-post-thumbnail","6":"product_cat-sem-categoria","8":"first","9":"instock","10":"taxable","11":"shipping-taxable","12":"purchasable","13":"product-type-simple"},"acf":[],"jetpack-related-posts":[{"id":6790,"url":"https:\/\/mundo.seashell.pt\/?product=dove-gel-de-banho-masculino","url_meta":{"origin":6818,"position":0},"title":"Dove Gel de Banho Masculino","date":"Fevereiro 23, 2022","format":false,"excerpt":"O Gel de Duche Dove Men+Care tem \u00bc de creme hidratante para limpar cuidadosamente a sua pele e ajudar a mante-la hidratada. Esta f\u00f3rmula eficaz \u00e9 f\u00e1cil de enxaguar e d\u00e1 um total conforto e frescura \u00e0 sua pele.Este Gel de Duche usa a tecnologia MicroMoisture que ajuda a manter\u2026","rel":"","context":"Similar post","img":{"alt_text":"","src":"https:\/\/i0.wp.com\/mundo.seashell.pt\/wp-content\/uploads\/2022\/02\/DOVE_MEN_GEL_BANHO_CLEAN_COMFORT_400ML.png?resize=350%2C200&ssl=1","width":350,"height":200},"classes":[]},{"id":6802,"url":"https:\/\/mundo.seashell.pt\/?product=dove-creme-para-as-maos-75ml","url_meta":{"origin":6818,"position":1},"title":"Dove Creme para as M\u00e3os 75ml","date":"Fevereiro 23, 2022","format":false,"excerpt":"Cuida das suas m\u00e3os, deixando-as hidratadas e suaves.Descri\u00e7\u00e3o: Durante s\u00e9culos, as mulheres indianas t\u00eam usado \u00f3leo de coco nos seus rituais de beleza para hidratar a pele. \u00c9 por isso que cri\u00e1mos o nosso creme de m\u00e3os Dove Nourishing Secrets Restoring Ritual, que nutre e cuida da sua pele. Desfrute\u2026","rel":"","context":"Similar post","img":{"alt_text":"","src":"https:\/\/i0.wp.com\/mundo.seashell.pt\/wp-content\/uploads\/2022\/02\/Dove___Co_co__75ml__.png?resize=350%2C200&ssl=1","width":350,"height":200},"classes":[]},{"id":6808,"url":"https:\/\/mundo.seashell.pt\/?product=dove-creme-hidratante-150ml","url_meta":{"origin":6818,"position":2},"title":"Dove Creme Hidratante 150ml","date":"Fevereiro 23, 2022","format":false,"excerpt":"Creme corporal para pele seca. Dove Creme de Corpo Intensivo ajuda a restaurar gradualmente a pele, desde as camadas mais profundas. Esta lo\u00e7\u00e3o n\u00e3o s\u00f3 hidrata a superf\u00edcie da pele como tamb\u00e9m proporciona uma nutri\u00e7\u00e3o profunda de longa dura\u00e7\u00e3o. Tipo de produto: CremeBenef\u00edcios: - Nutri\u00e7\u00e3o para uma pele se...","rel":"","context":"Similar post","img":{"alt_text":"","src":"https:\/\/i0.wp.com\/mundo.seashell.pt\/wp-content\/uploads\/2022\/02\/Dove_Intensivo___Creme__150ml__.png?resize=350%2C200&ssl=1","width":350,"height":200},"classes":[]},{"id":6822,"url":"https:\/\/mundo.seashell.pt\/?product=dove-sabonete-regular-100gr","url_meta":{"origin":6818,"position":3},"title":"Dove Sabonete Regular 100Gr","date":"Fevereiro 23, 2022","format":false,"excerpt":"Todos n\u00f3s sabemos o qu\u00e3o importante \u00e9 cuidar das m\u00e3os. S\u00e3o a parte do nosso corpo que est\u00e1 mais exposta, pelo que uma limpeza correta \u00e9 imprescind\u00edvel para evitar a circula\u00e7\u00e3o de germes e parasitas no nosso organismo, ajudando na preven\u00e7\u00e3o de doen\u00e7as. O sabonete Original de Dove limpa em\u2026","rel":"","context":"Similar post","img":{"alt_text":"","src":"https:\/\/i0.wp.com\/mundo.seashell.pt\/wp-content\/uploads\/2022\/02\/DOVE_SABONETE_REGULAR_2X100gr_-_C_C.png?resize=350%2C200&ssl=1","width":350,"height":200},"classes":[]},{"id":6794,"url":"https:\/\/mundo.seashell.pt\/?product=vaseline-locao-corporal-02l","url_meta":{"origin":6818,"position":4},"title":"Vaseline Lo\u00e7\u00e3o corporal 200ml","date":"Fevereiro 23, 2022","format":false,"excerpt":"A lo\u00e7\u00e3o corporal Essential Healing de Vaseline\u00ae hidrata para ajudar a curar a pele seca e sem brilho e \u00e9 rapidamente absorvida para uma sensa\u00e7\u00e3o n\u00e3o oleosa. Tipo de produto: Lo\u00e7\u00e3oBenef\u00edcios: - Hidrata a pele seca e \u00e9 de r\u00e1pida absor\u00e7\u00e3o para uma sensa\u00e7\u00e3o n\u00e3o oleosa.- Cont\u00e9m microgot\u00edculas de vaselina\u2026","rel":"","context":"Similar post","img":{"alt_text":"","src":"https:\/\/i0.wp.com\/mundo.seashell.pt\/wp-content\/uploads\/2022\/02\/VASELINE_LOC_A_O_ESS.HEALING_200ML_8712561479806.png?resize=350%2C200&ssl=1","width":350,"height":200},"classes":[]},{"id":6796,"url":"https:\/\/mundo.seashell.pt\/?product=lactovit-locao-corporal-025l","url_meta":{"origin":6818,"position":5},"title":"Lactovit Lo\u00e7\u00e3o Corporal 250ml","date":"Fevereiro 23, 2022","format":false,"excerpt":"Descubra como cuidar diariamente da pele seca e extra seca com a lo\u00e7\u00e3o corporal Lactovit, do especialista mundial em ureia e pele seca. A f\u00f3rmula com \u00c1cido L\u00e1ctico e Ureia Pura repara profundamente a pele gra\u00e7as \u00e0s suas propriedades ultra-hidratantes. Pele mais hidratada, el\u00e1stica e firme. Uma pele reparada \u00e9\u2026","rel":"","context":"Similar post","img":{"alt_text":"","src":"https:\/\/i0.wp.com\/mundo.seashell.pt\/wp-content\/uploads\/2022\/02\/LACTOVIT_LOC_A_O_CORPORAL_REPARADORA_LACTOUREA_400ml_8410190585997.png?resize=350%2C200&ssl=1","width":350,"height":200},"classes":[]}],"_links":{"self":[{"href":"https:\/\/mundo.seashell.pt\/index.php?rest_route=\/wp\/v2\/product\/6818","targetHints":{"allow":["GET"]}}],"collection":[{"href":"https:\/\/mundo.seashell.pt\/index.php?rest_route=\/wp\/v2\/product"}],"about":[{"href":"https:\/\/mundo.seashell.pt\/index.php?rest_route=\/wp\/v2\/types\/product"}],"wp:featuredmedia":[{"embeddable":true,"href":"https:\/\/mundo.seashell.pt\/index.php?rest_route=\/wp\/v2\/media\/6819"}],"wp:attachment":[{"href":"https:\/\/mundo.seashell.pt\/index.php?rest_route=%2Fwp%2Fv2%2Fmedia&parent=6818"}],"wp:term":[{"taxonomy":"product_cat","embeddable":true,"href":"https:\/\/mundo.seashell.pt\/index.php?rest_route=%2Fwp%2Fv2%2Fproduct_cat&post=6818"},{"taxonomy":"product_tag","embeddable":true,"href":"https:\/\/mundo.seashell.pt\/index.php?rest_route=%2Fwp%2Fv2%2Fproduct_tag&post=6818"}],"curies":[{"name":"wp","href":"https:\/\/api.w.org\/{rel}","templated":true}]}}