{"id":6816,"date":"2022-02-23T18:56:36","date_gmt":"2022-02-23T18:56:36","guid":{"rendered":"https:\/\/mundo.seashell.pt\/?post_type=product&#038;p=6816"},"modified":"2022-02-23T18:56:39","modified_gmt":"2022-02-23T18:56:39","slug":"nivea-soft-creme-hidratante-02l","status":"publish","type":"product","link":"https:\/\/mundo.seashell.pt\/?product=nivea-soft-creme-hidratante-02l","title":{"rendered":"Nivea Soft Creme Hidratante 200ml"},"content":{"rendered":"<p>Desfrute da sensa\u00e7\u00e3o revigorante que deixa a pele macia e suave.<\/p>\n<h3>Descri\u00e7\u00e3o:<\/h3>\n<p>Um creme hidratante altamente eficaz, para uso di\u00e1rio. De f\u00e1cil aplica\u00e7\u00e3o, podendo ser usado no rosto, corpo e m\u00e3os. A f\u00f3rmula leve com vtamina E e \u00f3leo de jojoba \u00e9 rapidamente absorvida e refresca a pele.<\/p>\n<h3>Tipo de produto:<\/h3>\n<p>Creme<\/p>\n<p><\/p>\n<ul><\/ul>\n","protected":false},"excerpt":{"rendered":"<p>Desfrute da sensa\u00e7\u00e3o revigorante que deixa a pele macia e suave.Descri\u00e7\u00e3o:<br \/>\nUm creme hidratante altamente eficaz, para uso di\u00e1rio. De f\u00e1cil aplica\u00e7\u00e3o, podendo ser usado no rosto, corpo e m\u00e3os. A f\u00f3rmula leve com vtamina E e \u00f3leo de jojoba \u00e9 rapidamente absorvida e refresca a pele.<br \/>\nTipo de produto:<br \/>\nCreme<br \/>\n<...\n<\/p>\n","protected":false},"featured_media":6817,"template":"","meta":{"spay_email":""},"product_cat":[15],"product_tag":[],"class_list":{"0":"post-6816","1":"product","2":"type-product","3":"status-publish","4":"has-post-thumbnail","6":"product_cat-sem-categoria","8":"first","9":"instock","10":"taxable","11":"shipping-taxable","12":"purchasable","13":"product-type-simple"},"acf":[],"jetpack-related-posts":[{"id":6790,"url":"https:\/\/mundo.seashell.pt\/?product=dove-gel-de-banho-masculino","url_meta":{"origin":6816,"position":0},"title":"Dove Gel de Banho Masculino","date":"Fevereiro 23, 2022","format":false,"excerpt":"O Gel de Duche Dove Men+Care tem \u00bc de creme hidratante para limpar cuidadosamente a sua pele e ajudar a mante-la hidratada. Esta f\u00f3rmula eficaz \u00e9 f\u00e1cil de enxaguar e d\u00e1 um total conforto e frescura \u00e0 sua pele.Este Gel de Duche usa a tecnologia MicroMoisture que ajuda a manter\u2026","rel":"","context":"Similar post","img":{"alt_text":"","src":"https:\/\/i0.wp.com\/mundo.seashell.pt\/wp-content\/uploads\/2022\/02\/DOVE_MEN_GEL_BANHO_CLEAN_COMFORT_400ML.png?resize=350%2C200&ssl=1","width":350,"height":200},"classes":[]},{"id":6802,"url":"https:\/\/mundo.seashell.pt\/?product=dove-creme-para-as-maos-75ml","url_meta":{"origin":6816,"position":1},"title":"Dove Creme para as M\u00e3os 75ml","date":"Fevereiro 23, 2022","format":false,"excerpt":"Cuida das suas m\u00e3os, deixando-as hidratadas e suaves.Descri\u00e7\u00e3o: Durante s\u00e9culos, as mulheres indianas t\u00eam usado \u00f3leo de coco nos seus rituais de beleza para hidratar a pele. \u00c9 por isso que cri\u00e1mos o nosso creme de m\u00e3os Dove Nourishing Secrets Restoring Ritual, que nutre e cuida da sua pele. Desfrute\u2026","rel":"","context":"Similar post","img":{"alt_text":"","src":"https:\/\/i0.wp.com\/mundo.seashell.pt\/wp-content\/uploads\/2022\/02\/Dove___Co_co__75ml__.png?resize=350%2C200&ssl=1","width":350,"height":200},"classes":[]},{"id":6808,"url":"https:\/\/mundo.seashell.pt\/?product=dove-creme-hidratante-150ml","url_meta":{"origin":6816,"position":2},"title":"Dove Creme Hidratante 150ml","date":"Fevereiro 23, 2022","format":false,"excerpt":"Creme corporal para pele seca. Dove Creme de Corpo Intensivo ajuda a restaurar gradualmente a pele, desde as camadas mais profundas. Esta lo\u00e7\u00e3o n\u00e3o s\u00f3 hidrata a superf\u00edcie da pele como tamb\u00e9m proporciona uma nutri\u00e7\u00e3o profunda de longa dura\u00e7\u00e3o. Tipo de produto: CremeBenef\u00edcios: - Nutri\u00e7\u00e3o para uma pele se...","rel":"","context":"Similar post","img":{"alt_text":"","src":"https:\/\/i0.wp.com\/mundo.seashell.pt\/wp-content\/uploads\/2022\/02\/Dove_Intensivo___Creme__150ml__.png?resize=350%2C200&ssl=1","width":350,"height":200},"classes":[]},{"id":6822,"url":"https:\/\/mundo.seashell.pt\/?product=dove-sabonete-regular-100gr","url_meta":{"origin":6816,"position":3},"title":"Dove Sabonete Regular 100Gr","date":"Fevereiro 23, 2022","format":false,"excerpt":"Todos n\u00f3s sabemos o qu\u00e3o importante \u00e9 cuidar das m\u00e3os. S\u00e3o a parte do nosso corpo que est\u00e1 mais exposta, pelo que uma limpeza correta \u00e9 imprescind\u00edvel para evitar a circula\u00e7\u00e3o de germes e parasitas no nosso organismo, ajudando na preven\u00e7\u00e3o de doen\u00e7as. O sabonete Original de Dove limpa em\u2026","rel":"","context":"Similar post","img":{"alt_text":"","src":"https:\/\/i0.wp.com\/mundo.seashell.pt\/wp-content\/uploads\/2022\/02\/DOVE_SABONETE_REGULAR_2X100gr_-_C_C.png?resize=350%2C200&ssl=1","width":350,"height":200},"classes":[]},{"id":6814,"url":"https:\/\/mundo.seashell.pt\/?product=nivea-creme-medio-hidratante-75ml","url_meta":{"origin":6816,"position":4},"title":"Nivea Creme M\u00e9dio Hidratante 75ml","date":"Fevereiro 23, 2022","format":false,"excerpt":"Garanta a prote\u00e7\u00e3o e hidrata\u00e7\u00e3o da sua pele com Nivea! Nivea Creme \u00e9 o hidratante original para toda a fam\u00edlia. Este produto ic\u00f3nico \u00e9 enriquecido com Eucerit\u00ae, que fornece \u00e0 pele todo o cuidado de prote\u00e7\u00e3o de que necessita para ficar macia e suave. Ideal para o uso di\u00e1rio, sempre\u2026","rel":"","context":"Similar post","img":{"alt_text":"","src":"https:\/\/i0.wp.com\/mundo.seashell.pt\/wp-content\/uploads\/2022\/02\/2053681-frente-online.jpeg?resize=350%2C200&ssl=1","width":350,"height":200},"classes":[]},{"id":6780,"url":"https:\/\/mundo.seashell.pt\/?product=nivea-creme-soft-gel-de-banho-065l","url_meta":{"origin":6816,"position":5},"title":"Nivea Creme Soft Gel de Banho 650ml","date":"Fevereiro 23, 2022","format":false,"excerpt":"Experimente e avalie a qualidade dos produtos Nivea. Desde 1911 a cuidar de si!Descri\u00e7\u00e3o: Nivea Creme de Banho Creme Soft, o seu creme de bango com um delicado aroma que lhe proporciona uma experi\u00eancia hidratante \u00fanica. Enriquecido com o precioso \u00d3leo de Am\u00eandoa, oferece-lhe uma suave e cremosa espuma que\u2026","rel":"","context":"Similar post","img":{"alt_text":"","src":"https:\/\/i0.wp.com\/mundo.seashell.pt\/wp-content\/uploads\/2022\/02\/80968-05100-69_Creme_de_Banho_Creme_Soft_650ml_4005900694812.png?resize=350%2C200&ssl=1","width":350,"height":200},"classes":[]}],"_links":{"self":[{"href":"https:\/\/mundo.seashell.pt\/index.php?rest_route=\/wp\/v2\/product\/6816","targetHints":{"allow":["GET"]}}],"collection":[{"href":"https:\/\/mundo.seashell.pt\/index.php?rest_route=\/wp\/v2\/product"}],"about":[{"href":"https:\/\/mundo.seashell.pt\/index.php?rest_route=\/wp\/v2\/types\/product"}],"wp:featuredmedia":[{"embeddable":true,"href":"https:\/\/mundo.seashell.pt\/index.php?rest_route=\/wp\/v2\/media\/6817"}],"wp:attachment":[{"href":"https:\/\/mundo.seashell.pt\/index.php?rest_route=%2Fwp%2Fv2%2Fmedia&parent=6816"}],"wp:term":[{"taxonomy":"product_cat","embeddable":true,"href":"https:\/\/mundo.seashell.pt\/index.php?rest_route=%2Fwp%2Fv2%2Fproduct_cat&post=6816"},{"taxonomy":"product_tag","embeddable":true,"href":"https:\/\/mundo.seashell.pt\/index.php?rest_route=%2Fwp%2Fv2%2Fproduct_tag&post=6816"}],"curies":[{"name":"wp","href":"https:\/\/api.w.org\/{rel}","templated":true}]}}