{"id":6814,"date":"2022-02-23T18:56:34","date_gmt":"2022-02-23T18:56:34","guid":{"rendered":"https:\/\/mundo.seashell.pt\/?post_type=product&#038;p=6814"},"modified":"2022-02-23T18:56:36","modified_gmt":"2022-02-23T18:56:36","slug":"nivea-creme-medio-hidratante-75ml","status":"publish","type":"product","link":"https:\/\/mundo.seashell.pt\/?product=nivea-creme-medio-hidratante-75ml","title":{"rendered":"Nivea Creme M\u00e9dio Hidratante 75ml"},"content":{"rendered":"<p>Garanta a prote\u00e7\u00e3o e hidrata\u00e7\u00e3o da sua pele com Nivea!<\/p>\n<p>Nivea Creme \u00e9 o hidratante original para toda a fam\u00edlia. Este produto ic\u00f3nico \u00e9 enriquecido com Eucerit\u00ae, que fornece \u00e0 pele todo o cuidado de prote\u00e7\u00e3o de que necessita para ficar macia e suave. Ideal para o uso di\u00e1rio, sempre que a pele precisa de cuidado. Dermatologicamente aprovado.<\/p>\n<h3>Tipo de produto:<\/h3>\n<p>Creme<\/p>\n<h3>Benef\u00edcios:<\/h3>\n<p>&#8211; Cuidado intensivo e protetor;<br \/>&#8211; F\u00f3rmula de hidrata\u00e7\u00e3o intensiva;<br \/>&#8211; Ideal para uso di\u00e1rio em todas as zonas da pele;<br \/>&#8211; Compatibilidade com a pele dermatologicamente comprovada.<\/p>\n<p><\/p>\n<ul><\/ul>\n","protected":false},"excerpt":{"rendered":"<p>Garanta a prote\u00e7\u00e3o e hidrata\u00e7\u00e3o da sua pele com Nivea!<\/p>\n<p>Nivea Creme \u00e9 o hidratante original para toda a fam\u00edlia. Este produto ic\u00f3nico \u00e9 enriquecido com Eucerit\u00ae, que fornece \u00e0 pele todo o cuidado de prote\u00e7\u00e3o de que necessita para ficar macia e suave. Ideal para o uso di\u00e1rio, sempre que a pele precisa de cuidado. Dermatologicamente aprov&#8230;<\/p>\n","protected":false},"featured_media":6815,"template":"","meta":{"spay_email":""},"product_cat":[15],"product_tag":[],"class_list":{"0":"post-6814","1":"product","2":"type-product","3":"status-publish","4":"has-post-thumbnail","6":"product_cat-sem-categoria","8":"first","9":"instock","10":"taxable","11":"shipping-taxable","12":"purchasable","13":"product-type-simple"},"acf":[],"jetpack-related-posts":[{"id":6780,"url":"https:\/\/mundo.seashell.pt\/?product=nivea-creme-soft-gel-de-banho-065l","url_meta":{"origin":6814,"position":0},"title":"Nivea Creme Soft Gel de Banho 650ml","date":"Fevereiro 23, 2022","format":false,"excerpt":"Experimente e avalie a qualidade dos produtos Nivea. Desde 1911 a cuidar de si!Descri\u00e7\u00e3o: Nivea Creme de Banho Creme Soft, o seu creme de bango com um delicado aroma que lhe proporciona uma experi\u00eancia hidratante \u00fanica. Enriquecido com o precioso \u00d3leo de Am\u00eandoa, oferece-lhe uma suave e cremosa espuma que\u2026","rel":"","context":"Similar post","img":{"alt_text":"","src":"https:\/\/i0.wp.com\/mundo.seashell.pt\/wp-content\/uploads\/2022\/02\/80968-05100-69_Creme_de_Banho_Creme_Soft_650ml_4005900694812.png?resize=350%2C200&ssl=1","width":350,"height":200},"classes":[]},{"id":6778,"url":"https:\/\/mundo.seashell.pt\/?product=nivea-gel-de-banho-075l","url_meta":{"origin":6814,"position":1},"title":"Nivea Gel de Banho 750ml","date":"Fevereiro 23, 2022","format":false,"excerpt":"Experimente e avalie a qualidade dos produtos Nivea. Desde 1911 a cuidar de si! Aqua Sodium Laureth Sulfate Cocamidopropyl Betaine Glycerin Sodium Chloride Decyl Glucoside Parfum Lanolin Alcohol (Eucerit\u00ae) Panthenol Octyldodecanol Glyceryl Glucoside PEG40 Hydrogenated Castor Oil Citric Acid Styrene\/Acrylates Copolymer P EG200 Hydro...","rel":"","context":"Similar post","img":{"alt_text":"","src":"https:\/\/i0.wp.com\/mundo.seashell.pt\/wp-content\/uploads\/2022\/02\/5292030-frente.jpeg?resize=350%2C200&ssl=1","width":350,"height":200},"classes":[]},{"id":6818,"url":"https:\/\/mundo.seashell.pt\/?product=nivea-men-creme-hidratante-150ml","url_meta":{"origin":6814,"position":2},"title":"Nivea Men Creme Hidratante 150ml","date":"Fevereiro 23, 2022","format":false,"excerpt":"Para uma hidrata\u00e7\u00e3o profunda da sua pele! Especialmente desenvolvido para a pele masculina. De r\u00e1pida absor\u00e7\u00e3o e n\u00e3o gorduroso, este \u00e9 o creme perfeito para os homens cuidarem da pele e tirarem o m\u00e1ximo partido do seu potencial. Tem uma fragr\u00e2ncia fresca e masculina e pode ser aplicado no rosto,\u2026","rel":"","context":"Similar post","img":{"alt_text":"","src":"https:\/\/i0.wp.com\/mundo.seashell.pt\/wp-content\/uploads\/2022\/02\/5502125-cima.jpeg?resize=350%2C200&ssl=1","width":350,"height":200},"classes":[]},{"id":6816,"url":"https:\/\/mundo.seashell.pt\/?product=nivea-soft-creme-hidratante-02l","url_meta":{"origin":6814,"position":3},"title":"Nivea Soft Creme Hidratante 200ml","date":"Fevereiro 23, 2022","format":false,"excerpt":"Desfrute da sensa\u00e7\u00e3o revigorante que deixa a pele macia e suave.Descri\u00e7\u00e3o: Um creme hidratante altamente eficaz, para uso di\u00e1rio. De f\u00e1cil aplica\u00e7\u00e3o, podendo ser usado no rosto, corpo e m\u00e3os. A f\u00f3rmula leve com vtamina E e \u00f3leo de jojoba \u00e9 rapidamente absorvida e refresca a pele. Tipo de produto:\u2026","rel":"","context":"Similar post","img":{"alt_text":"","src":"https:\/\/i0.wp.com\/mundo.seashell.pt\/wp-content\/uploads\/2022\/02\/89050-07400-41_NIVEA_Soft_4005808515615.png?resize=350%2C200&ssl=1","width":350,"height":200},"classes":[]},{"id":6700,"url":"https:\/\/mundo.seashell.pt\/?product=toalhitas-suaves-50-unidades","url_meta":{"origin":6814,"position":4},"title":"Toalhitas Suaves &#8211; 50 unidades","date":"Fevereiro 23, 2022","format":false,"excerpt":"NIVEA Toalhitas de Limpeza Suaves 3 em 1 Removem a maquilhagem e a m\u00e1scara waterproof, e limpam delicadamente. Tecido derivado de plantas e f\u00f3rmula sem micropl\u00e1sticos F\u00f3rmula de cuidado enriquecida com \u00d3leo de Am\u00eandoa Natural e feita com ingredientes de origem natural para uma utiliza\u00e7\u00e3o di\u00e1ria. Hidrata...","rel":"","context":"Similar post","img":{"alt_text":"","src":"https:\/\/i0.wp.com\/mundo.seashell.pt\/wp-content\/uploads\/2022\/02\/82316-06600-08_Toalhitas_de_Limpeza_Suaves_Pele_SS_L2P1_4005900450074.png?resize=350%2C200&ssl=1","width":350,"height":200},"classes":[]},{"id":6808,"url":"https:\/\/mundo.seashell.pt\/?product=dove-creme-hidratante-150ml","url_meta":{"origin":6814,"position":5},"title":"Dove Creme Hidratante 150ml","date":"Fevereiro 23, 2022","format":false,"excerpt":"Creme corporal para pele seca. Dove Creme de Corpo Intensivo ajuda a restaurar gradualmente a pele, desde as camadas mais profundas. Esta lo\u00e7\u00e3o n\u00e3o s\u00f3 hidrata a superf\u00edcie da pele como tamb\u00e9m proporciona uma nutri\u00e7\u00e3o profunda de longa dura\u00e7\u00e3o. Tipo de produto: CremeBenef\u00edcios: - Nutri\u00e7\u00e3o para uma pele se...","rel":"","context":"Similar post","img":{"alt_text":"","src":"https:\/\/i0.wp.com\/mundo.seashell.pt\/wp-content\/uploads\/2022\/02\/Dove_Intensivo___Creme__150ml__.png?resize=350%2C200&ssl=1","width":350,"height":200},"classes":[]}],"_links":{"self":[{"href":"https:\/\/mundo.seashell.pt\/index.php?rest_route=\/wp\/v2\/product\/6814","targetHints":{"allow":["GET"]}}],"collection":[{"href":"https:\/\/mundo.seashell.pt\/index.php?rest_route=\/wp\/v2\/product"}],"about":[{"href":"https:\/\/mundo.seashell.pt\/index.php?rest_route=\/wp\/v2\/types\/product"}],"wp:featuredmedia":[{"embeddable":true,"href":"https:\/\/mundo.seashell.pt\/index.php?rest_route=\/wp\/v2\/media\/6815"}],"wp:attachment":[{"href":"https:\/\/mundo.seashell.pt\/index.php?rest_route=%2Fwp%2Fv2%2Fmedia&parent=6814"}],"wp:term":[{"taxonomy":"product_cat","embeddable":true,"href":"https:\/\/mundo.seashell.pt\/index.php?rest_route=%2Fwp%2Fv2%2Fproduct_cat&post=6814"},{"taxonomy":"product_tag","embeddable":true,"href":"https:\/\/mundo.seashell.pt\/index.php?rest_route=%2Fwp%2Fv2%2Fproduct_tag&post=6814"}],"curies":[{"name":"wp","href":"https:\/\/api.w.org\/{rel}","templated":true}]}}