{"id":6812,"date":"2022-02-23T18:56:34","date_gmt":"2022-02-23T18:56:34","guid":{"rendered":"https:\/\/mundo.seashell.pt\/?post_type=product&#038;p=6812"},"modified":"2022-02-23T18:56:34","modified_gmt":"2022-02-23T18:56:34","slug":"atrix-intensive-60ml","status":"publish","type":"product","link":"https:\/\/mundo.seashell.pt\/?product=atrix-intensive-60ml","title":{"rendered":"Atrix Intensive 60ml"},"content":{"rendered":"<p>Atrix Intensive 60ml<\/p>\n<p>Creme hidratante para m\u00e3os e corpo&#8230;<\/p>\n","protected":false},"excerpt":{"rendered":"<p>Atrix Intensive 60ml<\/p>\n<p>Creme hidratante para m\u00e3os e corpo&#8230;<\/p>\n","protected":false},"featured_media":6813,"template":"","meta":{"spay_email":""},"product_cat":[15],"product_tag":[],"class_list":{"0":"post-6812","1":"product","2":"type-product","3":"status-publish","4":"has-post-thumbnail","6":"product_cat-sem-categoria","8":"first","9":"instock","10":"taxable","11":"shipping-taxable","12":"purchasable","13":"product-type-simple"},"acf":[],"jetpack-related-posts":[{"id":6806,"url":"https:\/\/mundo.seashell.pt\/?product=vaseline-creme-hidratante-025l","url_meta":{"origin":6812,"position":0},"title":"Vaseline Creme Hidratante 250ml","date":"Fevereiro 23, 2022","format":false,"excerpt":"Vaselina com in\u00fameros multiprop\u00f3sitos. A vaselina Intensive Care de Vaseline\u00ae, fabricada com vaselina 100% pura, \u00e9 clinicamente comprovada para proteger e hidratar pele seca e danificada. Mant\u00e9m a sua pele com uma apar\u00eancia saud\u00e1vel e brilhante o dia todo. Adequada tamb\u00e9m para pele sens\u00edvel.Benef\u00edcios: - Hidrata os l\u00e1bi...","rel":"","context":"Similar post","img":{"alt_text":"","src":"https:\/\/i0.wp.com\/mundo.seashell.pt\/wp-content\/uploads\/2022\/02\/Vaseline_Intensivo___Creme_Gordo__250ml__.png?resize=350%2C200&ssl=1","width":350,"height":200},"classes":[]},{"id":6816,"url":"https:\/\/mundo.seashell.pt\/?product=nivea-soft-creme-hidratante-02l","url_meta":{"origin":6812,"position":1},"title":"Nivea Soft Creme Hidratante 200ml","date":"Fevereiro 23, 2022","format":false,"excerpt":"Desfrute da sensa\u00e7\u00e3o revigorante que deixa a pele macia e suave.Descri\u00e7\u00e3o: Um creme hidratante altamente eficaz, para uso di\u00e1rio. De f\u00e1cil aplica\u00e7\u00e3o, podendo ser usado no rosto, corpo e m\u00e3os. A f\u00f3rmula leve com vtamina E e \u00f3leo de jojoba \u00e9 rapidamente absorvida e refresca a pele. Tipo de produto:\u2026","rel":"","context":"Similar post","img":{"alt_text":"","src":"https:\/\/i0.wp.com\/mundo.seashell.pt\/wp-content\/uploads\/2022\/02\/89050-07400-41_NIVEA_Soft_4005808515615.png?resize=350%2C200&ssl=1","width":350,"height":200},"classes":[]},{"id":6818,"url":"https:\/\/mundo.seashell.pt\/?product=nivea-men-creme-hidratante-150ml","url_meta":{"origin":6812,"position":2},"title":"Nivea Men Creme Hidratante 150ml","date":"Fevereiro 23, 2022","format":false,"excerpt":"Para uma hidrata\u00e7\u00e3o profunda da sua pele! Especialmente desenvolvido para a pele masculina. De r\u00e1pida absor\u00e7\u00e3o e n\u00e3o gorduroso, este \u00e9 o creme perfeito para os homens cuidarem da pele e tirarem o m\u00e1ximo partido do seu potencial. Tem uma fragr\u00e2ncia fresca e masculina e pode ser aplicado no rosto,\u2026","rel":"","context":"Similar post","img":{"alt_text":"","src":"https:\/\/i0.wp.com\/mundo.seashell.pt\/wp-content\/uploads\/2022\/02\/5502125-cima.jpeg?resize=350%2C200&ssl=1","width":350,"height":200},"classes":[]},{"id":6822,"url":"https:\/\/mundo.seashell.pt\/?product=dove-sabonete-regular-100gr","url_meta":{"origin":6812,"position":3},"title":"Dove Sabonete Regular 100Gr","date":"Fevereiro 23, 2022","format":false,"excerpt":"Todos n\u00f3s sabemos o qu\u00e3o importante \u00e9 cuidar das m\u00e3os. S\u00e3o a parte do nosso corpo que est\u00e1 mais exposta, pelo que uma limpeza correta \u00e9 imprescind\u00edvel para evitar a circula\u00e7\u00e3o de germes e parasitas no nosso organismo, ajudando na preven\u00e7\u00e3o de doen\u00e7as. O sabonete Original de Dove limpa em\u2026","rel":"","context":"Similar post","img":{"alt_text":"","src":"https:\/\/i0.wp.com\/mundo.seashell.pt\/wp-content\/uploads\/2022\/02\/DOVE_SABONETE_REGULAR_2X100gr_-_C_C.png?resize=350%2C200&ssl=1","width":350,"height":200},"classes":[]},{"id":6808,"url":"https:\/\/mundo.seashell.pt\/?product=dove-creme-hidratante-150ml","url_meta":{"origin":6812,"position":4},"title":"Dove Creme Hidratante 150ml","date":"Fevereiro 23, 2022","format":false,"excerpt":"Creme corporal para pele seca. Dove Creme de Corpo Intensivo ajuda a restaurar gradualmente a pele, desde as camadas mais profundas. Esta lo\u00e7\u00e3o n\u00e3o s\u00f3 hidrata a superf\u00edcie da pele como tamb\u00e9m proporciona uma nutri\u00e7\u00e3o profunda de longa dura\u00e7\u00e3o. Tipo de produto: CremeBenef\u00edcios: - Nutri\u00e7\u00e3o para uma pele se...","rel":"","context":"Similar post","img":{"alt_text":"","src":"https:\/\/i0.wp.com\/mundo.seashell.pt\/wp-content\/uploads\/2022\/02\/Dove_Intensivo___Creme__150ml__.png?resize=350%2C200&ssl=1","width":350,"height":200},"classes":[]},{"id":6820,"url":"https:\/\/mundo.seashell.pt\/?product=dove-sabonete-100gr","url_meta":{"origin":6812,"position":5},"title":"Dove Sabonete 100gr","date":"Fevereiro 23, 2022","format":false,"excerpt":"Sabonete com part\u00edculas exfoliantes. A esfolia\u00e7\u00e3o deve ser sempre suave. \u00c9 a\u00ed que entra Dove Sabonete Gentle Exfoliating. A esfolia\u00e7\u00e3o oferecida por este sabonete \u00e9 suave e remove as impurezas da pele, deixando-a bonita e revitalizada. Deixe a sua pele mais macia e bem cuidada, todos os dias. Tipo de\u2026","rel":"","context":"Similar post","img":{"alt_text":"","src":"https:\/\/i0.wp.com\/mundo.seashell.pt\/wp-content\/uploads\/2022\/02\/DOVE_SABONETE_GENTLE_EXFOLIANT._4x100gr.png?resize=350%2C200&ssl=1","width":350,"height":200},"classes":[]}],"_links":{"self":[{"href":"https:\/\/mundo.seashell.pt\/index.php?rest_route=\/wp\/v2\/product\/6812","targetHints":{"allow":["GET"]}}],"collection":[{"href":"https:\/\/mundo.seashell.pt\/index.php?rest_route=\/wp\/v2\/product"}],"about":[{"href":"https:\/\/mundo.seashell.pt\/index.php?rest_route=\/wp\/v2\/types\/product"}],"wp:featuredmedia":[{"embeddable":true,"href":"https:\/\/mundo.seashell.pt\/index.php?rest_route=\/wp\/v2\/media\/6813"}],"wp:attachment":[{"href":"https:\/\/mundo.seashell.pt\/index.php?rest_route=%2Fwp%2Fv2%2Fmedia&parent=6812"}],"wp:term":[{"taxonomy":"product_cat","embeddable":true,"href":"https:\/\/mundo.seashell.pt\/index.php?rest_route=%2Fwp%2Fv2%2Fproduct_cat&post=6812"},{"taxonomy":"product_tag","embeddable":true,"href":"https:\/\/mundo.seashell.pt\/index.php?rest_route=%2Fwp%2Fv2%2Fproduct_tag&post=6812"}],"curies":[{"name":"wp","href":"https:\/\/api.w.org\/{rel}","templated":true}]}}