{"id":6806,"date":"2022-02-23T18:56:27","date_gmt":"2022-02-23T18:56:27","guid":{"rendered":"https:\/\/mundo.seashell.pt\/?post_type=product&#038;p=6806"},"modified":"2022-02-23T18:56:29","modified_gmt":"2022-02-23T18:56:29","slug":"vaseline-creme-hidratante-025l","status":"publish","type":"product","link":"https:\/\/mundo.seashell.pt\/?product=vaseline-creme-hidratante-025l","title":{"rendered":"Vaseline Creme Hidratante 250ml"},"content":{"rendered":"<p>Vaselina com in\u00fameros multiprop\u00f3sitos.<\/p>\n<p>A vaselina Intensive Care de Vaseline\u00ae, fabricada com vaselina 100% pura, \u00e9 clinicamente comprovada para proteger e hidratar pele seca e danificada. Mant\u00e9m a sua pele com uma apar\u00eancia saud\u00e1vel e brilhante o dia todo. Adequada tamb\u00e9m para pele sens\u00edvel.<\/p>\n<h3>Benef\u00edcios:<\/h3>\n<p>&#8211; Hidrata os l\u00e1bios secos.<br \/>&#8211; Suaviza cotovelos, joelhos e p\u00e9s.<br \/>&#8211; Deixa as pestanas mais saud\u00e1veis e volumosas.<br \/>&#8211; Suaviza as olheiras.<br \/>&#8211; Ajuda a manter as sobrancelhas penteadas.<br \/>&#8211; Misturado com a\u00e7\u00facar\/sal pode fazer um esfoliante caseiro.<\/p>\n<h3>Conselhos de utiliza\u00e7\u00e3o:<\/h3>\n<p>Passe as pontas dos dedos na vaselina e espalhe nas \u00e1reas especialmente mais secas da pele at\u00e9 que seja absorvida. Excelente para cortes, queimaduras ou \u00e1reas problem\u00e1ticas como m\u00e3os, p\u00e9s, cotovelos e calcanhares. Repita conforme necess\u00e1rio ao longo do dia.<\/p>\n<p><\/p>\n","protected":false},"excerpt":{"rendered":"<p>Vaselina com in\u00fameros multiprop\u00f3sitos.<br \/>\nA vaselina Intensive Care de Vaseline\u00ae, fabricada com vaselina 100% pura, \u00e9 clinicamente comprovada para proteger e hidratar pele seca e danificada. Mant\u00e9m a sua pele com uma apar\u00eancia saud\u00e1vel e brilhante o dia todo. Adequada tamb\u00e9m para pele sens\u00edvel.Benef\u00edcios:<br \/>\n&#8211; Hidrata os l\u00e1bi&#8230;<\/p>\n","protected":false},"featured_media":6807,"template":"","meta":{"spay_email":""},"product_cat":[15],"product_tag":[],"class_list":{"0":"post-6806","1":"product","2":"type-product","3":"status-publish","4":"has-post-thumbnail","6":"product_cat-sem-categoria","8":"first","9":"instock","10":"taxable","11":"shipping-taxable","12":"purchasable","13":"product-type-simple"},"acf":[],"jetpack-related-posts":[{"id":6810,"url":"https:\/\/mundo.seashell.pt\/?product=vaseline-vaselina-100ml","url_meta":{"origin":6806,"position":0},"title":"Vaseline Vaselina 100ml","date":"Fevereiro 23, 2022","format":false,"excerpt":"Vaselina com in\u00fameros multiprop\u00f3sitos.Benef\u00edcios: - Hidrata os l\u00e1bios secos.- Suaviza cotovelos, joelhos e p\u00e9s.- Deixa as pestanas mais saud\u00e1veis e volumosas.- Suaviza as olheiras.- Ajuda a manter as sobrancelhas penteadas.- Misturado com a\u00e7\u00facar\/sal pode fazer um esfoliante caseiro. Conselhos de uti...","rel":"","context":"Similar post","img":{"alt_text":"","src":"https:\/\/i0.wp.com\/mundo.seashell.pt\/wp-content\/uploads\/2022\/02\/transferir__1_.jpeg?resize=350%2C200&ssl=1","width":350,"height":200},"classes":[]},{"id":6794,"url":"https:\/\/mundo.seashell.pt\/?product=vaseline-locao-corporal-02l","url_meta":{"origin":6806,"position":1},"title":"Vaseline Lo\u00e7\u00e3o corporal 200ml","date":"Fevereiro 23, 2022","format":false,"excerpt":"A lo\u00e7\u00e3o corporal Essential Healing de Vaseline\u00ae hidrata para ajudar a curar a pele seca e sem brilho e \u00e9 rapidamente absorvida para uma sensa\u00e7\u00e3o n\u00e3o oleosa. Tipo de produto: Lo\u00e7\u00e3oBenef\u00edcios: - Hidrata a pele seca e \u00e9 de r\u00e1pida absor\u00e7\u00e3o para uma sensa\u00e7\u00e3o n\u00e3o oleosa.- Cont\u00e9m microgot\u00edculas de vaselina\u2026","rel":"","context":"Similar post","img":{"alt_text":"","src":"https:\/\/i0.wp.com\/mundo.seashell.pt\/wp-content\/uploads\/2022\/02\/VASELINE_LOC_A_O_ESS.HEALING_200ML_8712561479806.png?resize=350%2C200&ssl=1","width":350,"height":200},"classes":[]},{"id":6774,"url":"https:\/\/mundo.seashell.pt\/?product=vaseline-gel-de-banho-05l","url_meta":{"origin":6806,"position":2},"title":"Vaseline Gel de Banho 700ml","date":"Fevereiro 23, 2022","format":false,"excerpt":"O Gel Banho Vaseline\u00ae limpa e hidrata a sua pele, para uma pele maravilhosamente macia e perfumada. Com a suavidade e a hidrata\u00e7\u00e3o do leite e a delicada frag\u00e2ncia das rosas, o gel de banho Vaseline proporciona toda a suavidade e hidrata\u00e7\u00e3o necess\u00e1rias para manter uma pele extraordin\u00e1rias. Benef\u00edcios: -\u2026","rel":"","context":"Similar post","img":{"alt_text":"","src":"https:\/\/i0.wp.com\/mundo.seashell.pt\/wp-content\/uploads\/2022\/02\/VASELINE_GEL_BANHO_AME_NDOAS_DOCES_700ML.png?resize=350%2C200&ssl=1","width":350,"height":200},"classes":[]},{"id":6702,"url":"https:\/\/mundo.seashell.pt\/?product=protetor-labial-20g","url_meta":{"origin":6806,"position":3},"title":"Protetor Labial 20g","date":"Fevereiro 23, 2022","format":false,"excerpt":"As latas de protetor labial Vaseline \u00ae Lip Therapy \u00ae ajudam a manter a hidrata\u00e7\u00e3o para l\u00e1bios bonitos e saud\u00e1veisVaseline \u00ae Lip Therapy \u00ae d\u00e1 aos l\u00e1bios um brilho naturalPreparado com Vaseline \u00ae Jelly para fornecer hidrata\u00e7\u00e3o e cuidado labial de longa dura\u00e7\u00e3o","rel":"","context":"Similar post","img":{"alt_text":"","src":"https:\/\/i0.wp.com\/mundo.seashell.pt\/wp-content\/uploads\/2022\/02\/Vaseline_Original__20g__.png?resize=350%2C200&ssl=1","width":350,"height":200},"classes":[]},{"id":6772,"url":"https:\/\/mundo.seashell.pt\/?product=vaseline-gel-de-banho-07l","url_meta":{"origin":6806,"position":4},"title":"Vaseline Gel de Banho 700ml","date":"Fevereiro 23, 2022","format":false,"excerpt":"O gel de banho Vaselin protege eficazmente a pele. Com uma combina\u00e7\u00e3o de ingredientes especiais e agentes de limpeza delicados, o gel de banho Vaseline nutre a sua pele para que esta se mantenha suave e saud\u00e1vel. Benef\u00edcios: - pH neutro para a pele.- Dermatologicamente testado. Conselhos de utiliza\u00e7\u00e3o: Aplique\u2026","rel":"","context":"Similar post","img":{"alt_text":"","src":"https:\/\/i0.wp.com\/mundo.seashell.pt\/wp-content\/uploads\/2022\/02\/VASELINE_GEL_BANHO_DERMA_CARE_700ML.png?resize=350%2C200&ssl=1","width":350,"height":200},"classes":[]},{"id":6872,"url":"https:\/\/mundo.seashell.pt\/?product=vaseline-desodorizante-feminino-50gr","url_meta":{"origin":6806,"position":5},"title":"Vaseline Desodorizante Feminino 50Gr","date":"Fevereiro 23, 2022","format":false,"excerpt":"Desodorizante hidratante 48h de prote\u00e7\u00e3o.Descri\u00e7\u00e3o: O desodorizante Vaseline oferece-lhe 48 horas de prote\u00e7\u00e3o contra suor e maus odores com a tecnologia ProDerma\u2122. Do mesmo modo, deixa a pele delicadas das suas axilas suave e saud\u00e1vel. Tipo de produto: Desodorizante Roll-OnBenef\u00edcios: - O de...","rel":"","context":"Similar post","img":{"alt_text":"","src":"https:\/\/i0.wp.com\/mundo.seashell.pt\/wp-content\/uploads\/2022\/02\/Vaseline___Derma_Care_Roll_On___50g__.png?resize=350%2C200&ssl=1","width":350,"height":200},"classes":[]}],"_links":{"self":[{"href":"https:\/\/mundo.seashell.pt\/index.php?rest_route=\/wp\/v2\/product\/6806","targetHints":{"allow":["GET"]}}],"collection":[{"href":"https:\/\/mundo.seashell.pt\/index.php?rest_route=\/wp\/v2\/product"}],"about":[{"href":"https:\/\/mundo.seashell.pt\/index.php?rest_route=\/wp\/v2\/types\/product"}],"wp:featuredmedia":[{"embeddable":true,"href":"https:\/\/mundo.seashell.pt\/index.php?rest_route=\/wp\/v2\/media\/6807"}],"wp:attachment":[{"href":"https:\/\/mundo.seashell.pt\/index.php?rest_route=%2Fwp%2Fv2%2Fmedia&parent=6806"}],"wp:term":[{"taxonomy":"product_cat","embeddable":true,"href":"https:\/\/mundo.seashell.pt\/index.php?rest_route=%2Fwp%2Fv2%2Fproduct_cat&post=6806"},{"taxonomy":"product_tag","embeddable":true,"href":"https:\/\/mundo.seashell.pt\/index.php?rest_route=%2Fwp%2Fv2%2Fproduct_tag&post=6806"}],"curies":[{"name":"wp","href":"https:\/\/api.w.org\/{rel}","templated":true}]}}