{"id":6804,"date":"2022-02-23T18:56:23","date_gmt":"2022-02-23T18:56:23","guid":{"rendered":"https:\/\/mundo.seashell.pt\/?post_type=product&#038;p=6804"},"modified":"2022-02-23T18:56:26","modified_gmt":"2022-02-23T18:56:26","slug":"nivea-creme-para-as-maos-75ml","status":"publish","type":"product","link":"https:\/\/mundo.seashell.pt\/?product=nivea-creme-para-as-maos-75ml","title":{"rendered":"Nivea Creme Para as M\u00e3os 75ml"},"content":{"rendered":"<p>O cuidado que precisa para umas m\u00e3os incrivelmente suaves todo o dia.<\/p>\n<h3>Tipo de produto:<\/h3>\n<p>Creme de M\u00e3os<\/p>\n<h3>Conselhos de utiliza\u00e7\u00e3o:<\/h3>\n<p>Aplique de manh\u00e3 e\/ou \u00e0 noite ou sempre que sentir a pele seca. Massaje gentilmente em toda a m\u00e3o.<\/p>\n<p><\/p>\n<p><\/p>\n<ul><\/ul>\n","protected":false},"excerpt":{"rendered":"<p>O cuidado que precisa para umas m\u00e3os incrivelmente suaves todo o dia.Tipo de produto:<br \/>\nCreme de M\u00e3osConselhos de utiliza\u00e7\u00e3o:<br \/>\nAplique de manh\u00e3 e\/ou \u00e0 noite ou sempre que sentir a pele seca. Massaje gentilmente em toda a m\u00e3o.<\/p>\n","protected":false},"featured_media":6805,"template":"","meta":{"spay_email":""},"product_cat":[15],"product_tag":[],"class_list":{"0":"post-6804","1":"product","2":"type-product","3":"status-publish","4":"has-post-thumbnail","6":"product_cat-sem-categoria","8":"first","9":"instock","10":"taxable","11":"shipping-taxable","12":"purchasable","13":"product-type-simple"},"acf":[],"jetpack-related-posts":[{"id":6802,"url":"https:\/\/mundo.seashell.pt\/?product=dove-creme-para-as-maos-75ml","url_meta":{"origin":6804,"position":0},"title":"Dove Creme para as M\u00e3os 75ml","date":"Fevereiro 23, 2022","format":false,"excerpt":"Cuida das suas m\u00e3os, deixando-as hidratadas e suaves.Descri\u00e7\u00e3o: Durante s\u00e9culos, as mulheres indianas t\u00eam usado \u00f3leo de coco nos seus rituais de beleza para hidratar a pele. \u00c9 por isso que cri\u00e1mos o nosso creme de m\u00e3os Dove Nourishing Secrets Restoring Ritual, que nutre e cuida da sua pele. Desfrute\u2026","rel":"","context":"Similar post","img":{"alt_text":"","src":"https:\/\/i0.wp.com\/mundo.seashell.pt\/wp-content\/uploads\/2022\/02\/Dove___Co_co__75ml__.png?resize=350%2C200&ssl=1","width":350,"height":200},"classes":[]},{"id":6818,"url":"https:\/\/mundo.seashell.pt\/?product=nivea-men-creme-hidratante-150ml","url_meta":{"origin":6804,"position":1},"title":"Nivea Men Creme Hidratante 150ml","date":"Fevereiro 23, 2022","format":false,"excerpt":"Para uma hidrata\u00e7\u00e3o profunda da sua pele! Especialmente desenvolvido para a pele masculina. De r\u00e1pida absor\u00e7\u00e3o e n\u00e3o gorduroso, este \u00e9 o creme perfeito para os homens cuidarem da pele e tirarem o m\u00e1ximo partido do seu potencial. Tem uma fragr\u00e2ncia fresca e masculina e pode ser aplicado no rosto,\u2026","rel":"","context":"Similar post","img":{"alt_text":"","src":"https:\/\/i0.wp.com\/mundo.seashell.pt\/wp-content\/uploads\/2022\/02\/5502125-cima.jpeg?resize=350%2C200&ssl=1","width":350,"height":200},"classes":[]},{"id":6784,"url":"https:\/\/mundo.seashell.pt\/?product=dove-gel-de-banho-secrets-05l","url_meta":{"origin":6804,"position":2},"title":"Dove Gel de Banho Secrets 500ml","date":"Fevereiro 23, 2022","format":false,"excerpt":"Explore as cole\u00e7\u00f5es Dove e encontre os produtos ideais para si! Dove criou o gel de duche Nourishing Secrets Indulging. Para uma pele nutrida, este gel de banho vai fazer sentir-se limpo, delicadamente perfumado e maravilhosamente mimado. Ingredientes: Aqua, Sodium Lauroyl Glycinate, Cocamidopropyl Betaine, Sodium L...","rel":"","context":"Similar post","img":{"alt_text":"","src":"https:\/\/i0.wp.com\/mundo.seashell.pt\/wp-content\/uploads\/2022\/02\/DOVE_GEL_BANHO_SECRETS_HONEY___OAT_500ML.png?resize=350%2C200&ssl=1","width":350,"height":200},"classes":[]},{"id":6832,"url":"https:\/\/mundo.seashell.pt\/?product=dove-sabonete-liquido-250ml","url_meta":{"origin":6804,"position":3},"title":"Dove Sabonete L\u00edquido 250ml","date":"Fevereiro 23, 2022","format":false,"excerpt":"Explore as cole\u00e7\u00f5es Dove e encontre os produtos ideais para si!Ingredientes: Aqua, Sodium Laureth Sulfate, Glycerin, Sodium Chloride, Cocamidopropyl Betaine, Butylene Glycol, Citric Acid, Nelumbo Nucifera Flower Extract, Oryza Sativa Bran Extract, Oryza Sativa Germ Oil, Parfum, PEG-40 Hydrogenated Castor Oil, Sine Adipe La...","rel":"","context":"Similar post","img":{"alt_text":"","src":"https:\/\/i0.wp.com\/mundo.seashell.pt\/wp-content\/uploads\/2022\/02\/Dove_Regular__250ml__.png?resize=350%2C200&ssl=1","width":350,"height":200},"classes":[]},{"id":6792,"url":"https:\/\/mundo.seashell.pt\/?product=nivea-body-milk-025l","url_meta":{"origin":6804,"position":4},"title":"Nivea Body Milk 250ml","date":"Fevereiro 23, 2022","format":false,"excerpt":"Nivea Body Milk foi enriquecido com Nivea Deep Moisture Serum e 2 x mais \u00f3leo de am\u00eandoa, comparando com a f\u00f3rmula anterior. Nutre intensivamente a pele por 48h, reduzindo visivelmente a aspereza da pele muito seca, ap\u00f3s uma \u00fanica aplica\u00e7\u00e3o. Tipo de produto: Lo\u00e7\u00e3oBenef\u00edcios: - 48h de hidrata\u00e7\u00e3o profunda;- F...","rel":"","context":"Similar post","img":{"alt_text":"","src":"https:\/\/i0.wp.com\/mundo.seashell.pt\/wp-content\/uploads\/2022\/02\/Nivea___Body_Milk___Nutritivo__250ml__.png?resize=350%2C200&ssl=1","width":350,"height":200},"classes":[]},{"id":6852,"url":"https:\/\/mundo.seashell.pt\/?product=dove-men-care-desodorizante-masculino-50ml","url_meta":{"origin":6804,"position":5},"title":"Dove Men Care Desodorizante Masculino 50ml","date":"Fevereiro 23, 2022","format":false,"excerpt":"Com Dove Men+Care Roll-On antitranspirante, ter\u00e1 o conforto e prote\u00e7\u00e3o total contra o suor durante todo o dia.Descri\u00e7\u00e3o: Desenvolvido para proteger a pele contra o suor, sem irritar a pele. Dove Men+Care Roll-On antitranspirantecombate os odores indesejados e a transpira\u00e7\u00e3o enquanto que a sua tecnologia exclusiva com \u00bc de ...","rel":"","context":"Similar post","img":{"alt_text":"","src":"https:\/\/i0.wp.com\/mundo.seashell.pt\/wp-content\/uploads\/2022\/02\/Dove_Roll-On_Clean_Comfort__50ml__.png?resize=350%2C200&ssl=1","width":350,"height":200},"classes":[]}],"_links":{"self":[{"href":"https:\/\/mundo.seashell.pt\/index.php?rest_route=\/wp\/v2\/product\/6804","targetHints":{"allow":["GET"]}}],"collection":[{"href":"https:\/\/mundo.seashell.pt\/index.php?rest_route=\/wp\/v2\/product"}],"about":[{"href":"https:\/\/mundo.seashell.pt\/index.php?rest_route=\/wp\/v2\/types\/product"}],"wp:featuredmedia":[{"embeddable":true,"href":"https:\/\/mundo.seashell.pt\/index.php?rest_route=\/wp\/v2\/media\/6805"}],"wp:attachment":[{"href":"https:\/\/mundo.seashell.pt\/index.php?rest_route=%2Fwp%2Fv2%2Fmedia&parent=6804"}],"wp:term":[{"taxonomy":"product_cat","embeddable":true,"href":"https:\/\/mundo.seashell.pt\/index.php?rest_route=%2Fwp%2Fv2%2Fproduct_cat&post=6804"},{"taxonomy":"product_tag","embeddable":true,"href":"https:\/\/mundo.seashell.pt\/index.php?rest_route=%2Fwp%2Fv2%2Fproduct_tag&post=6804"}],"curies":[{"name":"wp","href":"https:\/\/api.w.org\/{rel}","templated":true}]}}