{"id":6802,"date":"2022-02-23T18:56:18","date_gmt":"2022-02-23T18:56:18","guid":{"rendered":"https:\/\/mundo.seashell.pt\/?post_type=product&#038;p=6802"},"modified":"2022-02-23T18:56:23","modified_gmt":"2022-02-23T18:56:23","slug":"dove-creme-para-as-maos-75ml","status":"publish","type":"product","link":"https:\/\/mundo.seashell.pt\/?product=dove-creme-para-as-maos-75ml","title":{"rendered":"Dove Creme para as M\u00e3os 75ml"},"content":{"rendered":"<p>Cuida das suas m\u00e3os, deixando-as hidratadas e suaves.<\/p>\n<h3>Descri\u00e7\u00e3o:<\/h3>\n<p>Durante s\u00e9culos, as mulheres indianas t\u00eam usado \u00f3leo de coco nos seus rituais de beleza para hidratar a pele. \u00c9 por isso que cri\u00e1mos o nosso creme de m\u00e3os Dove Nourishing Secrets Restoring Ritual, que nutre e cuida da sua pele. Desfrute da sensa\u00e7\u00e3o de conforto deste creme hidratante Dove, dermatologicamente testado e ideal para todo o tipo de pele.<\/p>\n<h3>Ingredientes:<\/h3>\n<p>Aqua, Glycerin, Stearic Acid, Caprylic\/Capric Triglyceride, Dimethicone, Glycol Stearate, PEG-100 Stearate, 1,2-Hexanediol, Acrylates\/C10-30 Alkyl Acrylate Crosspolymer, Carbomer, Cetyl Alcohol, Cocos Nucifera Oil, Cyclopentasiloxane, Decylene Glycol, Disodium EDTA, Glyceryl Stearate, Helianthus Annuus Seed Oil, Isomerized Linoleic Acid, Methylparaben, Parfum, PEG-40 Hydrogenated Castor Oil, Pentylene Glycol, Petrolatum, Phenoxyethanol, Potassium Sorbate, Propylene Glycol, Propylparaben, Prunus Amygdalus Dulcis Oil, Prunus Amygdalus Dulcis Seed Extract, Sine Adipe Lac, Stearamide AMP, Tocopheryl Acetate, Trideceth-9, Triethanolamine, Coumarin, CI 77891.<\/p>\n<h3>Tipo de produto:<\/h3>\n<p>Creme de M\u00e3os<\/p>\n<h3>Benef\u00edcios:<\/h3>\n<p>&#8211; Inspirado nos rituais de beleza das mulheres indianas.<br \/>&#8211; F\u00f3rmula super-rica que hidrata profundamente a pele.<br \/>&#8211; Frag\u00e2ncia a coco e leite de am\u00eandoa.<br \/>&#8211; De f\u00e1cil aplica\u00e7\u00e3o e r\u00e1pida absor\u00e7\u00e3o.<\/p>\n<h3>Conselhos de utiliza\u00e7\u00e3o:<\/h3>\n<p>Aplique de manh\u00e3 e\/ou \u00e0 noite ou sempre que sentir a pele seca. Massaje gentilmente desde a ponta dos dedos aos pulsos, incluindo unhas e cut\u00edculas.<\/p>\n","protected":false},"excerpt":{"rendered":"<p>Cuida das suas m\u00e3os, deixando-as hidratadas e suaves.<\/p>\n<h3>Descri\u00e7\u00e3o:<\/h3>\n<p>Durante s\u00e9culos, as mulheres indianas t\u00eam usado \u00f3leo de coco nos seus rituais de beleza para hidratar a pele. \u00c9 por isso que cri\u00e1mos o nosso creme de m\u00e3os Dove Nourishing Secrets Restoring Ritual, que nutre e cuida da sua pele. Desfrute da sensa\u00e7\u00e3o de conforto&#8230;<\/p>\n","protected":false},"featured_media":6803,"template":"","meta":{"spay_email":""},"product_cat":[15],"product_tag":[],"class_list":{"0":"post-6802","1":"product","2":"type-product","3":"status-publish","4":"has-post-thumbnail","6":"product_cat-sem-categoria","8":"first","9":"instock","10":"taxable","11":"shipping-taxable","12":"purchasable","13":"product-type-simple"},"acf":[],"jetpack-related-posts":[{"id":6832,"url":"https:\/\/mundo.seashell.pt\/?product=dove-sabonete-liquido-250ml","url_meta":{"origin":6802,"position":0},"title":"Dove Sabonete L\u00edquido 250ml","date":"Fevereiro 23, 2022","format":false,"excerpt":"Explore as cole\u00e7\u00f5es Dove e encontre os produtos ideais para si!Ingredientes: Aqua, Sodium Laureth Sulfate, Glycerin, Sodium Chloride, Cocamidopropyl Betaine, Butylene Glycol, Citric Acid, Nelumbo Nucifera Flower Extract, Oryza Sativa Bran Extract, Oryza Sativa Germ Oil, Parfum, PEG-40 Hydrogenated Castor Oil, Sine Adipe La...","rel":"","context":"Similar post","img":{"alt_text":"","src":"https:\/\/i0.wp.com\/mundo.seashell.pt\/wp-content\/uploads\/2022\/02\/Dove_Regular__250ml__.png?resize=350%2C200&ssl=1","width":350,"height":200},"classes":[]},{"id":6784,"url":"https:\/\/mundo.seashell.pt\/?product=dove-gel-de-banho-secrets-05l","url_meta":{"origin":6802,"position":1},"title":"Dove Gel de Banho Secrets 500ml","date":"Fevereiro 23, 2022","format":false,"excerpt":"Explore as cole\u00e7\u00f5es Dove e encontre os produtos ideais para si! Dove criou o gel de duche Nourishing Secrets Indulging. Para uma pele nutrida, este gel de banho vai fazer sentir-se limpo, delicadamente perfumado e maravilhosamente mimado. Ingredientes: Aqua, Sodium Lauroyl Glycinate, Cocamidopropyl Betaine, Sodium L...","rel":"","context":"Similar post","img":{"alt_text":"","src":"https:\/\/i0.wp.com\/mundo.seashell.pt\/wp-content\/uploads\/2022\/02\/DOVE_GEL_BANHO_SECRETS_HONEY___OAT_500ML.png?resize=350%2C200&ssl=1","width":350,"height":200},"classes":[]},{"id":6778,"url":"https:\/\/mundo.seashell.pt\/?product=nivea-gel-de-banho-075l","url_meta":{"origin":6802,"position":2},"title":"Nivea Gel de Banho 750ml","date":"Fevereiro 23, 2022","format":false,"excerpt":"Experimente e avalie a qualidade dos produtos Nivea. Desde 1911 a cuidar de si! Aqua Sodium Laureth Sulfate Cocamidopropyl Betaine Glycerin Sodium Chloride Decyl Glucoside Parfum Lanolin Alcohol (Eucerit\u00ae) Panthenol Octyldodecanol Glyceryl Glucoside PEG40 Hydrogenated Castor Oil Citric Acid Styrene\/Acrylates Copolymer P EG200 Hydro...","rel":"","context":"Similar post","img":{"alt_text":"","src":"https:\/\/i0.wp.com\/mundo.seashell.pt\/wp-content\/uploads\/2022\/02\/5292030-frente.jpeg?resize=350%2C200&ssl=1","width":350,"height":200},"classes":[]},{"id":6790,"url":"https:\/\/mundo.seashell.pt\/?product=dove-gel-de-banho-masculino","url_meta":{"origin":6802,"position":3},"title":"Dove Gel de Banho Masculino","date":"Fevereiro 23, 2022","format":false,"excerpt":"O Gel de Duche Dove Men+Care tem \u00bc de creme hidratante para limpar cuidadosamente a sua pele e ajudar a mante-la hidratada. Esta f\u00f3rmula eficaz \u00e9 f\u00e1cil de enxaguar e d\u00e1 um total conforto e frescura \u00e0 sua pele.Este Gel de Duche usa a tecnologia MicroMoisture que ajuda a manter\u2026","rel":"","context":"Similar post","img":{"alt_text":"","src":"https:\/\/i0.wp.com\/mundo.seashell.pt\/wp-content\/uploads\/2022\/02\/DOVE_MEN_GEL_BANHO_CLEAN_COMFORT_400ML.png?resize=350%2C200&ssl=1","width":350,"height":200},"classes":[]},{"id":6980,"url":"https:\/\/mundo.seashell.pt\/?product=gillette-gel-series-sensivel-200ml","url_meta":{"origin":6802,"position":4},"title":"Gillette Gel Series Sens\u00edvel 200ml","date":"Fevereiro 23, 2022","format":false,"excerpt":"Cuide da sua pele com a espuma de barbear Gillette Series Sensitive. A f\u00f3rmula com alo\u00e9 proporciona uma tripla a\u00e7\u00e3o ao barbear. A sua f\u00f3rmula de tripla a\u00e7\u00e3o, com alo\u00e9, acalma a pele para um barbear fresco e confort\u00e1vel, hidrata durante o barbear e ajuda a proteger a pele da\u2026","rel":"","context":"Similar post","img":{"alt_text":"","src":"https:\/\/i0.wp.com\/mundo.seashell.pt\/wp-content\/uploads\/2022\/02\/GILLETTE_GEL_SERIES_PELE_SENSI_VEL_200ML_7702018405084.png?resize=350%2C200&ssl=1","width":350,"height":200},"classes":[]},{"id":6808,"url":"https:\/\/mundo.seashell.pt\/?product=dove-creme-hidratante-150ml","url_meta":{"origin":6802,"position":5},"title":"Dove Creme Hidratante 150ml","date":"Fevereiro 23, 2022","format":false,"excerpt":"Creme corporal para pele seca. Dove Creme de Corpo Intensivo ajuda a restaurar gradualmente a pele, desde as camadas mais profundas. Esta lo\u00e7\u00e3o n\u00e3o s\u00f3 hidrata a superf\u00edcie da pele como tamb\u00e9m proporciona uma nutri\u00e7\u00e3o profunda de longa dura\u00e7\u00e3o. Tipo de produto: CremeBenef\u00edcios: - Nutri\u00e7\u00e3o para uma pele se...","rel":"","context":"Similar post","img":{"alt_text":"","src":"https:\/\/i0.wp.com\/mundo.seashell.pt\/wp-content\/uploads\/2022\/02\/Dove_Intensivo___Creme__150ml__.png?resize=350%2C200&ssl=1","width":350,"height":200},"classes":[]}],"_links":{"self":[{"href":"https:\/\/mundo.seashell.pt\/index.php?rest_route=\/wp\/v2\/product\/6802","targetHints":{"allow":["GET"]}}],"collection":[{"href":"https:\/\/mundo.seashell.pt\/index.php?rest_route=\/wp\/v2\/product"}],"about":[{"href":"https:\/\/mundo.seashell.pt\/index.php?rest_route=\/wp\/v2\/types\/product"}],"wp:featuredmedia":[{"embeddable":true,"href":"https:\/\/mundo.seashell.pt\/index.php?rest_route=\/wp\/v2\/media\/6803"}],"wp:attachment":[{"href":"https:\/\/mundo.seashell.pt\/index.php?rest_route=%2Fwp%2Fv2%2Fmedia&parent=6802"}],"wp:term":[{"taxonomy":"product_cat","embeddable":true,"href":"https:\/\/mundo.seashell.pt\/index.php?rest_route=%2Fwp%2Fv2%2Fproduct_cat&post=6802"},{"taxonomy":"product_tag","embeddable":true,"href":"https:\/\/mundo.seashell.pt\/index.php?rest_route=%2Fwp%2Fv2%2Fproduct_tag&post=6802"}],"curies":[{"name":"wp","href":"https:\/\/api.w.org\/{rel}","templated":true}]}}