{"id":6798,"date":"2022-02-23T18:56:11","date_gmt":"2022-02-23T18:56:11","guid":{"rendered":"https:\/\/mundo.seashell.pt\/?post_type=product&#038;p=6798"},"modified":"2022-02-23T18:56:13","modified_gmt":"2022-02-23T18:56:13","slug":"natural-honey-locao-corporal-03l","status":"publish","type":"product","link":"https:\/\/mundo.seashell.pt\/?product=natural-honey-locao-corporal-03l","title":{"rendered":"Natural Honey Lo\u00e7\u00e3o Corporal 300ml"},"content":{"rendered":"<p>Sinta na sua pele o extraordin\u00e1rio poder nutritivo do \u00f3leo de arg\u00e3o.<\/p>\n<p>\u00d3leo hidratante para o duche, elixir de arg\u00e3o, efeito final n\u00e3o oleoso e sem passar por \u00e1gua.<\/p>\n<h3>Benef\u00edcios:<\/h3>\n<p>&#8211; Com \u00f3leo de arg\u00e3o;<br \/>&#8211; Pele hidratada.<\/p>\n<h3>Conselhos de utiliza\u00e7\u00e3o:<\/h3>\n<p>Aplique o \u00f3leo sobre a pele molhada no banho. Seque com a toalha e est\u00e1 pronta a vestir-se!<\/p>\n<p><\/p><\/p>\n","protected":false},"excerpt":{"rendered":"<p>Sinta na sua pele o extraordin\u00e1rio poder nutritivo do \u00f3leo de arg\u00e3o.<br \/>\n\u00d3leo hidratante para o duche, elixir de arg\u00e3o, efeito final n\u00e3o oleoso e sem passar por \u00e1gua.<br \/>\nBenef\u00edcios:<br \/>\n&#8211; Com \u00f3leo de arg\u00e3o;- Pele hidratada.<br \/>\nConselhos de utiliza\u00e7\u00e3o:<br \/>\nAplique o \u00f3leo sobre a pele molhada no banho. Seque com a t&#8230;<\/p>\n","protected":false},"featured_media":6799,"template":"","meta":{"spay_email":""},"product_cat":[15],"product_tag":[],"class_list":{"0":"post-6798","1":"product","2":"type-product","3":"status-publish","4":"has-post-thumbnail","6":"product_cat-sem-categoria","8":"first","9":"instock","10":"taxable","11":"shipping-taxable","12":"purchasable","13":"product-type-simple"},"acf":[],"jetpack-related-posts":[{"id":6778,"url":"https:\/\/mundo.seashell.pt\/?product=nivea-gel-de-banho-075l","url_meta":{"origin":6798,"position":0},"title":"Nivea Gel de Banho 750ml","date":"Fevereiro 23, 2022","format":false,"excerpt":"Experimente e avalie a qualidade dos produtos Nivea. Desde 1911 a cuidar de si! Aqua Sodium Laureth Sulfate Cocamidopropyl Betaine Glycerin Sodium Chloride Decyl Glucoside Parfum Lanolin Alcohol (Eucerit\u00ae) Panthenol Octyldodecanol Glyceryl Glucoside PEG40 Hydrogenated Castor Oil Citric Acid Styrene\/Acrylates Copolymer P EG200 Hydro...","rel":"","context":"Similar post","img":{"alt_text":"","src":"https:\/\/i0.wp.com\/mundo.seashell.pt\/wp-content\/uploads\/2022\/02\/5292030-frente.jpeg?resize=350%2C200&ssl=1","width":350,"height":200},"classes":[]},{"id":6790,"url":"https:\/\/mundo.seashell.pt\/?product=dove-gel-de-banho-masculino","url_meta":{"origin":6798,"position":1},"title":"Dove Gel de Banho Masculino","date":"Fevereiro 23, 2022","format":false,"excerpt":"O Gel de Duche Dove Men+Care tem \u00bc de creme hidratante para limpar cuidadosamente a sua pele e ajudar a mante-la hidratada. Esta f\u00f3rmula eficaz \u00e9 f\u00e1cil de enxaguar e d\u00e1 um total conforto e frescura \u00e0 sua pele.Este Gel de Duche usa a tecnologia MicroMoisture que ajuda a manter\u2026","rel":"","context":"Similar post","img":{"alt_text":"","src":"https:\/\/i0.wp.com\/mundo.seashell.pt\/wp-content\/uploads\/2022\/02\/DOVE_MEN_GEL_BANHO_CLEAN_COMFORT_400ML.png?resize=350%2C200&ssl=1","width":350,"height":200},"classes":[]},{"id":6800,"url":"https:\/\/mundo.seashell.pt\/?product=dove-locao-corporal-025l","url_meta":{"origin":6798,"position":2},"title":"Dove Lo\u00e7\u00e3o Corporal 0,25L","date":"Fevereiro 23, 2022","format":false,"excerpt":"Dove criou a lo\u00e7\u00e3o corporal Nourishing Secrets Restoring, infundida com \u00f3leo de coco e leite de am\u00eandoa, para nutrir a sua pele. Esta lo\u00e7\u00e3o hidratante cremosa e indulgente \u00e9 perfeita para transformar a sua rotina di\u00e1ria num ritual de beleza. Tipo de produto: Lo\u00e7\u00e3oBenef\u00edcios: - Lo\u00e7\u00e3o inspirada nos rituais de\u2026","rel":"","context":"Similar post","img":{"alt_text":"","src":"https:\/\/i0.wp.com\/mundo.seashell.pt\/wp-content\/uploads\/2022\/02\/Dove___Body_Milk__250ml__.png?resize=350%2C200&ssl=1","width":350,"height":200},"classes":[]},{"id":6802,"url":"https:\/\/mundo.seashell.pt\/?product=dove-creme-para-as-maos-75ml","url_meta":{"origin":6798,"position":3},"title":"Dove Creme para as M\u00e3os 75ml","date":"Fevereiro 23, 2022","format":false,"excerpt":"Cuida das suas m\u00e3os, deixando-as hidratadas e suaves.Descri\u00e7\u00e3o: Durante s\u00e9culos, as mulheres indianas t\u00eam usado \u00f3leo de coco nos seus rituais de beleza para hidratar a pele. \u00c9 por isso que cri\u00e1mos o nosso creme de m\u00e3os Dove Nourishing Secrets Restoring Ritual, que nutre e cuida da sua pele. Desfrute\u2026","rel":"","context":"Similar post","img":{"alt_text":"","src":"https:\/\/i0.wp.com\/mundo.seashell.pt\/wp-content\/uploads\/2022\/02\/Dove___Co_co__75ml__.png?resize=350%2C200&ssl=1","width":350,"height":200},"classes":[]},{"id":6808,"url":"https:\/\/mundo.seashell.pt\/?product=dove-creme-hidratante-150ml","url_meta":{"origin":6798,"position":4},"title":"Dove Creme Hidratante 150ml","date":"Fevereiro 23, 2022","format":false,"excerpt":"Creme corporal para pele seca. Dove Creme de Corpo Intensivo ajuda a restaurar gradualmente a pele, desde as camadas mais profundas. Esta lo\u00e7\u00e3o n\u00e3o s\u00f3 hidrata a superf\u00edcie da pele como tamb\u00e9m proporciona uma nutri\u00e7\u00e3o profunda de longa dura\u00e7\u00e3o. Tipo de produto: CremeBenef\u00edcios: - Nutri\u00e7\u00e3o para uma pele se...","rel":"","context":"Similar post","img":{"alt_text":"","src":"https:\/\/i0.wp.com\/mundo.seashell.pt\/wp-content\/uploads\/2022\/02\/Dove_Intensivo___Creme__150ml__.png?resize=350%2C200&ssl=1","width":350,"height":200},"classes":[]},{"id":6792,"url":"https:\/\/mundo.seashell.pt\/?product=nivea-body-milk-025l","url_meta":{"origin":6798,"position":5},"title":"Nivea Body Milk 250ml","date":"Fevereiro 23, 2022","format":false,"excerpt":"Nivea Body Milk foi enriquecido com Nivea Deep Moisture Serum e 2 x mais \u00f3leo de am\u00eandoa, comparando com a f\u00f3rmula anterior. Nutre intensivamente a pele por 48h, reduzindo visivelmente a aspereza da pele muito seca, ap\u00f3s uma \u00fanica aplica\u00e7\u00e3o. Tipo de produto: Lo\u00e7\u00e3oBenef\u00edcios: - 48h de hidrata\u00e7\u00e3o profunda;- F...","rel":"","context":"Similar post","img":{"alt_text":"","src":"https:\/\/i0.wp.com\/mundo.seashell.pt\/wp-content\/uploads\/2022\/02\/Nivea___Body_Milk___Nutritivo__250ml__.png?resize=350%2C200&ssl=1","width":350,"height":200},"classes":[]}],"_links":{"self":[{"href":"https:\/\/mundo.seashell.pt\/index.php?rest_route=\/wp\/v2\/product\/6798","targetHints":{"allow":["GET"]}}],"collection":[{"href":"https:\/\/mundo.seashell.pt\/index.php?rest_route=\/wp\/v2\/product"}],"about":[{"href":"https:\/\/mundo.seashell.pt\/index.php?rest_route=\/wp\/v2\/types\/product"}],"wp:featuredmedia":[{"embeddable":true,"href":"https:\/\/mundo.seashell.pt\/index.php?rest_route=\/wp\/v2\/media\/6799"}],"wp:attachment":[{"href":"https:\/\/mundo.seashell.pt\/index.php?rest_route=%2Fwp%2Fv2%2Fmedia&parent=6798"}],"wp:term":[{"taxonomy":"product_cat","embeddable":true,"href":"https:\/\/mundo.seashell.pt\/index.php?rest_route=%2Fwp%2Fv2%2Fproduct_cat&post=6798"},{"taxonomy":"product_tag","embeddable":true,"href":"https:\/\/mundo.seashell.pt\/index.php?rest_route=%2Fwp%2Fv2%2Fproduct_tag&post=6798"}],"curies":[{"name":"wp","href":"https:\/\/api.w.org\/{rel}","templated":true}]}}