{"id":6796,"date":"2022-02-23T18:56:09","date_gmt":"2022-02-23T18:56:09","guid":{"rendered":"https:\/\/mundo.seashell.pt\/?post_type=product&#038;p=6796"},"modified":"2022-02-23T18:56:11","modified_gmt":"2022-02-23T18:56:11","slug":"lactovit-locao-corporal-025l","status":"publish","type":"product","link":"https:\/\/mundo.seashell.pt\/?product=lactovit-locao-corporal-025l","title":{"rendered":"Lactovit Lo\u00e7\u00e3o Corporal 250ml"},"content":{"rendered":"<p>Descubra como cuidar diariamente da pele seca e extra seca com a lo\u00e7\u00e3o corporal Lactovit, do especialista mundial em ureia e pele seca. A f\u00f3rmula com \u00c1cido L\u00e1ctico e Ureia Pura repara profundamente a pele gra\u00e7as \u00e0s suas propriedades ultra-hidratantes. Pele mais hidratada, el\u00e1stica e firme. Uma pele reparada \u00e9 o segredo para uma pele jovem.<\/p>\n<h3>Ingredientes:<\/h3>\n<p>Aqua (water), glycerine, paraffinum liquidum (mineral oil), cetearyl alcohol, glyceryl stearate, cetyl palmitate, cetearyl ethylhexanoate, peg-100 stearate, dimethicone, urea, sodium lactate, lecithin, hydrolysed milk protein, rosa moschata seed oil, zea mays oil, calcium pantotenate, inositol, retinol, biotin, peg-20 castor oil, peg-60 hydrogenated castor oil, steatic acid, palmitic acid, carbomer, disodium edta, triethanolamine, alcohol denat., propanediol, tocopherol, helianthus anuus (sunflower) seed oil, tocopheryl acetate, parfum (fragrance), alpha-isomethyl ionone, benzyl salicylate, butylphenyl methylpropional, citral, citronellol, coumarin, geraniol, hexyl cinnamal, limonene, linalool, phenoxyethanol, imidazolidinyl urea, potassium sorbate, sodium benzoate, glycine, sodium lactate, sodium citrate.<\/p>\n<h3>Tipo de produto:<\/h3>\n<p>Lo\u00e7\u00e3o<\/p>\n<h3>Benef\u00edcios:<\/h3>\n<p>&#8211; Repara a pele em profundidade gra\u00e7as \u00e0 sua dupla a\u00e7\u00e3o: capta a humidade para uma hidrata\u00e7\u00e3o intensiva, ao mesmo tempo que cria um efeito barreira para preservar a hidrata\u00e7\u00e3o da pele gra\u00e7as \u00e0 sua f\u00f3rmula com todas as propriedades do leite, do \u00e1cido l\u00e1ctico e da ureia pura.<br \/>&#8211; Com \u00e1cido l\u00e1ctico e ureia pura (9 em 10 dermatologistas recomendam a utiliza\u00e7\u00e3o de gel ou lo\u00e7\u00e3o hidratante com ureia e \u00e1cido l\u00e1ctico).<br \/>&#8211; Capta a humidade para uma hidrata\u00e7\u00e3o profunda.<br \/>&#8211; Cria um efeito barreira para manter a hidrata\u00e7\u00e3o.<br \/>&#8211; 42 horas de hidrata\u00e7\u00e3o.<br \/>&#8211; Formulado com Protein Calcium.<\/p>\n<h3>Conselhos de utiliza\u00e7\u00e3o:<\/h3>\n<p>Para uma pele visivelmente revitalizada e hidratada, aplique um pouco da lo\u00e7\u00e3o corporal na palma da sua m\u00e3o e massaje por todo o corpo com movimentos circulares. No final, basta desfrutar da suavidade e da frag\u00e2ncia.<\/p>\n","protected":false},"excerpt":{"rendered":"<p>Descubra como cuidar diariamente da pele seca e extra seca com a lo\u00e7\u00e3o corporal Lactovit, do especialista mundial em ureia e pele seca. A f\u00f3rmula com \u00c1cido L\u00e1ctico e Ureia Pura repara profundamente a pele gra\u00e7as \u00e0s suas propriedades ultra-hidratantes. Pele mais hidratada, el\u00e1stica e firme. Uma pele reparada \u00e9 o segredo para uma pele jovem.<\/p>\n","protected":false},"featured_media":6797,"template":"","meta":{"spay_email":""},"product_cat":[15],"product_tag":[],"class_list":{"0":"post-6796","1":"product","2":"type-product","3":"status-publish","4":"has-post-thumbnail","6":"product_cat-sem-categoria","8":"first","9":"instock","10":"taxable","11":"shipping-taxable","12":"purchasable","13":"product-type-simple"},"acf":[],"jetpack-related-posts":[{"id":6802,"url":"https:\/\/mundo.seashell.pt\/?product=dove-creme-para-as-maos-75ml","url_meta":{"origin":6796,"position":0},"title":"Dove Creme para as M\u00e3os 75ml","date":"Fevereiro 23, 2022","format":false,"excerpt":"Cuida das suas m\u00e3os, deixando-as hidratadas e suaves.Descri\u00e7\u00e3o: Durante s\u00e9culos, as mulheres indianas t\u00eam usado \u00f3leo de coco nos seus rituais de beleza para hidratar a pele. \u00c9 por isso que cri\u00e1mos o nosso creme de m\u00e3os Dove Nourishing Secrets Restoring Ritual, que nutre e cuida da sua pele. Desfrute\u2026","rel":"","context":"Similar post","img":{"alt_text":"","src":"https:\/\/i0.wp.com\/mundo.seashell.pt\/wp-content\/uploads\/2022\/02\/Dove___Co_co__75ml__.png?resize=350%2C200&ssl=1","width":350,"height":200},"classes":[]},{"id":6778,"url":"https:\/\/mundo.seashell.pt\/?product=nivea-gel-de-banho-075l","url_meta":{"origin":6796,"position":1},"title":"Nivea Gel de Banho 750ml","date":"Fevereiro 23, 2022","format":false,"excerpt":"Experimente e avalie a qualidade dos produtos Nivea. Desde 1911 a cuidar de si! Aqua Sodium Laureth Sulfate Cocamidopropyl Betaine Glycerin Sodium Chloride Decyl Glucoside Parfum Lanolin Alcohol (Eucerit\u00ae) Panthenol Octyldodecanol Glyceryl Glucoside PEG40 Hydrogenated Castor Oil Citric Acid Styrene\/Acrylates Copolymer P EG200 Hydro...","rel":"","context":"Similar post","img":{"alt_text":"","src":"https:\/\/i0.wp.com\/mundo.seashell.pt\/wp-content\/uploads\/2022\/02\/5292030-frente.jpeg?resize=350%2C200&ssl=1","width":350,"height":200},"classes":[]},{"id":6832,"url":"https:\/\/mundo.seashell.pt\/?product=dove-sabonete-liquido-250ml","url_meta":{"origin":6796,"position":2},"title":"Dove Sabonete L\u00edquido 250ml","date":"Fevereiro 23, 2022","format":false,"excerpt":"Explore as cole\u00e7\u00f5es Dove e encontre os produtos ideais para si!Ingredientes: Aqua, Sodium Laureth Sulfate, Glycerin, Sodium Chloride, Cocamidopropyl Betaine, Butylene Glycol, Citric Acid, Nelumbo Nucifera Flower Extract, Oryza Sativa Bran Extract, Oryza Sativa Germ Oil, Parfum, PEG-40 Hydrogenated Castor Oil, Sine Adipe La...","rel":"","context":"Similar post","img":{"alt_text":"","src":"https:\/\/i0.wp.com\/mundo.seashell.pt\/wp-content\/uploads\/2022\/02\/Dove_Regular__250ml__.png?resize=350%2C200&ssl=1","width":350,"height":200},"classes":[]},{"id":6980,"url":"https:\/\/mundo.seashell.pt\/?product=gillette-gel-series-sensivel-200ml","url_meta":{"origin":6796,"position":3},"title":"Gillette Gel Series Sens\u00edvel 200ml","date":"Fevereiro 23, 2022","format":false,"excerpt":"Cuide da sua pele com a espuma de barbear Gillette Series Sensitive. A f\u00f3rmula com alo\u00e9 proporciona uma tripla a\u00e7\u00e3o ao barbear. A sua f\u00f3rmula de tripla a\u00e7\u00e3o, com alo\u00e9, acalma a pele para um barbear fresco e confort\u00e1vel, hidrata durante o barbear e ajuda a proteger a pele da\u2026","rel":"","context":"Similar post","img":{"alt_text":"","src":"https:\/\/i0.wp.com\/mundo.seashell.pt\/wp-content\/uploads\/2022\/02\/GILLETTE_GEL_SERIES_PELE_SENSI_VEL_200ML_7702018405084.png?resize=350%2C200&ssl=1","width":350,"height":200},"classes":[]},{"id":7012,"url":"https:\/\/mundo.seashell.pt\/?product=gillette-after-shave-100ml","url_meta":{"origin":6796,"position":4},"title":"Gillette After Shave 100ml","date":"Fevereiro 23, 2022","format":false,"excerpt":"Acalma a pele barbeada sem a sensa\u00e7\u00e3o de ardor.Descri\u00e7\u00e3o: Gillette Aftershave Splash Artic Ice foi concebido especificamente para o cuidado da pele masculina. Complete o seu barbear com um aftershave fresco que refresca a pele recentemente barbeada. Ingredientes: Alcohol Denat., Aqua, Parfum, PEG-60 Hydroge...","rel":"","context":"Similar post","img":{"alt_text":"","src":"https:\/\/i0.wp.com\/mundo.seashell.pt\/wp-content\/uploads\/2022\/02\/GILLETTE_AFTER_SH_SPLASH_ARTIC_ICE_100ML_3014260258313.png?resize=350%2C200&ssl=1","width":350,"height":200},"classes":[]},{"id":6782,"url":"https:\/\/mundo.seashell.pt\/?product=lactovit-gel-de-banho-065l","url_meta":{"origin":6796,"position":5},"title":"Lactovit Gel de Banho 0,65L","date":"Fevereiro 23, 2022","format":false,"excerpt":"Peles Normais e SecasLactovit refor\u00e7a a sua pele todos os dias. Pele forte, pele jovem! O gel de banho Lactovit Nutritivo refor\u00e7a e nutre a pele intensamente, gra\u00e7as \u00e0 a\u00e7\u00e3o das vitaminas, prote\u00ednas e c\u00e1lcio. A sua f\u00f3rmula incorpora elementos 100% naturais do leite e um perfume suave para o\u2026","rel":"","context":"Similar post","img":{"alt_text":"","src":"https:\/\/i0.wp.com\/mundo.seashell.pt\/wp-content\/uploads\/2022\/02\/LACTOVIT_GEL_DE_BANHO_650ml_8411660350107.png?resize=350%2C200&ssl=1","width":350,"height":200},"classes":[]}],"_links":{"self":[{"href":"https:\/\/mundo.seashell.pt\/index.php?rest_route=\/wp\/v2\/product\/6796","targetHints":{"allow":["GET"]}}],"collection":[{"href":"https:\/\/mundo.seashell.pt\/index.php?rest_route=\/wp\/v2\/product"}],"about":[{"href":"https:\/\/mundo.seashell.pt\/index.php?rest_route=\/wp\/v2\/types\/product"}],"wp:featuredmedia":[{"embeddable":true,"href":"https:\/\/mundo.seashell.pt\/index.php?rest_route=\/wp\/v2\/media\/6797"}],"wp:attachment":[{"href":"https:\/\/mundo.seashell.pt\/index.php?rest_route=%2Fwp%2Fv2%2Fmedia&parent=6796"}],"wp:term":[{"taxonomy":"product_cat","embeddable":true,"href":"https:\/\/mundo.seashell.pt\/index.php?rest_route=%2Fwp%2Fv2%2Fproduct_cat&post=6796"},{"taxonomy":"product_tag","embeddable":true,"href":"https:\/\/mundo.seashell.pt\/index.php?rest_route=%2Fwp%2Fv2%2Fproduct_tag&post=6796"}],"curies":[{"name":"wp","href":"https:\/\/api.w.org\/{rel}","templated":true}]}}