{"id":6794,"date":"2022-02-23T18:55:54","date_gmt":"2022-02-23T18:55:54","guid":{"rendered":"https:\/\/mundo.seashell.pt\/?post_type=product&#038;p=6794"},"modified":"2022-02-23T18:55:56","modified_gmt":"2022-02-23T18:55:56","slug":"vaseline-locao-corporal-02l","status":"publish","type":"product","link":"https:\/\/mundo.seashell.pt\/?product=vaseline-locao-corporal-02l","title":{"rendered":"Vaseline Lo\u00e7\u00e3o corporal 200ml"},"content":{"rendered":"<p>A lo\u00e7\u00e3o corporal Essential Healing de Vaseline\u00ae hidrata para ajudar a curar a pele seca e sem brilho e \u00e9 rapidamente absorvida para uma sensa\u00e7\u00e3o n\u00e3o oleosa.<\/p>\n<h3>Tipo de produto:<\/h3>\n<p>Lo\u00e7\u00e3o<\/p>\n<h3>Benef\u00edcios:<\/h3>\n<p>&#8211; Hidrata a pele seca e \u00e9 de r\u00e1pida absor\u00e7\u00e3o para uma sensa\u00e7\u00e3o n\u00e3o oleosa.<br \/>&#8211; Cont\u00e9m microgot\u00edculas de vaselina para promover a hidrata\u00e7\u00e3o.<br \/>&#8211; Clinicamente comprovado que hidrata profundamente na primeira aplica\u00e7\u00e3o, para uma pele com apar\u00eancia visivelmente mais saud\u00e1vel.<br \/>&#8211; Lo\u00e7\u00e3o corporal di\u00e1ria ideal para pele seca e pele \u00e1spera.<\/p>\n<h3>Conselhos de utiliza\u00e7\u00e3o:<\/h3>\n<p>Aplique a lo\u00e7\u00e3o corporal Essential Healing de Vaseline\u00ae diariamente para uma pele hidratada. \u00c9 absorvida rapidamente, permitindo que se vista poucos minutos ap\u00f3s a sua aplica\u00e7\u00e3o. Repita conforme necess\u00e1rio ao longo do dia.<\/p>\n","protected":false},"excerpt":{"rendered":"<p>A lo\u00e7\u00e3o corporal Essential Healing de Vaseline\u00ae hidrata para ajudar a curar a pele seca e sem brilho e \u00e9 rapidamente absorvida para uma sensa\u00e7\u00e3o n\u00e3o oleosa.<br \/>\nTipo de produto:<br \/>\nLo\u00e7\u00e3oBenef\u00edcios:<br \/>\n&#8211; Hidrata a pele seca e \u00e9 de r\u00e1pida absor\u00e7\u00e3o para uma sensa\u00e7\u00e3o n\u00e3o oleosa.- Cont\u00e9m microgot\u00edculas de vaselina para pr&#8230;<\/p>\n","protected":false},"featured_media":6795,"template":"","meta":{"spay_email":""},"product_cat":[15],"product_tag":[],"class_list":{"0":"post-6794","1":"product","2":"type-product","3":"status-publish","4":"has-post-thumbnail","6":"product_cat-sem-categoria","8":"first","9":"instock","10":"taxable","11":"shipping-taxable","12":"purchasable","13":"product-type-simple"},"acf":[],"jetpack-related-posts":[{"id":6796,"url":"https:\/\/mundo.seashell.pt\/?product=lactovit-locao-corporal-025l","url_meta":{"origin":6794,"position":0},"title":"Lactovit Lo\u00e7\u00e3o Corporal 250ml","date":"Fevereiro 23, 2022","format":false,"excerpt":"Descubra como cuidar diariamente da pele seca e extra seca com a lo\u00e7\u00e3o corporal Lactovit, do especialista mundial em ureia e pele seca. A f\u00f3rmula com \u00c1cido L\u00e1ctico e Ureia Pura repara profundamente a pele gra\u00e7as \u00e0s suas propriedades ultra-hidratantes. Pele mais hidratada, el\u00e1stica e firme. Uma pele reparada \u00e9\u2026","rel":"","context":"Similar post","img":{"alt_text":"","src":"https:\/\/i0.wp.com\/mundo.seashell.pt\/wp-content\/uploads\/2022\/02\/LACTOVIT_LOC_A_O_CORPORAL_REPARADORA_LACTOUREA_400ml_8410190585997.png?resize=350%2C200&ssl=1","width":350,"height":200},"classes":[]},{"id":6808,"url":"https:\/\/mundo.seashell.pt\/?product=dove-creme-hidratante-150ml","url_meta":{"origin":6794,"position":1},"title":"Dove Creme Hidratante 150ml","date":"Fevereiro 23, 2022","format":false,"excerpt":"Creme corporal para pele seca. Dove Creme de Corpo Intensivo ajuda a restaurar gradualmente a pele, desde as camadas mais profundas. Esta lo\u00e7\u00e3o n\u00e3o s\u00f3 hidrata a superf\u00edcie da pele como tamb\u00e9m proporciona uma nutri\u00e7\u00e3o profunda de longa dura\u00e7\u00e3o. Tipo de produto: CremeBenef\u00edcios: - Nutri\u00e7\u00e3o para uma pele se...","rel":"","context":"Similar post","img":{"alt_text":"","src":"https:\/\/i0.wp.com\/mundo.seashell.pt\/wp-content\/uploads\/2022\/02\/Dove_Intensivo___Creme__150ml__.png?resize=350%2C200&ssl=1","width":350,"height":200},"classes":[]},{"id":6798,"url":"https:\/\/mundo.seashell.pt\/?product=natural-honey-locao-corporal-03l","url_meta":{"origin":6794,"position":2},"title":"Natural Honey Lo\u00e7\u00e3o Corporal 300ml","date":"Fevereiro 23, 2022","format":false,"excerpt":"Sinta na sua pele o extraordin\u00e1rio poder nutritivo do \u00f3leo de arg\u00e3o. \u00d3leo hidratante para o duche, elixir de arg\u00e3o, efeito final n\u00e3o oleoso e sem passar por \u00e1gua. Benef\u00edcios: - Com \u00f3leo de arg\u00e3o;- Pele hidratada. Conselhos de utiliza\u00e7\u00e3o: Aplique o \u00f3leo sobre a pele molhada no banho. Seque\u2026","rel":"","context":"Similar post","img":{"alt_text":"","src":"https:\/\/i0.wp.com\/mundo.seashell.pt\/wp-content\/uploads\/2022\/02\/Natural_Honey___O_leo_de_Arga_o__300ml__.png?resize=350%2C200&ssl=1","width":350,"height":200},"classes":[]},{"id":6806,"url":"https:\/\/mundo.seashell.pt\/?product=vaseline-creme-hidratante-025l","url_meta":{"origin":6794,"position":3},"title":"Vaseline Creme Hidratante 250ml","date":"Fevereiro 23, 2022","format":false,"excerpt":"Vaselina com in\u00fameros multiprop\u00f3sitos. A vaselina Intensive Care de Vaseline\u00ae, fabricada com vaselina 100% pura, \u00e9 clinicamente comprovada para proteger e hidratar pele seca e danificada. Mant\u00e9m a sua pele com uma apar\u00eancia saud\u00e1vel e brilhante o dia todo. Adequada tamb\u00e9m para pele sens\u00edvel.Benef\u00edcios: - Hidrata os l\u00e1bi...","rel":"","context":"Similar post","img":{"alt_text":"","src":"https:\/\/i0.wp.com\/mundo.seashell.pt\/wp-content\/uploads\/2022\/02\/Vaseline_Intensivo___Creme_Gordo__250ml__.png?resize=350%2C200&ssl=1","width":350,"height":200},"classes":[]},{"id":6792,"url":"https:\/\/mundo.seashell.pt\/?product=nivea-body-milk-025l","url_meta":{"origin":6794,"position":4},"title":"Nivea Body Milk 250ml","date":"Fevereiro 23, 2022","format":false,"excerpt":"Nivea Body Milk foi enriquecido com Nivea Deep Moisture Serum e 2 x mais \u00f3leo de am\u00eandoa, comparando com a f\u00f3rmula anterior. Nutre intensivamente a pele por 48h, reduzindo visivelmente a aspereza da pele muito seca, ap\u00f3s uma \u00fanica aplica\u00e7\u00e3o. Tipo de produto: Lo\u00e7\u00e3oBenef\u00edcios: - 48h de hidrata\u00e7\u00e3o profunda;- F...","rel":"","context":"Similar post","img":{"alt_text":"","src":"https:\/\/i0.wp.com\/mundo.seashell.pt\/wp-content\/uploads\/2022\/02\/Nivea___Body_Milk___Nutritivo__250ml__.png?resize=350%2C200&ssl=1","width":350,"height":200},"classes":[]},{"id":6800,"url":"https:\/\/mundo.seashell.pt\/?product=dove-locao-corporal-025l","url_meta":{"origin":6794,"position":5},"title":"Dove Lo\u00e7\u00e3o Corporal 0,25L","date":"Fevereiro 23, 2022","format":false,"excerpt":"Dove criou a lo\u00e7\u00e3o corporal Nourishing Secrets Restoring, infundida com \u00f3leo de coco e leite de am\u00eandoa, para nutrir a sua pele. Esta lo\u00e7\u00e3o hidratante cremosa e indulgente \u00e9 perfeita para transformar a sua rotina di\u00e1ria num ritual de beleza. Tipo de produto: Lo\u00e7\u00e3oBenef\u00edcios: - Lo\u00e7\u00e3o inspirada nos rituais de\u2026","rel":"","context":"Similar post","img":{"alt_text":"","src":"https:\/\/i0.wp.com\/mundo.seashell.pt\/wp-content\/uploads\/2022\/02\/Dove___Body_Milk__250ml__.png?resize=350%2C200&ssl=1","width":350,"height":200},"classes":[]}],"_links":{"self":[{"href":"https:\/\/mundo.seashell.pt\/index.php?rest_route=\/wp\/v2\/product\/6794","targetHints":{"allow":["GET"]}}],"collection":[{"href":"https:\/\/mundo.seashell.pt\/index.php?rest_route=\/wp\/v2\/product"}],"about":[{"href":"https:\/\/mundo.seashell.pt\/index.php?rest_route=\/wp\/v2\/types\/product"}],"wp:featuredmedia":[{"embeddable":true,"href":"https:\/\/mundo.seashell.pt\/index.php?rest_route=\/wp\/v2\/media\/6795"}],"wp:attachment":[{"href":"https:\/\/mundo.seashell.pt\/index.php?rest_route=%2Fwp%2Fv2%2Fmedia&parent=6794"}],"wp:term":[{"taxonomy":"product_cat","embeddable":true,"href":"https:\/\/mundo.seashell.pt\/index.php?rest_route=%2Fwp%2Fv2%2Fproduct_cat&post=6794"},{"taxonomy":"product_tag","embeddable":true,"href":"https:\/\/mundo.seashell.pt\/index.php?rest_route=%2Fwp%2Fv2%2Fproduct_tag&post=6794"}],"curies":[{"name":"wp","href":"https:\/\/api.w.org\/{rel}","templated":true}]}}