{"id":6790,"date":"2022-02-23T18:55:49","date_gmt":"2022-02-23T18:55:49","guid":{"rendered":"https:\/\/mundo.seashell.pt\/?post_type=product&#038;p=6790"},"modified":"2022-02-23T18:55:52","modified_gmt":"2022-02-23T18:55:52","slug":"dove-gel-de-banho-masculino","status":"publish","type":"product","link":"https:\/\/mundo.seashell.pt\/?product=dove-gel-de-banho-masculino","title":{"rendered":"Dove Gel de Banho Masculino"},"content":{"rendered":"<p>O Gel de Duche Dove Men+Care tem \u00bc de creme hidratante para limpar cuidadosamente a sua pele e ajudar a mante-la hidratada. Esta f\u00f3rmula eficaz \u00e9 f\u00e1cil de enxaguar e d\u00e1 um total conforto e frescura \u00e0 sua pele.<br \/>Este Gel de Duche usa a tecnologia MicroMoisture que ajuda a manter a hidrata\u00e7\u00e3o natural da sua pele, deixando-a com uma sensa\u00e7\u00e3o de limpeza e conforto. Dermatologicamente testado, deixa a pele bem cuidada e fortalecida, protegendo-a da irrita\u00e7\u00e3o e da secura.<\/p>\n<h3>Ingredientes:<\/h3>\n<p>Aqua, Sodium Laureth Sulfate, Petrolatum, Acrylates Copolymer, Fragrance (Parfum), Cocamide MEA, Sodium Chloride, Sodium Hydroxide, Ammonium Chloride, DMDM Hydantoin, Tetrasodium EDTA, Alpha-Isomethyl lonone, Butylphenyl Methylpropional, Coumarin, Hexyl Cinnamal, Limonene, Linalool, BHT, CI 17200, CI 19140, CI 42090.<\/p>\n<h3>Tipo de produto:<\/h3>\n<p>Gel de Banho<\/p>\n<h3><strong>Benef\u00edcios:<\/strong><\/h3>\n<p>&#8211; Ajuda a manter a hidrata\u00e7\u00e3o da pele, deixando-a bem cuidada e fortalecida;<br \/>&#8211; Cont\u00e9m \u00bc de creme hidratante;<br \/>&#8211; Sensa\u00e7\u00e3o de frescura e total conforto da pele;<br \/>&#8211; Fragr\u00e2ncia fresca e limpa;<br \/>&#8211; F\u00f3rmula eficaz, f\u00e1cil de enxaguar.<\/p>\n<h3>Conselhos de utiliza\u00e7\u00e3o:<\/h3>\n<p>Para uma frescura extra, esfregue o gel de duche nas m\u00e3os para produzir uma leve espuma. Massaje sobre a pele antes de enxaguar completamente. A espuma leve e sem oleosidade \u00e9 f\u00e1cil de enxaguar e deixa a pele com uma fragr\u00e2ncia revigorante.<\/p>\n","protected":false},"excerpt":{"rendered":"<p>O Gel de Duche Dove Men+Care tem \u00bc de creme hidratante para limpar cuidadosamente a sua pele e ajudar a mante-la hidratada. Esta f\u00f3rmula eficaz \u00e9 f\u00e1cil de enxaguar e d\u00e1 um total conforto e frescura \u00e0 sua pele.Este Gel de Duche usa a tecnologia MicroMoisture que ajuda a manter a hidrata\u00e7\u00e3o natural da sua pele, deixando-a com uma sensa\u00e7\u00e3o d&#8230;<\/p>\n","protected":false},"featured_media":6791,"template":"","meta":{"spay_email":""},"product_cat":[15],"product_tag":[],"class_list":{"0":"post-6790","1":"product","2":"type-product","3":"status-publish","4":"has-post-thumbnail","6":"product_cat-sem-categoria","8":"first","9":"instock","10":"taxable","11":"shipping-taxable","12":"purchasable","13":"product-type-simple"},"acf":[],"jetpack-related-posts":[{"id":6784,"url":"https:\/\/mundo.seashell.pt\/?product=dove-gel-de-banho-secrets-05l","url_meta":{"origin":6790,"position":0},"title":"Dove Gel de Banho Secrets 500ml","date":"Fevereiro 23, 2022","format":false,"excerpt":"Explore as cole\u00e7\u00f5es Dove e encontre os produtos ideais para si! Dove criou o gel de duche Nourishing Secrets Indulging. Para uma pele nutrida, este gel de banho vai fazer sentir-se limpo, delicadamente perfumado e maravilhosamente mimado. Ingredientes: Aqua, Sodium Lauroyl Glycinate, Cocamidopropyl Betaine, Sodium L...","rel":"","context":"Similar post","img":{"alt_text":"","src":"https:\/\/i0.wp.com\/mundo.seashell.pt\/wp-content\/uploads\/2022\/02\/DOVE_GEL_BANHO_SECRETS_HONEY___OAT_500ML.png?resize=350%2C200&ssl=1","width":350,"height":200},"classes":[]},{"id":6832,"url":"https:\/\/mundo.seashell.pt\/?product=dove-sabonete-liquido-250ml","url_meta":{"origin":6790,"position":1},"title":"Dove Sabonete L\u00edquido 250ml","date":"Fevereiro 23, 2022","format":false,"excerpt":"Explore as cole\u00e7\u00f5es Dove e encontre os produtos ideais para si!Ingredientes: Aqua, Sodium Laureth Sulfate, Glycerin, Sodium Chloride, Cocamidopropyl Betaine, Butylene Glycol, Citric Acid, Nelumbo Nucifera Flower Extract, Oryza Sativa Bran Extract, Oryza Sativa Germ Oil, Parfum, PEG-40 Hydrogenated Castor Oil, Sine Adipe La...","rel":"","context":"Similar post","img":{"alt_text":"","src":"https:\/\/i0.wp.com\/mundo.seashell.pt\/wp-content\/uploads\/2022\/02\/Dove_Regular__250ml__.png?resize=350%2C200&ssl=1","width":350,"height":200},"classes":[]},{"id":6782,"url":"https:\/\/mundo.seashell.pt\/?product=lactovit-gel-de-banho-065l","url_meta":{"origin":6790,"position":2},"title":"Lactovit Gel de Banho 0,65L","date":"Fevereiro 23, 2022","format":false,"excerpt":"Peles Normais e SecasLactovit refor\u00e7a a sua pele todos os dias. Pele forte, pele jovem! O gel de banho Lactovit Nutritivo refor\u00e7a e nutre a pele intensamente, gra\u00e7as \u00e0 a\u00e7\u00e3o das vitaminas, prote\u00ednas e c\u00e1lcio. A sua f\u00f3rmula incorpora elementos 100% naturais do leite e um perfume suave para o\u2026","rel":"","context":"Similar post","img":{"alt_text":"","src":"https:\/\/i0.wp.com\/mundo.seashell.pt\/wp-content\/uploads\/2022\/02\/LACTOVIT_GEL_DE_BANHO_650ml_8411660350107.png?resize=350%2C200&ssl=1","width":350,"height":200},"classes":[]},{"id":6778,"url":"https:\/\/mundo.seashell.pt\/?product=nivea-gel-de-banho-075l","url_meta":{"origin":6790,"position":3},"title":"Nivea Gel de Banho 750ml","date":"Fevereiro 23, 2022","format":false,"excerpt":"Experimente e avalie a qualidade dos produtos Nivea. Desde 1911 a cuidar de si! Aqua Sodium Laureth Sulfate Cocamidopropyl Betaine Glycerin Sodium Chloride Decyl Glucoside Parfum Lanolin Alcohol (Eucerit\u00ae) Panthenol Octyldodecanol Glyceryl Glucoside PEG40 Hydrogenated Castor Oil Citric Acid Styrene\/Acrylates Copolymer P EG200 Hydro...","rel":"","context":"Similar post","img":{"alt_text":"","src":"https:\/\/i0.wp.com\/mundo.seashell.pt\/wp-content\/uploads\/2022\/02\/5292030-frente.jpeg?resize=350%2C200&ssl=1","width":350,"height":200},"classes":[]},{"id":6980,"url":"https:\/\/mundo.seashell.pt\/?product=gillette-gel-series-sensivel-200ml","url_meta":{"origin":6790,"position":4},"title":"Gillette Gel Series Sens\u00edvel 200ml","date":"Fevereiro 23, 2022","format":false,"excerpt":"Cuide da sua pele com a espuma de barbear Gillette Series Sensitive. A f\u00f3rmula com alo\u00e9 proporciona uma tripla a\u00e7\u00e3o ao barbear. A sua f\u00f3rmula de tripla a\u00e7\u00e3o, com alo\u00e9, acalma a pele para um barbear fresco e confort\u00e1vel, hidrata durante o barbear e ajuda a proteger a pele da\u2026","rel":"","context":"Similar post","img":{"alt_text":"","src":"https:\/\/i0.wp.com\/mundo.seashell.pt\/wp-content\/uploads\/2022\/02\/GILLETTE_GEL_SERIES_PELE_SENSI_VEL_200ML_7702018405084.png?resize=350%2C200&ssl=1","width":350,"height":200},"classes":[]},{"id":6796,"url":"https:\/\/mundo.seashell.pt\/?product=lactovit-locao-corporal-025l","url_meta":{"origin":6790,"position":5},"title":"Lactovit Lo\u00e7\u00e3o Corporal 250ml","date":"Fevereiro 23, 2022","format":false,"excerpt":"Descubra como cuidar diariamente da pele seca e extra seca com a lo\u00e7\u00e3o corporal Lactovit, do especialista mundial em ureia e pele seca. A f\u00f3rmula com \u00c1cido L\u00e1ctico e Ureia Pura repara profundamente a pele gra\u00e7as \u00e0s suas propriedades ultra-hidratantes. Pele mais hidratada, el\u00e1stica e firme. Uma pele reparada \u00e9\u2026","rel":"","context":"Similar post","img":{"alt_text":"","src":"https:\/\/i0.wp.com\/mundo.seashell.pt\/wp-content\/uploads\/2022\/02\/LACTOVIT_LOC_A_O_CORPORAL_REPARADORA_LACTOUREA_400ml_8410190585997.png?resize=350%2C200&ssl=1","width":350,"height":200},"classes":[]}],"_links":{"self":[{"href":"https:\/\/mundo.seashell.pt\/index.php?rest_route=\/wp\/v2\/product\/6790","targetHints":{"allow":["GET"]}}],"collection":[{"href":"https:\/\/mundo.seashell.pt\/index.php?rest_route=\/wp\/v2\/product"}],"about":[{"href":"https:\/\/mundo.seashell.pt\/index.php?rest_route=\/wp\/v2\/types\/product"}],"wp:featuredmedia":[{"embeddable":true,"href":"https:\/\/mundo.seashell.pt\/index.php?rest_route=\/wp\/v2\/media\/6791"}],"wp:attachment":[{"href":"https:\/\/mundo.seashell.pt\/index.php?rest_route=%2Fwp%2Fv2%2Fmedia&parent=6790"}],"wp:term":[{"taxonomy":"product_cat","embeddable":true,"href":"https:\/\/mundo.seashell.pt\/index.php?rest_route=%2Fwp%2Fv2%2Fproduct_cat&post=6790"},{"taxonomy":"product_tag","embeddable":true,"href":"https:\/\/mundo.seashell.pt\/index.php?rest_route=%2Fwp%2Fv2%2Fproduct_tag&post=6790"}],"curies":[{"name":"wp","href":"https:\/\/api.w.org\/{rel}","templated":true}]}}