{"id":6786,"date":"2022-02-23T18:55:32","date_gmt":"2022-02-23T18:55:32","guid":{"rendered":"https:\/\/mundo.seashell.pt\/?post_type=product&#038;p=6786"},"modified":"2022-02-23T18:55:34","modified_gmt":"2022-02-23T18:55:34","slug":"feno-gel-de-banho-075l","status":"publish","type":"product","link":"https:\/\/mundo.seashell.pt\/?product=feno-gel-de-banho-075l","title":{"rendered":"FEno Gel de Banho 0,75L"},"content":{"rendered":"<p>Linha hipoalerg\u00e9nica ideal para todos os tipos de pele, incluindo as mais sens\u00edveis, pois foram desenvolvidas f\u00f3rmulas sem parabenos, corantes ou conservantes, garantindo o pH fisiol\u00f3gico na pele.<\/p>\n<p>Sabia Que: A marca Feno de Portugal nasceu nos anos 30, na antiga f\u00e1brica de sabonetes Santa Clara e assumia-se como o melhor sabonete portugu\u00eas, fruto da exig\u00eancia de quem preferia os melhores produtos. Recentemente foi adquirida pela BrandCare.<\/p>\n","protected":false},"excerpt":{"rendered":"<p>Linha hipoalerg\u00e9nica ideal para todos os tipos de pele, incluindo as mais sens\u00edveis, pois foram desenvolvidas f\u00f3rmulas sem parabenos, corantes ou conservantes, garantindo o pH fisiol\u00f3gico na pele.<\/p>\n<p>Sabia Que: A marca Feno de Portugal nasceu nos anos 30, na antiga f\u00e1brica de sabonetes Santa Clara e assumia-se como o melhor sabonete portu&#8230;<\/p>\n","protected":false},"featured_media":6787,"template":"","meta":{"spay_email":""},"product_cat":[15],"product_tag":[],"class_list":{"0":"post-6786","1":"product","2":"type-product","3":"status-publish","4":"has-post-thumbnail","6":"product_cat-sem-categoria","8":"first","9":"instock","10":"taxable","11":"shipping-taxable","12":"purchasable","13":"product-type-simple"},"acf":[],"jetpack-related-posts":[{"id":6828,"url":"https:\/\/mundo.seashell.pt\/?product=feno-de-portugal-sabonete-solido-90gr","url_meta":{"origin":6786,"position":0},"title":"Feno de Portugal Sabonete S\u00f3lido 90Gr","date":"Fevereiro 23, 2022","format":false,"excerpt":"Feno de Portugal Sabonete S\u00f3lido.Sabonete S\u00f3lido Nutricuida\u00a0 Uma f\u00f3rmula com ingredientes tipicamente portugueses para uma pele mais sedosa e perfumada. Desenvolvidos com \u00f3leos hidratantes e extratos 100% naturais dos mais agrad\u00e1veis aromas da natureza !Informa\u00e7\u00e3o Adicional: Sabia Que: A ma...","rel":"","context":"Similar post","img":{"alt_text":"","src":"https:\/\/i0.wp.com\/mundo.seashell.pt\/wp-content\/uploads\/2022\/02\/FENO_DE_PORTUGAL_Sabonete_So_lido_Regular_4_x_90g__5600258596079.png?resize=350%2C200&ssl=1","width":350,"height":200},"classes":[]},{"id":6531,"url":"https:\/\/mundo.seashell.pt\/?product=norit-det-liquido-para-maquina-de-lavar-roupa","url_meta":{"origin":6786,"position":1},"title":"Norit Detergente L\u00edquido Beb\u00e9 32 doses","date":"Fevereiro 23, 2022","format":false,"excerpt":"Nem todos os detergentes s\u00e3o iguais e nem todos s\u00e3o adequados para lavar as roupas dos mais pequenos. Muitos detergentes convencionais cont\u00eam componentes que podem irritar a pele do beb\u00e9. Norit baby, gra\u00e7as \u00e0 sua f\u00f3rmula hipoalerg\u00eanica, sem conservantes sensibilizantes, sem enzimas e sem al\u00e9rgenos, faz com que seja o\u2026","rel":"","context":"Similar post","img":{"alt_text":"","src":"https:\/\/i0.wp.com\/mundo.seashell.pt\/wp-content\/uploads\/2022\/02\/NORIT_BEBE__32_DOSES_1125ml_8411660118219.png?resize=350%2C200&ssl=1","width":350,"height":200},"classes":[]},{"id":6834,"url":"https:\/\/mundo.seashell.pt\/?product=sanytol-sabonete-liquido-250ml","url_meta":{"origin":6786,"position":2},"title":"Sanytol Sabonete L\u00edquido 250ml","date":"Fevereiro 23, 2022","format":false,"excerpt":"Sab\u00e3o L\u00edquido Desinfetante Hidratante \u00e9 elaborado com alo\u00e9 vera e ch\u00e1 verde, conferindo-lhe assim propriedades hidratantes. Hipoalerg\u00e9nico, comprovado dermatologicamente e clinicamente. A maioria das infe\u00e7\u00f5es \u00e9 transmitida pelas m\u00e3os, por isso lavar as m\u00e3os regularmente \u00e9 a maneira mais f\u00e1cil de prevenir infe\u00e7\u00f5es. O Sabonete Desinfetan...","rel":"","context":"Similar post","img":{"alt_text":"","src":"https:\/\/i0.wp.com\/mundo.seashell.pt\/wp-content\/uploads\/2022\/02\/SANYTOL_SABA_O_LIQUIDO_DESINFETANTE_HIDRATANTE_250_ML_3045206501200.png?resize=350%2C200&ssl=1","width":350,"height":200},"classes":[]},{"id":6822,"url":"https:\/\/mundo.seashell.pt\/?product=dove-sabonete-regular-100gr","url_meta":{"origin":6786,"position":3},"title":"Dove Sabonete Regular 100Gr","date":"Fevereiro 23, 2022","format":false,"excerpt":"Todos n\u00f3s sabemos o qu\u00e3o importante \u00e9 cuidar das m\u00e3os. S\u00e3o a parte do nosso corpo que est\u00e1 mais exposta, pelo que uma limpeza correta \u00e9 imprescind\u00edvel para evitar a circula\u00e7\u00e3o de germes e parasitas no nosso organismo, ajudando na preven\u00e7\u00e3o de doen\u00e7as. O sabonete Original de Dove limpa em\u2026","rel":"","context":"Similar post","img":{"alt_text":"","src":"https:\/\/i0.wp.com\/mundo.seashell.pt\/wp-content\/uploads\/2022\/02\/DOVE_SABONETE_REGULAR_2X100gr_-_C_C.png?resize=350%2C200&ssl=1","width":350,"height":200},"classes":[]},{"id":6860,"url":"https:\/\/mundo.seashell.pt\/?product=feno-de-portugal-desodorizante-roll-on-50ml","url_meta":{"origin":6786,"position":4},"title":"FENO DE PORTUGAL Desodorizante Roll-on 50ml","date":"Fevereiro 23, 2022","format":false,"excerpt":"Antitranspirante em formato roll-on com f\u00f3rmulas hipoalerg\u00e9nicas de \u00faltima gera\u00e7\u00e3o desenvolvidas sem \u00e1lcool e enriquecidas com extratos naturais de Ch\u00e1 Verde, Bergamota e Gard\u00e9nia. Sem sais de alum\u00ednio, que respeita o processo natural de transpira\u00e7\u00e3o da pele. Esta f\u00f3rmula garantem uma prote\u00e7\u00e3o, durante 48 horas, de todos os tipos de\u2026","rel":"","context":"Similar post","img":{"alt_text":"","src":"https:\/\/i0.wp.com\/mundo.seashell.pt\/wp-content\/uploads\/2022\/02\/FENO_DE_PORTUGAL_Desodorizante_Spray_Dermo_Protetivo_150ml__5600356070426.png?resize=350%2C200&ssl=1","width":350,"height":200},"classes":[]},{"id":6940,"url":"https:\/\/mundo.seashell.pt\/?product=dodot-tampa-azul-64-toalhitas","url_meta":{"origin":6786,"position":5},"title":"Dodot Tampa Azul 64 Toalhitas","date":"Fevereiro 23, 2022","format":false,"excerpt":"Descri\u00e7\u00e3o: As toalhitas Dodot limpam e hidratam em cada passagem, gra\u00e7as \u00e0 exclusiva textura com ondas deslizantes. A sua lo\u00e7\u00e3o exclusiva oferece a hidrata\u00e7\u00e3o adequada para a pele do beb\u00e9 e ajuda a recuperar o pH natural da pele de forma instant\u00e2nea. Para al\u00e9m disso, a sua fresca fragr\u00e2ncia far\u00e1\u2026","rel":"","context":"Similar post","img":{"alt_text":"","src":"https:\/\/i0.wp.com\/mundo.seashell.pt\/wp-content\/uploads\/2022\/02\/DODOT_TOALHITA_AZUL_1x64_C_TAMPA_8001090134226.png?resize=350%2C200&ssl=1","width":350,"height":200},"classes":[]}],"_links":{"self":[{"href":"https:\/\/mundo.seashell.pt\/index.php?rest_route=\/wp\/v2\/product\/6786","targetHints":{"allow":["GET"]}}],"collection":[{"href":"https:\/\/mundo.seashell.pt\/index.php?rest_route=\/wp\/v2\/product"}],"about":[{"href":"https:\/\/mundo.seashell.pt\/index.php?rest_route=\/wp\/v2\/types\/product"}],"wp:featuredmedia":[{"embeddable":true,"href":"https:\/\/mundo.seashell.pt\/index.php?rest_route=\/wp\/v2\/media\/6787"}],"wp:attachment":[{"href":"https:\/\/mundo.seashell.pt\/index.php?rest_route=%2Fwp%2Fv2%2Fmedia&parent=6786"}],"wp:term":[{"taxonomy":"product_cat","embeddable":true,"href":"https:\/\/mundo.seashell.pt\/index.php?rest_route=%2Fwp%2Fv2%2Fproduct_cat&post=6786"},{"taxonomy":"product_tag","embeddable":true,"href":"https:\/\/mundo.seashell.pt\/index.php?rest_route=%2Fwp%2Fv2%2Fproduct_tag&post=6786"}],"curies":[{"name":"wp","href":"https:\/\/api.w.org\/{rel}","templated":true}]}}