{"id":6784,"date":"2022-02-23T18:55:29","date_gmt":"2022-02-23T18:55:29","guid":{"rendered":"https:\/\/mundo.seashell.pt\/?post_type=product&#038;p=6784"},"modified":"2022-02-23T18:55:32","modified_gmt":"2022-02-23T18:55:32","slug":"dove-gel-de-banho-secrets-05l","status":"publish","type":"product","link":"https:\/\/mundo.seashell.pt\/?product=dove-gel-de-banho-secrets-05l","title":{"rendered":"Dove Gel de Banho Secrets 500ml"},"content":{"rendered":"<p>Explore as cole\u00e7\u00f5es Dove e encontre os produtos ideais para si!<\/p>\n<p>Dove criou o gel de duche Nourishing Secrets Indulging. Para uma pele nutrida, este gel de banho vai fazer sentir-se limpo, delicadamente perfumado e maravilhosamente mimado.<\/p>\n<h3>Ingredientes:<\/h3>\n<p>Aqua, Sodium Lauroyl Glycinate, Cocamidopropyl Betaine, Sodium Lauroyl Isethionate, Sodium Chloride, Lauric Acid, Glycerin, Parfum, Sodium Benzoate, Carbomer, Glycol Distearate, Sodium Hydroxide, PEG-150 Pentaerythrityl Tetrastearate, Stearic Acid, Undecylenoyl Glycine, Capryloyl Glycine, PPG-2 Hydroxyethyl Cocamide, Palmitic Acid, Sodium Isethionate, Tetrasodium EDTA, Glycol Stearate, Caprylic Acid, Capric Acid, Citric Acid, Acer Saccharum (Sugar Maple) Sap Extract, Avena Sativa Straw Extract, Benzyl Salicylate, Coumarin, Hexyl Cinnamal, Limonene, Linalool, CI 19140, CI 17200, CI 42090.<\/p>\n<h3>Benef\u00edcios:<\/h3>\n<p>&#8211; Inspirado em rituais de beleza praticados por mulheres n\u00f3rdicas.<br \/>&#8211; Gel de banho indulgente com leite de aveia e mel.<br \/>&#8211; Enriquecido com a nossa f\u00f3rmula de \u00bc creme hidratante para nutrir a pele seca.<br \/>&#8211; Proporciona uma pele suave e macia ap\u00f3s apenas um banho.<\/p>\n<h3>Conselhos de utiliza\u00e7\u00e3o:<\/h3>\n<p>Entre no chuveiro e aplique uma por\u00e7\u00e3o generosa deste gel de banho Dove nas suas m\u00e3os ou numa esponja de duche. Massaje a pele para obter uma espuma rica, cremosa e indulgente e, em seguida, enxague com \u00e1gua para uma pele limpa e hidratada.<\/p>\n<p><\/p>\n","protected":false},"excerpt":{"rendered":"<p>Explore as cole\u00e7\u00f5es Dove e encontre os produtos ideais para si!<br \/>\nDove criou o gel de duche Nourishing Secrets Indulging. Para uma pele nutrida, este gel de banho vai fazer sentir-se limpo, delicadamente perfumado e maravilhosamente mimado.<br \/>\nIngredientes:<br \/>\nAqua, Sodium Lauroyl Glycinate, Cocamidopropyl Betaine, Sodium L&#8230;<\/p>\n","protected":false},"featured_media":6785,"template":"","meta":{"spay_email":""},"product_cat":[15],"product_tag":[],"class_list":{"0":"post-6784","1":"product","2":"type-product","3":"status-publish","4":"has-post-thumbnail","6":"product_cat-sem-categoria","8":"first","9":"instock","10":"taxable","11":"shipping-taxable","12":"purchasable","13":"product-type-simple"},"acf":[],"jetpack-related-posts":[{"id":6832,"url":"https:\/\/mundo.seashell.pt\/?product=dove-sabonete-liquido-250ml","url_meta":{"origin":6784,"position":0},"title":"Dove Sabonete L\u00edquido 250ml","date":"Fevereiro 23, 2022","format":false,"excerpt":"Explore as cole\u00e7\u00f5es Dove e encontre os produtos ideais para si!Ingredientes: Aqua, Sodium Laureth Sulfate, Glycerin, Sodium Chloride, Cocamidopropyl Betaine, Butylene Glycol, Citric Acid, Nelumbo Nucifera Flower Extract, Oryza Sativa Bran Extract, Oryza Sativa Germ Oil, Parfum, PEG-40 Hydrogenated Castor Oil, Sine Adipe La...","rel":"","context":"Similar post","img":{"alt_text":"","src":"https:\/\/i0.wp.com\/mundo.seashell.pt\/wp-content\/uploads\/2022\/02\/Dove_Regular__250ml__.png?resize=350%2C200&ssl=1","width":350,"height":200},"classes":[]},{"id":6790,"url":"https:\/\/mundo.seashell.pt\/?product=dove-gel-de-banho-masculino","url_meta":{"origin":6784,"position":1},"title":"Dove Gel de Banho Masculino","date":"Fevereiro 23, 2022","format":false,"excerpt":"O Gel de Duche Dove Men+Care tem \u00bc de creme hidratante para limpar cuidadosamente a sua pele e ajudar a mante-la hidratada. Esta f\u00f3rmula eficaz \u00e9 f\u00e1cil de enxaguar e d\u00e1 um total conforto e frescura \u00e0 sua pele.Este Gel de Duche usa a tecnologia MicroMoisture que ajuda a manter\u2026","rel":"","context":"Similar post","img":{"alt_text":"","src":"https:\/\/i0.wp.com\/mundo.seashell.pt\/wp-content\/uploads\/2022\/02\/DOVE_MEN_GEL_BANHO_CLEAN_COMFORT_400ML.png?resize=350%2C200&ssl=1","width":350,"height":200},"classes":[]},{"id":6778,"url":"https:\/\/mundo.seashell.pt\/?product=nivea-gel-de-banho-075l","url_meta":{"origin":6784,"position":2},"title":"Nivea Gel de Banho 750ml","date":"Fevereiro 23, 2022","format":false,"excerpt":"Experimente e avalie a qualidade dos produtos Nivea. Desde 1911 a cuidar de si! Aqua Sodium Laureth Sulfate Cocamidopropyl Betaine Glycerin Sodium Chloride Decyl Glucoside Parfum Lanolin Alcohol (Eucerit\u00ae) Panthenol Octyldodecanol Glyceryl Glucoside PEG40 Hydrogenated Castor Oil Citric Acid Styrene\/Acrylates Copolymer P EG200 Hydro...","rel":"","context":"Similar post","img":{"alt_text":"","src":"https:\/\/i0.wp.com\/mundo.seashell.pt\/wp-content\/uploads\/2022\/02\/5292030-frente.jpeg?resize=350%2C200&ssl=1","width":350,"height":200},"classes":[]},{"id":6902,"url":"https:\/\/mundo.seashell.pt\/?product=oral-b-3d-white-brancura-revitalizante-75ml","url_meta":{"origin":6784,"position":3},"title":"Oral B 3D White Brancura Revitalizante 75ml","date":"Fevereiro 23, 2022","format":false,"excerpt":"Oral-B, a marca n.\u00ba 1 recomendada por m\u00e9dicos dentistas em todo o mundo.Tipo de produto: Pasta de Dentes Oral B White Brancura RevitalizanteBenef\u00edcios: - Limpa em zonas de dif\u00edcil acesso;- Frescura duradoura;- Previne o t\u00e1rtaro;- Previne as c\u00e1ries;- Sabor a hortel\u00e3. Conselhos de util...","rel":"","context":"Similar post","img":{"alt_text":"","src":"https:\/\/i0.wp.com\/mundo.seashell.pt\/wp-content\/uploads\/2022\/02\/ORAL-B_3DW_BRANCURA_REVITALIZANTE_75ML__8001090673848.png?resize=350%2C200&ssl=1","width":350,"height":200},"classes":[]},{"id":6980,"url":"https:\/\/mundo.seashell.pt\/?product=gillette-gel-series-sensivel-200ml","url_meta":{"origin":6784,"position":4},"title":"Gillette Gel Series Sens\u00edvel 200ml","date":"Fevereiro 23, 2022","format":false,"excerpt":"Cuide da sua pele com a espuma de barbear Gillette Series Sensitive. A f\u00f3rmula com alo\u00e9 proporciona uma tripla a\u00e7\u00e3o ao barbear. A sua f\u00f3rmula de tripla a\u00e7\u00e3o, com alo\u00e9, acalma a pele para um barbear fresco e confort\u00e1vel, hidrata durante o barbear e ajuda a proteger a pele da\u2026","rel":"","context":"Similar post","img":{"alt_text":"","src":"https:\/\/i0.wp.com\/mundo.seashell.pt\/wp-content\/uploads\/2022\/02\/GILLETTE_GEL_SERIES_PELE_SENSI_VEL_200ML_7702018405084.png?resize=350%2C200&ssl=1","width":350,"height":200},"classes":[]},{"id":6802,"url":"https:\/\/mundo.seashell.pt\/?product=dove-creme-para-as-maos-75ml","url_meta":{"origin":6784,"position":5},"title":"Dove Creme para as M\u00e3os 75ml","date":"Fevereiro 23, 2022","format":false,"excerpt":"Cuida das suas m\u00e3os, deixando-as hidratadas e suaves.Descri\u00e7\u00e3o: Durante s\u00e9culos, as mulheres indianas t\u00eam usado \u00f3leo de coco nos seus rituais de beleza para hidratar a pele. \u00c9 por isso que cri\u00e1mos o nosso creme de m\u00e3os Dove Nourishing Secrets Restoring Ritual, que nutre e cuida da sua pele. Desfrute\u2026","rel":"","context":"Similar post","img":{"alt_text":"","src":"https:\/\/i0.wp.com\/mundo.seashell.pt\/wp-content\/uploads\/2022\/02\/Dove___Co_co__75ml__.png?resize=350%2C200&ssl=1","width":350,"height":200},"classes":[]}],"_links":{"self":[{"href":"https:\/\/mundo.seashell.pt\/index.php?rest_route=\/wp\/v2\/product\/6784","targetHints":{"allow":["GET"]}}],"collection":[{"href":"https:\/\/mundo.seashell.pt\/index.php?rest_route=\/wp\/v2\/product"}],"about":[{"href":"https:\/\/mundo.seashell.pt\/index.php?rest_route=\/wp\/v2\/types\/product"}],"wp:featuredmedia":[{"embeddable":true,"href":"https:\/\/mundo.seashell.pt\/index.php?rest_route=\/wp\/v2\/media\/6785"}],"wp:attachment":[{"href":"https:\/\/mundo.seashell.pt\/index.php?rest_route=%2Fwp%2Fv2%2Fmedia&parent=6784"}],"wp:term":[{"taxonomy":"product_cat","embeddable":true,"href":"https:\/\/mundo.seashell.pt\/index.php?rest_route=%2Fwp%2Fv2%2Fproduct_cat&post=6784"},{"taxonomy":"product_tag","embeddable":true,"href":"https:\/\/mundo.seashell.pt\/index.php?rest_route=%2Fwp%2Fv2%2Fproduct_tag&post=6784"}],"curies":[{"name":"wp","href":"https:\/\/api.w.org\/{rel}","templated":true}]}}