{"id":6778,"date":"2022-02-23T18:55:22","date_gmt":"2022-02-23T18:55:22","guid":{"rendered":"https:\/\/mundo.seashell.pt\/?post_type=product&#038;p=6778"},"modified":"2022-02-23T18:55:23","modified_gmt":"2022-02-23T18:55:23","slug":"nivea-gel-de-banho-075l","status":"publish","type":"product","link":"https:\/\/mundo.seashell.pt\/?product=nivea-gel-de-banho-075l","title":{"rendered":"Nivea Gel de Banho 750ml"},"content":{"rendered":"<p>Experimente e avalie a qualidade dos produtos Nivea. Desde 1911 a cuidar de si!<\/p>\n<p>Aqua Sodium Laureth Sulfate Cocamidopropyl Betaine Glycerin Sodium Chloride Decyl Glucoside Parfum Lanolin Alcohol (Eucerit\u00ae) Panthenol Octyldodecanol Glyceryl Glucoside PEG40 Hydrogenated Castor Oil Citric Acid Styrene\/Acrylates Copolymer P EG200 Hydrogenated Glyceryl Palmate PEG90 Glyceryl Isostearate Laureth2 Sodium Benzoate Linalool Limonene Geraniol Citronellol Benzyl Alcohol AlphaIsomethyl Ionone.<\/p>\n<h3>Benef\u00edcios:<\/h3>\n<p>&#8211; Banho de cuidado com hidratantes para uma pele suave;<br \/>&#8211; Deixe que este creme de banho nutritivo, de textura leve, com ingredientes selecionados do Nivea Creme original \u2013 Pr\u00f3-Vitamina e \u00d3leos de Cuidado \u2013 envolva a sua pele com uma espuma suave e o aroma \u00fanico de Nivea, deixando-a macia e com uma sensa\u00e7\u00e3o de hidrata\u00e7\u00e3o intensa;<br \/>&#8211; Em equil\u00edbrio com o pH da pele \u2013 Toler\u00e2ncia na pele dermatologicamente comprovada;<br \/>&#8211; Sensa\u00e7\u00e3o de pele hidratada, mesmo ap\u00f3s secar com toalha.<\/p>\n<h3>Conselhos de utiliza\u00e7\u00e3o:<\/h3>\n<p>1. Aplique a quantidade necess\u00e1ria e espalhe no corpo h\u00famido;<br \/>2. Passe com \u00e1gua abundantemente.<\/p>\n<p><\/p>\n","protected":false},"excerpt":{"rendered":"<p>Experimente e avalie a qualidade dos produtos Nivea. Desde 1911 a cuidar de si!<br \/>\nAqua Sodium Laureth Sulfate Cocamidopropyl Betaine Glycerin Sodium Chloride Decyl Glucoside Parfum Lanolin Alcohol (Eucerit\u00ae) Panthenol Octyldodecanol Glyceryl Glucoside PEG40 Hydrogenated Castor Oil Citric Acid Styrene\/Acrylates Copolymer P EG200 Hydro&#8230;<\/p>\n","protected":false},"featured_media":6779,"template":"","meta":{"spay_email":""},"product_cat":[15],"product_tag":[],"class_list":{"0":"post-6778","1":"product","2":"type-product","3":"status-publish","4":"has-post-thumbnail","6":"product_cat-sem-categoria","8":"first","9":"instock","10":"taxable","11":"shipping-taxable","12":"purchasable","13":"product-type-simple"},"acf":[],"jetpack-related-posts":[{"id":6780,"url":"https:\/\/mundo.seashell.pt\/?product=nivea-creme-soft-gel-de-banho-065l","url_meta":{"origin":6778,"position":0},"title":"Nivea Creme Soft Gel de Banho 650ml","date":"Fevereiro 23, 2022","format":false,"excerpt":"Experimente e avalie a qualidade dos produtos Nivea. Desde 1911 a cuidar de si!Descri\u00e7\u00e3o: Nivea Creme de Banho Creme Soft, o seu creme de bango com um delicado aroma que lhe proporciona uma experi\u00eancia hidratante \u00fanica. Enriquecido com o precioso \u00d3leo de Am\u00eandoa, oferece-lhe uma suave e cremosa espuma que\u2026","rel":"","context":"Similar post","img":{"alt_text":"","src":"https:\/\/i0.wp.com\/mundo.seashell.pt\/wp-content\/uploads\/2022\/02\/80968-05100-69_Creme_de_Banho_Creme_Soft_650ml_4005900694812.png?resize=350%2C200&ssl=1","width":350,"height":200},"classes":[]},{"id":6832,"url":"https:\/\/mundo.seashell.pt\/?product=dove-sabonete-liquido-250ml","url_meta":{"origin":6778,"position":1},"title":"Dove Sabonete L\u00edquido 250ml","date":"Fevereiro 23, 2022","format":false,"excerpt":"Explore as cole\u00e7\u00f5es Dove e encontre os produtos ideais para si!Ingredientes: Aqua, Sodium Laureth Sulfate, Glycerin, Sodium Chloride, Cocamidopropyl Betaine, Butylene Glycol, Citric Acid, Nelumbo Nucifera Flower Extract, Oryza Sativa Bran Extract, Oryza Sativa Germ Oil, Parfum, PEG-40 Hydrogenated Castor Oil, Sine Adipe La...","rel":"","context":"Similar post","img":{"alt_text":"","src":"https:\/\/i0.wp.com\/mundo.seashell.pt\/wp-content\/uploads\/2022\/02\/Dove_Regular__250ml__.png?resize=350%2C200&ssl=1","width":350,"height":200},"classes":[]},{"id":6980,"url":"https:\/\/mundo.seashell.pt\/?product=gillette-gel-series-sensivel-200ml","url_meta":{"origin":6778,"position":2},"title":"Gillette Gel Series Sens\u00edvel 200ml","date":"Fevereiro 23, 2022","format":false,"excerpt":"Cuide da sua pele com a espuma de barbear Gillette Series Sensitive. A f\u00f3rmula com alo\u00e9 proporciona uma tripla a\u00e7\u00e3o ao barbear. A sua f\u00f3rmula de tripla a\u00e7\u00e3o, com alo\u00e9, acalma a pele para um barbear fresco e confort\u00e1vel, hidrata durante o barbear e ajuda a proteger a pele da\u2026","rel":"","context":"Similar post","img":{"alt_text":"","src":"https:\/\/i0.wp.com\/mundo.seashell.pt\/wp-content\/uploads\/2022\/02\/GILLETTE_GEL_SERIES_PELE_SENSI_VEL_200ML_7702018405084.png?resize=350%2C200&ssl=1","width":350,"height":200},"classes":[]},{"id":6782,"url":"https:\/\/mundo.seashell.pt\/?product=lactovit-gel-de-banho-065l","url_meta":{"origin":6778,"position":3},"title":"Lactovit Gel de Banho 0,65L","date":"Fevereiro 23, 2022","format":false,"excerpt":"Peles Normais e SecasLactovit refor\u00e7a a sua pele todos os dias. Pele forte, pele jovem! O gel de banho Lactovit Nutritivo refor\u00e7a e nutre a pele intensamente, gra\u00e7as \u00e0 a\u00e7\u00e3o das vitaminas, prote\u00ednas e c\u00e1lcio. A sua f\u00f3rmula incorpora elementos 100% naturais do leite e um perfume suave para o\u2026","rel":"","context":"Similar post","img":{"alt_text":"","src":"https:\/\/i0.wp.com\/mundo.seashell.pt\/wp-content\/uploads\/2022\/02\/LACTOVIT_GEL_DE_BANHO_650ml_8411660350107.png?resize=350%2C200&ssl=1","width":350,"height":200},"classes":[]},{"id":6814,"url":"https:\/\/mundo.seashell.pt\/?product=nivea-creme-medio-hidratante-75ml","url_meta":{"origin":6778,"position":4},"title":"Nivea Creme M\u00e9dio Hidratante 75ml","date":"Fevereiro 23, 2022","format":false,"excerpt":"Garanta a prote\u00e7\u00e3o e hidrata\u00e7\u00e3o da sua pele com Nivea! Nivea Creme \u00e9 o hidratante original para toda a fam\u00edlia. Este produto ic\u00f3nico \u00e9 enriquecido com Eucerit\u00ae, que fornece \u00e0 pele todo o cuidado de prote\u00e7\u00e3o de que necessita para ficar macia e suave. Ideal para o uso di\u00e1rio, sempre\u2026","rel":"","context":"Similar post","img":{"alt_text":"","src":"https:\/\/i0.wp.com\/mundo.seashell.pt\/wp-content\/uploads\/2022\/02\/2053681-frente-online.jpeg?resize=350%2C200&ssl=1","width":350,"height":200},"classes":[]},{"id":6790,"url":"https:\/\/mundo.seashell.pt\/?product=dove-gel-de-banho-masculino","url_meta":{"origin":6778,"position":5},"title":"Dove Gel de Banho Masculino","date":"Fevereiro 23, 2022","format":false,"excerpt":"O Gel de Duche Dove Men+Care tem \u00bc de creme hidratante para limpar cuidadosamente a sua pele e ajudar a mante-la hidratada. Esta f\u00f3rmula eficaz \u00e9 f\u00e1cil de enxaguar e d\u00e1 um total conforto e frescura \u00e0 sua pele.Este Gel de Duche usa a tecnologia MicroMoisture que ajuda a manter\u2026","rel":"","context":"Similar post","img":{"alt_text":"","src":"https:\/\/i0.wp.com\/mundo.seashell.pt\/wp-content\/uploads\/2022\/02\/DOVE_MEN_GEL_BANHO_CLEAN_COMFORT_400ML.png?resize=350%2C200&ssl=1","width":350,"height":200},"classes":[]}],"_links":{"self":[{"href":"https:\/\/mundo.seashell.pt\/index.php?rest_route=\/wp\/v2\/product\/6778","targetHints":{"allow":["GET"]}}],"collection":[{"href":"https:\/\/mundo.seashell.pt\/index.php?rest_route=\/wp\/v2\/product"}],"about":[{"href":"https:\/\/mundo.seashell.pt\/index.php?rest_route=\/wp\/v2\/types\/product"}],"wp:featuredmedia":[{"embeddable":true,"href":"https:\/\/mundo.seashell.pt\/index.php?rest_route=\/wp\/v2\/media\/6779"}],"wp:attachment":[{"href":"https:\/\/mundo.seashell.pt\/index.php?rest_route=%2Fwp%2Fv2%2Fmedia&parent=6778"}],"wp:term":[{"taxonomy":"product_cat","embeddable":true,"href":"https:\/\/mundo.seashell.pt\/index.php?rest_route=%2Fwp%2Fv2%2Fproduct_cat&post=6778"},{"taxonomy":"product_tag","embeddable":true,"href":"https:\/\/mundo.seashell.pt\/index.php?rest_route=%2Fwp%2Fv2%2Fproduct_tag&post=6778"}],"curies":[{"name":"wp","href":"https:\/\/api.w.org\/{rel}","templated":true}]}}