{"id":6776,"date":"2022-02-23T18:55:02","date_gmt":"2022-02-23T18:55:02","guid":{"rendered":"https:\/\/mundo.seashell.pt\/?post_type=product&#038;p=6776"},"modified":"2022-02-23T18:55:07","modified_gmt":"2022-02-23T18:55:07","slug":"natural-honey-gel-de-banho-sensorial-care-065l","status":"publish","type":"product","link":"https:\/\/mundo.seashell.pt\/?product=natural-honey-gel-de-banho-sensorial-care-065l","title":{"rendered":"NATURAL HONEY Gel de Banho Sensorial Care 0,65L"},"content":{"rendered":"<p>Com o Gel de Duche Coco Addiction poder\u00e1 desfrutar de uma experi\u00eancia \u00fanica de intenso prazer ao mesmo tempo que cuidar\u00e1 delicadamente da sua pele. Deixe-se tentar pelo seu irresist\u00edvel aroma e n\u00e3o conseguir\u00e1 viver sem ele.<\/p>\n<p>Inunde o seu banho com sensa\u00e7\u00f5es e frag\u00e2ncias \u00fanicas! Com Natural Honey cuide da sua pele com os melhores ingredientes!<\/p>\n<p>O Gel de Duche ArganAddiction preencher\u00e1 a sua banheira com uma explos\u00e3o de sensa\u00e7\u00f5es.<\/p>\n<p>A sua pele ir\u00e1 permanecer limpa com um suave aroma oriental.<\/p>\n<h3>Benef\u00edcios:<\/h3>\n<p>&#8211; Com \u00d3leo de Argan para um banho envolto em mist\u00e9rio;<br \/>&#8211; Formato familiar;<\/p>\n<p><\/p>\n","protected":false},"excerpt":{"rendered":"<p>Com o Gel de Duche Coco Addiction poder\u00e1 desfrutar de uma experi\u00eancia \u00fanica de intenso prazer ao mesmo tempo que cuidar\u00e1 delicadamente da sua pele. Deixe-se tentar pelo seu irresist\u00edvel aroma e n\u00e3o conseguir\u00e1 viver sem ele.<\/p>\n<p>Inunde o seu banho com sensa\u00e7\u00f5es e frag\u00e2ncias \u00fanicas! Com Natural Honey cuide da sua pele com os melhores ingredi&#8230;<\/p>\n","protected":false},"featured_media":6777,"template":"","meta":{"spay_email":""},"product_cat":[15],"product_tag":[],"class_list":{"0":"post-6776","1":"product","2":"type-product","3":"status-publish","4":"has-post-thumbnail","6":"product_cat-sem-categoria","8":"first","9":"instock","10":"taxable","11":"shipping-taxable","12":"purchasable","13":"product-type-simple"},"acf":[],"jetpack-related-posts":[{"id":6788,"url":"https:\/\/mundo.seashell.pt\/?product=gel-de-banho-masculino-axe-04l","url_meta":{"origin":6776,"position":0},"title":"Gel de Banho Masculino Axe 400ml","date":"Fevereiro 23, 2022","format":false,"excerpt":"Mantenha-se fresco com o gel de banho masculino AXE. Uma fragr\u00e2ncia cl\u00e1ssica refrescante com frutas verdes e s\u00e1lvia fresca. Este frescor confere-lhe uma personalidade inconfund\u00edvel. Come\u00e7e o dia com uma frag\u00e2ncia de outro mundo, e vais-se sentir no centro do universo. Uma fragr\u00e2ncia classicamente masculina com um toque envolvente. As\u2026","rel":"","context":"Similar post","img":{"alt_text":"","src":"https:\/\/i0.wp.com\/mundo.seashell.pt\/wp-content\/uploads\/2022\/02\/AXE_GEL_BANHO_DARK_TEMP_400ML.png?resize=350%2C200&ssl=1","width":350,"height":200},"classes":[]},{"id":6790,"url":"https:\/\/mundo.seashell.pt\/?product=dove-gel-de-banho-masculino","url_meta":{"origin":6776,"position":1},"title":"Dove Gel de Banho Masculino","date":"Fevereiro 23, 2022","format":false,"excerpt":"O Gel de Duche Dove Men+Care tem \u00bc de creme hidratante para limpar cuidadosamente a sua pele e ajudar a mante-la hidratada. Esta f\u00f3rmula eficaz \u00e9 f\u00e1cil de enxaguar e d\u00e1 um total conforto e frescura \u00e0 sua pele.Este Gel de Duche usa a tecnologia MicroMoisture que ajuda a manter\u2026","rel":"","context":"Similar post","img":{"alt_text":"","src":"https:\/\/i0.wp.com\/mundo.seashell.pt\/wp-content\/uploads\/2022\/02\/DOVE_MEN_GEL_BANHO_CLEAN_COMFORT_400ML.png?resize=350%2C200&ssl=1","width":350,"height":200},"classes":[]},{"id":6780,"url":"https:\/\/mundo.seashell.pt\/?product=nivea-creme-soft-gel-de-banho-065l","url_meta":{"origin":6776,"position":2},"title":"Nivea Creme Soft Gel de Banho 650ml","date":"Fevereiro 23, 2022","format":false,"excerpt":"Experimente e avalie a qualidade dos produtos Nivea. Desde 1911 a cuidar de si!Descri\u00e7\u00e3o: Nivea Creme de Banho Creme Soft, o seu creme de bango com um delicado aroma que lhe proporciona uma experi\u00eancia hidratante \u00fanica. Enriquecido com o precioso \u00d3leo de Am\u00eandoa, oferece-lhe uma suave e cremosa espuma que\u2026","rel":"","context":"Similar post","img":{"alt_text":"","src":"https:\/\/i0.wp.com\/mundo.seashell.pt\/wp-content\/uploads\/2022\/02\/80968-05100-69_Creme_de_Banho_Creme_Soft_650ml_4005900694812.png?resize=350%2C200&ssl=1","width":350,"height":200},"classes":[]},{"id":6774,"url":"https:\/\/mundo.seashell.pt\/?product=vaseline-gel-de-banho-05l","url_meta":{"origin":6776,"position":3},"title":"Vaseline Gel de Banho 700ml","date":"Fevereiro 23, 2022","format":false,"excerpt":"O Gel Banho Vaseline\u00ae limpa e hidrata a sua pele, para uma pele maravilhosamente macia e perfumada. Com a suavidade e a hidrata\u00e7\u00e3o do leite e a delicada frag\u00e2ncia das rosas, o gel de banho Vaseline proporciona toda a suavidade e hidrata\u00e7\u00e3o necess\u00e1rias para manter uma pele extraordin\u00e1rias. Benef\u00edcios: -\u2026","rel":"","context":"Similar post","img":{"alt_text":"","src":"https:\/\/i0.wp.com\/mundo.seashell.pt\/wp-content\/uploads\/2022\/02\/VASELINE_GEL_BANHO_AME_NDOAS_DOCES_700ML.png?resize=350%2C200&ssl=1","width":350,"height":200},"classes":[]},{"id":6768,"url":"https:\/\/mundo.seashell.pt\/?product=blowmy-gel-de-banho-05l","url_meta":{"origin":6776,"position":4},"title":"Blowmy Gel de Banho 0.5L","date":"Fevereiro 23, 2022","format":false,"excerpt":"Gel de Banho Blowmy 0.5L O novo Blowmy Gel de Banho \u00e9 o produto ideal para conciliar uma experi\u00eancia de duche agradavelmente doce com o cuidado di\u00e1rio da pele.","rel":"","context":"Similar post","img":{"alt_text":"","src":"https:\/\/i0.wp.com\/mundo.seashell.pt\/wp-content\/uploads\/2022\/02\/Blowmy_Gel_de_Banho_Soft_Vanilla_500_ml.png?resize=350%2C200&ssl=1","width":350,"height":200},"classes":[]},{"id":6784,"url":"https:\/\/mundo.seashell.pt\/?product=dove-gel-de-banho-secrets-05l","url_meta":{"origin":6776,"position":5},"title":"Dove Gel de Banho Secrets 500ml","date":"Fevereiro 23, 2022","format":false,"excerpt":"Explore as cole\u00e7\u00f5es Dove e encontre os produtos ideais para si! Dove criou o gel de duche Nourishing Secrets Indulging. Para uma pele nutrida, este gel de banho vai fazer sentir-se limpo, delicadamente perfumado e maravilhosamente mimado. Ingredientes: Aqua, Sodium Lauroyl Glycinate, Cocamidopropyl Betaine, Sodium L...","rel":"","context":"Similar post","img":{"alt_text":"","src":"https:\/\/i0.wp.com\/mundo.seashell.pt\/wp-content\/uploads\/2022\/02\/DOVE_GEL_BANHO_SECRETS_HONEY___OAT_500ML.png?resize=350%2C200&ssl=1","width":350,"height":200},"classes":[]}],"_links":{"self":[{"href":"https:\/\/mundo.seashell.pt\/index.php?rest_route=\/wp\/v2\/product\/6776","targetHints":{"allow":["GET"]}}],"collection":[{"href":"https:\/\/mundo.seashell.pt\/index.php?rest_route=\/wp\/v2\/product"}],"about":[{"href":"https:\/\/mundo.seashell.pt\/index.php?rest_route=\/wp\/v2\/types\/product"}],"wp:featuredmedia":[{"embeddable":true,"href":"https:\/\/mundo.seashell.pt\/index.php?rest_route=\/wp\/v2\/media\/6777"}],"wp:attachment":[{"href":"https:\/\/mundo.seashell.pt\/index.php?rest_route=%2Fwp%2Fv2%2Fmedia&parent=6776"}],"wp:term":[{"taxonomy":"product_cat","embeddable":true,"href":"https:\/\/mundo.seashell.pt\/index.php?rest_route=%2Fwp%2Fv2%2Fproduct_cat&post=6776"},{"taxonomy":"product_tag","embeddable":true,"href":"https:\/\/mundo.seashell.pt\/index.php?rest_route=%2Fwp%2Fv2%2Fproduct_tag&post=6776"}],"curies":[{"name":"wp","href":"https:\/\/api.w.org\/{rel}","templated":true}]}}