{"id":6774,"date":"2022-02-23T18:54:59","date_gmt":"2022-02-23T18:54:59","guid":{"rendered":"https:\/\/mundo.seashell.pt\/?post_type=product&#038;p=6774"},"modified":"2022-02-23T18:55:01","modified_gmt":"2022-02-23T18:55:01","slug":"vaseline-gel-de-banho-05l","status":"publish","type":"product","link":"https:\/\/mundo.seashell.pt\/?product=vaseline-gel-de-banho-05l","title":{"rendered":"Vaseline Gel de Banho 700ml"},"content":{"rendered":"<p>O Gel Banho Vaseline\u00ae limpa e hidrata a sua pele, para uma pele maravilhosamente macia e perfumada.<\/p>\n<p>Com a suavidade e a hidrata\u00e7\u00e3o do leite e a delicada frag\u00e2ncia das rosas, o gel de banho Vaseline proporciona toda a suavidade e hidrata\u00e7\u00e3o necess\u00e1rias para manter uma pele extraordin\u00e1rias.<\/p>\n<h3>Benef\u00edcios:<\/h3>\n<p>&#8211; pH neutro para a pele.<br \/>&#8211; Dermatologicamente testado.<\/p>\n<h3>Conselhos de utiliza\u00e7\u00e3o:<\/h3>\n<p>Aplique uma por\u00e7\u00e3o numa esponja de duche ou nas suas m\u00e3os e esfregue-as para criar espuma. Massaje o seu corpo e, no final, enxague.<\/p>\n<p><\/p>\n","protected":false},"excerpt":{"rendered":"<p>O Gel Banho Vaseline\u00ae limpa e hidrata a sua pele, para uma pele maravilhosamente macia e perfumada.<br \/>\nCom a suavidade e a hidrata\u00e7\u00e3o do leite e a delicada frag\u00e2ncia das rosas, o gel de banho Vaseline proporciona toda a suavidade e hidrata\u00e7\u00e3o necess\u00e1rias para manter uma pele extraordin\u00e1rias.<br \/>\nBenef\u00edcios:<br \/>\n&#8211; pH neutro par&#8230;<\/p>\n","protected":false},"featured_media":6775,"template":"","meta":{"spay_email":""},"product_cat":[15],"product_tag":[],"class_list":{"0":"post-6774","1":"product","2":"type-product","3":"status-publish","4":"has-post-thumbnail","6":"product_cat-sem-categoria","8":"first","9":"instock","10":"taxable","11":"shipping-taxable","12":"purchasable","13":"product-type-simple"},"acf":[],"jetpack-related-posts":[{"id":6772,"url":"https:\/\/mundo.seashell.pt\/?product=vaseline-gel-de-banho-07l","url_meta":{"origin":6774,"position":0},"title":"Vaseline Gel de Banho 700ml","date":"Fevereiro 23, 2022","format":false,"excerpt":"O gel de banho Vaselin protege eficazmente a pele. Com uma combina\u00e7\u00e3o de ingredientes especiais e agentes de limpeza delicados, o gel de banho Vaseline nutre a sua pele para que esta se mantenha suave e saud\u00e1vel. Benef\u00edcios: - pH neutro para a pele.- Dermatologicamente testado. Conselhos de utiliza\u00e7\u00e3o: Aplique\u2026","rel":"","context":"Similar post","img":{"alt_text":"","src":"https:\/\/i0.wp.com\/mundo.seashell.pt\/wp-content\/uploads\/2022\/02\/VASELINE_GEL_BANHO_DERMA_CARE_700ML.png?resize=350%2C200&ssl=1","width":350,"height":200},"classes":[]},{"id":6782,"url":"https:\/\/mundo.seashell.pt\/?product=lactovit-gel-de-banho-065l","url_meta":{"origin":6774,"position":1},"title":"Lactovit Gel de Banho 0,65L","date":"Fevereiro 23, 2022","format":false,"excerpt":"Peles Normais e SecasLactovit refor\u00e7a a sua pele todos os dias. Pele forte, pele jovem! O gel de banho Lactovit Nutritivo refor\u00e7a e nutre a pele intensamente, gra\u00e7as \u00e0 a\u00e7\u00e3o das vitaminas, prote\u00ednas e c\u00e1lcio. A sua f\u00f3rmula incorpora elementos 100% naturais do leite e um perfume suave para o\u2026","rel":"","context":"Similar post","img":{"alt_text":"","src":"https:\/\/i0.wp.com\/mundo.seashell.pt\/wp-content\/uploads\/2022\/02\/LACTOVIT_GEL_DE_BANHO_650ml_8411660350107.png?resize=350%2C200&ssl=1","width":350,"height":200},"classes":[]},{"id":6784,"url":"https:\/\/mundo.seashell.pt\/?product=dove-gel-de-banho-secrets-05l","url_meta":{"origin":6774,"position":2},"title":"Dove Gel de Banho Secrets 500ml","date":"Fevereiro 23, 2022","format":false,"excerpt":"Explore as cole\u00e7\u00f5es Dove e encontre os produtos ideais para si! Dove criou o gel de duche Nourishing Secrets Indulging. Para uma pele nutrida, este gel de banho vai fazer sentir-se limpo, delicadamente perfumado e maravilhosamente mimado. Ingredientes: Aqua, Sodium Lauroyl Glycinate, Cocamidopropyl Betaine, Sodium L...","rel":"","context":"Similar post","img":{"alt_text":"","src":"https:\/\/i0.wp.com\/mundo.seashell.pt\/wp-content\/uploads\/2022\/02\/DOVE_GEL_BANHO_SECRETS_HONEY___OAT_500ML.png?resize=350%2C200&ssl=1","width":350,"height":200},"classes":[]},{"id":6806,"url":"https:\/\/mundo.seashell.pt\/?product=vaseline-creme-hidratante-025l","url_meta":{"origin":6774,"position":3},"title":"Vaseline Creme Hidratante 250ml","date":"Fevereiro 23, 2022","format":false,"excerpt":"Vaselina com in\u00fameros multiprop\u00f3sitos. A vaselina Intensive Care de Vaseline\u00ae, fabricada com vaselina 100% pura, \u00e9 clinicamente comprovada para proteger e hidratar pele seca e danificada. Mant\u00e9m a sua pele com uma apar\u00eancia saud\u00e1vel e brilhante o dia todo. Adequada tamb\u00e9m para pele sens\u00edvel.Benef\u00edcios: - Hidrata os l\u00e1bi...","rel":"","context":"Similar post","img":{"alt_text":"","src":"https:\/\/i0.wp.com\/mundo.seashell.pt\/wp-content\/uploads\/2022\/02\/Vaseline_Intensivo___Creme_Gordo__250ml__.png?resize=350%2C200&ssl=1","width":350,"height":200},"classes":[]},{"id":6794,"url":"https:\/\/mundo.seashell.pt\/?product=vaseline-locao-corporal-02l","url_meta":{"origin":6774,"position":4},"title":"Vaseline Lo\u00e7\u00e3o corporal 200ml","date":"Fevereiro 23, 2022","format":false,"excerpt":"A lo\u00e7\u00e3o corporal Essential Healing de Vaseline\u00ae hidrata para ajudar a curar a pele seca e sem brilho e \u00e9 rapidamente absorvida para uma sensa\u00e7\u00e3o n\u00e3o oleosa. Tipo de produto: Lo\u00e7\u00e3oBenef\u00edcios: - Hidrata a pele seca e \u00e9 de r\u00e1pida absor\u00e7\u00e3o para uma sensa\u00e7\u00e3o n\u00e3o oleosa.- Cont\u00e9m microgot\u00edculas de vaselina\u2026","rel":"","context":"Similar post","img":{"alt_text":"","src":"https:\/\/i0.wp.com\/mundo.seashell.pt\/wp-content\/uploads\/2022\/02\/VASELINE_LOC_A_O_ESS.HEALING_200ML_8712561479806.png?resize=350%2C200&ssl=1","width":350,"height":200},"classes":[]},{"id":6790,"url":"https:\/\/mundo.seashell.pt\/?product=dove-gel-de-banho-masculino","url_meta":{"origin":6774,"position":5},"title":"Dove Gel de Banho Masculino","date":"Fevereiro 23, 2022","format":false,"excerpt":"O Gel de Duche Dove Men+Care tem \u00bc de creme hidratante para limpar cuidadosamente a sua pele e ajudar a mante-la hidratada. Esta f\u00f3rmula eficaz \u00e9 f\u00e1cil de enxaguar e d\u00e1 um total conforto e frescura \u00e0 sua pele.Este Gel de Duche usa a tecnologia MicroMoisture que ajuda a manter\u2026","rel":"","context":"Similar post","img":{"alt_text":"","src":"https:\/\/i0.wp.com\/mundo.seashell.pt\/wp-content\/uploads\/2022\/02\/DOVE_MEN_GEL_BANHO_CLEAN_COMFORT_400ML.png?resize=350%2C200&ssl=1","width":350,"height":200},"classes":[]}],"_links":{"self":[{"href":"https:\/\/mundo.seashell.pt\/index.php?rest_route=\/wp\/v2\/product\/6774","targetHints":{"allow":["GET"]}}],"collection":[{"href":"https:\/\/mundo.seashell.pt\/index.php?rest_route=\/wp\/v2\/product"}],"about":[{"href":"https:\/\/mundo.seashell.pt\/index.php?rest_route=\/wp\/v2\/types\/product"}],"wp:featuredmedia":[{"embeddable":true,"href":"https:\/\/mundo.seashell.pt\/index.php?rest_route=\/wp\/v2\/media\/6775"}],"wp:attachment":[{"href":"https:\/\/mundo.seashell.pt\/index.php?rest_route=%2Fwp%2Fv2%2Fmedia&parent=6774"}],"wp:term":[{"taxonomy":"product_cat","embeddable":true,"href":"https:\/\/mundo.seashell.pt\/index.php?rest_route=%2Fwp%2Fv2%2Fproduct_cat&post=6774"},{"taxonomy":"product_tag","embeddable":true,"href":"https:\/\/mundo.seashell.pt\/index.php?rest_route=%2Fwp%2Fv2%2Fproduct_tag&post=6774"}],"curies":[{"name":"wp","href":"https:\/\/api.w.org\/{rel}","templated":true}]}}