{"id":6772,"date":"2022-02-23T18:54:57","date_gmt":"2022-02-23T18:54:57","guid":{"rendered":"https:\/\/mundo.seashell.pt\/?post_type=product&#038;p=6772"},"modified":"2022-02-23T18:54:59","modified_gmt":"2022-02-23T18:54:59","slug":"vaseline-gel-de-banho-07l","status":"publish","type":"product","link":"https:\/\/mundo.seashell.pt\/?product=vaseline-gel-de-banho-07l","title":{"rendered":"Vaseline Gel de Banho 700ml"},"content":{"rendered":"<p>O gel de banho Vaselin protege eficazmente a pele. Com uma combina\u00e7\u00e3o de ingredientes especiais e agentes de limpeza delicados, o gel de banho Vaseline nutre a sua pele para que esta se mantenha suave e saud\u00e1vel.<\/p>\n<p>Benef\u00edcios:<\/p>\n<p>&#8211; pH neutro para a pele.<br \/>&#8211; Dermatologicamente testado.<\/p>\n<p>Conselhos de utiliza\u00e7\u00e3o:<\/p>\n<p>Aplique uma por\u00e7\u00e3o numa esponja de duche ou nas suas m\u00e3os e esfregue-as para criar espuma. Massaje o seu corpo e, no final, enxague.<\/p>\n<p><\/p>\n<p><\/p>\n","protected":false},"excerpt":{"rendered":"<p>O gel de banho Vaselin protege eficazmente a pele. Com uma combina\u00e7\u00e3o de ingredientes especiais e agentes de limpeza delicados, o gel de banho Vaseline nutre a sua pele para que esta se mantenha suave e saud\u00e1vel.<br \/>\nBenef\u00edcios:<br \/>\n&#8211; pH neutro para a pele.- Dermatologicamente testado.<br \/>\nConselhos de utiliza\u00e7\u00e3o:<br \/>\nAplique &#8230;<\/p>\n","protected":false},"featured_media":6773,"template":"","meta":{"spay_email":""},"product_cat":[15],"product_tag":[],"class_list":{"0":"post-6772","1":"product","2":"type-product","3":"status-publish","4":"has-post-thumbnail","6":"product_cat-sem-categoria","8":"first","9":"instock","10":"taxable","11":"shipping-taxable","12":"purchasable","13":"product-type-simple"},"acf":[],"jetpack-related-posts":[{"id":6774,"url":"https:\/\/mundo.seashell.pt\/?product=vaseline-gel-de-banho-05l","url_meta":{"origin":6772,"position":0},"title":"Vaseline Gel de Banho 700ml","date":"Fevereiro 23, 2022","format":false,"excerpt":"O Gel Banho Vaseline\u00ae limpa e hidrata a sua pele, para uma pele maravilhosamente macia e perfumada. Com a suavidade e a hidrata\u00e7\u00e3o do leite e a delicada frag\u00e2ncia das rosas, o gel de banho Vaseline proporciona toda a suavidade e hidrata\u00e7\u00e3o necess\u00e1rias para manter uma pele extraordin\u00e1rias. Benef\u00edcios: -\u2026","rel":"","context":"Similar post","img":{"alt_text":"","src":"https:\/\/i0.wp.com\/mundo.seashell.pt\/wp-content\/uploads\/2022\/02\/VASELINE_GEL_BANHO_AME_NDOAS_DOCES_700ML.png?resize=350%2C200&ssl=1","width":350,"height":200},"classes":[]},{"id":6874,"url":"https:\/\/mundo.seashell.pt\/?product=vaseline-desodorizante-feminino-roll-on-50ml","url_meta":{"origin":6772,"position":1},"title":"Vaseline Desodorizante Feminino Roll-On 50ml","date":"Fevereiro 23, 2022","format":false,"excerpt":"Desodorizante hidratante 48h de prote\u00e7\u00e3o.Descri\u00e7\u00e3o: O desodorizante Derma Care de Vaseline oferece-lhe 48 horas de prote\u00e7\u00e3o contra suor e maus odores com a tecnologia ProDerma\u2122. Do mesmo modo, deixa a pele delicadas das suas axilas suave e saud\u00e1vel. Tipo de produto: Desodorizante CremeBenef\u00edcios:","rel":"","context":"Similar post","img":{"alt_text":"","src":"https:\/\/i0.wp.com\/mundo.seashell.pt\/wp-content\/uploads\/2022\/02\/Vaseline___Derma_Care__50ml__.png?resize=350%2C200&ssl=1","width":350,"height":200},"classes":[]},{"id":6872,"url":"https:\/\/mundo.seashell.pt\/?product=vaseline-desodorizante-feminino-50gr","url_meta":{"origin":6772,"position":2},"title":"Vaseline Desodorizante Feminino 50Gr","date":"Fevereiro 23, 2022","format":false,"excerpt":"Desodorizante hidratante 48h de prote\u00e7\u00e3o.Descri\u00e7\u00e3o: O desodorizante Vaseline oferece-lhe 48 horas de prote\u00e7\u00e3o contra suor e maus odores com a tecnologia ProDerma\u2122. Do mesmo modo, deixa a pele delicadas das suas axilas suave e saud\u00e1vel. Tipo de produto: Desodorizante Roll-OnBenef\u00edcios: - O de...","rel":"","context":"Similar post","img":{"alt_text":"","src":"https:\/\/i0.wp.com\/mundo.seashell.pt\/wp-content\/uploads\/2022\/02\/Vaseline___Derma_Care_Roll_On___50g__.png?resize=350%2C200&ssl=1","width":350,"height":200},"classes":[]},{"id":6778,"url":"https:\/\/mundo.seashell.pt\/?product=nivea-gel-de-banho-075l","url_meta":{"origin":6772,"position":3},"title":"Nivea Gel de Banho 750ml","date":"Fevereiro 23, 2022","format":false,"excerpt":"Experimente e avalie a qualidade dos produtos Nivea. Desde 1911 a cuidar de si! Aqua Sodium Laureth Sulfate Cocamidopropyl Betaine Glycerin Sodium Chloride Decyl Glucoside Parfum Lanolin Alcohol (Eucerit\u00ae) Panthenol Octyldodecanol Glyceryl Glucoside PEG40 Hydrogenated Castor Oil Citric Acid Styrene\/Acrylates Copolymer P EG200 Hydro...","rel":"","context":"Similar post","img":{"alt_text":"","src":"https:\/\/i0.wp.com\/mundo.seashell.pt\/wp-content\/uploads\/2022\/02\/5292030-frente.jpeg?resize=350%2C200&ssl=1","width":350,"height":200},"classes":[]},{"id":6790,"url":"https:\/\/mundo.seashell.pt\/?product=dove-gel-de-banho-masculino","url_meta":{"origin":6772,"position":4},"title":"Dove Gel de Banho Masculino","date":"Fevereiro 23, 2022","format":false,"excerpt":"O Gel de Duche Dove Men+Care tem \u00bc de creme hidratante para limpar cuidadosamente a sua pele e ajudar a mante-la hidratada. Esta f\u00f3rmula eficaz \u00e9 f\u00e1cil de enxaguar e d\u00e1 um total conforto e frescura \u00e0 sua pele.Este Gel de Duche usa a tecnologia MicroMoisture que ajuda a manter\u2026","rel":"","context":"Similar post","img":{"alt_text":"","src":"https:\/\/i0.wp.com\/mundo.seashell.pt\/wp-content\/uploads\/2022\/02\/DOVE_MEN_GEL_BANHO_CLEAN_COMFORT_400ML.png?resize=350%2C200&ssl=1","width":350,"height":200},"classes":[]},{"id":6780,"url":"https:\/\/mundo.seashell.pt\/?product=nivea-creme-soft-gel-de-banho-065l","url_meta":{"origin":6772,"position":5},"title":"Nivea Creme Soft Gel de Banho 650ml","date":"Fevereiro 23, 2022","format":false,"excerpt":"Experimente e avalie a qualidade dos produtos Nivea. Desde 1911 a cuidar de si!Descri\u00e7\u00e3o: Nivea Creme de Banho Creme Soft, o seu creme de bango com um delicado aroma que lhe proporciona uma experi\u00eancia hidratante \u00fanica. Enriquecido com o precioso \u00d3leo de Am\u00eandoa, oferece-lhe uma suave e cremosa espuma que\u2026","rel":"","context":"Similar post","img":{"alt_text":"","src":"https:\/\/i0.wp.com\/mundo.seashell.pt\/wp-content\/uploads\/2022\/02\/80968-05100-69_Creme_de_Banho_Creme_Soft_650ml_4005900694812.png?resize=350%2C200&ssl=1","width":350,"height":200},"classes":[]}],"_links":{"self":[{"href":"https:\/\/mundo.seashell.pt\/index.php?rest_route=\/wp\/v2\/product\/6772","targetHints":{"allow":["GET"]}}],"collection":[{"href":"https:\/\/mundo.seashell.pt\/index.php?rest_route=\/wp\/v2\/product"}],"about":[{"href":"https:\/\/mundo.seashell.pt\/index.php?rest_route=\/wp\/v2\/types\/product"}],"wp:featuredmedia":[{"embeddable":true,"href":"https:\/\/mundo.seashell.pt\/index.php?rest_route=\/wp\/v2\/media\/6773"}],"wp:attachment":[{"href":"https:\/\/mundo.seashell.pt\/index.php?rest_route=%2Fwp%2Fv2%2Fmedia&parent=6772"}],"wp:term":[{"taxonomy":"product_cat","embeddable":true,"href":"https:\/\/mundo.seashell.pt\/index.php?rest_route=%2Fwp%2Fv2%2Fproduct_cat&post=6772"},{"taxonomy":"product_tag","embeddable":true,"href":"https:\/\/mundo.seashell.pt\/index.php?rest_route=%2Fwp%2Fv2%2Fproduct_tag&post=6772"}],"curies":[{"name":"wp","href":"https:\/\/api.w.org\/{rel}","templated":true}]}}