{"id":6770,"date":"2022-02-23T18:54:54","date_gmt":"2022-02-23T18:54:54","guid":{"rendered":"https:\/\/mundo.seashell.pt\/?post_type=product&#038;p=6770"},"modified":"2022-02-23T18:54:57","modified_gmt":"2022-02-23T18:54:57","slug":"palmolive-gel-de-banho","status":"publish","type":"product","link":"https:\/\/mundo.seashell.pt\/?product=palmolive-gel-de-banho","title":{"rendered":"Palmolive Gel de Banho"},"content":{"rendered":"<h3>Benef\u00edcios:<\/h3>\n<p>&#8211; Para uso di\u00e1rio;<br \/>&#8211; Adequado a todos os tipos de pele;<br \/>&#8211; Com hidratantes de origem natural que deixam a pele suave e macia;<br \/>&#8211; Respeita o equilibrio natural da pele e mant\u00e9m a sua hidrata\u00e7\u00e3o natural;<br \/>&#8211; Dermatologicamente testado.<\/p>\n","protected":false},"excerpt":{"rendered":"<p>Benef\u00edcios:<br \/>\n&#8211; Para uso di\u00e1rio;- Adequado a todos os tipos de pele;- Com hidratantes de origem natural que deixam a pele suave e macia;- Respeita o equilibrio natural da pele e mant\u00e9m a sua hidrata\u00e7\u00e3o natural;- Dermatologicamente testado.<\/p>\n","protected":false},"featured_media":6771,"template":"","meta":{"spay_email":""},"product_cat":[15],"product_tag":[],"class_list":{"0":"post-6770","1":"product","2":"type-product","3":"status-publish","4":"has-post-thumbnail","6":"product_cat-sem-categoria","8":"first","9":"instock","10":"taxable","11":"shipping-taxable","12":"purchasable","13":"product-type-simple"},"acf":[],"jetpack-related-posts":[{"id":6814,"url":"https:\/\/mundo.seashell.pt\/?product=nivea-creme-medio-hidratante-75ml","url_meta":{"origin":6770,"position":0},"title":"Nivea Creme M\u00e9dio Hidratante 75ml","date":"Fevereiro 23, 2022","format":false,"excerpt":"Garanta a prote\u00e7\u00e3o e hidrata\u00e7\u00e3o da sua pele com Nivea! Nivea Creme \u00e9 o hidratante original para toda a fam\u00edlia. Este produto ic\u00f3nico \u00e9 enriquecido com Eucerit\u00ae, que fornece \u00e0 pele todo o cuidado de prote\u00e7\u00e3o de que necessita para ficar macia e suave. Ideal para o uso di\u00e1rio, sempre\u2026","rel":"","context":"Similar post","img":{"alt_text":"","src":"https:\/\/i0.wp.com\/mundo.seashell.pt\/wp-content\/uploads\/2022\/02\/2053681-frente-online.jpeg?resize=350%2C200&ssl=1","width":350,"height":200},"classes":[]},{"id":6822,"url":"https:\/\/mundo.seashell.pt\/?product=dove-sabonete-regular-100gr","url_meta":{"origin":6770,"position":1},"title":"Dove Sabonete Regular 100Gr","date":"Fevereiro 23, 2022","format":false,"excerpt":"Todos n\u00f3s sabemos o qu\u00e3o importante \u00e9 cuidar das m\u00e3os. S\u00e3o a parte do nosso corpo que est\u00e1 mais exposta, pelo que uma limpeza correta \u00e9 imprescind\u00edvel para evitar a circula\u00e7\u00e3o de germes e parasitas no nosso organismo, ajudando na preven\u00e7\u00e3o de doen\u00e7as. O sabonete Original de Dove limpa em\u2026","rel":"","context":"Similar post","img":{"alt_text":"","src":"https:\/\/i0.wp.com\/mundo.seashell.pt\/wp-content\/uploads\/2022\/02\/DOVE_SABONETE_REGULAR_2X100gr_-_C_C.png?resize=350%2C200&ssl=1","width":350,"height":200},"classes":[]},{"id":6808,"url":"https:\/\/mundo.seashell.pt\/?product=dove-creme-hidratante-150ml","url_meta":{"origin":6770,"position":2},"title":"Dove Creme Hidratante 150ml","date":"Fevereiro 23, 2022","format":false,"excerpt":"Creme corporal para pele seca. Dove Creme de Corpo Intensivo ajuda a restaurar gradualmente a pele, desde as camadas mais profundas. Esta lo\u00e7\u00e3o n\u00e3o s\u00f3 hidrata a superf\u00edcie da pele como tamb\u00e9m proporciona uma nutri\u00e7\u00e3o profunda de longa dura\u00e7\u00e3o. Tipo de produto: CremeBenef\u00edcios: - Nutri\u00e7\u00e3o para uma pele se...","rel":"","context":"Similar post","img":{"alt_text":"","src":"https:\/\/i0.wp.com\/mundo.seashell.pt\/wp-content\/uploads\/2022\/02\/Dove_Intensivo___Creme__150ml__.png?resize=350%2C200&ssl=1","width":350,"height":200},"classes":[]},{"id":6790,"url":"https:\/\/mundo.seashell.pt\/?product=dove-gel-de-banho-masculino","url_meta":{"origin":6770,"position":3},"title":"Dove Gel de Banho Masculino","date":"Fevereiro 23, 2022","format":false,"excerpt":"O Gel de Duche Dove Men+Care tem \u00bc de creme hidratante para limpar cuidadosamente a sua pele e ajudar a mante-la hidratada. Esta f\u00f3rmula eficaz \u00e9 f\u00e1cil de enxaguar e d\u00e1 um total conforto e frescura \u00e0 sua pele.Este Gel de Duche usa a tecnologia MicroMoisture que ajuda a manter\u2026","rel":"","context":"Similar post","img":{"alt_text":"","src":"https:\/\/i0.wp.com\/mundo.seashell.pt\/wp-content\/uploads\/2022\/02\/DOVE_MEN_GEL_BANHO_CLEAN_COMFORT_400ML.png?resize=350%2C200&ssl=1","width":350,"height":200},"classes":[]},{"id":6704,"url":"https:\/\/mundo.seashell.pt\/?product=protetor-labial-55ml","url_meta":{"origin":6770,"position":4},"title":"Protetor Labial Original 5,5ml","date":"Fevereiro 23, 2022","format":false,"excerpt":"Com Manteiga de Karit\u00e9 e \u00d3leos Naturais Sem \u00f3leo mineral - mant\u00e9m os l\u00e1bios maravilhosamente suaves e macios o dia todo Protege os l\u00e1bios contra a secura Derrete nos l\u00e1bios e mant\u00e9m-nos hidratados durante 24 horas 96% de origem natural Um cuidado cl\u00e1ssico de uso di\u00e1rio para os l\u00e1bios? O\u2026","rel":"","context":"Similar post","img":{"alt_text":"","src":"https:\/\/i0.wp.com\/mundo.seashell.pt\/wp-content\/uploads\/2022\/02\/85000-06600-48_Original_4005900567840.png?resize=350%2C200&ssl=1","width":350,"height":200},"classes":[]},{"id":6700,"url":"https:\/\/mundo.seashell.pt\/?product=toalhitas-suaves-50-unidades","url_meta":{"origin":6770,"position":5},"title":"Toalhitas Suaves &#8211; 50 unidades","date":"Fevereiro 23, 2022","format":false,"excerpt":"NIVEA Toalhitas de Limpeza Suaves 3 em 1 Removem a maquilhagem e a m\u00e1scara waterproof, e limpam delicadamente. Tecido derivado de plantas e f\u00f3rmula sem micropl\u00e1sticos F\u00f3rmula de cuidado enriquecida com \u00d3leo de Am\u00eandoa Natural e feita com ingredientes de origem natural para uma utiliza\u00e7\u00e3o di\u00e1ria. Hidrata...","rel":"","context":"Similar post","img":{"alt_text":"","src":"https:\/\/i0.wp.com\/mundo.seashell.pt\/wp-content\/uploads\/2022\/02\/82316-06600-08_Toalhitas_de_Limpeza_Suaves_Pele_SS_L2P1_4005900450074.png?resize=350%2C200&ssl=1","width":350,"height":200},"classes":[]}],"_links":{"self":[{"href":"https:\/\/mundo.seashell.pt\/index.php?rest_route=\/wp\/v2\/product\/6770","targetHints":{"allow":["GET"]}}],"collection":[{"href":"https:\/\/mundo.seashell.pt\/index.php?rest_route=\/wp\/v2\/product"}],"about":[{"href":"https:\/\/mundo.seashell.pt\/index.php?rest_route=\/wp\/v2\/types\/product"}],"wp:featuredmedia":[{"embeddable":true,"href":"https:\/\/mundo.seashell.pt\/index.php?rest_route=\/wp\/v2\/media\/6771"}],"wp:attachment":[{"href":"https:\/\/mundo.seashell.pt\/index.php?rest_route=%2Fwp%2Fv2%2Fmedia&parent=6770"}],"wp:term":[{"taxonomy":"product_cat","embeddable":true,"href":"https:\/\/mundo.seashell.pt\/index.php?rest_route=%2Fwp%2Fv2%2Fproduct_cat&post=6770"},{"taxonomy":"product_tag","embeddable":true,"href":"https:\/\/mundo.seashell.pt\/index.php?rest_route=%2Fwp%2Fv2%2Fproduct_tag&post=6770"}],"curies":[{"name":"wp","href":"https:\/\/api.w.org\/{rel}","templated":true}]}}