{"id":6768,"date":"2022-02-23T18:54:40","date_gmt":"2022-02-23T18:54:40","guid":{"rendered":"https:\/\/mundo.seashell.pt\/?post_type=product&#038;p=6768"},"modified":"2022-02-23T18:54:42","modified_gmt":"2022-02-23T18:54:42","slug":"blowmy-gel-de-banho-05l","status":"publish","type":"product","link":"https:\/\/mundo.seashell.pt\/?product=blowmy-gel-de-banho-05l","title":{"rendered":"Blowmy Gel de Banho 0.5L"},"content":{"rendered":"<p>Gel de Banho Blowmy 0.5L<\/p>\n<p>O novo Blowmy Gel de Banho \u00e9 o produto ideal para conciliar uma experi\u00eancia de duche agradavelmente doce com o cuidado di\u00e1rio da pele.<\/p>\n","protected":false},"excerpt":{"rendered":"<p>Gel de Banho Blowmy 0.5L<br \/>\nO novo Blowmy Gel de Banho \u00e9 o produto ideal para conciliar uma experi\u00eancia de duche agradavelmente doce com o cuidado di\u00e1rio da pele.<\/p>\n","protected":false},"featured_media":6769,"template":"","meta":{"spay_email":""},"product_cat":[15],"product_tag":[],"class_list":{"0":"post-6768","1":"product","2":"type-product","3":"status-publish","4":"has-post-thumbnail","6":"product_cat-sem-categoria","8":"first","9":"instock","10":"taxable","11":"shipping-taxable","12":"purchasable","13":"product-type-simple"},"acf":[],"jetpack-related-posts":[{"id":5636,"url":"https:\/\/mundo.seashell.pt\/?product=blowmy-gel-de-banho-500ml","url_meta":{"origin":6768,"position":0},"title":"Blowmy Gel de Banho 500ml","date":"Fevereiro 23, 2022","format":false,"excerpt":"Gel de banho cremoso e perfumado, desenvolvido a pensar no cuidado da pele. A sua f\u00f3rmula produz espuma abundante, hidratando ativamente e deixando a pele suave, perfumada e com um aspeto saud\u00e1vel.","rel":"","context":"Similar post","img":{"alt_text":"","src":"https:\/\/i0.wp.com\/mundo.seashell.pt\/wp-content\/uploads\/2022\/02\/blowmy_gel_banho_500ml.jpg?resize=350%2C200&ssl=1","width":350,"height":200},"classes":[]},{"id":5634,"url":"https:\/\/mundo.seashell.pt\/?product=blowmy-gel-de-banho-scented-750ml","url_meta":{"origin":6768,"position":1},"title":"Blowmy Gel de Banho 750ml","date":"Fevereiro 23, 2022","format":false,"excerpt":"Gel de banho cremoso e perfumado","rel":"","context":"Similar post","img":{"alt_text":"","src":"https:\/\/i0.wp.com\/mundo.seashell.pt\/wp-content\/uploads\/2022\/02\/blowmy_gel_de_banho_750ml.jpg?resize=350%2C200&ssl=1","width":350,"height":200},"classes":[]},{"id":6766,"url":"https:\/\/mundo.seashell.pt\/?product=gel-de-banho-blowmy-075l","url_meta":{"origin":6768,"position":2},"title":"Gel de Banho Blowmy 0,75L","date":"Fevereiro 23, 2022","format":false,"excerpt":"Gel de Banho Blowmy 0.75L","rel":"","context":"Similar post","img":{"alt_text":"","src":"https:\/\/i0.wp.com\/mundo.seashell.pt\/wp-content\/uploads\/2022\/02\/Blowmy_Gel_de_Banho_Scented_750_ml.png?resize=350%2C200&ssl=1","width":350,"height":200},"classes":[]},{"id":5632,"url":"https:\/\/mundo.seashell.pt\/?product=blowmy-gel-douche-5-lts","url_meta":{"origin":6768,"position":3},"title":"Blowmy Gel Douche 5 Lts","date":"Fevereiro 23, 2022","format":false,"excerpt":"Blowmy Gel Douche","rel":"","context":"Similar post","img":{"alt_text":"","src":"https:\/\/i0.wp.com\/mundo.seashell.pt\/wp-content\/uploads\/2022\/02\/Blowmy_Gel_Douche_PhotoRoom_20210402_103427.jpg?resize=350%2C200&ssl=1","width":350,"height":200},"classes":[]},{"id":6776,"url":"https:\/\/mundo.seashell.pt\/?product=natural-honey-gel-de-banho-sensorial-care-065l","url_meta":{"origin":6768,"position":4},"title":"NATURAL HONEY Gel de Banho Sensorial Care 0,65L","date":"Fevereiro 23, 2022","format":false,"excerpt":"Com o Gel de Duche Coco Addiction poder\u00e1 desfrutar de uma experi\u00eancia \u00fanica de intenso prazer ao mesmo tempo que cuidar\u00e1 delicadamente da sua pele. Deixe-se tentar pelo seu irresist\u00edvel aroma e n\u00e3o conseguir\u00e1 viver sem ele. Inunde o seu banho com sensa\u00e7\u00f5es e frag\u00e2ncias \u00fanicas! Com Natural Honey cuide\u2026","rel":"","context":"Similar post","img":{"alt_text":"","src":"https:\/\/i0.wp.com\/mundo.seashell.pt\/wp-content\/uploads\/2022\/02\/NATURAL_HONEY_Gel_de_Banho_Sensorial_Care_Argan_Addiction_650_ml__8008970052779.png?resize=350%2C200&ssl=1","width":350,"height":200},"classes":[]},{"id":6790,"url":"https:\/\/mundo.seashell.pt\/?product=dove-gel-de-banho-masculino","url_meta":{"origin":6768,"position":5},"title":"Dove Gel de Banho Masculino","date":"Fevereiro 23, 2022","format":false,"excerpt":"O Gel de Duche Dove Men+Care tem \u00bc de creme hidratante para limpar cuidadosamente a sua pele e ajudar a mante-la hidratada. Esta f\u00f3rmula eficaz \u00e9 f\u00e1cil de enxaguar e d\u00e1 um total conforto e frescura \u00e0 sua pele.Este Gel de Duche usa a tecnologia MicroMoisture que ajuda a manter\u2026","rel":"","context":"Similar post","img":{"alt_text":"","src":"https:\/\/i0.wp.com\/mundo.seashell.pt\/wp-content\/uploads\/2022\/02\/DOVE_MEN_GEL_BANHO_CLEAN_COMFORT_400ML.png?resize=350%2C200&ssl=1","width":350,"height":200},"classes":[]}],"_links":{"self":[{"href":"https:\/\/mundo.seashell.pt\/index.php?rest_route=\/wp\/v2\/product\/6768","targetHints":{"allow":["GET"]}}],"collection":[{"href":"https:\/\/mundo.seashell.pt\/index.php?rest_route=\/wp\/v2\/product"}],"about":[{"href":"https:\/\/mundo.seashell.pt\/index.php?rest_route=\/wp\/v2\/types\/product"}],"wp:featuredmedia":[{"embeddable":true,"href":"https:\/\/mundo.seashell.pt\/index.php?rest_route=\/wp\/v2\/media\/6769"}],"wp:attachment":[{"href":"https:\/\/mundo.seashell.pt\/index.php?rest_route=%2Fwp%2Fv2%2Fmedia&parent=6768"}],"wp:term":[{"taxonomy":"product_cat","embeddable":true,"href":"https:\/\/mundo.seashell.pt\/index.php?rest_route=%2Fwp%2Fv2%2Fproduct_cat&post=6768"},{"taxonomy":"product_tag","embeddable":true,"href":"https:\/\/mundo.seashell.pt\/index.php?rest_route=%2Fwp%2Fv2%2Fproduct_tag&post=6768"}],"curies":[{"name":"wp","href":"https:\/\/api.w.org\/{rel}","templated":true}]}}