{"id":6766,"date":"2022-02-23T18:54:38","date_gmt":"2022-02-23T18:54:38","guid":{"rendered":"https:\/\/mundo.seashell.pt\/?post_type=product&#038;p=6766"},"modified":"2022-02-23T18:54:40","modified_gmt":"2022-02-23T18:54:40","slug":"gel-de-banho-blowmy-075l","status":"publish","type":"product","link":"https:\/\/mundo.seashell.pt\/?product=gel-de-banho-blowmy-075l","title":{"rendered":"Gel de Banho Blowmy 0,75L"},"content":{"rendered":"<p>Gel de Banho Blowmy 0.75L<\/p>\n","protected":false},"excerpt":{"rendered":"<p>Gel de Banho Blowmy 0.75L<\/p>\n","protected":false},"featured_media":6767,"template":"","meta":{"spay_email":""},"product_cat":[15],"product_tag":[],"class_list":{"0":"post-6766","1":"product","2":"type-product","3":"status-publish","4":"has-post-thumbnail","6":"product_cat-sem-categoria","8":"first","9":"instock","10":"taxable","11":"shipping-taxable","12":"purchasable","13":"product-type-simple"},"acf":[],"jetpack-related-posts":[{"id":6768,"url":"https:\/\/mundo.seashell.pt\/?product=blowmy-gel-de-banho-05l","url_meta":{"origin":6766,"position":0},"title":"Blowmy Gel de Banho 0.5L","date":"Fevereiro 23, 2022","format":false,"excerpt":"Gel de Banho Blowmy 0.5L O novo Blowmy Gel de Banho \u00e9 o produto ideal para conciliar uma experi\u00eancia de duche agradavelmente doce com o cuidado di\u00e1rio da pele.","rel":"","context":"Similar post","img":{"alt_text":"","src":"https:\/\/i0.wp.com\/mundo.seashell.pt\/wp-content\/uploads\/2022\/02\/Blowmy_Gel_de_Banho_Soft_Vanilla_500_ml.png?resize=350%2C200&ssl=1","width":350,"height":200},"classes":[]},{"id":5634,"url":"https:\/\/mundo.seashell.pt\/?product=blowmy-gel-de-banho-scented-750ml","url_meta":{"origin":6766,"position":1},"title":"Blowmy Gel de Banho 750ml","date":"Fevereiro 23, 2022","format":false,"excerpt":"Gel de banho cremoso e perfumado","rel":"","context":"Similar post","img":{"alt_text":"","src":"https:\/\/i0.wp.com\/mundo.seashell.pt\/wp-content\/uploads\/2022\/02\/blowmy_gel_de_banho_750ml.jpg?resize=350%2C200&ssl=1","width":350,"height":200},"classes":[]},{"id":5636,"url":"https:\/\/mundo.seashell.pt\/?product=blowmy-gel-de-banho-500ml","url_meta":{"origin":6766,"position":2},"title":"Blowmy Gel de Banho 500ml","date":"Fevereiro 23, 2022","format":false,"excerpt":"Gel de banho cremoso e perfumado, desenvolvido a pensar no cuidado da pele. A sua f\u00f3rmula produz espuma abundante, hidratando ativamente e deixando a pele suave, perfumada e com um aspeto saud\u00e1vel.","rel":"","context":"Similar post","img":{"alt_text":"","src":"https:\/\/i0.wp.com\/mundo.seashell.pt\/wp-content\/uploads\/2022\/02\/blowmy_gel_banho_500ml.jpg?resize=350%2C200&ssl=1","width":350,"height":200},"classes":[]},{"id":5632,"url":"https:\/\/mundo.seashell.pt\/?product=blowmy-gel-douche-5-lts","url_meta":{"origin":6766,"position":3},"title":"Blowmy Gel Douche 5 Lts","date":"Fevereiro 23, 2022","format":false,"excerpt":"Blowmy Gel Douche","rel":"","context":"Similar post","img":{"alt_text":"","src":"https:\/\/i0.wp.com\/mundo.seashell.pt\/wp-content\/uploads\/2022\/02\/Blowmy_Gel_Douche_PhotoRoom_20210402_103427.jpg?resize=350%2C200&ssl=1","width":350,"height":200},"classes":[]},{"id":5642,"url":"https:\/\/mundo.seashell.pt\/?product=blowmy-gel-cosmetico-neutro-5-lts","url_meta":{"origin":6766,"position":4},"title":"Blowmy Gel Cosm\u00e9tico Neutro 5 Lts","date":"Fevereiro 23, 2022","format":false,"excerpt":"Sabonete l\u00edquido cremoso, com um \u00f3timo comportamento na lavagem das m\u00e3os.","rel":"","context":"Similar post","img":{"alt_text":"","src":"https:\/\/i0.wp.com\/mundo.seashell.pt\/wp-content\/uploads\/2022\/02\/Blowmy_Gel_Cosme_tico_Neutro_PhotoRoom_20210402_103431.jpg?resize=350%2C200&ssl=1","width":350,"height":200},"classes":[]},{"id":6786,"url":"https:\/\/mundo.seashell.pt\/?product=feno-gel-de-banho-075l","url_meta":{"origin":6766,"position":5},"title":"FEno Gel de Banho 0,75L","date":"Fevereiro 23, 2022","format":false,"excerpt":"Linha hipoalerg\u00e9nica ideal para todos os tipos de pele, incluindo as mais sens\u00edveis, pois foram desenvolvidas f\u00f3rmulas sem parabenos, corantes ou conservantes, garantindo o pH fisiol\u00f3gico na pele. Sabia Que: A marca Feno de Portugal nasceu nos anos 30, na antiga f\u00e1brica de sabonetes Santa Clara e assumia-se como o\u2026","rel":"","context":"Similar post","img":{"alt_text":"","src":"https:\/\/i0.wp.com\/mundo.seashell.pt\/wp-content\/uploads\/2022\/02\/FENO_DE_PORTUGAL_Gel_de_Banho_O_leo_Oliva_e_Camomila_750ml__5600258596215.png?resize=350%2C200&ssl=1","width":350,"height":200},"classes":[]}],"_links":{"self":[{"href":"https:\/\/mundo.seashell.pt\/index.php?rest_route=\/wp\/v2\/product\/6766","targetHints":{"allow":["GET"]}}],"collection":[{"href":"https:\/\/mundo.seashell.pt\/index.php?rest_route=\/wp\/v2\/product"}],"about":[{"href":"https:\/\/mundo.seashell.pt\/index.php?rest_route=\/wp\/v2\/types\/product"}],"wp:featuredmedia":[{"embeddable":true,"href":"https:\/\/mundo.seashell.pt\/index.php?rest_route=\/wp\/v2\/media\/6767"}],"wp:attachment":[{"href":"https:\/\/mundo.seashell.pt\/index.php?rest_route=%2Fwp%2Fv2%2Fmedia&parent=6766"}],"wp:term":[{"taxonomy":"product_cat","embeddable":true,"href":"https:\/\/mundo.seashell.pt\/index.php?rest_route=%2Fwp%2Fv2%2Fproduct_cat&post=6766"},{"taxonomy":"product_tag","embeddable":true,"href":"https:\/\/mundo.seashell.pt\/index.php?rest_route=%2Fwp%2Fv2%2Fproduct_tag&post=6766"}],"curies":[{"name":"wp","href":"https:\/\/api.w.org\/{rel}","templated":true}]}}