{"id":6762,"date":"2022-02-23T18:54:33","date_gmt":"2022-02-23T18:54:33","guid":{"rendered":"https:\/\/mundo.seashell.pt\/?post_type=product&#038;p=6762"},"modified":"2022-02-23T18:54:35","modified_gmt":"2022-02-23T18:54:35","slug":"axe-tubo-gel-125ml","status":"publish","type":"product","link":"https:\/\/mundo.seashell.pt\/?product=axe-tubo-gel-125ml","title":{"rendered":"Axe Tubo Gel 125ml"},"content":{"rendered":"<p>inta a frescura com o Gel de Cabelo Adrenaline AXE para homens. Fixe o seu penteado com a forma que deseja, e cuide diariamente do seu cabelo atrav\u00e9s de um gel com um efeito de longa dura\u00e7\u00e3o. Crie o seu estilo.<br \/>Fixe o seu penteado com a forma que deseja, e cuide diariamente do seu cabelo atrav\u00e9s de um gel com um efeito de longa dura\u00e7\u00e3o. Crie o seu estilo.<\/p>\n<h3>Tipo de produto:<\/h3>\n<p>Gel<\/p>\n<h3>Benef\u00edcios:<\/h3>\n<p>&#8211; Fixa o seu penteado com a forma que deseja;<br \/>&#8211; Um efeito de longa dura\u00e7\u00e3o.<\/p>\n<h3>Conselhos de utiliza\u00e7\u00e3o:<\/h3>\n<p>Aplique no cabelo molhado uma pequena quantidade. Espalhe entre os dedos e posteriormente pelo cabelo. Use um pente para um efeito final mais polido.<\/p>\n<p><\/p><\/p>\n","protected":false},"excerpt":{"rendered":"<p>inta a frescura com o Gel de Cabelo Adrenaline AXE para homens. Fixe o seu penteado com a forma que deseja, e cuide diariamente do seu cabelo atrav\u00e9s de um gel com um efeito de longa dura\u00e7\u00e3o. Crie o seu estilo.<br \/>Fixe o seu penteado com a forma que deseja, e cuide diariamente do seu cabelo atrav\u00e9s de um gel com um efeito de longa dura\u00e7\u00e3o. Cr&#8230;<\/p>\n","protected":false},"featured_media":6763,"template":"","meta":{"spay_email":""},"product_cat":[15],"product_tag":[],"class_list":{"0":"post-6762","1":"product","2":"type-product","3":"status-publish","4":"has-post-thumbnail","6":"product_cat-sem-categoria","8":"first","9":"instock","10":"taxable","11":"shipping-taxable","12":"purchasable","13":"product-type-simple"},"acf":[],"jetpack-related-posts":[{"id":6756,"url":"https:\/\/mundo.seashell.pt\/?product=pantene-laca-03l","url_meta":{"origin":6762,"position":0},"title":"Pantene Laca 300ml","date":"Fevereiro 23, 2022","format":false,"excerpt":"Defina ondas ou carac\u00f3is perfeitos e com movimento durante todo o dia. Transforma as ondas rebeldes em carac\u00f3is maravilhosamente definidos e flex\u00edveis.Benef\u00edcios: - Ajuda a proteger os carac\u00f3is do efeito frisado durante todo o dia;- Deixa o cabelo brilhante. Conselhos de utiliza\u00e7\u00e3o: Aplique no cabelo limpo e ...","rel":"","context":"Similar post","img":{"alt_text":"","src":"https:\/\/i0.wp.com\/mundo.seashell.pt\/wp-content\/uploads\/2022\/02\/PANTENE_LACA_CARACO_IS_DEFINIDOS_E_SUAVES_300ML_5410076532698.png?resize=350%2C200&ssl=1","width":350,"height":200},"classes":[]},{"id":6758,"url":"https:\/\/mundo.seashell.pt\/?product=sunsilk-laca-03l","url_meta":{"origin":6762,"position":1},"title":"Sunsilk Laca 300ml","date":"Fevereiro 23, 2022","format":false,"excerpt":"Possui um agente pro-vitaminado que penetra na fibra capilar, refor\u00e7ando-a. Protege os cabelos dos efeitos agressivos da secagem e da escovagem. Atrav\u00e9s da utiliza\u00e7\u00e3o da Laca Sunsilk o n\u00famero de cabelos partidos \u00e9 reduzido em mais de 50% em compara\u00e7\u00e3o com a utiliza\u00e7\u00e3o de uma laca cl\u00e1ssica. Para cabelos normais.\u2026","rel":"","context":"Similar post","img":{"alt_text":"","src":"https:\/\/i0.wp.com\/mundo.seashell.pt\/wp-content\/uploads\/2022\/02\/SUNSILK_LACA_CABELOS_NORMAIS_300ML.png?resize=350%2C200&ssl=1","width":350,"height":200},"classes":[]},{"id":6738,"url":"https:\/\/mundo.seashell.pt\/?product=tresemme-mascara-03l","url_meta":{"origin":6762,"position":2},"title":"Tresemm\u00e9 M\u00e1scara 300ml","date":"Fevereiro 23, 2022","format":false,"excerpt":"Benef\u00edcios: - Cabelo cuidado com Qualidade Profissional, em casa;- Para cabelos pintados e secos;- Suficientemente suave para utilizar em cabelos pintados. Conselhos de utiliza\u00e7\u00e3o: 1.Come\u00e7ar sempre o seu penteado com o Champ\u00f4 Liso Keratina e o Condicionador Liso Keratina de TRESemm\u00e9;2.Aplicar uma quantidad...","rel":"","context":"Similar post","img":{"alt_text":"","src":"https:\/\/i0.wp.com\/mundo.seashell.pt\/wp-content\/uploads\/2022\/02\/Tresemme__Repara_e_Fortalece_300ml.png?resize=350%2C200&ssl=1","width":350,"height":200},"classes":[]},{"id":7180,"url":"https:\/\/mundo.seashell.pt\/?product=tresemme-hidratacao-intensa-500ml","url_meta":{"origin":6762,"position":3},"title":"Tresemm\u00e9 Hidrata\u00e7\u00e3o Intensa 500ml","date":"Fevereiro 23, 2022","format":false,"excerpt":"Benef\u00edcios: - Cabelo cuidado com Qualidade Profissional, em casa;- Para cabelos pintados e secos;- Suficientemente suave para utilizar em cabelos pintados. Conselhos de utiliza\u00e7\u00e3o: 1.Come\u00e7ar sempre o seu penteado com o Champ\u00f4 Liso Keratina e o Condicionador Liso Keratina de TRESemm\u00e9;2.Aplicar uma quantidad...","rel":"","context":"Similar post","img":{"alt_text":"","src":"https:\/\/i0.wp.com\/mundo.seashell.pt\/wp-content\/uploads\/2022\/02\/transferir__5_.png?resize=350%2C200&ssl=1","width":350,"height":200},"classes":[]},{"id":6764,"url":"https:\/\/mundo.seashell.pt\/?product=nivea-men-gel-craft-150ml","url_meta":{"origin":6762,"position":4},"title":"Nivea Men Gel Craft 150ml","date":"Fevereiro 23, 2022","format":false,"excerpt":"Nivea Men Gel Aqua oferece uma fixa\u00e7\u00e3o extra forte com uma fragr\u00e2ncia fresco e masculino.Descri\u00e7\u00e3o: \u00c9 f\u00e1cil de aplicar e deixa um efeito cabelo molhado sem ficar oleoso. A f\u00f3rmula com vitamina E natural mant\u00e9m o cabelo saud\u00e1vel e forte sem o deixar seco. O gel de cabelo extra forte\u2026","rel":"","context":"Similar post","img":{"alt_text":"","src":"https:\/\/i0.wp.com\/mundo.seashell.pt\/wp-content\/uploads\/2022\/02\/89033-06600-53_Gel_Aqua_Shine_Men_4005808262069.png?resize=350%2C200&ssl=1","width":350,"height":200},"classes":[]},{"id":5632,"url":"https:\/\/mundo.seashell.pt\/?product=blowmy-gel-douche-5-lts","url_meta":{"origin":6762,"position":5},"title":"Blowmy Gel Douche 5 Lts","date":"Fevereiro 23, 2022","format":false,"excerpt":"Blowmy Gel Douche","rel":"","context":"Similar post","img":{"alt_text":"","src":"https:\/\/i0.wp.com\/mundo.seashell.pt\/wp-content\/uploads\/2022\/02\/Blowmy_Gel_Douche_PhotoRoom_20210402_103427.jpg?resize=350%2C200&ssl=1","width":350,"height":200},"classes":[]}],"_links":{"self":[{"href":"https:\/\/mundo.seashell.pt\/index.php?rest_route=\/wp\/v2\/product\/6762","targetHints":{"allow":["GET"]}}],"collection":[{"href":"https:\/\/mundo.seashell.pt\/index.php?rest_route=\/wp\/v2\/product"}],"about":[{"href":"https:\/\/mundo.seashell.pt\/index.php?rest_route=\/wp\/v2\/types\/product"}],"wp:featuredmedia":[{"embeddable":true,"href":"https:\/\/mundo.seashell.pt\/index.php?rest_route=\/wp\/v2\/media\/6763"}],"wp:attachment":[{"href":"https:\/\/mundo.seashell.pt\/index.php?rest_route=%2Fwp%2Fv2%2Fmedia&parent=6762"}],"wp:term":[{"taxonomy":"product_cat","embeddable":true,"href":"https:\/\/mundo.seashell.pt\/index.php?rest_route=%2Fwp%2Fv2%2Fproduct_cat&post=6762"},{"taxonomy":"product_tag","embeddable":true,"href":"https:\/\/mundo.seashell.pt\/index.php?rest_route=%2Fwp%2Fv2%2Fproduct_tag&post=6762"}],"curies":[{"name":"wp","href":"https:\/\/api.w.org\/{rel}","templated":true}]}}