{"id":6758,"date":"2022-02-23T18:54:27","date_gmt":"2022-02-23T18:54:27","guid":{"rendered":"https:\/\/mundo.seashell.pt\/?post_type=product&#038;p=6758"},"modified":"2022-02-23T18:54:29","modified_gmt":"2022-02-23T18:54:29","slug":"sunsilk-laca-03l","status":"publish","type":"product","link":"https:\/\/mundo.seashell.pt\/?product=sunsilk-laca-03l","title":{"rendered":"Sunsilk Laca 300ml"},"content":{"rendered":"<p>Possui um agente pro-vitaminado que penetra na fibra capilar, refor\u00e7ando-a.<\/p>\n<p>Protege os cabelos dos efeitos agressivos da secagem e da escovagem.<\/p>\n<p>Atrav\u00e9s da utiliza\u00e7\u00e3o da Laca Sunsilk o n\u00famero de cabelos partidos \u00e9 reduzido em mais de 50% em compara\u00e7\u00e3o com a utiliza\u00e7\u00e3o de uma laca cl\u00e1ssica.<\/p>\n<p>Para cabelos normais.<\/p>\n<h3>Conselhos de utiliza\u00e7\u00e3o:<\/h3>\n<p>Para obter um penteado natural, agite a embalagem antes de usar e aplique a 30 cm do cabelo.<\/p>\n<p><\/p>\n","protected":false},"excerpt":{"rendered":"<p>Possui um agente pro-vitaminado que penetra na fibra capilar, refor\u00e7ando-a. Protege os cabelos dos efeitos agressivos da secagem e da escovagem. Atrav\u00e9s da utiliza\u00e7\u00e3o da Laca Sunsilk o n\u00famero de cabelos partidos \u00e9 reduzido em mais de 50% em compara\u00e7\u00e3o com a utiliza\u00e7\u00e3o de uma laca cl\u00e1ssica. Para cabelos normais.<br \/>\nConselhos de utiliza\u00e7\u00e3o:&#8230;<\/p>\n","protected":false},"featured_media":6759,"template":"","meta":{"spay_email":""},"product_cat":[15],"product_tag":[],"class_list":{"0":"post-6758","1":"product","2":"type-product","3":"status-publish","4":"has-post-thumbnail","6":"product_cat-sem-categoria","8":"first","9":"instock","10":"taxable","11":"shipping-taxable","12":"purchasable","13":"product-type-simple"},"acf":[],"jetpack-related-posts":[{"id":6756,"url":"https:\/\/mundo.seashell.pt\/?product=pantene-laca-03l","url_meta":{"origin":6758,"position":0},"title":"Pantene Laca 300ml","date":"Fevereiro 23, 2022","format":false,"excerpt":"Defina ondas ou carac\u00f3is perfeitos e com movimento durante todo o dia. Transforma as ondas rebeldes em carac\u00f3is maravilhosamente definidos e flex\u00edveis.Benef\u00edcios: - Ajuda a proteger os carac\u00f3is do efeito frisado durante todo o dia;- Deixa o cabelo brilhante. Conselhos de utiliza\u00e7\u00e3o: Aplique no cabelo limpo e ...","rel":"","context":"Similar post","img":{"alt_text":"","src":"https:\/\/i0.wp.com\/mundo.seashell.pt\/wp-content\/uploads\/2022\/02\/PANTENE_LACA_CARACO_IS_DEFINIDOS_E_SUAVES_300ML_5410076532698.png?resize=350%2C200&ssl=1","width":350,"height":200},"classes":[]},{"id":6760,"url":"https:\/\/mundo.seashell.pt\/?product=nivea-laca-025l","url_meta":{"origin":6758,"position":1},"title":"Nivea Laca 250ml","date":"Fevereiro 23, 2022","format":false,"excerpt":"Laca de Cabelo Styling Diamond Gloss Com Hair Protection Factor \u2013 para um brilho diamante e uma fixa\u00e7\u00e3o extra forte 24h. Proporciona uma agrad\u00e1vel sensa\u00e7\u00e3o no cabelo devido \u00e0 f\u00f3rmula com Nutri-Essence que cuida, fortalece e protege o seu cabelo.Benef\u00edcios: - Cuida e n\u00e3o seca o cabelo, proporcionando um deslumbrante\u2026","rel":"","context":"Similar post","img":{"alt_text":"","src":"https:\/\/i0.wp.com\/mundo.seashell.pt\/wp-content\/uploads\/2022\/02\/86808-05100-55_Laca_Diamond_Gloss_Care_4005808678587.png?resize=350%2C200&ssl=1","width":350,"height":200},"classes":[]},{"id":6764,"url":"https:\/\/mundo.seashell.pt\/?product=nivea-men-gel-craft-150ml","url_meta":{"origin":6758,"position":2},"title":"Nivea Men Gel Craft 150ml","date":"Fevereiro 23, 2022","format":false,"excerpt":"Nivea Men Gel Aqua oferece uma fixa\u00e7\u00e3o extra forte com uma fragr\u00e2ncia fresco e masculino.Descri\u00e7\u00e3o: \u00c9 f\u00e1cil de aplicar e deixa um efeito cabelo molhado sem ficar oleoso. A f\u00f3rmula com vitamina E natural mant\u00e9m o cabelo saud\u00e1vel e forte sem o deixar seco. O gel de cabelo extra forte\u2026","rel":"","context":"Similar post","img":{"alt_text":"","src":"https:\/\/i0.wp.com\/mundo.seashell.pt\/wp-content\/uploads\/2022\/02\/89033-06600-53_Gel_Aqua_Shine_Men_4005808262069.png?resize=350%2C200&ssl=1","width":350,"height":200},"classes":[]},{"id":6748,"url":"https:\/\/mundo.seashell.pt\/?product=pantene-serum-selador-de-pontas-75ml","url_meta":{"origin":6758,"position":3},"title":"Pantene Serum Selador de Pontas 75ml","date":"Fevereiro 23, 2022","format":false,"excerpt":"Pantene Serum Selador de Pontas - 75ml","rel":"","context":"Similar post","img":{"alt_text":"","src":"https:\/\/i0.wp.com\/mundo.seashell.pt\/wp-content\/uploads\/2022\/02\/PANTENE_SERUM_SELADOR_DE_PONTAS_75ML_8001841889573.png?resize=350%2C200&ssl=1","width":350,"height":200},"classes":[]},{"id":6716,"url":"https:\/\/mundo.seashell.pt\/?product=pantene-champo-0255l","url_meta":{"origin":6758,"position":4},"title":"Pantene Champ\u00f4 255ml","date":"Fevereiro 23, 2022","format":false,"excerpt":"O champ\u00f4 Pantene Pro-V Cuidado Cl\u00e1ssico limpa com suavidade ao mesmo tempo que recarrega o cabelo com Nutrientes Pro-V ativos que o protegem contra os danos causados pelo styling e deixam-no com aspeto saud\u00e1vel. Tipo de cabelo: Normais Benef\u00edcios: - Garante uma nutri\u00e7\u00e3o equilibrada para cabelo normal a misto;","rel":"","context":"Similar post","img":{"alt_text":"","src":"https:\/\/i0.wp.com\/mundo.seashell.pt\/wp-content\/uploads\/2022\/02\/PANTENE_CHAMPO__CLASSIC_250ML__8001090722973.png?resize=350%2C200&ssl=1","width":350,"height":200},"classes":[]},{"id":6736,"url":"https:\/\/mundo.seashell.pt\/?product=tresemme-condicionador-05l","url_meta":{"origin":6758,"position":5},"title":"Tresemm\u00e9 Condicionador 500ml","date":"Fevereiro 23, 2022","format":false,"excerpt":"O Condicionador TRESemm\u00e9, formulado com Vitamina B1, confere uma excelente hidrata\u00e7\u00e3o aos carac\u00f3is e reposi\u00e7\u00e3o de nutrientes, atuando nas zonas mais profundas dos fios dos cabelos. Ideal para cabelos encaracolados ou ondulados, que precisam de um cuidado extra, este avan\u00e7ado sistema de hidrata\u00e7\u00e3o com Vitamina B12 \u00e9 recomendado para utiliza\u00e7\u00e3o...","rel":"","context":"Similar post","img":{"alt_text":"","src":"https:\/\/i0.wp.com\/mundo.seashell.pt\/wp-content\/uploads\/2022\/02\/tresemme__cuidado_cla_ssico.png?resize=350%2C200&ssl=1","width":350,"height":200},"classes":[]}],"_links":{"self":[{"href":"https:\/\/mundo.seashell.pt\/index.php?rest_route=\/wp\/v2\/product\/6758","targetHints":{"allow":["GET"]}}],"collection":[{"href":"https:\/\/mundo.seashell.pt\/index.php?rest_route=\/wp\/v2\/product"}],"about":[{"href":"https:\/\/mundo.seashell.pt\/index.php?rest_route=\/wp\/v2\/types\/product"}],"wp:featuredmedia":[{"embeddable":true,"href":"https:\/\/mundo.seashell.pt\/index.php?rest_route=\/wp\/v2\/media\/6759"}],"wp:attachment":[{"href":"https:\/\/mundo.seashell.pt\/index.php?rest_route=%2Fwp%2Fv2%2Fmedia&parent=6758"}],"wp:term":[{"taxonomy":"product_cat","embeddable":true,"href":"https:\/\/mundo.seashell.pt\/index.php?rest_route=%2Fwp%2Fv2%2Fproduct_cat&post=6758"},{"taxonomy":"product_tag","embeddable":true,"href":"https:\/\/mundo.seashell.pt\/index.php?rest_route=%2Fwp%2Fv2%2Fproduct_tag&post=6758"}],"curies":[{"name":"wp","href":"https:\/\/api.w.org\/{rel}","templated":true}]}}