{"id":6754,"date":"2022-02-23T18:54:11","date_gmt":"2022-02-23T18:54:11","guid":{"rendered":"https:\/\/mundo.seashell.pt\/?post_type=product&#038;p=6754"},"modified":"2022-02-23T18:54:13","modified_gmt":"2022-02-23T18:54:13","slug":"nivea-espuma-150ml","status":"publish","type":"product","link":"https:\/\/mundo.seashell.pt\/?product=nivea-espuma-150ml","title":{"rendered":"Nivea Espuma 150ml"},"content":{"rendered":"<p>Com a Tecnologia Heat Activated Care \u2013 para carac\u00f3is definidos e fixa\u00e7\u00e3o flex\u00edvel 24h. Propociona uma agrad\u00e1vel sensa\u00e7\u00e3o no cabelo devido \u00e0 f\u00f3rmula com Nutri-Essence que cuida, fortalece e protege o seu cabelo.<\/p>\n<h3>Benef\u00edcios:<\/h3>\n<p>&#8211; Cuida ativamente para uma sensa\u00e7\u00e3o agrad\u00e1vel no cabelo;<br \/>&#8211; Fortalece o cabelo e d\u00e1 volume;<br \/>&#8211; F\u00e1cil de pentear;<br \/>&#8211; Protege contra os danos causados pelo calor do secador.<\/p>\n<h3>Conselhos de utiliza\u00e7\u00e3o:<\/h3>\n<p>1. Agitar: Agite bem antes de usar;<br \/>2. Aplicar: Aplique uma quantidade de espuma equivalente \u00e0 dimens\u00e3o de um alperce no cabelo h\u00famido;<br \/>3. Volume Extra: Utilize o secador e penteie para aumentar o volume do seu cabelo.<\/p>\n","protected":false},"excerpt":{"rendered":"<p>Com a Tecnologia Heat Activated Care \u2013 para carac\u00f3is definidos e fixa\u00e7\u00e3o flex\u00edvel 24h. Propociona uma agrad\u00e1vel sensa\u00e7\u00e3o no cabelo devido \u00e0 f\u00f3rmula com Nutri-Essence que cuida, fortalece e protege o seu cabelo.Benef\u00edcios:<br \/>\n&#8211; Cuida ativamente para uma sensa\u00e7\u00e3o agrad\u00e1vel no cabelo;- Fortalece o cabelo e d\u00e1 volume;- F\u00e1cil &#8230;<\/p>\n","protected":false},"featured_media":6755,"template":"","meta":{"spay_email":""},"product_cat":[15],"product_tag":[],"class_list":{"0":"post-6754","1":"product","2":"type-product","3":"status-publish","4":"has-post-thumbnail","6":"product_cat-sem-categoria","8":"first","9":"instock","10":"taxable","11":"shipping-taxable","12":"purchasable","13":"product-type-simple"},"acf":[],"jetpack-related-posts":[{"id":6760,"url":"https:\/\/mundo.seashell.pt\/?product=nivea-laca-025l","url_meta":{"origin":6754,"position":0},"title":"Nivea Laca 250ml","date":"Fevereiro 23, 2022","format":false,"excerpt":"Laca de Cabelo Styling Diamond Gloss Com Hair Protection Factor \u2013 para um brilho diamante e uma fixa\u00e7\u00e3o extra forte 24h. Proporciona uma agrad\u00e1vel sensa\u00e7\u00e3o no cabelo devido \u00e0 f\u00f3rmula com Nutri-Essence que cuida, fortalece e protege o seu cabelo.Benef\u00edcios: - Cuida e n\u00e3o seca o cabelo, proporcionando um deslumbrante\u2026","rel":"","context":"Similar post","img":{"alt_text":"","src":"https:\/\/i0.wp.com\/mundo.seashell.pt\/wp-content\/uploads\/2022\/02\/86808-05100-55_Laca_Diamond_Gloss_Care_4005808678587.png?resize=350%2C200&ssl=1","width":350,"height":200},"classes":[]},{"id":6756,"url":"https:\/\/mundo.seashell.pt\/?product=pantene-laca-03l","url_meta":{"origin":6754,"position":1},"title":"Pantene Laca 300ml","date":"Fevereiro 23, 2022","format":false,"excerpt":"Defina ondas ou carac\u00f3is perfeitos e com movimento durante todo o dia. Transforma as ondas rebeldes em carac\u00f3is maravilhosamente definidos e flex\u00edveis.Benef\u00edcios: - Ajuda a proteger os carac\u00f3is do efeito frisado durante todo o dia;- Deixa o cabelo brilhante. Conselhos de utiliza\u00e7\u00e3o: Aplique no cabelo limpo e ...","rel":"","context":"Similar post","img":{"alt_text":"","src":"https:\/\/i0.wp.com\/mundo.seashell.pt\/wp-content\/uploads\/2022\/02\/PANTENE_LACA_CARACO_IS_DEFINIDOS_E_SUAVES_300ML_5410076532698.png?resize=350%2C200&ssl=1","width":350,"height":200},"classes":[]},{"id":6734,"url":"https:\/\/mundo.seashell.pt\/?product=pantene-condicionador-feminino-02l","url_meta":{"origin":6754,"position":2},"title":"Pantene Condicionador Feminino 200ml","date":"Fevereiro 23, 2022","format":false,"excerpt":"O condicionador Pantene Pro-V Carac\u00f3is Perfeitos recarrega o cabelo com Nutrientes Pro-V ativos para fortalec\u00ea-lo. Ajuda a definir carac\u00f3is e controlar o frisado. Tipo de cabelo: Carac\u00f3isBenef\u00edcios: - Transforma as ondas rebeldes em carac\u00f3is definidos, brilhantes e flex\u00edveis;- Deixa o cabelo hidratado, suav...","rel":"","context":"Similar post","img":{"alt_text":"","src":"https:\/\/i0.wp.com\/mundo.seashell.pt\/wp-content\/uploads\/2022\/02\/PANTENE_CONDICIONADOR_CARACO_IS_DEFINIDOS_200ML_8001090722737.png?resize=350%2C200&ssl=1","width":350,"height":200},"classes":[]},{"id":6750,"url":"https:\/\/mundo.seashell.pt\/?product=pantene-espuma-02l","url_meta":{"origin":6754,"position":3},"title":"Pantene Espuma 200ml","date":"Fevereiro 23, 2022","format":false,"excerpt":"Benef\u00edcios: - Defina ondas ou carac\u00f3is perfeitos e com movimento durante todo o dia;- Transforma as ondas rebeldes em carac\u00f3is maravilhosamente definidos e flex\u00edveis;- Ajuda a proteger os carac\u00f3is do efeito frisado durante todo o dia;- Deixa o cabelo brilhante. Conselhos de utiliza\u00e7\u00e3o: - Aplique no cabelo ...","rel":"","context":"Similar post","img":{"alt_text":"","src":"https:\/\/i0.wp.com\/mundo.seashell.pt\/wp-content\/uploads\/2022\/02\/PANTENE_ESPUMA_CARACO_IS_DEFINIDOS_200ML_5410076533817.png?resize=350%2C200&ssl=1","width":350,"height":200},"classes":[]},{"id":6752,"url":"https:\/\/mundo.seashell.pt\/?product=tresemme-espuma-caracois-hidratados-02l","url_meta":{"origin":6754,"position":4},"title":"Tresemm\u00e9 Espuma Carac\u00f3is Hidratados 200ml","date":"Fevereiro 23, 2022","format":false,"excerpt":"Pretende melhorar a sua imagem e real\u00e7ar a sua beleza, Espuma Tresemme ser\u00e1 uma grande ajuda para atingir os seus objetivos. A mousse Botanique hidrata, suaviza e define os carac\u00f3is, para um cabelo sa\u00fadavel e male\u00e1vel. Com \u00e1gua de cacto e de coco, a mousse Botanique permite manusear o cabelo\u2026","rel":"","context":"Similar post","img":{"alt_text":"","src":"https:\/\/i0.wp.com\/mundo.seashell.pt\/wp-content\/uploads\/2022\/02\/Tresemme____Caraco_is_Hidratados_200ml__.png?resize=350%2C200&ssl=1","width":350,"height":200},"classes":[]},{"id":6736,"url":"https:\/\/mundo.seashell.pt\/?product=tresemme-condicionador-05l","url_meta":{"origin":6754,"position":5},"title":"Tresemm\u00e9 Condicionador 500ml","date":"Fevereiro 23, 2022","format":false,"excerpt":"O Condicionador TRESemm\u00e9, formulado com Vitamina B1, confere uma excelente hidrata\u00e7\u00e3o aos carac\u00f3is e reposi\u00e7\u00e3o de nutrientes, atuando nas zonas mais profundas dos fios dos cabelos. Ideal para cabelos encaracolados ou ondulados, que precisam de um cuidado extra, este avan\u00e7ado sistema de hidrata\u00e7\u00e3o com Vitamina B12 \u00e9 recomendado para utiliza\u00e7\u00e3o...","rel":"","context":"Similar post","img":{"alt_text":"","src":"https:\/\/i0.wp.com\/mundo.seashell.pt\/wp-content\/uploads\/2022\/02\/tresemme__cuidado_cla_ssico.png?resize=350%2C200&ssl=1","width":350,"height":200},"classes":[]}],"_links":{"self":[{"href":"https:\/\/mundo.seashell.pt\/index.php?rest_route=\/wp\/v2\/product\/6754","targetHints":{"allow":["GET"]}}],"collection":[{"href":"https:\/\/mundo.seashell.pt\/index.php?rest_route=\/wp\/v2\/product"}],"about":[{"href":"https:\/\/mundo.seashell.pt\/index.php?rest_route=\/wp\/v2\/types\/product"}],"wp:featuredmedia":[{"embeddable":true,"href":"https:\/\/mundo.seashell.pt\/index.php?rest_route=\/wp\/v2\/media\/6755"}],"wp:attachment":[{"href":"https:\/\/mundo.seashell.pt\/index.php?rest_route=%2Fwp%2Fv2%2Fmedia&parent=6754"}],"wp:term":[{"taxonomy":"product_cat","embeddable":true,"href":"https:\/\/mundo.seashell.pt\/index.php?rest_route=%2Fwp%2Fv2%2Fproduct_cat&post=6754"},{"taxonomy":"product_tag","embeddable":true,"href":"https:\/\/mundo.seashell.pt\/index.php?rest_route=%2Fwp%2Fv2%2Fproduct_tag&post=6754"}],"curies":[{"name":"wp","href":"https:\/\/api.w.org\/{rel}","templated":true}]}}