{"id":6748,"date":"2022-02-23T18:54:03","date_gmt":"2022-02-23T18:54:03","guid":{"rendered":"https:\/\/mundo.seashell.pt\/?post_type=product&#038;p=6748"},"modified":"2022-02-23T18:54:07","modified_gmt":"2022-02-23T18:54:07","slug":"pantene-serum-selador-de-pontas-75ml","status":"publish","type":"product","link":"https:\/\/mundo.seashell.pt\/?product=pantene-serum-selador-de-pontas-75ml","title":{"rendered":"Pantene Serum Selador de Pontas 75ml"},"content":{"rendered":"<h3>Pantene Serum Selador de Pontas &#8211; 75ml<\/h3>\n<p>S\u00e9rum hidratante sem enxaguar que repara instantaneamente as pontas espigadas e ajuda a prevenir a futura quebra do cabelo. Atua de forma excecional, tornando as pontas secas mais suaves e brilhantes.<\/p>\n<h3>Tipo de cabelo:<\/h3>\n<p>Danificados<\/p>\n<h3>Benef\u00edcios:<\/h3>\n<p>&#8211; Tratamento de cabelo sem enxaguar que protege as pontas espigadas numa \u00fanica utiliza\u00e7\u00e3o;<br \/>&#8211; Ajuda a fortalecer as pontas contra os danos causados pela escovagem e evita a quebra futura;<br \/>&#8211; Este tratamento de pontas espigadas \u00e9 perfeito para cabelo seco e danificado;<br \/>&#8211; Atua de forma excecional, tornando as pontas secas mais suaves e brilhantes.<\/p>\n<h3>Conselhos de utiliza\u00e7\u00e3o:<\/h3>\n<p>Distribua uma pequena quantidade nas pontas dos cabelos secos ou h\u00famidos. N\u00e3o enxague.<\/p>\n","protected":false},"excerpt":{"rendered":"<p>Pantene Serum Selador de Pontas &#8211; 75ml<\/p>\n","protected":false},"featured_media":6749,"template":"","meta":{"spay_email":""},"product_cat":[15],"product_tag":[],"class_list":{"0":"post-6748","1":"product","2":"type-product","3":"status-publish","4":"has-post-thumbnail","6":"product_cat-sem-categoria","8":"first","9":"instock","10":"taxable","11":"shipping-taxable","12":"purchasable","13":"product-type-simple"},"acf":[],"jetpack-related-posts":[{"id":6740,"url":"https:\/\/mundo.seashell.pt\/?product=pantene-mascara-03l","url_meta":{"origin":6748,"position":0},"title":"Pantene M\u00e1scara 300ml","date":"Fevereiro 23, 2022","format":false,"excerpt":"O nosso cuidado reparador nutritivo com micronutrientes ajuda a hidratar o cabelo em profundidade. Tipo de cabelo: Danificados - Protege o seu cabelo contra danos causados pela modela\u00e7\u00e3o;- D\u00e1 um aspeto saud\u00e1vel e vigoroso ao cabelo seco e danificado, deixando-o suave e brilhante;- Cuidado intensivo que ajuda a c...","rel":"","context":"Similar post","img":{"alt_text":"","src":"https:\/\/i0.wp.com\/mundo.seashell.pt\/wp-content\/uploads\/2022\/02\/PANTENE_MA_SCARA_CARACO_IS_PERFEITOS_300ML__5410076527632.png?resize=350%2C200&ssl=1","width":350,"height":200},"classes":[]},{"id":6746,"url":"https:\/\/mundo.seashell.pt\/?product=pantene-oleo-reparador-010l","url_meta":{"origin":6748,"position":1},"title":"Pantene \u00d3leo Reparador 100ml","date":"Fevereiro 23, 2022","format":false,"excerpt":"\u00d3leo nutritivo di\u00e1rio que hidrata profundamente, suaviza o cabelo e previne a perda de prote\u00edna. Perfeito para cabelo seco e danificado. Utilize diariamente para um cabelo cheio de vida. Tipo de cabelo: SecosBenef\u00edcios: - \u00d3leo de cabelo com \u00f3leo de coco essencial para um cabelo profundamente hidratado e suave;","rel":"","context":"Similar post","img":{"alt_text":"","src":"https:\/\/i0.wp.com\/mundo.seashell.pt\/wp-content\/uploads\/2022\/02\/PANTENE_OLEO_ARGAO_100ML_8001841890173.png?resize=350%2C200&ssl=1","width":350,"height":200},"classes":[]},{"id":6734,"url":"https:\/\/mundo.seashell.pt\/?product=pantene-condicionador-feminino-02l","url_meta":{"origin":6748,"position":2},"title":"Pantene Condicionador Feminino 200ml","date":"Fevereiro 23, 2022","format":false,"excerpt":"O condicionador Pantene Pro-V Carac\u00f3is Perfeitos recarrega o cabelo com Nutrientes Pro-V ativos para fortalec\u00ea-lo. Ajuda a definir carac\u00f3is e controlar o frisado. Tipo de cabelo: Carac\u00f3isBenef\u00edcios: - Transforma as ondas rebeldes em carac\u00f3is definidos, brilhantes e flex\u00edveis;- Deixa o cabelo hidratado, suav...","rel":"","context":"Similar post","img":{"alt_text":"","src":"https:\/\/i0.wp.com\/mundo.seashell.pt\/wp-content\/uploads\/2022\/02\/PANTENE_CONDICIONADOR_CARACO_IS_DEFINIDOS_200ML_8001090722737.png?resize=350%2C200&ssl=1","width":350,"height":200},"classes":[]},{"id":6738,"url":"https:\/\/mundo.seashell.pt\/?product=tresemme-mascara-03l","url_meta":{"origin":6748,"position":3},"title":"Tresemm\u00e9 M\u00e1scara 300ml","date":"Fevereiro 23, 2022","format":false,"excerpt":"Benef\u00edcios: - Cabelo cuidado com Qualidade Profissional, em casa;- Para cabelos pintados e secos;- Suficientemente suave para utilizar em cabelos pintados. Conselhos de utiliza\u00e7\u00e3o: 1.Come\u00e7ar sempre o seu penteado com o Champ\u00f4 Liso Keratina e o Condicionador Liso Keratina de TRESemm\u00e9;2.Aplicar uma quantidad...","rel":"","context":"Similar post","img":{"alt_text":"","src":"https:\/\/i0.wp.com\/mundo.seashell.pt\/wp-content\/uploads\/2022\/02\/Tresemme__Repara_e_Fortalece_300ml.png?resize=350%2C200&ssl=1","width":350,"height":200},"classes":[]},{"id":7180,"url":"https:\/\/mundo.seashell.pt\/?product=tresemme-hidratacao-intensa-500ml","url_meta":{"origin":6748,"position":4},"title":"Tresemm\u00e9 Hidrata\u00e7\u00e3o Intensa 500ml","date":"Fevereiro 23, 2022","format":false,"excerpt":"Benef\u00edcios: - Cabelo cuidado com Qualidade Profissional, em casa;- Para cabelos pintados e secos;- Suficientemente suave para utilizar em cabelos pintados. Conselhos de utiliza\u00e7\u00e3o: 1.Come\u00e7ar sempre o seu penteado com o Champ\u00f4 Liso Keratina e o Condicionador Liso Keratina de TRESemm\u00e9;2.Aplicar uma quantidad...","rel":"","context":"Similar post","img":{"alt_text":"","src":"https:\/\/i0.wp.com\/mundo.seashell.pt\/wp-content\/uploads\/2022\/02\/transferir__5_.png?resize=350%2C200&ssl=1","width":350,"height":200},"classes":[]},{"id":6716,"url":"https:\/\/mundo.seashell.pt\/?product=pantene-champo-0255l","url_meta":{"origin":6748,"position":5},"title":"Pantene Champ\u00f4 255ml","date":"Fevereiro 23, 2022","format":false,"excerpt":"O champ\u00f4 Pantene Pro-V Cuidado Cl\u00e1ssico limpa com suavidade ao mesmo tempo que recarrega o cabelo com Nutrientes Pro-V ativos que o protegem contra os danos causados pelo styling e deixam-no com aspeto saud\u00e1vel. Tipo de cabelo: Normais Benef\u00edcios: - Garante uma nutri\u00e7\u00e3o equilibrada para cabelo normal a misto;","rel":"","context":"Similar post","img":{"alt_text":"","src":"https:\/\/i0.wp.com\/mundo.seashell.pt\/wp-content\/uploads\/2022\/02\/PANTENE_CHAMPO__CLASSIC_250ML__8001090722973.png?resize=350%2C200&ssl=1","width":350,"height":200},"classes":[]}],"_links":{"self":[{"href":"https:\/\/mundo.seashell.pt\/index.php?rest_route=\/wp\/v2\/product\/6748","targetHints":{"allow":["GET"]}}],"collection":[{"href":"https:\/\/mundo.seashell.pt\/index.php?rest_route=\/wp\/v2\/product"}],"about":[{"href":"https:\/\/mundo.seashell.pt\/index.php?rest_route=\/wp\/v2\/types\/product"}],"wp:featuredmedia":[{"embeddable":true,"href":"https:\/\/mundo.seashell.pt\/index.php?rest_route=\/wp\/v2\/media\/6749"}],"wp:attachment":[{"href":"https:\/\/mundo.seashell.pt\/index.php?rest_route=%2Fwp%2Fv2%2Fmedia&parent=6748"}],"wp:term":[{"taxonomy":"product_cat","embeddable":true,"href":"https:\/\/mundo.seashell.pt\/index.php?rest_route=%2Fwp%2Fv2%2Fproduct_cat&post=6748"},{"taxonomy":"product_tag","embeddable":true,"href":"https:\/\/mundo.seashell.pt\/index.php?rest_route=%2Fwp%2Fv2%2Fproduct_tag&post=6748"}],"curies":[{"name":"wp","href":"https:\/\/api.w.org\/{rel}","templated":true}]}}