{"id":6744,"date":"2022-02-23T18:53:43","date_gmt":"2022-02-23T18:53:43","guid":{"rendered":"https:\/\/mundo.seashell.pt\/?post_type=product&#038;p=6744"},"modified":"2022-02-23T18:53:45","modified_gmt":"2022-02-23T18:53:45","slug":"herbal-essences-oleo-reparador-010l","status":"publish","type":"product","link":"https:\/\/mundo.seashell.pt\/?product=herbal-essences-oleo-reparador-010l","title":{"rendered":"Herbal Essences \u00d3leo Reparador 100ml"},"content":{"rendered":"<h3>\u00d3leo Reparador Herbal Essences<\/h3>\n<p>A f\u00f3rmula de mistura do \u00f3leo de fase dupla suaviza o cabelo para evitar que este se parta, ajuda a reparar o cabelo danificado (repara os danos causados pelo styling) e torna-o naturalmente brilhante.<\/p>\n<h3>Benef\u00edcios:<\/h3>\n<p>&#8211; \u00d3leo de cabelo com \u00f3leo de arg\u00e3o e alo\u00e9;<br \/>&#8211; F\u00f3rmula que suaviza o cabelo para proteg\u00ea-lo da quebra;<br \/>&#8211; Parceria com os Jardins Bot\u00e2nicos Reais, Kew, uma institui\u00e7\u00e3o de grande import\u00e2ncia a n\u00edvel mundial na \u00e1rea da bot\u00e2nica;<br \/>&#8211; \u00d3leo que faz brilhar o cabelo como manda a natureza;<br \/>&#8211; Frasco 100% recicl\u00e1vel, mas a bomba ainda n\u00e3o \u00e9, pelo que deve deit\u00e1-la fora separadamente.<\/p>\n","protected":false},"excerpt":{"rendered":"<p>\u00d3leo Reparador Herbal Essences<br \/>\nA f\u00f3rmula de mistura do \u00f3leo de fase dupla suaviza o cabelo para evitar que este se parta, ajuda a reparar o cabelo danificado (repara os danos causados pelo styling) e torna-o naturalmente brilhante.<br \/>\nBenef\u00edcios:<br \/>\n&#8211; \u00d3leo de cabelo com \u00f3leo de arg\u00e3o e alo\u00e9;- F\u00f3rmula que suaviza o c&#8230;<\/p>\n","protected":false},"featured_media":6745,"template":"","meta":{"spay_email":""},"product_cat":[15],"product_tag":[],"class_list":{"0":"post-6744","1":"product","2":"type-product","3":"status-publish","4":"has-post-thumbnail","6":"product_cat-sem-categoria","8":"first","9":"instock","10":"taxable","11":"shipping-taxable","12":"purchasable","13":"product-type-simple"},"acf":[],"jetpack-related-posts":[{"id":6742,"url":"https:\/\/mundo.seashell.pt\/?product=herbal-essences-mascara-025l","url_meta":{"origin":6744,"position":0},"title":"Herbal Essences M\u00e1scara 250ml","date":"Fevereiro 23, 2022","format":false,"excerpt":"Agora, associ\u00e1mo-nos aos Royal Botanic Gardens, Kew, uma autoridade mundial no que diz respeito \u00e0s plantas, para apoiar os verdadeiros produtos bot\u00e2nicos. A bio:renew da Herbal Essences \u00d3leo de Arg\u00e3o de Marrocos \u00e9 uma m\u00e1scara de origem 90% natural*, com ingredientes naturais e um antioxidante ativo que ajuda a purificar\u2026","rel":"","context":"Similar post","img":{"alt_text":"","src":"https:\/\/i0.wp.com\/mundo.seashell.pt\/wp-content\/uploads\/2022\/02\/HERBAL_MA_SCARA_LEITE_DE_COCO_250ML_8001841275376.png?resize=350%2C200&ssl=1","width":350,"height":200},"classes":[]},{"id":6746,"url":"https:\/\/mundo.seashell.pt\/?product=pantene-oleo-reparador-010l","url_meta":{"origin":6744,"position":1},"title":"Pantene \u00d3leo Reparador 100ml","date":"Fevereiro 23, 2022","format":false,"excerpt":"\u00d3leo nutritivo di\u00e1rio que hidrata profundamente, suaviza o cabelo e previne a perda de prote\u00edna. Perfeito para cabelo seco e danificado. Utilize diariamente para um cabelo cheio de vida. Tipo de cabelo: SecosBenef\u00edcios: - \u00d3leo de cabelo com \u00f3leo de coco essencial para um cabelo profundamente hidratado e suave;","rel":"","context":"Similar post","img":{"alt_text":"","src":"https:\/\/i0.wp.com\/mundo.seashell.pt\/wp-content\/uploads\/2022\/02\/PANTENE_OLEO_ARGAO_100ML_8001841890173.png?resize=350%2C200&ssl=1","width":350,"height":200},"classes":[]},{"id":6718,"url":"https:\/\/mundo.seashell.pt\/?product=herbal-essences-champo-025l","url_meta":{"origin":6744,"position":2},"title":"Herbal Essences Champ\u00f4 250ml","date":"Fevereiro 23, 2022","format":false,"excerpt":"Agora, associ\u00e1mo-nos aos Royal Botanic Gardens, Kew, uma autoridade mundial no que diz respeito \u00e0s plantas, para apoiar os verdadeiros produtos bot\u00e2nicos. O bio:renew da Herbal Essences \u00e9 um champ\u00f4 de origem 90% natural*, com ingredientes naturais e um antioxidante ativo que ajuda a purificar e a proteger o cabelo.*\u2026","rel":"","context":"Similar post","img":{"alt_text":"","src":"https:\/\/i0.wp.com\/mundo.seashell.pt\/wp-content\/uploads\/2022\/02\/HERBAL_CHAMPO__HIDRATA_LEITE_COCO_250ML_8001841964744.png?resize=350%2C200&ssl=1","width":350,"height":200},"classes":[]},{"id":6732,"url":"https:\/\/mundo.seashell.pt\/?product=herbal-essences-concidionador-feminino-02l","url_meta":{"origin":6744,"position":3},"title":"Herbal Essences Concidionador Feminino 200ml","date":"Fevereiro 23, 2022","format":false,"excerpt":"Agora, associ\u00e1mo-nos aos Royal Botanic Gardens, Kew, uma autoridade mundial no que diz respeito \u00e0s plantas, para apoiar os verdadeiros produtos bot\u00e2nicos. O Herbal Essences Leite de Coco \u00e9 um Champ\u00f4 de origem 90% natural*, com ingredientes naturais e um antioxidante ativo que ajuda a purificar e proteger o cabelo.Benef\u00edcios:","rel":"","context":"Similar post","img":{"alt_text":"","src":"https:\/\/i0.wp.com\/mundo.seashell.pt\/wp-content\/uploads\/2022\/02\/HERBAL_CONDICIONADOR_HIDRATA_LEITE_COCO_200ML_8001841964621.png?resize=350%2C200&ssl=1","width":350,"height":200},"classes":[]},{"id":6740,"url":"https:\/\/mundo.seashell.pt\/?product=pantene-mascara-03l","url_meta":{"origin":6744,"position":4},"title":"Pantene M\u00e1scara 300ml","date":"Fevereiro 23, 2022","format":false,"excerpt":"O nosso cuidado reparador nutritivo com micronutrientes ajuda a hidratar o cabelo em profundidade. Tipo de cabelo: Danificados - Protege o seu cabelo contra danos causados pela modela\u00e7\u00e3o;- D\u00e1 um aspeto saud\u00e1vel e vigoroso ao cabelo seco e danificado, deixando-o suave e brilhante;- Cuidado intensivo que ajuda a c...","rel":"","context":"Similar post","img":{"alt_text":"","src":"https:\/\/i0.wp.com\/mundo.seashell.pt\/wp-content\/uploads\/2022\/02\/PANTENE_MA_SCARA_CARACO_IS_PERFEITOS_300ML__5410076527632.png?resize=350%2C200&ssl=1","width":350,"height":200},"classes":[]},{"id":6738,"url":"https:\/\/mundo.seashell.pt\/?product=tresemme-mascara-03l","url_meta":{"origin":6744,"position":5},"title":"Tresemm\u00e9 M\u00e1scara 300ml","date":"Fevereiro 23, 2022","format":false,"excerpt":"Benef\u00edcios: - Cabelo cuidado com Qualidade Profissional, em casa;- Para cabelos pintados e secos;- Suficientemente suave para utilizar em cabelos pintados. Conselhos de utiliza\u00e7\u00e3o: 1.Come\u00e7ar sempre o seu penteado com o Champ\u00f4 Liso Keratina e o Condicionador Liso Keratina de TRESemm\u00e9;2.Aplicar uma quantidad...","rel":"","context":"Similar post","img":{"alt_text":"","src":"https:\/\/i0.wp.com\/mundo.seashell.pt\/wp-content\/uploads\/2022\/02\/Tresemme__Repara_e_Fortalece_300ml.png?resize=350%2C200&ssl=1","width":350,"height":200},"classes":[]}],"_links":{"self":[{"href":"https:\/\/mundo.seashell.pt\/index.php?rest_route=\/wp\/v2\/product\/6744","targetHints":{"allow":["GET"]}}],"collection":[{"href":"https:\/\/mundo.seashell.pt\/index.php?rest_route=\/wp\/v2\/product"}],"about":[{"href":"https:\/\/mundo.seashell.pt\/index.php?rest_route=\/wp\/v2\/types\/product"}],"wp:featuredmedia":[{"embeddable":true,"href":"https:\/\/mundo.seashell.pt\/index.php?rest_route=\/wp\/v2\/media\/6745"}],"wp:attachment":[{"href":"https:\/\/mundo.seashell.pt\/index.php?rest_route=%2Fwp%2Fv2%2Fmedia&parent=6744"}],"wp:term":[{"taxonomy":"product_cat","embeddable":true,"href":"https:\/\/mundo.seashell.pt\/index.php?rest_route=%2Fwp%2Fv2%2Fproduct_cat&post=6744"},{"taxonomy":"product_tag","embeddable":true,"href":"https:\/\/mundo.seashell.pt\/index.php?rest_route=%2Fwp%2Fv2%2Fproduct_tag&post=6744"}],"curies":[{"name":"wp","href":"https:\/\/api.w.org\/{rel}","templated":true}]}}